{"id":11716,"date":"2019-02-04T14:35:14","date_gmt":"2019-02-04T14:35:14","guid":{"rendered":"https:\/\/moirai.si\/?page_id=11716"},"modified":"2026-01-02T13:36:36","modified_gmt":"2026-01-02T13:36:36","slug":"dumortierit","status":"publish","type":"page","link":"https:\/\/moirai.si\/de\/dumortierit\/","title":{"rendered":"Dumortierit"},"content":{"rendered":"<div class=\"wp-block-button aligncenter\"><a class=\"wp-block-button__link has-text-color has-background wp-element-button\" href=\"https:\/\/moirai.si\/de\/produktkategorie-2\/kauf-nach-steinen\/dumortierit\/\" style=\"color:#2d2c2c;background-color:#ddc942\" target=\"_blank\" rel=\"noreferrer noopener\">Shop Dumortierit<\/a><\/div>\n\n\n\n<h3 class=\"wp-block-heading\"><span style=\"color: #800080;\"><strong>Geschichte<\/strong><\/span><\/h3>\n\n\n<div class=\"wp-block-image is-resized\">\n<figure class=\"alignright size-thumbnail\"><img decoding=\"async\" src=\"https:\/\/moirai.si\/wp-content\/uploads\/2020\/01\/dumortierit-500x500.jpg\" alt=\"\" class=\"wp-image-15688\" style=\"object-fit:cover;width:125px;height:125px\"\/><\/figure>\n<\/div>\n\n\n<ul class=\"wp-block-list\">\n<li>Dumortierit ist ein Aluminiumborsilikat, das erstmals 1881 beschrieben wurde. Benannt wurde es nach dem franz\u00f6sischen Pal\u00e4ontologen Eugene Dumortier (1803-1873). Da es beim Erhitzen eine extrem reine wei\u00dfe Farbe annimmt, wird es h\u00e4ufig f\u00fcr die Herstellung von Porzellan und Keramiken verwendet. Dumortierit ist eine der selteneren und ungew\u00f6hnlicheren blauen Quarzarten. Er ist eine Kombination aus Quarzgestein und Dumortierit. Die blaue Farbe von Quarz ist \u00fcberraschenderweise recht selten. Die Farben von Dumortierit k\u00f6nnen von rotbraun bis violettblau und von dunkel- bis hellblau reichen. Dunkelblau ist die h\u00e4ufigste Farbe. Viele Steine k\u00f6nnen neben ihrer blauen Farbe auch wei\u00dfliche Streifen oder Flecken aufweisen. Verunreinigungen im Quarz verleihen dem Dumortierit seine blaue Farbe.<\/li>\n<\/ul>\n\n\n\n<h3 class=\"wp-block-heading\"><span style=\"color: #800080;\"><strong>Medizinische * Metaphysische Eigenschaften<\/strong><\/span><\/h3>\n\n\n\n<ul class=\"wp-block-list\">\n<li>Erbrechen, Emotionen, Depression, Durchfall, Epilepsie, Kopfschmerzen, Hypophyse, Haut, Kr\u00e4mpfe, Ruhe, Gehirn, Nervosit\u00e4t, Schwangerschaft, S\u00fcchte, Mut, Geduld, \u00dcberempfindlichkeit, Hautregeneration, Selbstwertgef\u00fchl, Egoismus, \u00dcbelkeit, Angst, Stress, Schilddr\u00fcse, Unterleib, Sturheit, Magen...<\/li>\n<\/ul>\n\n\n\n<div class=\"wp-block-button aligncenter\"><a class=\"wp-block-button__link has-text-color has-background wp-element-button\" href=\"https:\/\/moirai.si\/de\/produktkategorie-2\/kauf-nach-steinen\/dumortierit\/\" style=\"color:#2d2c2c;background-color:#ddc942\" target=\"_blank\" rel=\"noreferrer noopener\">Shop Dumortierit<\/a><\/div>\n\n\n<div class=\"wp-block-image is-resized\">\n<figure class=\"alignleft\"><a href=\"https:\/\/moirai.si\/de\/kakra\/\"><img loading=\"lazy\" decoding=\"async\" width=\"500\" height=\"500\" src=\"https:\/\/moirai.si\/wp-content\/uploads\/2019\/09\/\u010dakra.jpg\" alt=\"\" class=\"wp-image-14534\" style=\"object-fit:cover;width:125px;height:125px\" srcset=\"https:\/\/moirai.si\/wp-content\/uploads\/2019\/09\/\u010dakra.jpg 500w, https:\/\/moirai.si\/wp-content\/uploads\/2019\/09\/\u010dakra-100x100.jpg 100w\" sizes=\"auto, (max-width: 500px) 100vw, 500px\" \/><\/a><\/figure>\n<\/div>\n\n\n<p><a href=\"https:\/\/moirai.si\/de\/kakra\/\">Chakra<\/a><\/p>\n\n\n\n<p class=\"has-small-font-size\">** Die heilenden und metaphysischen Eigenschaften der aufgelisteten Steine wurden aus verschiedenen Quellen zusammengetragen. Die Informationen werden nur als Service und nicht f\u00fcr die Behandlung von Krankheiten zur Verf\u00fcgung gestellt. Moirai.si \u00fcbernimmt keine Garantie f\u00fcr die volle G\u00fcltigkeit der bereitgestellten Informationen.<\/p>\n\n\n\n<h3 class=\"wp-block-heading\"><span style=\"color: #800080;\"><strong>Merkmale des Minerals<\/strong><\/span><\/h3>\n\n\n\n<figure class=\"wp-block-table\"><table><tbody><tr><td>Chemische Zusammensetzung<\/td><td>Al7(BO3)(SiO4)3O<\/td><\/tr><tr><td>Farbe<\/td><td>hellblau, blau, dunkelblau, lila-wei\u00df, rot-braun<\/td><\/tr><tr><td>H\u00e4rte (Mohs)<\/td><td>7 - 8.5<\/td><\/tr><tr><td>Spezifische Schwerkraft<\/td><td>3.26 &#8211; 3.41<\/td><\/tr><tr><td>Brechungsindex<\/td><td>1.678 &#8211; 1.689<\/td><\/tr><\/tbody><\/table><\/figure>\n\n\n\n<h3 class=\"wp-block-heading\"><span style=\"color: #800080;\"><strong>Herkunft und Quellen des Minerals<\/strong><\/span><\/h3>\n\n\n<div class=\"wp-block-image is-resized\">\n<figure class=\"alignleft size-large\"><img loading=\"lazy\" decoding=\"async\" width=\"189\" height=\"104\" src=\"https:\/\/moirai.si\/wp-content\/uploads\/2020\/01\/svet.jpg\" alt=\"\" class=\"wp-image-15658\" style=\"width:125px\"\/><\/figure>\n<\/div>\n\n\n<ul class=\"wp-block-list\">\n<li>Brasilien, Kanada, Frankreich, Italien, Madagaskar, Mosambik, Namibia, Norwegen, Polen, Sri Lanka, USA...<\/li>\n<\/ul>\n\n\n\n<h3 class=\"wp-block-heading\"><span style=\"color: #800080;\"><strong>Pflege<\/strong><\/span><\/h3>\n\n\n\n<ul class=\"wp-block-list\">\n<li>Dumortierit stellt keine gro\u00dfen Anforderungen an seine Pflege und Wartung. Er ist ziemlich hart und sehr haltbar. Zur Reinigung verwenden Sie einfach Seifenwasser und ein weiches Tuch. Achten Sie darauf, den Stein gut abzusp\u00fclen, um alle Seifenreste zu entfernen. Wie bei den meisten Edelsteinen sind Ultraschallreiniger und Dampfstrahler nicht zu empfehlen.<\/li>\n\n\n\n<li>Am besten bewahren Sie Steinschmuck und die Steine selbst in einer mit Stoff bezogenen Schatulle oder in einem Tuch eingewickelt getrennt von den anderen auf, um Sch\u00e4den und m\u00f6gliche Kratzer zu vermeiden. Es ist ratsam, Schmuck nicht bei gr\u00f6\u00dferen k\u00f6rperlichen Aktivit\u00e4ten wie Bewegung oder Sport zu tragen. Vermeiden Sie es, Parf\u00fcm und Haarspray direkt auf Ihren Schmuck und Ihre Steine zu spr\u00fchen.<\/li>\n<\/ul>\n\n\n\n<div class=\"wp-block-button aligncenter\"><a class=\"wp-block-button__link has-text-color has-background wp-element-button\" href=\"https:\/\/moirai.si\/de\/produktkategorie-2\/kauf-nach-steinen\/dumortierit\/\" style=\"color:#2d2c2c;background-color:#ddc942\" target=\"_blank\" rel=\"noreferrer noopener\">Shop Dumortierit<\/a><\/div>\n\n\n\n<p class=\"has-text-align-center\">F\u00fcr <strong><span style=\"color: #800080;\">10<\/span>%<\/strong> Verwenden Sie den Code, um beim Online-Kauf einen Rabatt zu erhalten: <span style=\"color: #800080;\"><strong>moirai26<\/strong><\/span>(koda je veljavna do 31.12.2026)!<\/p>\n\n\n\n<h3 class=\"wp-block-heading\"><span style=\"color: #800080;\"><strong>Horoskop<\/strong><\/span><\/h3>\n\n\n<div class=\"wp-block-image\">\n<figure class=\"alignleft size-large\"><img loading=\"lazy\" decoding=\"async\" width=\"116\" height=\"111\" src=\"https:\/\/moirai.si\/wp-content\/uploads\/2020\/01\/horoskop.jpg\" alt=\"\" class=\"wp-image-15659\"\/><\/figure>\n<\/div>\n\n\n<ul class=\"wp-block-list\">\n<li>  L\u00f6we, Jungfrau, Steinbock <\/li>\n<\/ul>","protected":false},"excerpt":{"rendered":"<p>Zgodovina Zdravilno * Metafizi\u010dne lastnosti \u010cakra ** Navedene zdravilne in metafizi\u010dne lastnosti kamnov so zbrane iz ve\u010d razli\u010dnih virov. Informacije so na voljo le kot storitev in ne za zdravljenje bolezni. Moirai.si ne jam\u010di popolne veljavnosti navedenega. Zna\u010dilnosti minerala Kemijska sestava Al7(BO3)(SiO4)3O Barva svetlo modra, modra, temno modra, vijoli\u010dno-bela, rde\u010de-rjava Trdota (Mohs) 7 \u2013 8.5 [&hellip;]<\/p>\n","protected":false},"author":1,"featured_media":0,"parent":0,"menu_order":0,"comment_status":"closed","ping_status":"closed","template":"template-products-page.php","meta":{"footnotes":""},"class_list":["post-11716","page","type-page","status-publish","hentry"],"_links":{"self":[{"href":"https:\/\/moirai.si\/de\/wp-json\/wp\/v2\/pages\/11716","targetHints":{"allow":["GET"]}}],"collection":[{"href":"https:\/\/moirai.si\/de\/wp-json\/wp\/v2\/pages"}],"about":[{"href":"https:\/\/moirai.si\/de\/wp-json\/wp\/v2\/types\/page"}],"author":[{"embeddable":true,"href":"https:\/\/moirai.si\/de\/wp-json\/wp\/v2\/users\/1"}],"replies":[{"embeddable":true,"href":"https:\/\/moirai.si\/de\/wp-json\/wp\/v2\/comments?post=11716"}],"version-history":[{"count":12,"href":"https:\/\/moirai.si\/de\/wp-json\/wp\/v2\/pages\/11716\/revisions"}],"predecessor-version":[{"id":27184,"href":"https:\/\/moirai.si\/de\/wp-json\/wp\/v2\/pages\/11716\/revisions\/27184"}],"wp:attachment":[{"href":"https:\/\/moirai.si\/de\/wp-json\/wp\/v2\/media?parent=11716"}],"curies":[{"name":"wp","href":"https:\/\/api.w.org\/{rel}","templated":true}]}}