{"id":11719,"date":"2019-02-04T14:43:06","date_gmt":"2019-02-04T14:43:06","guid":{"rendered":"https:\/\/moirai.si\/?page_id=11719"},"modified":"2026-01-02T13:08:17","modified_gmt":"2026-01-02T13:08:17","slug":"hovlit","status":"publish","type":"page","link":"https:\/\/moirai.si\/de\/hovlit\/","title":{"rendered":"Howlit"},"content":{"rendered":"<div class=\"wp-block-button aligncenter\"><a class=\"wp-block-button__link has-text-color has-background wp-element-button\" href=\"https:\/\/moirai.si\/de\/produktkategorie-2\/kauf-nach-steinen\/hovlit\/\" style=\"color:#2d2c2c;background-color:#ddc942\" target=\"_blank\" rel=\"noreferrer noopener\">Shop Hovlit<\/a><\/div>\n\n\n\n<h3 class=\"wp-block-heading\"><span style=\"color: #800080;\"><strong>Geschichte<\/strong><\/span><\/h3>\n\n\n<div class=\"wp-block-image is-resized\">\n<figure class=\"alignright size-large\"><img loading=\"lazy\" decoding=\"async\" width=\"566\" height=\"566\" src=\"https:\/\/moirai.si\/wp-content\/uploads\/2020\/01\/hovlit.jpg\" alt=\"\" class=\"wp-image-15704\" style=\"width:125px\" srcset=\"https:\/\/moirai.si\/wp-content\/uploads\/2020\/01\/hovlit.jpg 566w, https:\/\/moirai.si\/wp-content\/uploads\/2020\/01\/hovlit-100x100.jpg 100w, https:\/\/moirai.si\/wp-content\/uploads\/2020\/01\/hovlit-501x501.jpg 501w\" sizes=\"auto, (max-width: 566px) 100vw, 566px\" \/><\/figure>\n<\/div>\n\n\n<ul class=\"wp-block-list\">\n<li>Howlit ist nach Henry Howe benannt, der es 1868 in Nova Scotia entdeckte. Er geh\u00f6rt zur Mineraliengruppe der Borate, die in Kanada und Teilen der USA vorkommen. Er bildet eine Ansammlung von unregelm\u00e4\u00dfigen Kn\u00f6tchen, die die Form eines Blumenkohls haben k\u00f6nnen. Durchsichtige Kristalle von Hovlit sind sehr selten und klein. Hovlit hat das Aussehen von wei\u00dfem Marmor oder Porzellan mit einem glasartigen Glanz. Er ist undurchsichtig und wei\u00df, grau, schwarz oder dunkelbraun. Sehr selten kommt er auch in einer transparenten kristallinen Form vor. Howlit ist vor allem als F\u00e4lschung anderer Steine bekannt. Aufgrund seiner por\u00f6sen Beschaffenheit kann Hovlite Farbstoffe gut absorbieren, so dass er als T\u00fcrkis, rote Koralle oder Lapislazuli verkauft werden kann.<\/li>\n<\/ul>\n\n\n\n<h3 class=\"wp-block-heading\"><span style=\"color: #800080;\"><strong>Medizinische * Metaphysische Eigenschaften<\/strong><\/span><\/h3>\n\n\n\n<ul class=\"wp-block-list\">\n<li>Aggression, Wohlbefinden, Kreislauf, emotionaler Schmerz, Wut, Konzentration, Knochen, Haut, Meditation, Ruhe, Weisheit, negative Energie, R\u00fccksichtslosigkeit, Schlaflosigkeit, F\u00fclle, Konzentration, Osteoporose, Blutkreislauf, Stimmung, Erleuchtung, Egoismus, Ged\u00e4chtnis, Gl\u00fcck, Stress, drittes Auge, Lernen, Zufriedenheit, Z\u00e4hne...<\/li>\n\n\n\n<li>Howlite erh\u00f6ht die Vitalit\u00e4t des Menschen \u00fcber die Knochen und hilft, Krebszellen abzuwehren und zu bek\u00e4mpfen.<\/li>\n<\/ul>\n\n\n\n<div class=\"wp-block-button aligncenter\"><a class=\"wp-block-button__link has-text-color has-background wp-element-button\" href=\"https:\/\/moirai.si\/de\/produktkategorie-2\/kauf-nach-steinen\/hovlit\/\" style=\"color:#2d2c2c;background-color:#ddc942\" target=\"_blank\" rel=\"noreferrer noopener\">Shop Hovlit<\/a><\/div>\n\n\n<div class=\"wp-block-image is-resized\">\n<figure class=\"alignleft\"><a href=\"https:\/\/moirai.si\/de\/kakra\/\"><img loading=\"lazy\" decoding=\"async\" width=\"500\" height=\"500\" src=\"https:\/\/moirai.si\/wp-content\/uploads\/2019\/09\/\u010dakra.jpg\" alt=\"\" class=\"wp-image-14534\" style=\"width:125px\" srcset=\"https:\/\/moirai.si\/wp-content\/uploads\/2019\/09\/\u010dakra.jpg 500w, https:\/\/moirai.si\/wp-content\/uploads\/2019\/09\/\u010dakra-100x100.jpg 100w\" sizes=\"auto, (max-width: 500px) 100vw, 500px\" \/><\/a><\/figure>\n<\/div>\n\n\n<p><a href=\"https:\/\/moirai.si\/de\/kakra\/\">Chakra<\/a><\/p>\n\n\n\n<p class=\"has-small-font-size\">** Die heilenden und metaphysischen Eigenschaften der aufgelisteten Steine wurden aus verschiedenen Quellen zusammengetragen. Die Informationen werden nur als Service und nicht f\u00fcr die Behandlung von Krankheiten zur Verf\u00fcgung gestellt. Moirai.si \u00fcbernimmt keine Garantie f\u00fcr die volle G\u00fcltigkeit der bereitgestellten Informationen.<\/p>\n\n\n\n<h3 class=\"wp-block-heading\"><span style=\"color: #800080;\"><strong>Merkmale des Minerals<\/strong><\/span><\/h3>\n\n\n\n<figure class=\"wp-block-table\"><table><tbody><tr><td>Chemische Zusammensetzung<\/td><td>Ca2B5SiO9(OH)<\/td><\/tr><tr><td>Farbe<\/td><td>wei\u00df-grau<\/td><\/tr><tr><td>H\u00e4rte (Mohs)<\/td><td>3.5<\/td><\/tr><tr><td>Spezifische Schwerkraft<\/td><td>2.45 &#8211; 2.58<\/td><\/tr><tr><td>Brechungsindex<\/td><td>1.583 &#8211; 1.600<\/td><\/tr><\/tbody><\/table><\/figure>\n\n\n\n<h3 class=\"wp-block-heading\"><span style=\"color: #800080;\"><strong>Herkunft und Quellen des Minerals<\/strong><\/span><\/h3>\n\n\n<div class=\"wp-block-image is-resized\">\n<figure class=\"alignleft size-large\"><img loading=\"lazy\" decoding=\"async\" width=\"189\" height=\"104\" src=\"https:\/\/moirai.si\/wp-content\/uploads\/2020\/01\/svet.jpg\" alt=\"\" class=\"wp-image-15658\" style=\"width:125px\"\/><\/figure>\n<\/div>\n\n\n<ul class=\"wp-block-list\">\n<li>Kanada, USA, T\u00fcrkei, Deutschland, Mexiko, Russland...<\/li>\n<\/ul>\n\n\n\n<h3 class=\"wp-block-heading\"><span style=\"color: #800080;\"><strong>Pflege<\/strong><\/span><\/h3>\n\n\n\n<ul class=\"wp-block-list\">\n<li>Hovlite ist weicher als andere Steine und daher sehr leicht zu zerkratzen. Vermeiden Sie scharfe chemische Haushaltsreiniger. Benutzen Sie einfach Seifenwasser und ein weiches Tuch, um ihn zu reinigen. Achten Sie darauf, den Stein gut abzusp\u00fclen, um Seifenreste zu entfernen. Wie bei den meisten Edelsteinen sind Ultraschallreiniger und Dampfstrahler nicht zu empfehlen.<\/li>\n\n\n\n<li>Am besten bewahren Sie Steinschmuck und die Steine selbst in einer mit Stoff bezogenen Schatulle oder in einem Tuch eingewickelt getrennt von den anderen auf, um Sch\u00e4den und m\u00f6gliche Kratzer zu vermeiden. Es ist ratsam, Schmuck nicht bei gr\u00f6\u00dferen k\u00f6rperlichen Aktivit\u00e4ten wie Bewegung oder Sport zu tragen. Vermeiden Sie es, Parf\u00fcm und Haarspray direkt auf Ihren Schmuck und Ihre Steine zu spr\u00fchen.<\/li>\n<\/ul>\n\n\n\n<div class=\"wp-block-button aligncenter\"><a class=\"wp-block-button__link has-text-color has-background wp-element-button\" href=\"https:\/\/moirai.si\/de\/produktkategorie-2\/kauf-nach-steinen\/hovlit\/\" style=\"color:#2d2c2c;background-color:#ddc942\" target=\"_blank\" rel=\"noreferrer noopener\">Shop Hovlit<\/a><\/div>\n\n\n\n<p class=\"has-text-align-center\">F\u00fcr <strong><span style=\"color: #800080;\">10<\/span>%<\/strong> Verwenden Sie den Code, um beim Online-Kauf einen Rabatt zu erhalten: <span style=\"color: #800080;\"><strong>moirai26 <\/strong><\/span>(koda je veljavna do 31.12.2026)!<\/p>\n\n\n\n<h3 class=\"wp-block-heading\"><span style=\"color: #800080;\"><strong>Horoskop<\/strong><\/span><\/h3>\n\n\n<div class=\"wp-block-image\">\n<figure class=\"alignleft size-large\"><img loading=\"lazy\" decoding=\"async\" width=\"116\" height=\"111\" src=\"https:\/\/moirai.si\/wp-content\/uploads\/2020\/01\/horoskop.jpg\" alt=\"\" class=\"wp-image-15659\"\/><\/figure>\n<\/div>\n\n\n<ul class=\"wp-block-list\">\n<li>Jungfrau, Zwillinge<\/li>\n<\/ul>","protected":false},"excerpt":{"rendered":"<p>Zgodovina Zdravilno * Metafizi\u010dne lastnosti \u010cakra ** Navedene zdravilne in metafizi\u010dne lastnosti kamnov so zbrane iz ve\u010d razli\u010dnih virov. Informacije so na voljo le kot storitev in ne za zdravljenje bolezni. Moirai.si ne jam\u010di popolne veljavnosti navedenega. Zna\u010dilnosti minerala Kemijska sestava Ca2B5SiO9(OH) Barva belo-siva Trdota (Mohs) 3.5 Specifi\u010dna te\u017ea 2.45 &#8211; 2.58 Lomni koli\u010dnik 1.583 [&hellip;]<\/p>\n","protected":false},"author":1,"featured_media":0,"parent":0,"menu_order":0,"comment_status":"closed","ping_status":"closed","template":"template-products-page.php","meta":{"footnotes":""},"class_list":["post-11719","page","type-page","status-publish","hentry"],"_links":{"self":[{"href":"https:\/\/moirai.si\/de\/wp-json\/wp\/v2\/pages\/11719","targetHints":{"allow":["GET"]}}],"collection":[{"href":"https:\/\/moirai.si\/de\/wp-json\/wp\/v2\/pages"}],"about":[{"href":"https:\/\/moirai.si\/de\/wp-json\/wp\/v2\/types\/page"}],"author":[{"embeddable":true,"href":"https:\/\/moirai.si\/de\/wp-json\/wp\/v2\/users\/1"}],"replies":[{"embeddable":true,"href":"https:\/\/moirai.si\/de\/wp-json\/wp\/v2\/comments?post=11719"}],"version-history":[{"count":12,"href":"https:\/\/moirai.si\/de\/wp-json\/wp\/v2\/pages\/11719\/revisions"}],"predecessor-version":[{"id":27141,"href":"https:\/\/moirai.si\/de\/wp-json\/wp\/v2\/pages\/11719\/revisions\/27141"}],"wp:attachment":[{"href":"https:\/\/moirai.si\/de\/wp-json\/wp\/v2\/media?parent=11719"}],"curies":[{"name":"wp","href":"https:\/\/api.w.org\/{rel}","templated":true}]}}