{"id":11721,"date":"2019-02-04T14:45:21","date_gmt":"2019-02-04T14:45:21","guid":{"rendered":"https:\/\/moirai.si\/?page_id=11721"},"modified":"2026-01-02T13:09:14","modified_gmt":"2026-01-02T13:09:14","slug":"hrizokol","status":"publish","type":"page","link":"https:\/\/moirai.si\/de\/hrizokol\/","title":{"rendered":"Chrysokoll"},"content":{"rendered":"<div class=\"wp-block-button aligncenter\"><a class=\"wp-block-button__link has-text-color has-background wp-element-button\" href=\"https:\/\/moirai.si\/de\/produktkategorie-2\/kauf-nach-steinen\/hrizokol\/\" style=\"color:#2d2c2c;background-color:#ddc942\" target=\"_blank\" rel=\"noreferrer noopener\">Shop Chrysokoll<\/a><\/div>\n\n\n\n<h3 class=\"wp-block-heading\"><span style=\"color: #800080;\"><strong>Geschichte<\/strong><\/span><\/h3>\n\n\n<div class=\"wp-block-image is-resized\">\n<figure class=\"alignright size-thumbnail\"><img decoding=\"async\" src=\"https:\/\/moirai.si\/wp-content\/uploads\/2020\/01\/hrizokol-500x500.jpg\" alt=\"\" class=\"wp-image-15706\" style=\"width:125px\"\/><\/figure>\n<\/div>\n\n\n<ul class=\"wp-block-list\">\n<li>Der Name \"Chrysokoll\" leitet sich von den griechischen W\u00f6rtern \"chrysos\" und \"kolla\" ab, was \"Gold\" und \"Leim\" bedeutet. Es wurde oft als Mittel zum L\u00f6ten von Gold verwendet. Chrysokoll ist Kupfersilikat. Es wird oft mit Kupfersalzen, Eisen- und Manganoxiden gebildet. Am bekanntesten ist es f\u00fcr seine attraktive, leuchtend blau-gr\u00fcne Farbe. Seine Farbe ist auf das Vorhandensein von Kupferverunreinigungen zur\u00fcckzuf\u00fchren. Reiner Chrysokoll ist sehr selten. Er kommt h\u00e4ufig mit anderen Kupfermineralien vor, wodurch er interessante und einzigartige Farbmischungen und sch\u00f6ne Punktmuster erh\u00e4lt. Zu den h\u00e4ufigeren Mineralienmischungen geh\u00f6ren Azurit, Malachit und T\u00fcrkis.<\/li>\n\n\n\n<li>Der Chrysokoll kann auch mit Quarz gebildet werden. Diese Quarz-Hybrid-Mischungen sind h\u00e4rter und haltbarer als reiner Chrysokoll. Chrysokoll kommt in leuchtenden und attraktiven Schattierungen von hell- bis dunkelblau und gr\u00fcn vor. Da er h\u00e4ufig mit anderen Kupfermineralien vorkommt, k\u00f6nnen auch andere Farben in seinen interessanten Mustern erscheinen. Er ist fast immer undurchsichtig, obwohl einige seltene Materialien leicht oder fast durchscheinend erscheinen k\u00f6nnen.<\/li>\n<\/ul>\n\n\n\n<h3 class=\"wp-block-heading\"><span style=\"color: #800080;\"><strong>Medizinische * Metaphysische Eigenschaften<\/strong><\/span><\/h3>\n\n\n\n<ul class=\"wp-block-list\">\n<li>Arthritis, Narben, Depression, Diabetes, Hals, Leber, Wut, H\u00fcften, Kr\u00e4mpfe, Blutdruck, Kehlkopfentz\u00fcndung, Liebe, Meditation, Menstruationsschmerzen, Ruhe, Kraft, Inspiration, negative Energie, Negativit\u00e4t, Empfindlichkeit, Infektionen, Verbrennungen, Lunge, Verdauung, Rheuma, Herz, Stabilit\u00e4t, Angst, Stress, Schilddr\u00fcse, Toleranz, Lernen, Fieber, Vertrauen, nerv\u00f6se Anspannung...<\/li>\n<\/ul>\n\n\n\n<div class=\"wp-block-button aligncenter\"><a class=\"wp-block-button__link has-text-color has-background wp-element-button\" href=\"https:\/\/moirai.si\/de\/produktkategorie-2\/kauf-nach-steinen\/hrizokol\/\" style=\"color:#2d2c2c;background-color:#ddc942\" target=\"_blank\" rel=\"noreferrer noopener\">Shop Chrysokoll<\/a><\/div>\n\n\n<div class=\"wp-block-image is-resized\">\n<figure class=\"alignleft\"><a href=\"https:\/\/moirai.si\/de\/kakra\/\"><img loading=\"lazy\" decoding=\"async\" width=\"500\" height=\"500\" src=\"https:\/\/moirai.si\/wp-content\/uploads\/2019\/09\/\u010dakra.jpg\" alt=\"\" class=\"wp-image-14534\" style=\"width:125px\" srcset=\"https:\/\/moirai.si\/wp-content\/uploads\/2019\/09\/\u010dakra.jpg 500w, https:\/\/moirai.si\/wp-content\/uploads\/2019\/09\/\u010dakra-100x100.jpg 100w\" sizes=\"auto, (max-width: 500px) 100vw, 500px\" \/><\/a><\/figure>\n<\/div>\n\n\n<p><a href=\"https:\/\/moirai.si\/de\/kakra\/\">Chakra<\/a><\/p>\n\n\n\n<p class=\"has-small-font-size\">** Die heilenden und metaphysischen Eigenschaften der aufgelisteten Steine wurden aus verschiedenen Quellen zusammengetragen. Die Informationen werden nur als Service und nicht f\u00fcr die Behandlung von Krankheiten zur Verf\u00fcgung gestellt. Moirai.si \u00fcbernimmt keine Garantie f\u00fcr die volle G\u00fcltigkeit der bereitgestellten Informationen.<\/p>\n\n\n\n<h3 class=\"wp-block-heading\"><span style=\"color: #800080;\"><strong>Merkmale des Minerals<\/strong><\/span><\/h3>\n\n\n\n<figure class=\"wp-block-table\"><table><tbody><tr><td>Chemische Zusammensetzung<\/td><td>(Cu,Al)2H2Si2O5(OH)4nH2O<\/td><\/tr><tr><td>Farbe<\/td><td>gr\u00fcn, blau, blau-gr\u00fcn, schwarz-blau, braun<\/td><\/tr><tr><td>H\u00e4rte (Mohs)<\/td><td>2-4<\/td><\/tr><tr><td>Spezifische Schwerkraft<\/td><td>2.00 &#8211; 2.40<\/td><\/tr><tr><td>Brechungsindex<\/td><td>1.460 &#8211; 1.570<\/td><\/tr><\/tbody><\/table><\/figure>\n\n\n\n<h3 class=\"wp-block-heading\"><span style=\"color: #800080;\"><strong>Herkunft und Quellen des Minerals<\/strong><\/span><\/h3>\n\n\n<div class=\"wp-block-image is-resized\">\n<figure class=\"alignleft size-large\"><img loading=\"lazy\" decoding=\"async\" width=\"189\" height=\"104\" src=\"https:\/\/moirai.si\/wp-content\/uploads\/2020\/01\/svet.jpg\" alt=\"\" class=\"wp-image-15658\" style=\"width:125px\"\/><\/figure>\n<\/div>\n\n\n<ul class=\"wp-block-list\">\n<li>Chile, Kongo, England, Mexiko, Peru, Russland, USA...<\/li>\n<\/ul>\n\n\n\n<h3 class=\"wp-block-heading\"><span style=\"color: #800080;\"><strong>Pflege<\/strong><\/span><\/h3>\n\n\n\n<ul class=\"wp-block-list\">\n<li>Chrysokoll ist ein eher weicher Stein. Er kann von anderen Mineralien und Schmuckst\u00fccken zerkratzt werden und sollte separat getragen und gereinigt werden. Zum Reinigen verwenden Sie einfach Seifenwasser und ein weiches Tuch. Achten Sie darauf, den Stein gut abzusp\u00fclen, um Seifenreste zu entfernen. Wie bei den meisten Edelsteinen sind Ultraschallreiniger und Dampfstrahler nicht zu empfehlen.<\/li>\n\n\n\n<li>Am besten bewahren Sie Steinschmuck und die Steine selbst in einer mit Stoff bezogenen Schatulle oder in einem Tuch eingewickelt getrennt von den anderen auf, um Sch\u00e4den und m\u00f6gliche Kratzer zu vermeiden. Es ist ratsam, Schmuck nicht bei gr\u00f6\u00dferen k\u00f6rperlichen Aktivit\u00e4ten wie Bewegung oder Sport zu tragen. Vermeiden Sie es, Parf\u00fcm und Haarspray direkt auf Ihren Schmuck und Ihre Steine zu spr\u00fchen.<\/li>\n<\/ul>\n\n\n\n<div class=\"wp-block-button aligncenter\"><a class=\"wp-block-button__link has-text-color has-background wp-element-button\" href=\"https:\/\/moirai.si\/de\/produktkategorie-2\/kauf-nach-steinen\/hrizokol\/\" style=\"color:#2d2c2c;background-color:#ddc942\" target=\"_blank\" rel=\"noreferrer noopener\">Shop Chrysokoll<\/a><\/div>\n\n\n\n<p class=\"has-text-align-center\">F\u00fcr <strong><span style=\"color: #800080;\">10<\/span>%<\/strong> Verwenden Sie den Code, um beim Online-Kauf einen Rabatt zu erhalten: <span style=\"color: #800080;\"><strong>moirai26 <\/strong><\/span>(koda je veljavna do 31.12.2026)!<\/p>\n\n\n\n<h3 class=\"wp-block-heading\"><span style=\"color: #800080;\"><strong>Horoskop<\/strong><\/span><\/h3>\n\n\n<div class=\"wp-block-image\">\n<figure class=\"alignleft size-large\"><img loading=\"lazy\" decoding=\"async\" width=\"116\" height=\"111\" src=\"https:\/\/moirai.si\/wp-content\/uploads\/2020\/01\/horoskop.jpg\" alt=\"\" class=\"wp-image-15659\"\/><\/figure>\n<\/div>\n\n\n<ul class=\"wp-block-list\">\n<li>Sch\u00fctze, Stier, Krebs, Wassermann, Waage<\/li>\n<\/ul>","protected":false},"excerpt":{"rendered":"<p>Zgodovina Zdravilno * Metafizi\u010dne lastnosti \u010cakra ** Navedene zdravilne in metafizi\u010dne lastnosti kamnov so zbrane iz ve\u010d razli\u010dnih virov. Informacije so na voljo le kot storitev in ne za zdravljenje bolezni. Moirai.si ne jam\u010di popolne veljavnosti navedenega. Zna\u010dilnosti minerala Kemijska sestava (Cu,Al)2H2Si2O5(OH)4nH2O Barva zelena, modra, modro-zelena, \u010drno-modra, rjava Trdota (Mohs) 2-4 Specifi\u010dna te\u017ea 2.00 &#8211; [&hellip;]<\/p>\n","protected":false},"author":1,"featured_media":0,"parent":0,"menu_order":0,"comment_status":"closed","ping_status":"closed","template":"template-products-page.php","meta":{"footnotes":""},"class_list":["post-11721","page","type-page","status-publish","hentry"],"_links":{"self":[{"href":"https:\/\/moirai.si\/de\/wp-json\/wp\/v2\/pages\/11721","targetHints":{"allow":["GET"]}}],"collection":[{"href":"https:\/\/moirai.si\/de\/wp-json\/wp\/v2\/pages"}],"about":[{"href":"https:\/\/moirai.si\/de\/wp-json\/wp\/v2\/types\/page"}],"author":[{"embeddable":true,"href":"https:\/\/moirai.si\/de\/wp-json\/wp\/v2\/users\/1"}],"replies":[{"embeddable":true,"href":"https:\/\/moirai.si\/de\/wp-json\/wp\/v2\/comments?post=11721"}],"version-history":[{"count":11,"href":"https:\/\/moirai.si\/de\/wp-json\/wp\/v2\/pages\/11721\/revisions"}],"predecessor-version":[{"id":27143,"href":"https:\/\/moirai.si\/de\/wp-json\/wp\/v2\/pages\/11721\/revisions\/27143"}],"wp:attachment":[{"href":"https:\/\/moirai.si\/de\/wp-json\/wp\/v2\/media?parent=11721"}],"curies":[{"name":"wp","href":"https:\/\/api.w.org\/{rel}","templated":true}]}}