{"id":11723,"date":"2019-02-04T14:47:26","date_gmt":"2019-02-04T14:47:26","guid":{"rendered":"https:\/\/moirai.si\/?page_id=11723"},"modified":"2026-01-02T14:42:38","modified_gmt":"2026-01-02T14:42:38","slug":"serpentine-2","status":"publish","type":"page","link":"https:\/\/moirai.si\/de\/serpentin\/","title":{"rendered":"Serpentine"},"content":{"rendered":"\n<div class=\"wp-block-button aligncenter\"><a class=\"wp-block-button__link has-text-color has-background wp-element-button\" href=\"https:\/\/moirai.si\/izdelek-kategorija\/nakup-po-kamnih\/serpentin\/\" style=\"color:#2d2c2c;background-color:#ddc942\" target=\"_blank\" rel=\"noreferrer noopener\">Trgovina Serpentin<\/a><\/div>\n\n\n\n<h3 class=\"wp-block-heading\"><span style=\"color: #800080;\"><strong>Zgodovina<\/strong><\/span><\/h3>\n\n\n<div class=\"wp-block-image is-resized\">\n<figure class=\"alignright size-thumbnail\"><img decoding=\"async\" src=\"https:\/\/moirai.si\/wp-content\/uploads\/2020\/02\/serpentin-500x500.jpg\" alt=\"\" class=\"wp-image-15796\" style=\"width:125px\"\/><\/figure>\n<\/div>\n\n\n<ul class=\"wp-block-list\">\n<li>Njegovo ime naj bi izhajalo iz njegovih ka\u010dje zelenih barv. Serpentin ni le poldrag kamen, ampak je skupina mineralov, ki vklju\u010duje do 20 razli\u010dnih povezanih kamnov. Je hidratiziran Magnezijev Silikat. Ponavadi je zelen, rumeno-zelen ali rjavo-zelen. Njegova barva je lahko tudi bela, rumeno-siva in rjavo-\u010drna. Serpentin je \u017eilast oz. pik\u010dast in lahko poka\u017ee efekt Ma\u010djega O\u010desa, ki je lahko svetlej\u0161i ali temnej\u0161i glede na kot gledanja. Pogosto se ga zamenjuje z \u017dadom, ker sta si zelo podobna po barvi in \u200b\u200bteksturi.<\/li>\n\n\n\n<li>Obstajata dve osnovni agregatni strukturi Serpentina, ki vklju\u010dujeta Antigorit in Krizotil. Antigorit je ponavadi bolj trden kot Krizotil. Krizotil je skupina Serpentinskih mineralov, ki se lahko na podlagi kristalizacije razdeli na \u0161tiri razli\u010dne sorte. Zelo fin vlaknat Krizotil je eden izmed mnogih vrst Azbesta. Znano je, da Azbest povzro\u010da \u00bbazbestozo\u00ab. Ker je Azbest \u0161kodljiv za na\u0161e zdravje, se za nakit uporablja le oblika Serpentina Antigorit. Serpentinski minerali so metamorfne spremembe Peridotita in Piroksena. Serpentin (Antigorit) se pogosto imenuje \u00bbplemeniti Serpentin\u00ab ali \u00bbdragocen\u00ab Serpentin.<\/li>\n<\/ul>\n\n\n\n<p class=\"has-text-align-center\"><span style=\"color: #800080;\">Nekateri drugi znani in priljubljeni sorodni materiali vklju\u010dujejo:<\/span><\/p>\n\n\n\n<ul class=\"wp-block-list\">\n<li><span style=\"color: #800080;\">Azbest<\/span>: zelo fin in vlaknat Krizotilni Serpentin.<\/li>\n\n\n\n<li><span style=\"color: #800080;\">Bastit:<\/span> svilnato ble\u0161\u010de\u010d psevdomorfni Serpentin.<\/li>\n\n\n\n<li><span style=\"color: #800080;\">Bovenit:<\/span> zelenkast Serpentin z gostimi vlakni.<\/li>\n\n\n\n<li><span style=\"color: #800080;\">Konemara:<\/span> kamen, ki je sestavljen iz Marmorja in Serpentina.<\/li>\n\n\n\n<li><span style=\"color: #800080;\">Devejlit:<\/span> Serpentin s sledovi Stevensita.<\/li>\n\n\n\n<li><span style=\"color: #800080;\">Garnierit:<\/span> z Nikljem bogat zeleni Serpentinski mineral.<\/li>\n\n\n\n<li><span style=\"color: #800080;\">Retinalit:<\/span> Antigoritni Serpentin z voskasto rumenim sijajem.<\/li>\n\n\n\n<li><span style=\"color: #800080;\">Rikolit:<\/span> finozrnat Serpentin.<\/li>\n\n\n\n<li><span style=\"color: #800080;\">Satalit:<\/span> vlaknasti Serpentin, ki pogosto ka\u017ee efekt Ma\u010djega O\u010desa.<\/li>\n\n\n\n<li><span style=\"color: #800080;\">Serpentinit:<\/span> kamnina, sestavljena iz Serpentinskih mineralov in sledovi mineralov Piroksena, Olivina, Magnetita, Kalcita, Dolomita in Amfibola.<\/li>\n\n\n\n<li><span style=\"color: #800080;\">Verde-Antik:<\/span> temno zelen Serpentin z belimi \u017eilami Kalcita.<\/li>\n\n\n\n<li><span style=\"color: #800080;\">Villiamsit:<\/span> oljno-zeleni Serpentin s \u010drnimi lisami ali vklju\u010dki.<\/li>\n<\/ul>\n\n\n\n<h3 class=\"wp-block-heading\"><span style=\"color: #800080;\"><strong>Zdravilno * Metafizi\u010dne lastnosti<\/strong><\/span><\/h3>\n\n\n\n<ul class=\"wp-block-list\">\n<li>alzheimerjeva bolezen, anoreksija, aritmija srca, avra, bulimija, celi\u010dna regeneracija, demenca, diabetes, driska, ekcem, hipoglikemija, ko\u017ea, kr\u010di, krvni sladkor, ledvice, ljubezen, meditacija, menstrualne bole\u010dine, mir, mi\u0161ice, napetost, negativna energija, negativnost, neodvisnost, prebava, razstrupljanje, strah, stres, zaprtost, zaupanje, \u017eelodec, \u017eile, \u017eiv\u010dnost, \u017eol\u010d&#8230;<\/li>\n<\/ul>\n\n\n\n<div class=\"wp-block-button aligncenter\"><a class=\"wp-block-button__link has-text-color has-background wp-element-button\" href=\"https:\/\/moirai.si\/izdelek-kategorija\/nakup-po-kamnih\/serpentin\/\" style=\"color:#2d2c2c;background-color:#ddc942\" target=\"_blank\" rel=\"noreferrer noopener\">Trgovina Serpentin<\/a><\/div>\n\n\n<div class=\"wp-block-image is-resized\">\n<figure class=\"alignleft size-thumbnail\"><img decoding=\"async\" src=\"https:\/\/moirai.si\/wp-content\/uploads\/2020\/01\/\u010dakra-500x500.jpg\" alt=\"\" class=\"wp-image-15609\" style=\"width:125px\"\/><\/figure>\n<\/div>\n\n\n<p><a href=\"http:\/\/moirai.si\/cakra\/\">\u010cakra<\/a><\/p>\n\n\n\n<p class=\"has-small-font-size\"> ** Navedene zdravilne in metafizi\u010dne lastnosti kamnov so zbrane iz ve\u010d razli\u010dnih virov. Informacije so na voljo le kot storitev in ne za zdravljenje bolezni. Moirai.si ne jam\u010di popolne veljavnosti navedenega. <\/p>\n\n\n\n<h3 class=\"wp-block-heading\"><span style=\"color: #800080;\"><strong>Zna\u010dilnosti minerala<\/strong><\/span><\/h3>\n\n\n\n<figure class=\"wp-block-table\"><table><tbody><tr><td> <p>Kemijska sestava<\/p><\/td><td> <p>Mg6[(OH)8lSi4O10]<\/p><\/td><\/tr><tr><td><p>Barva<\/p><\/td><td><p>zelena, rumena, rjava<\/p><\/td><\/tr><tr><td><p>Trdota (Mohs)<\/p><\/td><td><p>2.5 &#8211; 5.5<\/p><\/td><\/tr><tr><td><p>Specifi\u010dna te\u017ea<\/p><\/td><td><p>2.44 &#8211; 2.62<\/p><\/td><\/tr><tr><td><p>Lomni koli\u010dnik<\/p><\/td><td><p>1.560 &#8211; 1.571<\/p><\/td><\/tr><\/tbody><\/table><\/figure>\n\n\n\n<h3 class=\"wp-block-heading\"><span style=\"color: #800080;\"><strong>Izvor in viri minerala<\/strong><\/span><\/h3>\n\n\n<div class=\"wp-block-image is-resized\">\n<figure class=\"alignleft size-large\"><img loading=\"lazy\" decoding=\"async\" width=\"189\" height=\"104\" src=\"https:\/\/moirai.si\/wp-content\/uploads\/2020\/01\/svet.jpg\" alt=\"\" class=\"wp-image-15658\" style=\"width:125px\"\/><\/figure>\n<\/div>\n\n\n<ul class=\"wp-block-list\">\n<li>Afganistan, Avstrija, Velika Britanija, Kanada, Kitajska, Ciper, Francija, Gr\u010dija, Indija, Italija, Koreja, Mjanmar, Nova Zelandija, Norve\u0161ka, Rusija, ZDA\u2026<\/li>\n<\/ul>\n\n\n\n<h3 class=\"wp-block-heading\"><span style=\"color: #800080;\"><strong>Nega<\/strong><\/span><\/h3>\n\n\n\n<ul class=\"wp-block-list\">\n<li>Serpentin je precej mehak in krhek. Je ob\u010dutljiv na kislino, zato se je treba izogibati ostrim kemikalijam in \u010distilom. Za \u010di\u0161\u010denje preprosto uporabite milnico in mehko krpo. Bodite prepri\u010dani, da kamen dobro sperete, da odstranite ostanke milnice. Kot pri ve\u010dini dragih kamnov ultrazvo\u010dna \u010distila in parniki niso priporo\u010dljivi. Shranjevanje nakita iz kamnov in same kamne je najbolje dati v \u0161katlo prevle\u010deno s tkanino ali pa jih zavijemo v krpico lo\u010deno od ostalih in s tem prepre\u010dimo samo \u0161kodo in morebitne praske.<\/li>\n\n\n\n<li>Priporo\u010dljivo je, da nakita ne nosite med ve\u010djimi fizi\u010dnimi aktivnostmi, kot so telovadba ali \u0161port. Izogibajte se pr\u0161enju parfuma in laka za lase direktno po svojem nakitu in kamnih.<\/li>\n<\/ul>\n\n\n\n<div class=\"wp-block-button aligncenter\"><a class=\"wp-block-button__link has-text-color has-background wp-element-button\" href=\"https:\/\/moirai.si\/izdelek-kategorija\/nakup-po-kamnih\/serpentin\/\" style=\"color:#2d2c2c;background-color:#ddc942\" target=\"_blank\" rel=\"noreferrer noopener\">Trgovina Serpentin<\/a><\/div>\n\n\n\n<p class=\"has-text-align-center\">Za <strong><span style=\"color: #800080;\">10<\/span>%<\/strong> popust pri spletnem nakupu uporabite kodo: <span style=\"color: #800080;\"><strong>moirai26 <\/strong><\/span>(koda je veljavna do 31.12.2026)!<\/p>\n\n\n\n<h3 class=\"wp-block-heading\"><span style=\"color: #800080;\"><strong>Horoskop<\/strong><\/span><\/h3>\n\n\n<div class=\"wp-block-image\">\n<figure class=\"alignleft size-large\"><img loading=\"lazy\" decoding=\"async\" width=\"116\" height=\"111\" src=\"https:\/\/moirai.si\/wp-content\/uploads\/2020\/01\/horoskop.jpg\" alt=\"\" class=\"wp-image-15659\"\/><\/figure>\n<\/div>\n\n\n<ul class=\"wp-block-list\">\n<li>Dvoj\u010dka<\/li>\n<\/ul>\n","protected":false},"excerpt":{"rendered":"<p>Zgodovina Nekateri drugi znani in priljubljeni sorodni materiali vklju\u010dujejo: Zdravilno * Metafizi\u010dne lastnosti \u010cakra ** Navedene zdravilne in metafizi\u010dne lastnosti kamnov so zbrane iz ve\u010d razli\u010dnih virov. Informacije so na voljo le kot storitev in ne za zdravljenje bolezni. Moirai.si ne jam\u010di popolne veljavnosti navedenega. Zna\u010dilnosti minerala Kemijska sestava Mg6[(OH)8lSi4O10] Barva zelena, rumena, rjava Trdota [&hellip;]<\/p>\n","protected":false},"author":1,"featured_media":0,"parent":0,"menu_order":0,"comment_status":"closed","ping_status":"closed","template":"template-products-page.php","meta":{"footnotes":""},"class_list":["post-11723","page","type-page","status-publish","hentry"],"_links":{"self":[{"href":"https:\/\/moirai.si\/de\/wp-json\/wp\/v2\/pages\/11723","targetHints":{"allow":["GET"]}}],"collection":[{"href":"https:\/\/moirai.si\/de\/wp-json\/wp\/v2\/pages"}],"about":[{"href":"https:\/\/moirai.si\/de\/wp-json\/wp\/v2\/types\/page"}],"author":[{"embeddable":true,"href":"https:\/\/moirai.si\/de\/wp-json\/wp\/v2\/users\/1"}],"replies":[{"embeddable":true,"href":"https:\/\/moirai.si\/de\/wp-json\/wp\/v2\/comments?post=11723"}],"version-history":[{"count":13,"href":"https:\/\/moirai.si\/de\/wp-json\/wp\/v2\/pages\/11723\/revisions"}],"predecessor-version":[{"id":27239,"href":"https:\/\/moirai.si\/de\/wp-json\/wp\/v2\/pages\/11723\/revisions\/27239"}],"wp:attachment":[{"href":"https:\/\/moirai.si\/de\/wp-json\/wp\/v2\/media?parent=11723"}],"curies":[{"name":"wp","href":"https:\/\/api.w.org\/{rel}","templated":true}]}}