{"id":11725,"date":"2019-02-04T14:49:12","date_gmt":"2019-02-04T14:49:12","guid":{"rendered":"https:\/\/moirai.si\/?page_id=11725"},"modified":"2026-01-02T14:44:35","modified_gmt":"2026-01-02T14:44:35","slug":"sonnenstein","status":"publish","type":"page","link":"https:\/\/moirai.si\/de\/soncev-kamen\/","title":{"rendered":"Sonnenstein"},"content":{"rendered":"\n<div class=\"wp-block-button aligncenter\"><a class=\"wp-block-button__link has-text-color has-background wp-element-button\" href=\"https:\/\/moirai.si\/izdelek-kategorija\/nakup-po-kamnih\/soncev-kamen\/\" style=\"color:#2d2c2c;background-color:#ddc942\" target=\"_blank\" rel=\"noreferrer noopener\">Trgovina Son\u010dev kamen<\/a><\/div>\n\n\n\n<h3 class=\"wp-block-heading\"><span style=\"color: #800080;\"><strong>Zgodovina<\/strong><\/span><\/h3>\n\n\n<div class=\"wp-block-image is-resized\">\n<figure class=\"alignright size-thumbnail\"><img decoding=\"async\" src=\"https:\/\/moirai.si\/wp-content\/uploads\/2020\/02\/son\u010dev-500x500.jpg\" alt=\"\" class=\"wp-image-15807\" style=\"width:125px\"\/><\/figure>\n<\/div>\n\n\n<ul class=\"wp-block-list\">\n<li>Son\u010dev kamen je obi\u010dajno oran\u017ene do rde\u010dkaste barve. Njegov ble\u0161\u010de\u010d videz spominja na sonce. Ravno zaradi tega je dobil svoje ime \u00bbSon\u010dev Kamen\u00ab. Kovinsko ble\u0161\u010de\u010d u\u010dinek povzro\u010dajo drobni delci Hematita, Goetita ali Pirita. Je \u010dlan mineralne skupine feldspar. Znan je po svoji aventuriscenci, ki se pogosto imenuje \u00bbschiller (\u0161iler)\u00ab. Vsi Son\u010dni Kamni ne ka\u017eejo \u0161ilerja. Intenzivnost opti\u010dnega fenomena je odvisna od velikosti vklju\u010dkov, ki so tipi\u010dno sestavljeni iz Hematita ali Goetita. Manj\u0161i vklju\u010dki ka\u017eejo ve\u010d sijaja, ve\u010dji vklju\u010dki pa se pojavijo kot ble\u0161\u010de\u010di kovinski odsevi. Danes je na voljo kar nekaj razli\u010dnih vrst Son\u010devega Kamna. Son\u010dev kamen je lahko vrsta plagioklasnega glinenca (Oligoklaz) ali Kalijev Feldspar (Ortoklaz Son\u010dev Kamen). Oligoklazni Son\u010dev kamen je pogostej\u0161i.<\/li>\n<\/ul>\n\n\n\n<h3 class=\"wp-block-heading\"><span style=\"color: #800080;\"><strong>Zdravilno * Metafizi\u010dne lastnosti<\/strong><\/span><\/h3>\n\n\n\n<ul class=\"wp-block-list\">\n<li>blaginja, bogastvo, bole\u010dina, depresija, energija, fobija, grlo, harmonija, hrustanec, intuicija, jasnost, ljubezen, mir, mo\u010d, nagon, navdih, navdu\u0161enje, neodvisnost, no\u010dne more, obilje, optimizem, prebava, presnova, ravnovesje, revma, samopodoba, samozavest, samozdravljenje, spodbuda, spolna energija, sre\u010da, stabilnost, strah, stres, veselje, vitalnost, vodstvo, za\u0161\u010dita, zavezanost, \u017eelodec&#8230;<\/li>\n<\/ul>\n\n\n\n<div class=\"wp-block-button aligncenter\"><a class=\"wp-block-button__link has-text-color has-background wp-element-button\" href=\"https:\/\/moirai.si\/izdelek-kategorija\/nakup-po-kamnih\/soncev-kamen\/\" style=\"color:#2d2c2c;background-color:#ddc942\" target=\"_blank\" rel=\"noreferrer noopener\">Trgovina Son\u010dev kamen<\/a><\/div>\n\n\n<div class=\"wp-block-image is-resized\">\n<figure class=\"alignleft size-thumbnail\"><img decoding=\"async\" src=\"https:\/\/moirai.si\/wp-content\/uploads\/2020\/01\/\u010dakra-500x500.jpg\" alt=\"\" class=\"wp-image-15609\" style=\"width:125px\"\/><\/figure>\n<\/div>\n\n\n<p><a href=\"http:\/\/moirai.si\/cakra\/\">\u010cakra<\/a><\/p>\n\n\n\n<p class=\"has-small-font-size\">** Navedene zdravilne in metafizi\u010dne lastnosti kamnov so zbrane iz ve\u010d razli\u010dnih virov. Informacije so na voljo le kot storitev in ne za zdravljenje bolezni. Moirai.si ne jam\u010di popolne veljavnosti navedenega.<\/p>\n\n\n\n<h3 class=\"wp-block-heading\"><span style=\"color: #800080;\"><strong>Zna\u010dilnosti minerala<\/strong><\/span><\/h3>\n\n\n\n<figure class=\"wp-block-table\"><table><tbody><tr><td>Kemijska sestava<\/td><td>(Ca,Na)[(AlSi)2Si2O8]<\/td><\/tr><tr><td>Barva<\/td><td>oran\u017ena, rde\u010da, rjava, roza<\/td><\/tr><tr><td>Trdota (Mohs)<\/td><td>6 &#8211; 6.5<\/td><\/tr><tr><td>Specifi\u010dna te\u017ea<\/td><td>2.62 &#8211; 2.65<\/td><\/tr><tr><td>Lomni koli\u010dnik<\/td><td>1.525 &#8211; 1.548<\/td><\/tr><\/tbody><\/table><\/figure>\n\n\n\n<h3 class=\"wp-block-heading\"><span style=\"color: #800080;\"><strong>Izvor in viri minerala<\/strong><\/span><\/h3>\n\n\n<div class=\"wp-block-image is-resized\">\n<figure class=\"alignleft size-large\"><img loading=\"lazy\" decoding=\"async\" width=\"189\" height=\"104\" src=\"https:\/\/moirai.si\/wp-content\/uploads\/2020\/01\/svet.jpg\" alt=\"\" class=\"wp-image-15658\" style=\"width:125px\"\/><\/figure>\n<\/div>\n\n\n<ul class=\"wp-block-list\">\n<li>Indija, Kanada, Madagaskar, Norve\u0161ka, Rusija, ZDA&#8230;<\/li>\n<\/ul>\n\n\n\n<h3 class=\"wp-block-heading\"><span style=\"color: #800080;\"><strong>Nega<\/strong><\/span><\/h3>\n\n\n\n<ul class=\"wp-block-list\">\n<li>Son\u010dev Kamen ni zelo trpe\u017een ali trden v primerjavi z ve\u010dino drugih vrst kamnov. Lahko ima tudi zrnat, zlomljen lom, kar pomeni, da zahteva kar nekaj. Za \u010di\u0161\u010denje preprosto uporabite milnico in mehko krpo. Bodite prepri\u010dani, da kamen dobro sperete, da odstranite ostanke milnice. Kot pri ve\u010dini dragih kamnov ultrazvo\u010dna \u010distila in parniki niso priporo\u010dljivi. Shranjevanje nakita iz kamnov in same kamne je najbolje dati v \u0161katlo prevle\u010deno s tkanino ali pa jih zavijemo v krpico lo\u010deno od ostalih in s tem prepre\u010dimo samo \u0161kodo in morebitne praske.<\/li>\n\n\n\n<li>Priporo\u010dljivo je, da nakita ne nosite med ve\u010djimi fizi\u010dnimi aktivnostmi, kot so telovadba ali \u0161port. Izogibajte se pr\u0161enju parfuma in laka za lase direktno po svojem nakitu in kamnih.<\/li>\n<\/ul>\n\n\n\n<div class=\"wp-block-button aligncenter\"><a class=\"wp-block-button__link has-text-color has-background wp-element-button\" href=\"https:\/\/moirai.si\/izdelek-kategorija\/nakup-po-kamnih\/soncev-kamen\/\" style=\"color:#2d2c2c;background-color:#ddc942\" target=\"_blank\" rel=\"noreferrer noopener\">Trgovina Son\u010dev kamen<\/a><\/div>\n\n\n\n<p class=\"has-text-align-center\">Za <strong><span style=\"color: #800080;\">10<\/span>%<\/strong> popust pri spletnem nakupu uporabite kodo: <span style=\"color: #800080;\"><strong>moirai26 <\/strong><\/span>(koda je veljavna do 31.12.2026)!<\/p>\n\n\n\n<h3 class=\"wp-block-heading\"><span style=\"color: #800080;\"><strong>Horoskop<\/strong><\/span><\/h3>\n\n\n<div class=\"wp-block-image\">\n<figure class=\"alignleft size-large\"><img loading=\"lazy\" decoding=\"async\" width=\"116\" height=\"111\" src=\"https:\/\/moirai.si\/wp-content\/uploads\/2020\/01\/horoskop.jpg\" alt=\"\" class=\"wp-image-15659\"\/><\/figure>\n<\/div>\n\n\n<ul class=\"wp-block-list\">\n<li>Tehtnica, Lev<\/li>\n<\/ul>\n","protected":false},"excerpt":{"rendered":"<p>Zgodovina Zdravilno * Metafizi\u010dne lastnosti \u010cakra ** Navedene zdravilne in metafizi\u010dne lastnosti kamnov so zbrane iz ve\u010d razli\u010dnih virov. Informacije so na voljo le kot storitev in ne za zdravljenje bolezni. Moirai.si ne jam\u010di popolne veljavnosti navedenega. Zna\u010dilnosti minerala Kemijska sestava (Ca,Na)[(AlSi)2Si2O8] Barva oran\u017ena, rde\u010da, rjava, roza Trdota (Mohs) 6 &#8211; 6.5 Specifi\u010dna te\u017ea 2.62 [&hellip;]<\/p>\n","protected":false},"author":1,"featured_media":0,"parent":0,"menu_order":0,"comment_status":"closed","ping_status":"closed","template":"template-products-page.php","meta":{"footnotes":""},"class_list":["post-11725","page","type-page","status-publish","hentry"],"_links":{"self":[{"href":"https:\/\/moirai.si\/de\/wp-json\/wp\/v2\/pages\/11725","targetHints":{"allow":["GET"]}}],"collection":[{"href":"https:\/\/moirai.si\/de\/wp-json\/wp\/v2\/pages"}],"about":[{"href":"https:\/\/moirai.si\/de\/wp-json\/wp\/v2\/types\/page"}],"author":[{"embeddable":true,"href":"https:\/\/moirai.si\/de\/wp-json\/wp\/v2\/users\/1"}],"replies":[{"embeddable":true,"href":"https:\/\/moirai.si\/de\/wp-json\/wp\/v2\/comments?post=11725"}],"version-history":[{"count":12,"href":"https:\/\/moirai.si\/de\/wp-json\/wp\/v2\/pages\/11725\/revisions"}],"predecessor-version":[{"id":27243,"href":"https:\/\/moirai.si\/de\/wp-json\/wp\/v2\/pages\/11725\/revisions\/27243"}],"wp:attachment":[{"href":"https:\/\/moirai.si\/de\/wp-json\/wp\/v2\/media?parent=11725"}],"curies":[{"name":"wp","href":"https:\/\/api.w.org\/{rel}","templated":true}]}}