{"id":13697,"date":"2019-06-22T15:10:54","date_gmt":"2019-06-22T15:10:54","guid":{"rendered":"https:\/\/moirai.si\/?page_id=13697"},"modified":"2026-01-02T13:35:52","modified_gmt":"2026-01-02T13:35:52","slug":"epidot","status":"publish","type":"page","link":"https:\/\/moirai.si\/de\/epidot\/","title":{"rendered":"Epidot"},"content":{"rendered":"<div class=\"wp-block-button aligncenter\"><a class=\"wp-block-button__link has-text-color has-background wp-element-button\" href=\"https:\/\/moirai.si\/de\/produktkategorie-2\/kauf-nach-steinen\/epidot\/\" style=\"color:#2d2c2c;background-color:#ddc942\" target=\"_blank\" rel=\"noreferrer noopener\">Shop Epidot<\/a><\/div>\n\n\n\n<h3 class=\"wp-block-heading\"><span style=\"color: #800080;\"><strong>Geschichte<\/strong><\/span><\/h3>\n\n\n<div class=\"wp-block-image is-resized\">\n<figure class=\"alignright size-large\"><img loading=\"lazy\" decoding=\"async\" width=\"566\" height=\"566\" src=\"https:\/\/moirai.si\/wp-content\/uploads\/2020\/01\/epidot.jpg\" alt=\"\" class=\"wp-image-15691\" style=\"object-fit:cover;width:125px;height:125px\" srcset=\"https:\/\/moirai.si\/wp-content\/uploads\/2020\/01\/epidot.jpg 566w, https:\/\/moirai.si\/wp-content\/uploads\/2020\/01\/epidot-100x100.jpg 100w, https:\/\/moirai.si\/wp-content\/uploads\/2020\/01\/epidot-501x501.jpg 501w, https:\/\/moirai.si\/wp-content\/uploads\/2020\/01\/epidot-500x500.jpg 500w\" sizes=\"auto, (max-width: 566px) 100vw, 566px\" \/><\/figure>\n<\/div>\n\n\n<ul class=\"wp-block-list\">\n<li>Epidot wurde 1801 von Rene Just Ha\u00fcy nach dem griechischen Wort \"\u03b5\u03c0\u03b9\u03b4\u03bf\u03c3\u03b9\u03b6\" (epidosis) benannt, was so viel wie \"vergr\u00f6\u00dfern\" bedeutet, da er die kristalline Eigenschaft einer l\u00e4ngeren Seite an der Basis des Prismas aufweist. Es kann als Calcium-Aluminium-Eisen-Silikat definiert werden. Es enth\u00e4lt in der Regel verschiedene Farben wie Gr\u00fcn, Braun und Gelb. Epidot ist auch ein Hauptbestandteil einiger Gesteine. Epidosit ist ein Gestein, das aus Quarz und Epidot besteht. Unakit ist ein alterierter Granit, der aus Epidot, rosa Feldspat und farblosem Quarz besteht.<\/li>\n<\/ul>\n\n\n\n<h3 class=\"wp-block-heading\"><span style=\"color: #800080;\"><strong>Medizinische * Metaphysische Eigenschaften<\/strong><\/span><\/h3>\n\n\n\n<ul class=\"wp-block-list\">\n<li>Wohlstand, Immunsystem, Leber, Wut, Liebe, Eifersucht, Nebenniere, negative Energie, negative Gedanken, Reichtum, Beziehungen, Gier, Verdauung, Stoffwechsel, Tr\u00e4ume, Sch\u00fcchternheit, Gl\u00fcck, Angst, Schilddr\u00fcse, Groll, Schutz, Vertrauen, Nervensystem, Gallenblase...<\/li>\n<\/ul>\n\n\n\n<div class=\"wp-block-button aligncenter\"><a class=\"wp-block-button__link has-text-color has-background wp-element-button\" href=\"https:\/\/moirai.si\/de\/produktkategorie-2\/kauf-nach-steinen\/epidot\/\" style=\"color:#2d2c2c;background-color:#ddc942\" target=\"_blank\" rel=\"noreferrer noopener\">Shop Epidot<\/a><\/div>\n\n\n<div class=\"wp-block-image is-resized\">\n<figure class=\"alignleft\"><a href=\"https:\/\/moirai.si\/de\/kakra\/\"><img loading=\"lazy\" decoding=\"async\" width=\"500\" height=\"500\" src=\"https:\/\/moirai.si\/wp-content\/uploads\/2019\/09\/\u010dakra.jpg\" alt=\"\" class=\"wp-image-14534\" style=\"object-fit:cover;width:125px;height:125px\" srcset=\"https:\/\/moirai.si\/wp-content\/uploads\/2019\/09\/\u010dakra.jpg 500w, https:\/\/moirai.si\/wp-content\/uploads\/2019\/09\/\u010dakra-100x100.jpg 100w\" sizes=\"auto, (max-width: 500px) 100vw, 500px\" \/><\/a><\/figure>\n<\/div>\n\n\n<p><a href=\"https:\/\/moirai.si\/de\/kakra\/\">Chakra<\/a><\/p>\n\n\n\n<p class=\"has-small-font-size\">** Die heilenden und metaphysischen Eigenschaften der aufgelisteten Steine wurden aus verschiedenen Quellen zusammengetragen. Die Informationen werden nur als Service und nicht f\u00fcr die Behandlung von Krankheiten zur Verf\u00fcgung gestellt. Moirai.si \u00fcbernimmt keine Garantie f\u00fcr die volle G\u00fcltigkeit der bereitgestellten Informationen.<\/p>\n\n\n\n<h3 class=\"wp-block-heading\"><span style=\"color: #800080;\"><strong>Merkmale des Minerals<\/strong><\/span><\/h3>\n\n\n\n<figure class=\"wp-block-table\"><table><tbody><tr><td>Chemische Zusammensetzung<\/td><td>Ca2(Fe,Al)3(SiO4)3(OH)<\/td><\/tr><tr><td>Farbe<\/td><td>gr\u00fcn, gelb-gr\u00fcn, schwarz-gr\u00fcn<\/td><\/tr><tr><td>H\u00e4rte (Mohs)<\/td><td>6 &#8211; 7<\/td><\/tr><tr><td>Spezifische Schwerkraft<\/td><td>3.00-3.50<\/td><\/tr><tr><td>Brechungsindex<\/td><td>1.729-1.768<\/td><\/tr><\/tbody><\/table><\/figure>\n\n\n\n<h3 class=\"wp-block-heading\"><span style=\"color: #800080;\"><strong>Herkunft und Quellen des Minerals<\/strong><\/span><\/h3>\n\n\n<div class=\"wp-block-image is-resized\">\n<figure class=\"alignleft size-large\"><img loading=\"lazy\" decoding=\"async\" width=\"189\" height=\"104\" src=\"https:\/\/moirai.si\/wp-content\/uploads\/2020\/01\/svet.jpg\" alt=\"\" class=\"wp-image-15658\" style=\"width:125px\"\/><\/figure>\n<\/div>\n\n\n<ul class=\"wp-block-list\">\n<li>Australien, \u00d6sterreich, Brasilien, China, Tschechische Republik, Slowakei, Finnland, Frankreich, Italien, Japan, Kenia, Korea, Madagaskar, Mexiko, Mosambik, Myanmar (Birma), Norwegen, Schweiz, Sri Lanka, USA...<\/li>\n<\/ul>\n\n\n\n<h3 class=\"wp-block-heading\"><span style=\"color: #800080;\"><strong>Pflege<\/strong><\/span><\/h3>\n\n\n\n<ul class=\"wp-block-list\">\n<li>Der Epidot l\u00e4sst sich leicht mit warmem Seifenwasser und einem weichen Tuch oder einer B\u00fcrste reinigen. Achten Sie darauf, ihn gut abzusp\u00fclen, um alle Seifenreste zu entfernen. Jaspis ist recht por\u00f6s, was dazu f\u00fchrt, dass er schnell Flecken bekommt, da er leicht andere Chemikalien und Farben aufnimmt. Vermeiden Sie l\u00e4ngere Hitzeeinwirkung, da Erhitzung die Farbe Ihrer Steine dauerhaft ver\u00e4ndern kann. Wenn Sie Steinschmuck oder die Steine selbst aufbewahren, legen Sie sie am besten in eine mit einem Tuch bedeckte Schachtel oder wickeln Sie sie getrennt von anderen Steinen in ein Tuch ein, um Sch\u00e4den und Kratzer zu vermeiden. Es ist ratsam, den Schmuck bei gr\u00f6\u00dferen k\u00f6rperlichen Aktivit\u00e4ten wie Gymnastik oder Sport abzulegen. Vermeiden Sie es, Parf\u00fcm und Haarspray direkt auf Ihren Schmuck und Ihre Steine zu spr\u00fchen.<\/li>\n<\/ul>\n\n\n\n<div class=\"wp-block-button aligncenter\"><a class=\"wp-block-button__link has-text-color has-background wp-element-button\" href=\"https:\/\/moirai.si\/de\/produktkategorie-2\/kauf-nach-steinen\/epidot\/\" style=\"color:#2d2c2c;background-color:#ddc942\" target=\"_blank\" rel=\"noreferrer noopener\">Shop Epidot<\/a><\/div>\n\n\n\n<p class=\"has-text-align-center\">F\u00fcr <strong><span style=\"color: #800080;\">10<\/span>%<\/strong> Verwenden Sie den Code, um beim Online-Kauf einen Rabatt zu erhalten: <span style=\"color: #800080;\"><strong>moirai26 <\/strong><\/span>(koda je veljavna do 31.12.2026)!<\/p>\n\n\n\n<h3 class=\"wp-block-heading\"><span style=\"color: #800080;\"><strong>Horoskop<\/strong><\/span><\/h3>\n\n\n<div class=\"wp-block-image\">\n<figure class=\"alignleft size-large\"><img loading=\"lazy\" decoding=\"async\" width=\"116\" height=\"111\" src=\"https:\/\/moirai.si\/wp-content\/uploads\/2020\/01\/horoskop.jpg\" alt=\"\" class=\"wp-image-15659\"\/><\/figure>\n<\/div>\n\n\n<ul class=\"wp-block-list\">\n<li>Der Zwilling<\/li>\n<\/ul>","protected":false},"excerpt":{"rendered":"<p>Zgodovina Zdravilno * Metafizi\u010dne lastnosti \u010cakra ** Navedene zdravilne in metafizi\u010dne lastnosti kamnov so zbrane iz ve\u010d razli\u010dnih virov. Informacije so na voljo le kot storitev in ne za zdravljenje bolezni. Moirai.si ne jam\u010di popolne veljavnosti navedenega. Zna\u010dilnosti minerala Kemijska sestava Ca2(Fe,Al)3(SiO4)3(OH) Barva zelena, rumeno-zelena, \u010drno-zelena Trdota (Mohs) 6 &#8211; 7 Specifi\u010dna te\u017ea 3.00-3.50 Lomni [&hellip;]<\/p>\n","protected":false},"author":1,"featured_media":0,"parent":0,"menu_order":0,"comment_status":"closed","ping_status":"closed","template":"template-products-page.php","meta":{"footnotes":""},"class_list":["post-13697","page","type-page","status-publish","hentry"],"_links":{"self":[{"href":"https:\/\/moirai.si\/de\/wp-json\/wp\/v2\/pages\/13697","targetHints":{"allow":["GET"]}}],"collection":[{"href":"https:\/\/moirai.si\/de\/wp-json\/wp\/v2\/pages"}],"about":[{"href":"https:\/\/moirai.si\/de\/wp-json\/wp\/v2\/types\/page"}],"author":[{"embeddable":true,"href":"https:\/\/moirai.si\/de\/wp-json\/wp\/v2\/users\/1"}],"replies":[{"embeddable":true,"href":"https:\/\/moirai.si\/de\/wp-json\/wp\/v2\/comments?post=13697"}],"version-history":[{"count":14,"href":"https:\/\/moirai.si\/de\/wp-json\/wp\/v2\/pages\/13697\/revisions"}],"predecessor-version":[{"id":27183,"href":"https:\/\/moirai.si\/de\/wp-json\/wp\/v2\/pages\/13697\/revisions\/27183"}],"wp:attachment":[{"href":"https:\/\/moirai.si\/de\/wp-json\/wp\/v2\/media?parent=13697"}],"curies":[{"name":"wp","href":"https:\/\/api.w.org\/{rel}","templated":true}]}}