{"id":13701,"date":"2019-06-22T15:13:23","date_gmt":"2019-06-22T15:13:23","guid":{"rendered":"https:\/\/moirai.si\/?page_id=13701"},"modified":"2026-01-02T14:04:33","modified_gmt":"2026-01-02T14:04:33","slug":"augenverletzungen","status":"publish","type":"page","link":"https:\/\/moirai.si\/de\/macje-oko\/","title":{"rendered":"Katzenauge"},"content":{"rendered":"<div class=\"wp-block-button aligncenter\"><a class=\"wp-block-button__link has-text-color has-background wp-element-button\" href=\"https:\/\/moirai.si\/de\/produktkategorie-2\/kauf-nach-steinen\/augenverletzungen\/\" style=\"color:#2d2c2c;background-color:#ddc942\" target=\"_blank\" rel=\"noreferrer noopener\">Shop Katzenauge <\/a><\/div>\n\n\n\n<h3 class=\"wp-block-heading\"><span style=\"color: #800080;\"><strong>Geschichte<\/strong><\/span><\/h3>\n\n\n<div class=\"wp-block-image is-resized\">\n<figure class=\"alignright size-thumbnail\"><img decoding=\"async\" src=\"https:\/\/moirai.si\/wp-content\/uploads\/2020\/01\/ma\u010dje-500x500.jpg\" alt=\"\" class=\"wp-image-15751\" style=\"width:125px\"\/><\/figure>\n<\/div>\n\n\n<ul class=\"wp-block-list\">\n<li>Das Katzenauge wird auch als Rotes Auge des Tigers oder als Drachenauge bezeichnet. Seine Farbe ist br\u00e4unlich-rot. Es hat ein trigonales Kristallsystem. Das Leuchten, das man auf dem Katzenauge sehen kann, entsteht w\u00e4hrend seiner Entstehung. Die rote Farbe ist auf den Grad der Oxidation zur\u00fcckzuf\u00fchren.<\/li>\n\n\n\n<li><a href=\"https:\/\/moirai.si\/de\/hawkeye\/\" target=\"_blank\" rel=\"noreferrer noopener\">Falkenauge<\/a> ist die blau-graue bis blau-gr\u00fcne Variante des Quarzes. Er geh\u00f6rt zur Familie der Quarzkristalle. Er ist eine Art von makrokristallinem Quarz. Falkenauge ist zun\u00e4chst ein Krokydolith und verwandelt sich sp\u00e4ter in Quarz. Krokydolith ist ein faseriges blaues Mineral, das zur Familie der Ribekite (Amphibolsilikate) geh\u00f6rt. Die Umwandlung von Falkenauge beginnt, wenn sich Quarz langsam zwischen die Fasern des Krokydoliths mischt und ihn schlie\u00dflich vollst\u00e4ndig ersetzt und seine urspr\u00fcngliche Form beibeh\u00e4lt. Falkenauge  ist bekannt f\u00fcr seinen katzenartigen optischen Effekt, der an das Auge eines Falken erinnert. Er ist eng mit dem Tigerauge und dem Pietarsit verwandt, die eine \u00e4hnliche Wirkung haben. Das Tigerauge entsteht eigentlich aus dem Falkenauge. Wenn sich der blaue Krokydolith mit Quarz aufl\u00f6st, bleiben Spuren von Eisenoxid zur\u00fcck. Weniger Eisen ergibt die blaue Farbe des Krokidoliths. Mehr Eisen ergibt die braune Farbe des Tigerauges. Pietarsit ist ein Aggregat, das haupts\u00e4chlich aus Falkenauge und Tigerauge besteht. Es weist ein ziemlich chaotisches Wirbelmuster auf, das bei der Zersetzung entsteht und sich sp\u00e4ter mit dem Quarz verfestigt.<\/li>\n\n\n\n<li><a href=\"https:\/\/moirai.si\/de\/das-auge-des-tigers\/\" data-type=\"URL\" target=\"_blank\" rel=\"noreferrer noopener\">Tigerauge <\/a>tats\u00e4chlich aus dem Falkenauge hervorgeht. W\u00e4hrend des pseudomorphen Umwandlungsprozesses zeigen sich Materialien, die mehr Eisenoxid enthalten, im braunen Tigerauge. Wenn die Oxidation und der Eisengehalt geringer sind, tendiert die Farbe zu der urspr\u00fcnglichen blauen Farbe des Krokidoliths.<\/li>\n<\/ul>\n\n\n\n<h3 class=\"wp-block-heading\"><span style=\"color: #800080;\"><strong>Medizinische * Metaphysische Eigenschaften<\/strong><\/span><\/h3>\n\n\n\n<ul class=\"wp-block-list\">\n<li>Selbsthilfe, Liebe, Kreativit\u00e4t, psychische Vision, Blutkrankheiten, An\u00e4mie, Kraft, Vitalit\u00e4t, Stoffwechsel, Schmerzlinderung, Nervensystem, Nebennieren, sexuelle Funktion, sexuelle St\u00f6rungen, Muskelgewebe, Z\u00e4hne, N\u00e4gel...<\/li>\n<\/ul>\n\n\n\n<div class=\"wp-block-button aligncenter\"><a class=\"wp-block-button__link has-text-color has-background wp-element-button\" href=\"https:\/\/moirai.si\/de\/produktkategorie-2\/kauf-nach-steinen\/augenverletzungen\/\" style=\"color:#2d2c2c;background-color:#ddc942\" target=\"_blank\" rel=\"noreferrer noopener\">Shop Katzenauge <\/a><\/div>\n\n\n<div class=\"wp-block-image is-resized\">\n<figure class=\"alignleft\"><a href=\"https:\/\/moirai.si\/de\/kakra\/\"><img loading=\"lazy\" decoding=\"async\" width=\"500\" height=\"500\" src=\"https:\/\/moirai.si\/wp-content\/uploads\/2019\/09\/\u010dakra.jpg\" alt=\"\" class=\"wp-image-14534\" style=\"width:125px\" srcset=\"https:\/\/moirai.si\/wp-content\/uploads\/2019\/09\/\u010dakra.jpg 500w, https:\/\/moirai.si\/wp-content\/uploads\/2019\/09\/\u010dakra-100x100.jpg 100w\" sizes=\"auto, (max-width: 500px) 100vw, 500px\" \/><\/a><\/figure>\n<\/div>\n\n\n<p><a href=\"https:\/\/moirai.si\/de\/kakra\/\">Chakra<\/a><\/p>\n\n\n\n<p class=\"has-small-font-size\">** Die heilenden und metaphysischen Eigenschaften der aufgelisteten Steine wurden aus verschiedenen Quellen zusammengetragen. Die Informationen werden nur als Service und nicht f\u00fcr die Behandlung von Krankheiten zur Verf\u00fcgung gestellt. Moirai.si \u00fcbernimmt keine Garantie f\u00fcr die volle G\u00fcltigkeit der bereitgestellten Informationen.<\/p>\n\n\n\n<h3 class=\"wp-block-heading\"><span style=\"color: #800080;\"><strong>Herkunft und Quellen des Minerals<\/strong><\/span><\/h3>\n\n\n<div class=\"wp-block-image is-resized\">\n<figure class=\"alignleft size-large\"><img loading=\"lazy\" decoding=\"async\" width=\"189\" height=\"104\" src=\"https:\/\/moirai.si\/wp-content\/uploads\/2020\/01\/svet.jpg\" alt=\"\" class=\"wp-image-15658\" style=\"width:125px\"\/><\/figure>\n<\/div>\n\n\n<ul class=\"wp-block-list\">\n<li>S\u00fcdafrika, Namibia, Indien, Kanada, Brasilien, Amerika...<\/li>\n<\/ul>\n\n\n\n<h3 class=\"wp-block-heading\"><span style=\"color: #800080;\"><strong>Pflege<\/strong><\/span><\/h3>\n\n\n\n<ul class=\"wp-block-list\">\n<li>Zum Reinigen des Cat's Eye verwenden Sie einfach Seifenwasser und ein weiches Tuch. Achten Sie darauf, den Stein gut abzusp\u00fclen, um alle Seifenreste zu entfernen. Wie bei den meisten Edelsteinen sind Ultraschallreiniger und Dampfstrahler nicht zu empfehlen. Am besten bewahren Sie Steinschmuck und die Steine selbst in einer mit Stoff bedeckten Schachtel auf oder wickeln sie getrennt von anderen Steinen in Stoff ein, um Selbstbesch\u00e4digungen und m\u00f6gliche Kratzer zu vermeiden. Es ist ratsam, Schmuck nicht bei gr\u00f6\u00dferen k\u00f6rperlichen Aktivit\u00e4ten wie Bewegung oder Sport zu tragen. Vermeiden Sie es, Parf\u00fcm und Haarspray direkt auf Ihren Schmuck und Ihre Steine zu spr\u00fchen.<\/li>\n<\/ul>\n\n\n\n<div class=\"wp-block-button aligncenter\"><a class=\"wp-block-button__link has-text-color has-background wp-element-button\" href=\"https:\/\/moirai.si\/de\/produktkategorie-2\/kauf-nach-steinen\/augenverletzungen\/\" style=\"color:#2d2c2c;background-color:#ddc942\" target=\"_blank\" rel=\"noreferrer noopener\">Shop Katzenauge <\/a><\/div>\n\n\n\n<p class=\"has-text-align-center\">F\u00fcr <strong><span style=\"color: #800080;\">10<\/span>%<\/strong> Verwenden Sie den Code, um beim Online-Kauf einen Rabatt zu erhalten: <span style=\"color: #800080;\"><strong>moirai26 <\/strong><\/span>(koda je veljavna do 31.12.2026)!<\/p>\n\n\n\n<h3 class=\"wp-block-heading\"><span style=\"color: #800080;\"><strong>Horoskop<\/strong><\/span><\/h3>\n\n\n<div class=\"wp-block-image\">\n<figure class=\"alignleft size-large\"><img loading=\"lazy\" decoding=\"async\" width=\"116\" height=\"111\" src=\"https:\/\/moirai.si\/wp-content\/uploads\/2020\/01\/horoskop.jpg\" alt=\"\" class=\"wp-image-15659\"\/><\/figure>\n<\/div>\n\n\n<ul class=\"wp-block-list\">\n<li>Steinbock, Stier, Widder<\/li>\n<\/ul>","protected":false},"excerpt":{"rendered":"<p>Zgodovina Zdravilno * Metafizi\u010dne lastnosti \u010cakra ** Navedene zdravilne in metafizi\u010dne lastnosti kamnov so zbrane iz ve\u010d razli\u010dnih virov. Informacije so na voljo le kot storitev in ne za zdravljenje bolezni. Moirai.si ne jam\u010di popolne veljavnosti navedenega. Izvor in viri minerala Nega Za 10% popust pri spletnem nakupu uporabite kodo: moirai26 (koda je veljavna do [&hellip;]<\/p>\n","protected":false},"author":1,"featured_media":0,"parent":0,"menu_order":0,"comment_status":"closed","ping_status":"closed","template":"template-products-page.php","meta":{"footnotes":""},"class_list":["post-13701","page","type-page","status-publish","hentry"],"_links":{"self":[{"href":"https:\/\/moirai.si\/de\/wp-json\/wp\/v2\/pages\/13701","targetHints":{"allow":["GET"]}}],"collection":[{"href":"https:\/\/moirai.si\/de\/wp-json\/wp\/v2\/pages"}],"about":[{"href":"https:\/\/moirai.si\/de\/wp-json\/wp\/v2\/types\/page"}],"author":[{"embeddable":true,"href":"https:\/\/moirai.si\/de\/wp-json\/wp\/v2\/users\/1"}],"replies":[{"embeddable":true,"href":"https:\/\/moirai.si\/de\/wp-json\/wp\/v2\/comments?post=13701"}],"version-history":[{"count":15,"href":"https:\/\/moirai.si\/de\/wp-json\/wp\/v2\/pages\/13701\/revisions"}],"predecessor-version":[{"id":27220,"href":"https:\/\/moirai.si\/de\/wp-json\/wp\/v2\/pages\/13701\/revisions\/27220"}],"wp:attachment":[{"href":"https:\/\/moirai.si\/de\/wp-json\/wp\/v2\/media?parent=13701"}],"curies":[{"name":"wp","href":"https:\/\/api.w.org\/{rel}","templated":true}]}}