{"id":4082,"date":"2015-12-05T19:01:23","date_gmt":"2015-12-05T19:01:23","guid":{"rendered":"http:\/\/moirai.si\/?page_id=4082"},"modified":"2026-01-02T13:41:19","modified_gmt":"2026-01-02T13:41:19","slug":"achat","status":"publish","type":"page","link":"https:\/\/moirai.si\/de\/ahat\/","title":{"rendered":"Achat"},"content":{"rendered":"<div class=\"wp-block-button aligncenter is-style-fill\"><a class=\"wp-block-button__link has-text-color has-background wp-element-button\" href=\"https:\/\/moirai.si\/de\/produktkategorie-2\/kauf-nach-steinen\/achat\/\" style=\"color:#2d2c2c;background-color:#ddc942\">Shop Achat<\/a><\/div>\n\n\n\n<h3 class=\"wp-block-heading\"><strong><span style=\"color: #800080;\">Geschichte&nbsp;<\/span>&nbsp;&nbsp;&nbsp;&nbsp;&nbsp;<\/strong><strong>&nbsp;&nbsp;&nbsp;&nbsp;&nbsp;&nbsp;&nbsp;&nbsp;&nbsp;&nbsp;&nbsp;&nbsp;&nbsp;&nbsp;&nbsp;&nbsp;&nbsp;&nbsp;&nbsp;&nbsp;&nbsp;&nbsp;&nbsp;&nbsp;&nbsp;&nbsp;&nbsp;&nbsp;&nbsp;&nbsp;&nbsp;&nbsp;&nbsp;&nbsp;&nbsp;&nbsp;&nbsp;&nbsp;&nbsp;&nbsp;&nbsp;&nbsp;&nbsp;&nbsp;&nbsp;&nbsp;&nbsp;&nbsp;&nbsp;&nbsp;&nbsp;&nbsp;&nbsp;&nbsp;&nbsp;&nbsp;&nbsp;&nbsp;&nbsp;&nbsp; <\/strong><\/h3>\n\n\n<div class=\"wp-block-image wp-block-image alignright size-thumbnail is-resized\">\n<figure ><img loading=\"lazy\" decoding=\"async\" width=\"500\" height=\"500\" src=\"https:\/\/moirai.si\/wp-content\/uploads\/2020\/01\/ahatn-500x500.jpg\" alt=\"\" class=\"wp-image-15641\" style=\"object-fit:cover;width:125px;height:125px\" srcset=\"https:\/\/moirai.si\/wp-content\/uploads\/2020\/01\/ahatn-500x500.jpg 500w, https:\/\/moirai.si\/wp-content\/uploads\/2020\/01\/ahatn-100x100.jpg 100w, https:\/\/moirai.si\/wp-content\/uploads\/2020\/01\/ahatn-501x501.jpg 501w, https:\/\/moirai.si\/wp-content\/uploads\/2020\/01\/ahatn.jpg 566w\" sizes=\"auto, (max-width: 500px) 100vw, 500px\" \/><\/figure>\n<\/div>\n\n\n<ul class=\"wp-block-list\">\n<li>Der Stein wurde von dem griechischen Philosophen und Naturforscher Theophrastus benannt, der ihn zwischen dem 4. und 3. Jahrhundert v. Chr. an den Ufern des Flusses Achates im heutigen Sizilien fand. Er geh\u00f6rt zur Familie der Quarze (Kieselerde). Er wird als kryptokristalline Variet\u00e4t oder, genauer gesagt, als Chalcedon klassifiziert. Achat kommt h\u00e4ufig zusammen mit vielen anderen Steinen vor und wird haupts\u00e4chlich als vulkanisches Gestein eingestuft. Er w\u00e4chst oft in Einschl\u00fcssen in magmatischen, sediment\u00e4ren und metamorphen Gesteinen wie Granit. Er w\u00e4chst in der Regel in mandelf\u00f6rmigen oder kugelf\u00f6rmigen Knollen und hat sich \u00fcber einen langen Zeitraum in Schichten abgelagert, wodurch sichtbare parallele Schichtf\u00e4den entstehen. Exemplare mit Schichtf\u00e4den werden als Achat bezeichnet, w\u00e4hrend gemischte und einheitliche Exemplare als Chalcedon, Karneol, moosiger Achat und andere Handelsnamen klassifiziert werden.<\/li>\n\n\n\n<li><span style=\"color: #800080;\">Synonyme, alte Namen, Handelsnamen:<\/span> Achat-Geode, Achat-Auge, Botswana-Achat, Dendriten-Achat, Baum-Achat, Fossil-Achat, Chrysokoll, Iris-Achat, Jaspis, Schlangen-Achat, Chalcedon, Karneol, Laguna-Achat, Moos-Achat, Blauer Achat, Feuer-Achat, Feuer-Achat, Oker-Achat, Onyx, Provinzial-Achat, Brauner Achat, Sard, Sardonyx, Grauer Achat, Tuba-Achat, Stern-Achat...<\/li>\n<\/ul>\n\n\n\n<h3 class=\"wp-block-heading\"><span style=\"color: #800080;\"><strong>Medizinische * Metaphysische Eigenschaften<\/strong><\/span><\/h3>\n\n\n\n<ul class=\"wp-block-list\">\n<li>Ehrgeiz, analytische F\u00e4higkeiten, Wohlbefinden, Blockade, Schmerz, Darm, Energie, Epilepsie, Phobien, Frigidit\u00e4t, Impotenz, Immunsystem, Wut, Yin\/Yang, Kommunikation, Konzentration, Haut, Blut, Blutsystem, Nieren, Logik, Liebe, Blase, Gelassenheit, St\u00e4rke, Motivation, negative Energie, negative Gedanken, Unabh\u00e4ngigkeit, Gefahr, Alptr\u00e4ume, Schwangerschaft, F\u00fclle, Augen, Entschlossenheit, Widerstandsf\u00e4higkeit, Raucherentw\u00f6hnung, Infektionen, Optimismus, Erfrierungen, Schwellungen, Blutgef\u00e4\u00dfe, Insektenstiche, Fruchtbarkeit, Unterk\u00fchlung, Mut, Verdauung, Erdung, Gleichgewicht, Entgiftung, Selbstanalyse, Selbstvertrauen, schlechte Gewohnheiten, schlechtes H\u00f6ren, Schlaf, Herz, Gl\u00fcck, Stabilit\u00e4t, \u00c4ngste, Stress, Trauma, Gelassenheit, M\u00fcdigkeit, Sicherheit, Hitze, Ausdauer, Schutz, Wahrnehmung, senkt den Blutdruck, Reife, Loyalit\u00e4t, Magen, Nervensystem, Gallensteine...<\/li>\n<\/ul>\n\n\n\n<ul class=\"wp-block-list\">\n<li><a href=\"https:\/\/moirai.si\/de\/produktkategorie-2\/kauf-nach-steinen\/achat\/\" target=\"_blank\" rel=\"noopener noreferrer\"><span style=\"color: #800080;\"><strong>Das Auge des Achats <\/strong><\/span><\/a>verbessert den Energiefluss im gesamten K\u00f6rper und regt Regenerationsprozesse an. Es hilft uns, unserem Ziel n\u00e4her zu kommen und es schneller zu erreichen. Es verleiht uns Entschlossenheit.<\/li>\n<\/ul>\n\n\n\n<ul class=\"wp-block-list\">\n<li><a href=\"https:\/\/moirai.si\/de\/produktkategorie-2\/kauf-nach-steinen\/achat\/\"><span style=\"color: #800080;\"><strong>Botswana Achat <\/strong><\/span><\/a>beseitigt schlechte Angewohnheiten. Traditionell wird er verwendet, um die Aufmerksamkeit f\u00fcr Details zu erhalten. Er absorbiert negative Energie sehr gut und ist ein ausgezeichnetes Entgiftungsmittel.<\/li>\n<\/ul>\n\n\n\n<ul class=\"wp-block-list\">\n<li><a href=\"https:\/\/moirai.si\/de\/produktkategorie-2\/kauf-nach-steinen\/achat\/\"><span style=\"color: #800080;\"><strong>Dendrit Achat <\/strong><\/span><\/a>st\u00e4rkt das Selbstvertrauen, den inneren Frieden und das Durchhalteverm\u00f6gen. Es hilft uns, uns unserer inneren St\u00e4rke bewusst zu werden. Er st\u00e4rkt den Energiefluss im K\u00f6rper. Er ist ein ausgezeichneter Talisman f\u00fcr die Meditation und verschiedene Therapien. Er ist f\u00fcr Schwangere und frischgebackene M\u00fctter sehr empfehlenswert, da er eine starke Unterst\u00fctzung bietet.<\/li>\n<\/ul>\n\n\n\n<ul class=\"wp-block-list\">\n<li><a href=\"https:\/\/moirai.si\/de\/produktkategorie-2\/kauf-nach-steinen\/achat\/\"><span style=\"color: #800080;\"><strong>Baumachat <\/strong><\/span><\/a>hilft bei Unterk\u00fchlung und Frostbeulen. Es sch\u00fctzt uns vor Infektionen und gibt uns Mut. Es ist gut f\u00fcr die Nieren und die Blase. Er st\u00e4rkt das Herz und gibt uns neue Motivation. Er senkt den Blutdruck und ist gut f\u00fcr das Nerven- und Kreislaufsystem. St\u00e4rkt das nat\u00fcrliche Immunsystem des K\u00f6rpers.<\/li>\n<\/ul>\n\n\n\n<ul class=\"wp-block-list\">\n<li><a href=\"https:\/\/moirai.si\/de\/produktkategorie-2\/kauf-nach-steinen\/achat\/\"><span style=\"color: #800080;\"><strong>Fossil Achat <\/strong><\/span><\/a>oder Turitela (Turritella) Achat enth\u00e4lt Fossilien von kleinen Schnecken und Muscheln. Er gleicht die Energie von Yin und Yang aus und erh\u00f6ht unsere Energie. Fossiler Achat: analytische F\u00e4higkeiten, Schmerz, Wundsein, Epilepsie, Phobien, Kommunikation, Konzentration, Haut, Liebe, negative Gedanken, Gefahr, Schwellung, Vaskularit\u00e4t, Fruchtbarkeit, Verdauung, Gleichgewicht, Selbstanalyse, Selbstvertrauen, Schlaf, Herz, Stabilit\u00e4t, \u00c4ngste, Trauma, Ruhe, M\u00fcdigkeit, Sicherheit, W\u00e4rme, Schutz, Wahrnehmung, Reife, Loyalit\u00e4t, Gallensteine, etc.<\/li>\n<\/ul>\n\n\n\n<ul class=\"wp-block-list\">\n<li><a href=\"https:\/\/moirai.si\/de\/produktkategorie-2\/kauf-nach-steinen\/achat\/\"><span style=\"color: #800080;\"><strong>Schlangenachat <\/strong><\/span><\/a>symbolisiert Unabh\u00e4ngigkeit und Ehrgeiz. Er wird Gl\u00fcck, Freude und Gesundheit in unser Leben bringen. Er f\u00f6rdert ein langes Leben und bringt uns Frieden und Harmonie. Er wird f\u00fcr Menschen empfohlen, die Probleme mit ihrem Geh\u00f6r und ihrem Magen haben.<\/li>\n<\/ul>\n\n\n\n<ul class=\"wp-block-list\">\n<li><a href=\"https:\/\/moirai.si\/de\/produktkategorie-2\/kauf-nach-steinen\/achat\/\"><span style=\"color: #800080;\"><strong>Moosiger Achat <\/strong><\/span><\/a>ist der Stein des Reichtums\/Wohlstandes, da er \u00dcberfluss anzieht und uns Optimismus verleiht. Er lindert Leiden und beseitigt Blockaden. Er verbessert das Selbstvertrauen, beseitigt Angst und Stress. Er ist der Stein des Neubeginns, des Gl\u00fccks und des Schutzes. Er hilft bei der Geburt eines Kindes. Er eignet sich f\u00fcr diejenigen, die das Rauchen aufgeben wollen.<\/li>\n<\/ul>\n\n\n\n<ul class=\"wp-block-list\">\n<li><a href=\"https:\/\/moirai.si\/de\/produktkategorie-2\/kauf-nach-steinen\/achat\/\"><span style=\"color: #800080;\"><strong>Feuriger Achat<\/strong><\/span> <\/a>bietet uns eine starke Erdung und Unterst\u00fctzung in schwierigen Momenten. Er hat eine starke Wirkung auf die inneren Zellen des K\u00f6rpers. Er wird als Sexstein verwendet, da er Impotenz und Frigidit\u00e4t vorbeugt. Er sch\u00fctzt uns vor starken Stimmungsschwankungen und Wutausbr\u00fcchen.<\/li>\n<\/ul>\n\n\n\n<ul class=\"wp-block-list\">\n<li><a href=\"https:\/\/moirai.si\/de\/produktkategorie-2\/kauf-nach-steinen\/achat\/\"><span style=\"color: #800080;\"><strong>Brauner Achat <\/strong><\/span><\/a>lindert den Schmerz von Insektenstichen und st\u00e4rkt das Blut. Es macht uns immun gegen \u00e4u\u00dfere Einfl\u00fcsse.<\/li>\n<\/ul>\n\n\n\n<ul class=\"wp-block-list\">\n<li><a href=\"https:\/\/moirai.si\/de\/produktkategorie-2\/kauf-nach-steinen\/achat\/\"><span style=\"color: #800080;\"><strong>Grauer Achat <\/strong><\/span><\/a>hilft uns bei der Heilung der Augen, der D\u00e4rme und der Blase. Es wird zum Schutz verwendet. Er ist gut f\u00fcr die Heilung der Augen. Er st\u00e4rkt die Blase und den Darm und reinigt den K\u00f6rper von Giftstoffen. Er hilft bei Depressionen und f\u00f6rdert Mut und Initiative, gleicht Logik und Intuition aus und st\u00e4rkt das Selbstvertrauen.  Bewahrt Vitalit\u00e4t, Gesundheit, Energie, jugendliches Aussehen und Langlebigkeit.<\/li>\n<\/ul>\n\n\n\n<div class=\"wp-block-button aligncenter is-style-fill\"><a class=\"wp-block-button__link has-text-color has-background wp-element-button\" href=\"https:\/\/moirai.si\/de\/produktkategorie-2\/kauf-nach-steinen\/achat\/\" style=\"color:#2d2c2c;background-color:#ddc942\">Shop Achat<\/a><\/div>\n\n\n<div class=\"wp-block-image wp-block-image alignleft is-resized\">\n<figure ><img loading=\"lazy\" decoding=\"async\" width=\"500\" height=\"500\" src=\"https:\/\/moirai.si\/wp-content\/uploads\/2019\/09\/\u010dakra.jpg\" alt=\"\" class=\"wp-image-14534\" style=\"object-fit:cover;width:125px;height:125px\" srcset=\"https:\/\/moirai.si\/wp-content\/uploads\/2019\/09\/\u010dakra.jpg 500w, https:\/\/moirai.si\/wp-content\/uploads\/2019\/09\/\u010dakra-100x100.jpg 100w\" sizes=\"auto, (max-width: 500px) 100vw, 500px\" \/><\/figure>\n<\/div>\n\n\n<ul class=\"wp-block-list\">\n<li><a href=\"https:\/\/moirai.si\/de\/kakra\/\">Chakra<\/a><\/li>\n<\/ul>\n\n\n\n<p class=\"has-small-font-size\">** Die heilenden und metaphysischen Eigenschaften der aufgelisteten Steine wurden aus verschiedenen Quellen zusammengetragen. Die Informationen werden nur als Serviceleistung und nicht zur Behandlung von Krankheiten bereitgestellt. Moirai \u00fcbernimmt keine Garantie f\u00fcr die volle G\u00fcltigkeit der bereitgestellten Informationen.<\/p>\n\n\n\n<h3 class=\"wp-block-heading\"><span style=\"color: #800080;\"><strong>Merkmale des Minerals<\/strong><\/span><\/h3>\n\n\n\n<figure class=\"wp-block-table is-style-regular\"><table><tbody><tr><td><h3>Chemische Zusammensetzung:<\/h3><\/td><td><h3>SiO<sub>2<\/sub><\/h3><\/td><\/tr><tr><td><h3>Farbe:<\/h3><\/td><td><h3>grau, braun, hellgrau, wei\u00dfe Schichten<\/h3><\/td><\/tr><tr><td><h3>H\u00e4rte (Mohs):<\/h3><\/td><td><h3>6.5-7<\/h3><\/td><\/tr><tr><td><h3>Die Dichte:<\/h3><\/td><td><h3>2.58-2.65<\/h3><\/td><\/tr><tr><td><h3>Brechungsindex:<\/h3><\/td><td><h3>1.530-1.540<\/h3><\/td><\/tr><\/tbody><\/table><\/figure>\n\n\n\n<h3 class=\"wp-block-heading has-text-align-left\"><span style=\"color: #800080;\"><strong>Herkunft und Quellen des Minerals<\/strong><\/span><\/h3>\n\n\n<div class=\"wp-block-image\">\n<figure class=\"alignleft is-resized\"><img loading=\"lazy\" decoding=\"async\" width=\"189\" height=\"104\" src=\"https:\/\/moirai.si\/wp-content\/uploads\/2019\/09\/svet.jpg\" alt=\"\" class=\"wp-image-14535\" style=\"width:125px\"\/><\/figure>\n<\/div>\n\n\n<ul class=\"wp-block-list\">\n<li>\u00c4gypten, Argentinien, Australien, Botsuana, Brasilien, Deutschland, Indien, Madagaskar, Mexiko, Myanmar, Uruguay, USA...<\/li>\n<\/ul>\n\n\n\n<p><\/p>\n\n\n\n<h3 class=\"wp-block-heading\"><span style=\"color: #800080;\"><strong>Pflege<\/strong><\/span><\/h3>\n\n\n\n<ul class=\"wp-block-list\">\n<li>Da es sich bei Achat um Quarz handelt, muss man bei der Reinigung darauf achten, nichts H\u00e4rteres als Quarz zu verwenden. Der Stein wird einfach mit lauwarmer Seifenlauge und einer weichen B\u00fcrste gereinigt. Wie bei den meisten Steinen und Schmuckst\u00fccken ist die Verwendung von Haushaltschemikalien zur Reinigung nicht zu empfehlen. Extreme Hitze kann dem Achat dauerhaften Schaden zuf\u00fcgen.<\/li>\n\n\n\n<li>Am besten bewahren Sie Steinschmuck und die Steine selbst in einer mit Stoff bezogenen Schatulle oder in einem Tuch eingewickelt getrennt von den anderen auf, um Sch\u00e4den und m\u00f6gliche Kratzer zu vermeiden. Es ist ratsam, Schmuck nicht bei gr\u00f6\u00dferen k\u00f6rperlichen Aktivit\u00e4ten wie Bewegung oder Sport zu tragen. Vermeiden Sie es, Parf\u00fcm und Haarspray direkt auf Ihren Schmuck und Ihre Steine zu spr\u00fchen.<\/li>\n<\/ul>\n\n\n\n<div class=\"wp-block-button aligncenter is-style-fill\"><a class=\"wp-block-button__link has-text-color has-background wp-element-button\" href=\"https:\/\/moirai.si\/de\/produktkategorie-2\/kauf-nach-steinen\/achat\/\" style=\"color:#2d2c2c;background-color:#ddc942\">Shop Achat<\/a><\/div>\n\n\n\n<ul class=\"wp-block-list\">\n<li>F\u00fcr <strong><span style=\"color: #800080;\">10<\/span>%<\/strong> Verwenden Sie den Code, um beim Online-Kauf einen Rabatt zu erhalten: <span style=\"color: #800080;\"><strong>moirai26 <\/strong><\/span>(koda je veljavna do 31.12.2026)!<\/li>\n<\/ul>\n\n\n\n<h3 class=\"wp-block-heading\"><span style=\"color: #800080;\"><strong>Horoskop<\/strong><\/span><\/h3>\n\n\n\n<h3 class=\"wp-block-heading\"><figure><img loading=\"lazy\" decoding=\"async\" class=\"wp-image-14536 alignleft\" src=\"https:\/\/moirai.si\/wp-content\/uploads\/2019\/09\/horoskop.jpg\" alt=\"\" width=\"90\" height=\"87\"\/><\/figure><\/h3>\n\n\n\n<ul class=\"wp-block-list\">\n<li>Zwillinge, Jungfrau, Wassermann, Stier, Steinbock<\/li>\n<\/ul>","protected":false},"excerpt":{"rendered":"<p>Zgodovina&nbsp;&nbsp;&nbsp;&nbsp;&nbsp;&nbsp;&nbsp;&nbsp;&nbsp;&nbsp;&nbsp;&nbsp;&nbsp;&nbsp;&nbsp;&nbsp;&nbsp;&nbsp;&nbsp;&nbsp;&nbsp;&nbsp;&nbsp;&nbsp;&nbsp;&nbsp;&nbsp;&nbsp;&nbsp;&nbsp;&nbsp;&nbsp;&nbsp;&nbsp;&nbsp;&nbsp;&nbsp;&nbsp;&nbsp;&nbsp;&nbsp;&nbsp;&nbsp;&nbsp;&nbsp;&nbsp;&nbsp;&nbsp;&nbsp;&nbsp;&nbsp;&nbsp;&nbsp;&nbsp;&nbsp;&nbsp;&nbsp;&nbsp;&nbsp;&nbsp;&nbsp;&nbsp;&nbsp;&nbsp;&nbsp;&nbsp; Zdravilno * Metafizi\u010dne lastnosti ** Navedene zdravilne in metafizi\u010dne lastnosti kamnov so zbrane iz ve\u010d razli\u010dnih virov. Informacije so na voljo le kot storitev in ne za zdravljenje bolezni. Moirai ne jam\u010di popolne veljavnosti navedenega. Zna\u010dilnosti minerala Kemijska sestava: SiO2 Barva: siva, rjava, svetlo siva, bele plasti Trdota (Mohs): 6.5-7 Gostota: 2.58-2.65 Lomni koli\u010dnik: [&hellip;]<\/p>\n","protected":false},"author":1,"featured_media":0,"parent":0,"menu_order":0,"comment_status":"closed","ping_status":"open","template":"template-products-page.php","meta":{"footnotes":""},"class_list":["post-4082","page","type-page","status-publish","hentry"],"_links":{"self":[{"href":"https:\/\/moirai.si\/de\/wp-json\/wp\/v2\/pages\/4082","targetHints":{"allow":["GET"]}}],"collection":[{"href":"https:\/\/moirai.si\/de\/wp-json\/wp\/v2\/pages"}],"about":[{"href":"https:\/\/moirai.si\/de\/wp-json\/wp\/v2\/types\/page"}],"author":[{"embeddable":true,"href":"https:\/\/moirai.si\/de\/wp-json\/wp\/v2\/users\/1"}],"replies":[{"embeddable":true,"href":"https:\/\/moirai.si\/de\/wp-json\/wp\/v2\/comments?post=4082"}],"version-history":[{"count":43,"href":"https:\/\/moirai.si\/de\/wp-json\/wp\/v2\/pages\/4082\/revisions"}],"predecessor-version":[{"id":27195,"href":"https:\/\/moirai.si\/de\/wp-json\/wp\/v2\/pages\/4082\/revisions\/27195"}],"wp:attachment":[{"href":"https:\/\/moirai.si\/de\/wp-json\/wp\/v2\/media?parent=4082"}],"curies":[{"name":"wp","href":"https:\/\/api.w.org\/{rel}","templated":true}]}}