{"id":4119,"date":"2015-12-05T21:14:56","date_gmt":"2015-12-05T21:14:56","guid":{"rendered":"http:\/\/moirai.si\/?page_id=4119"},"modified":"2026-01-02T13:40:45","modified_gmt":"2026-01-02T13:40:45","slug":"aquamarin","status":"publish","type":"page","link":"https:\/\/moirai.si\/de\/akvamarin\/","title":{"rendered":"Aquamarin"},"content":{"rendered":"<div class=\"wp-block-button aligncenter\"><a class=\"wp-block-button__link has-text-color has-background wp-element-button\" href=\"https:\/\/moirai.si\/de\/produktkategorie-2\/kauf-nach-steinen\/aquamarin\/\" style=\"color:#2d2c2c;background-color:#ddc942\" target=\"_blank\" rel=\"noreferrer noopener\">Shop Aquamarin<\/a><\/div>\n\n\n\n<h3 class=\"wp-block-heading\"><span style=\"color: #800080;\"><strong>Geschichte<\/strong><\/span><\/h3>\n\n\n<div class=\"wp-block-image wp-block-image alignright size-thumbnail is-resized\">\n<figure ><img decoding=\"async\" src=\"https:\/\/moirai.si\/wp-content\/uploads\/2020\/01\/akva-500x500.jpg\" alt=\"\" class=\"wp-image-15656\" style=\"object-fit:cover;width:125px;height:125px\"\/><\/figure>\n<\/div>\n\n\n<ul class=\"wp-block-list\">\n<li>Der Name Aquamarin leitet sich vom lateinischen Wort f\u00fcr \"Meerwasser\" ab und ist eine blau-gr\u00fcne Beryllart. Der wertvollste Aquamarin hat eine tiefblaue Farbe. Aquamarine werden in der Regel w\u00e4rmebehandelt, um die gelben Farbt\u00f6ne zu entfernen. Dieser Prozess bringt die hellblauen Farben deutlicher zum Vorschein. Die nat\u00fcrlichen blauen und gr\u00fcnen Farben des Aquamarins sind auf zweiwertige Eisen- und Metallionen zur\u00fcckzuf\u00fchren.<\/li>\n<\/ul>\n\n\n\n<h3 class=\"wp-block-heading\"><span style=\"color: #800080;\"><strong>Medizinische * Metaphysische Eigenschaften<\/strong><\/span><\/h3>\n\n\n\n<ul class=\"wp-block-list\">\n<li>Aura, Lymphknoten, geistiges Wachstum, Kopfschmerzen, Hals, Hormone, Herzinfarkt, Intuition, Haut, Blut, Blutkreislauf, Liebe, Frieden, Augen, Mut, Stoffwechsel, Gleichgewicht, Ordnung, Vertrauen, Herz, Gl\u00fcck, Stress, Schilddr\u00fcse, Freude, Vitalit\u00e4t, Zahnschmerzen, Nerven...<\/li>\n<\/ul>\n\n\n\n<div class=\"wp-block-button aligncenter\"><a class=\"wp-block-button__link has-text-color has-background wp-element-button\" href=\"https:\/\/moirai.si\/de\/produktkategorie-2\/kauf-nach-steinen\/aquamarin\/\" style=\"color:#2d2c2c;background-color:#ddc942\" target=\"_blank\" rel=\"noreferrer noopener\">Shop Aquamarin<\/a><\/div>\n\n\n\n<p><a href=\"https:\/\/moirai.si\/de\/kakra\/\">Chakra<\/a><\/p>\n\n\n<div class=\"wp-block-image wp-block-image alignleft size-thumbnail is-resized\">\n<figure ><img decoding=\"async\" src=\"https:\/\/moirai.si\/wp-content\/uploads\/2020\/01\/\u010dakra-500x500.jpg\" alt=\"\" class=\"wp-image-15609\" style=\"object-fit:cover;width:125px;height:125px\"\/><\/figure>\n<\/div>\n\n\n<p><\/p>\n\n\n\n<p class=\"has-text-align-left has-small-font-size\">** Die heilenden und metaphysischen Eigenschaften der aufgelisteten Steine wurden aus verschiedenen Quellen zusammengetragen. Die Informationen werden nur als Service und nicht f\u00fcr die Behandlung von Krankheiten zur Verf\u00fcgung gestellt. Moirai.si \u00fcbernimmt keine Garantie f\u00fcr die volle G\u00fcltigkeit der bereitgestellten Informationen.<\/p>\n\n\n\n<p><\/p>\n\n\n\n<p><\/p>\n\n\n\n<h3 class=\"wp-block-heading\"><span style=\"color: #800080;\"><strong>Merkmale des Minerals<\/strong><\/span><\/h3>\n\n\n\n<figure class=\"wp-block-table\"><table><tbody><tr><td>Chemische Zusammensetzung<\/td><td>Siehe auch<sub>3<\/sub>Al<sub>2<\/sub>(SiO<sub>3<\/sub>)<sub>6<\/sub><\/td><\/tr><tr><td>Farbe<\/td><td>gr\u00fcn, blau, gr\u00fcn-blau, transparent<\/td><\/tr><tr><td>H\u00e4rte (Mohs)<\/td><td>7.5- 8<\/td><\/tr><tr><td>Dichte<\/td><td>2.67-2.71<\/td><\/tr><tr><td>Brechungsindex<\/td><td>1.577-1.583<\/td><\/tr><tr><td>System Kristall<\/td><td>Sechseckig<\/td><\/tr><\/tbody><\/table><\/figure>\n\n\n\n<h3 class=\"wp-block-heading\"><span style=\"color: #800080;\"><strong>Herkunft und Quellen des Minerals<\/strong><\/span><\/h3>\n\n\n<div class=\"wp-block-image wp-block-image alignleft size-large is-resized\">\n<figure ><img loading=\"lazy\" decoding=\"async\" width=\"189\" height=\"104\" src=\"https:\/\/moirai.si\/wp-content\/uploads\/2020\/01\/svet.jpg\" alt=\"\" class=\"wp-image-15658\" style=\"width:125px\"\/><\/figure>\n<\/div>\n\n\n<ul class=\"wp-block-list\">\n<li>Nigeria, Madagaskar, Sambia, Pakistan, Mosambik, Brasilien, Australien, Myanmar (Burma), China, Kenia, Namibia, Simbabwe, USA...<\/li>\n\n\n\n<li><\/li>\n<\/ul>\n\n\n\n<h3 class=\"wp-block-heading\"><span style=\"color: #800080;\"><strong>Pflege<\/strong><\/span><\/h3>\n\n\n\n<ul class=\"wp-block-list\">\n<li>Obwohl der Aquamarin ein harter Stein ist (7,5-8 auf der Mohsh\u00e4rteskala), k\u00f6nnen seine nat\u00fcrlichen Einschl\u00fcsse bei extremen Temperaturen oder starken St\u00f6\u00dfen Risse verursachen. L\u00e4ngerer Kontakt mit direktem Sonnenlicht kann die Farbe verblassen lassen. Er sollte mit lauwarmem Seifenwasser und einer weichen B\u00fcrste gereinigt werden.<\/li>\n\n\n\n<li>Am besten bewahren Sie Steinschmuck und die Steine selbst in einer mit Stoff bezogenen Schatulle oder in einem Tuch eingewickelt getrennt von den anderen auf, um Sch\u00e4den und m\u00f6gliche Kratzer zu vermeiden. Es ist ratsam, Schmuck nicht bei gr\u00f6\u00dferen k\u00f6rperlichen Aktivit\u00e4ten wie Bewegung oder Sport zu tragen. Vermeiden Sie es, Parf\u00fcm und Haarspray direkt auf Ihren Schmuck und Ihre Steine zu spr\u00fchen.<\/li>\n<\/ul>\n\n\n\n<div class=\"wp-block-button aligncenter\"><a class=\"wp-block-button__link has-text-color has-background wp-element-button\" href=\"https:\/\/moirai.si\/de\/produktkategorie-2\/kauf-nach-steinen\/aquamarin\/\" style=\"color:#2d2c2c;background-color:#ddc942\" target=\"_blank\" rel=\"noreferrer noopener\">Shop Aquamarin<\/a><\/div>\n\n\n\n<ul class=\"wp-block-list\">\n<li>F\u00fcr <strong><span style=\"color: #800080;\">10<\/span>%<\/strong> Verwenden Sie den Code, um beim Online-Kauf einen Rabatt zu erhalten: <span style=\"color: #800080;\"><strong>moirai26 <\/strong><\/span>(koda je veljavna do 31.12.2026)!<\/li>\n<\/ul>\n\n\n\n<h3 class=\"wp-block-heading\"><span style=\"color: #800080;\"><strong>Horoskop<\/strong><\/span><\/h3>\n\n\n<div class=\"wp-block-image\">\n<figure class=\"alignleft size-large is-resized\"><img loading=\"lazy\" decoding=\"async\" width=\"116\" height=\"111\" src=\"https:\/\/moirai.si\/wp-content\/uploads\/2020\/01\/horoskop.jpg\" alt=\"\" class=\"wp-image-15659\" style=\"width:116px;height:111px\"\/><\/figure>\n<\/div>\n\n\n<ul class=\"wp-block-list\">\n<li>Zwillinge, Fische, Widder, Skorpion, Wassermann<\/li>\n<\/ul>","protected":false},"excerpt":{"rendered":"<p>Zgodovina Zdravilno * Metafizi\u010dne lastnosti \u010cakra ** Navedene zdravilne in metafizi\u010dne lastnosti kamnov so zbrane iz ve\u010d razli\u010dnih virov. Informacije so na voljo le kot storitev in ne za zdravljenje bolezni. Moirai.si ne jam\u010di popolne veljavnosti navedenega. Zna\u010dilnosti minerala Kemijska sestava Be3Al2(SiO3)6 Barva zelena, modra, zeleno-modra, prosojna Trdota (Mohs) 7.5- 8 Gostota 2.67-2.71 Lomni koli\u010dnik [&hellip;]<\/p>\n","protected":false},"author":1,"featured_media":0,"parent":0,"menu_order":0,"comment_status":"closed","ping_status":"closed","template":"template-products-page.php","meta":{"footnotes":""},"class_list":["post-4119","page","type-page","status-publish","hentry"],"_links":{"self":[{"href":"https:\/\/moirai.si\/de\/wp-json\/wp\/v2\/pages\/4119","targetHints":{"allow":["GET"]}}],"collection":[{"href":"https:\/\/moirai.si\/de\/wp-json\/wp\/v2\/pages"}],"about":[{"href":"https:\/\/moirai.si\/de\/wp-json\/wp\/v2\/types\/page"}],"author":[{"embeddable":true,"href":"https:\/\/moirai.si\/de\/wp-json\/wp\/v2\/users\/1"}],"replies":[{"embeddable":true,"href":"https:\/\/moirai.si\/de\/wp-json\/wp\/v2\/comments?post=4119"}],"version-history":[{"count":17,"href":"https:\/\/moirai.si\/de\/wp-json\/wp\/v2\/pages\/4119\/revisions"}],"predecessor-version":[{"id":27194,"href":"https:\/\/moirai.si\/de\/wp-json\/wp\/v2\/pages\/4119\/revisions\/27194"}],"wp:attachment":[{"href":"https:\/\/moirai.si\/de\/wp-json\/wp\/v2\/media?parent=4119"}],"curies":[{"name":"wp","href":"https:\/\/api.w.org\/{rel}","templated":true}]}}