{"id":4161,"date":"2015-12-07T15:25:27","date_gmt":"2015-12-07T15:25:27","guid":{"rendered":"http:\/\/moirai.si\/?page_id=4161"},"modified":"2026-01-02T13:39:57","modified_gmt":"2026-01-02T13:39:57","slug":"amethyst-2","status":"publish","type":"page","link":"https:\/\/moirai.si\/de\/ametist\/","title":{"rendered":"Amethyst"},"content":{"rendered":"<div class=\"wp-block-button aligncenter\"><a class=\"wp-block-button__link has-text-color has-background wp-element-button\" href=\"https:\/\/moirai.si\/de\/produktkategorie-2\/kauf-nach-steinen\/amethyst-2\/\" style=\"color:#2d2c2c;background-color:#ddc942\" target=\"_blank\" rel=\"noreferrer noopener\">Shop Amethyst<\/a><\/div>\n\n\n\n<h3 class=\"wp-block-heading\"><span style=\"color: #800080;\"><strong>Geschichte<\/strong><\/span><\/h3>\n\n\n<div class=\"wp-block-image is-resized\">\n<figure class=\"alignright size-thumbnail\"><img loading=\"lazy\" decoding=\"async\" width=\"500\" height=\"500\" src=\"https:\/\/moirai.si\/wp-content\/uploads\/2020\/01\/ametist-500x500.jpg\" alt=\"\" class=\"wp-image-15666\" style=\"object-fit:cover;width:125px;height:125px\" srcset=\"https:\/\/moirai.si\/wp-content\/uploads\/2020\/01\/ametist-500x500.jpg 500w, https:\/\/moirai.si\/wp-content\/uploads\/2020\/01\/ametist-100x100.jpg 100w, https:\/\/moirai.si\/wp-content\/uploads\/2020\/01\/ametist-501x501.jpg 501w, https:\/\/moirai.si\/wp-content\/uploads\/2020\/01\/ametist.jpg 566w\" sizes=\"auto, (max-width: 500px) 100vw, 500px\" \/><\/figure>\n<\/div>\n\n\n<ul class=\"wp-block-list\">\n<li>Der Amethyst ist einer der wertvollsten Steine der Quarzgruppe (Mineraliengruppe) und geh\u00f6rt zum makrokristallinen Zweig des Quarzes. Amethystkristalle wachsen auf der Innenseite von Achat-Geoden, die bis zu mehreren Zentimetern gro\u00df werden k\u00f6nnen. Geoden, die Amethyst enthalten, erreichen oft eine H\u00f6he von mehreren Metern. Seine pr\u00e4chtige Farbe, die von tiefem Purpur bis zu blassem Grauviolett reicht, ist abh\u00e4ngig von der Anwesenheit von Aluminium, Mangan und Eisen. Amethyst kann auch r\u00f6tlich-violett oder gelb-violett erscheinen (je nach der Kombination von Mineralien im Quarz).<\/li>\n\n\n\n<li><span style=\"color: #800080;\">Synonyme, alte Namen, Handelsnamen:<\/span> Madeira Topas, Prasiolith...<\/li>\n<\/ul>\n\n\n\n<h3 class=\"wp-block-heading\"><span style=\"color: #800080;\"><strong>Medizinische * Metaphysische Eigenschaften<\/strong><\/span><\/h3>\n\n\n\n<ul class=\"wp-block-list\">\n<li><span style=\"color: #800080;\"><strong>Lila Amethyst<\/strong><\/span> - Alkoholismus, Asthma, Darm, Zirbeldr\u00fcse, Epilepsie, Kopfschmerzen, Unterleibsst\u00f6rungen, Hypophyse, R\u00fccken, Intelligenz, Intuition, Haut, Haare, Migr\u00e4ne, Gelassenheit, Schlaflosigkeit, Schwellungen, Lunge, Verletzungen, psychosomatische St\u00f6rungen, Selbstvertrauen, Schw\u00e4che, Zuckerungleichgewicht, Ruhe, Angst, Schlaganfall, b\u00f6se Gedanken, Nervensystem...<\/li>\n\n\n\n<li><strong><span style=\"color: #800080;\">Gr\u00fcner Amethyst (Prasiolith)<\/span><\/strong> - Toxine, Tumor, Geschw\u00fcre, Wachstum, Blockaden, Magens\u00e4ure, Wohlstand, Reichtum, materielle G\u00fcter, \u00dcberfluss, Gl\u00fcck, Motivation, negative Energie, Selbstvertrauen, Sorgen, Herz, Gl\u00fcck, Freude, Mitgef\u00fchl...<\/li>\n\n\n\n<li>Der Amethyst wird zur St\u00e4rkung des Immunsystems verwendet. Er st\u00e4rkt die Organfunktion, reinigt das Blut und kann zur Schmerzlinderung eingesetzt werden.  Er eignet sich gut als Erg\u00e4nzungskristall zu anderen spezifischen Kristallen zur \"Heilung\" von Krebs.&nbsp;<\/li>\n<\/ul>\n\n\n\n<div class=\"wp-block-button aligncenter\"><a class=\"wp-block-button__link has-text-color has-background wp-element-button\" href=\"https:\/\/moirai.si\/de\/produktkategorie-2\/kauf-nach-steinen\/amethyst-2\/\" style=\"color:#2d2c2c;background-color:#ddc942\" target=\"_blank\" rel=\"noreferrer noopener\">Shop Amethyst<\/a><\/div>\n\n\n\n<p><a href=\"https:\/\/moirai.si\/de\/kakra\/\">Chakra<\/a><\/p>\n\n\n<div class=\"wp-block-image is-resized\">\n<figure class=\"alignleft size-thumbnail\"><img decoding=\"async\" src=\"https:\/\/moirai.si\/wp-content\/uploads\/2020\/01\/\u010dakra-500x500.jpg\" alt=\"\" class=\"wp-image-15609\" style=\"object-fit:cover;width:125px;height:125px\"\/><\/figure>\n<\/div>\n\n\n<p class=\"has-small-font-size\">** Die heilenden und metaphysischen Eigenschaften der aufgelisteten Steine wurden aus verschiedenen Quellen zusammengetragen. Die Informationen werden nur als Service und nicht f\u00fcr die Behandlung von Krankheiten zur Verf\u00fcgung gestellt. Moirai.si \u00fcbernimmt keine Garantie f\u00fcr die volle G\u00fcltigkeit der bereitgestellten Informationen.<\/p>\n\n\n\n<h3 class=\"wp-block-heading\"><span style=\"color: #800080;\"><strong>Merkmale des Minerals<\/strong><\/span><\/h3>\n\n\n\n<figure class=\"wp-block-table\"><table><tbody><tr><td>Chemische Zusammensetzung<\/td><td>SiO<sub>2<\/sub><\/td><\/tr><tr><td>Farbe<\/td><td>violett (fliederfarben), violett-rot<\/td><\/tr><tr><td>H\u00e4rte (Mohs)<\/td><td>7<\/td><\/tr><tr><td>Dichte<\/td><td>2.65<\/td><\/tr><tr><td>Brechungsindex<\/td><td>1.543-1.554<\/td><\/tr><tr><td>System Kristall<\/td><td>Trigonal<\/td><\/tr><\/tbody><\/table><\/figure>\n\n\n\n<h3 class=\"wp-block-heading\"><span style=\"color: #800080;\"><strong>Herkunft und Quellen des Minerals<\/strong><\/span><\/h3>\n\n\n<div class=\"wp-block-image is-resized\">\n<figure class=\"alignleft size-large\"><img loading=\"lazy\" decoding=\"async\" width=\"189\" height=\"104\" src=\"https:\/\/moirai.si\/wp-content\/uploads\/2020\/01\/svet.jpg\" alt=\"\" class=\"wp-image-15658\" style=\"width:125px\"\/><\/figure>\n<\/div>\n\n\n<ul class=\"wp-block-list\">\n<li>Brasilien, Sri Lanka, Indien, Uruguay, Madagaskar, Deutschland, Australien, Mexiko, Afrika, Russland, USA...<\/li>\n<\/ul>\n\n\n\n<h3 class=\"wp-block-heading\"><span style=\"color: #800080;\"><strong>Pflege<\/strong><\/span><\/h3>\n\n\n\n<ul class=\"wp-block-list\">\n<li>Dieser Stein ist recht hart und widerstandsf\u00e4hig und kann daher mit einem Dampfstrahler und einem Ultraschallreiniger gereinigt werden. Amethyst kann leicht mit warmem Wasser und milder Seife gereinigt werden. Wischen Sie ihn mit einem weichen Tuch ab. Vermeiden Sie l\u00e4ngere Hitzeeinwirkung, da sie den Amethysten dauerhaft sch\u00e4digen kann.<\/li>\n\n\n\n<li>Am besten bewahren Sie Steinschmuck und die Steine selbst in einer mit Stoff bezogenen Schatulle oder in einem Tuch eingewickelt getrennt von den anderen auf, um Sch\u00e4den und m\u00f6gliche Kratzer zu vermeiden. Es ist ratsam, Schmuck nicht bei gr\u00f6\u00dferen k\u00f6rperlichen Aktivit\u00e4ten wie Bewegung oder Sport zu tragen. Vermeiden Sie es, Parf\u00fcm und Haarspray direkt auf Ihren Schmuck und Ihre Steine zu spr\u00fchen.<\/li>\n<\/ul>\n\n\n\n<div class=\"wp-block-button aligncenter\"><a class=\"wp-block-button__link has-text-color has-background wp-element-button\" href=\"https:\/\/moirai.si\/de\/produktkategorie-2\/kauf-nach-steinen\/amethyst-2\/\" style=\"color:#2d2c2c;background-color:#ddc942\" target=\"_blank\" rel=\"noreferrer noopener\">Shop Amethyst<\/a><\/div>\n\n\n\n<p class=\"has-text-align-center\">F\u00fcr <strong><span style=\"color: #800080;\">10<\/span>%<\/strong> Verwenden Sie den Code, um beim Online-Kauf einen Rabatt zu erhalten: <span style=\"color: #800080;\"><strong>moirai26 <\/strong><\/span>(koda je veljavna do 31.12.2026)!<\/p>\n\n\n\n<h3 class=\"wp-block-heading\"><span style=\"color: #800080;\"><strong>Horoskop<\/strong><\/span><\/h3>\n\n\n<div class=\"wp-block-image\">\n<figure class=\"alignleft size-large\"><img loading=\"lazy\" decoding=\"async\" width=\"116\" height=\"111\" src=\"https:\/\/moirai.si\/wp-content\/uploads\/2020\/01\/horoskop.jpg\" alt=\"\" class=\"wp-image-15659\"\/><\/figure>\n<\/div>\n\n\n<ul class=\"wp-block-list\">\n<li>Jungfrau, Sch\u00fctze, Steinbock, Wassermann, Fische<\/li>\n<\/ul>","protected":false},"excerpt":{"rendered":"<p>Zgodovina Zdravilno * Metafizi\u010dne lastnosti \u010cakra ** Navedene zdravilne in metafizi\u010dne lastnosti kamnov so zbrane iz ve\u010d razli\u010dnih virov. Informacije so na voljo le kot storitev in ne za zdravljenje bolezni. Moirai.si ne jam\u010di popolne veljavnosti navedenega. Zna\u010dilnosti minerala Kemijska sestava SiO2 Barva vijoli\u010dna (lila), vijoli\u010dno-rde\u010da Trdota (Mohs) 7 Gostota 2.65 Lomni koli\u010dnik 1.543-1.554 Kristalni [&hellip;]<\/p>\n","protected":false},"author":1,"featured_media":0,"parent":0,"menu_order":0,"comment_status":"closed","ping_status":"closed","template":"template-products-page.php","meta":{"footnotes":""},"class_list":["post-4161","page","type-page","status-publish","hentry"],"_links":{"self":[{"href":"https:\/\/moirai.si\/de\/wp-json\/wp\/v2\/pages\/4161","targetHints":{"allow":["GET"]}}],"collection":[{"href":"https:\/\/moirai.si\/de\/wp-json\/wp\/v2\/pages"}],"about":[{"href":"https:\/\/moirai.si\/de\/wp-json\/wp\/v2\/types\/page"}],"author":[{"embeddable":true,"href":"https:\/\/moirai.si\/de\/wp-json\/wp\/v2\/users\/1"}],"replies":[{"embeddable":true,"href":"https:\/\/moirai.si\/de\/wp-json\/wp\/v2\/comments?post=4161"}],"version-history":[{"count":17,"href":"https:\/\/moirai.si\/de\/wp-json\/wp\/v2\/pages\/4161\/revisions"}],"predecessor-version":[{"id":27192,"href":"https:\/\/moirai.si\/de\/wp-json\/wp\/v2\/pages\/4161\/revisions\/27192"}],"wp:attachment":[{"href":"https:\/\/moirai.si\/de\/wp-json\/wp\/v2\/media?parent=4161"}],"curies":[{"name":"wp","href":"https:\/\/api.w.org\/{rel}","templated":true}]}}