{"id":4166,"date":"2015-12-07T16:55:11","date_gmt":"2015-12-07T16:55:11","guid":{"rendered":"http:\/\/moirai.si\/?page_id=4166"},"modified":"2026-01-02T13:38:47","modified_gmt":"2026-01-02T13:38:47","slug":"aventurin","status":"publish","type":"page","link":"https:\/\/moirai.si\/de\/aventurin\/","title":{"rendered":"Aventurin"},"content":{"rendered":"<div class=\"wp-block-button aligncenter\"><a class=\"wp-block-button__link has-text-color has-background wp-element-button\" href=\"https:\/\/moirai.si\/de\/produktkategorie-2\/kauf-nach-steinen\/aventurin\/\" style=\"color:#2d2c2c;background-color:#ddc942\" target=\"_blank\" rel=\"noreferrer noopener\">Shop Aventurin<\/a><\/div>\n\n\n\n<h3 class=\"wp-block-heading\"><span style=\"color: #800080;\"><strong>Geschichte<\/strong><\/span><\/h3>\n\n\n<div class=\"wp-block-image is-resized\">\n<figure class=\"alignright size-large\"><img loading=\"lazy\" decoding=\"async\" width=\"566\" height=\"566\" src=\"https:\/\/moirai.si\/wp-content\/uploads\/2020\/01\/aventurin.jpg\" alt=\"\" class=\"wp-image-15672\" style=\"object-fit:cover;width:125px;height:125px\" srcset=\"https:\/\/moirai.si\/wp-content\/uploads\/2020\/01\/aventurin.jpg 566w, https:\/\/moirai.si\/wp-content\/uploads\/2020\/01\/aventurin-100x100.jpg 100w, https:\/\/moirai.si\/wp-content\/uploads\/2020\/01\/aventurin-501x501.jpg 501w\" sizes=\"auto, (max-width: 566px) 100vw, 566px\" \/><\/figure>\n<\/div>\n\n\n<ul class=\"wp-block-list\">\n<li>Aventurin ist eine Quarzart, deren gl\u00e4nzende Einschl\u00fcsse in der Regel aus Glimmer bestehen, der sich im Aventurin meist in einer mittel- bis dunkelgr\u00fcnen Farbe mit silbrig-gr\u00fcnem oder blauem Glanz zeigt. Neben Glimmer sind auch H\u00e4matit und Goethit vorhanden und verursachen einen charakteristischen Glanz (Aventurisierung\/Avanturisierung). Die Farbe des Aventurins reicht von hell- bis dunkelgr\u00fcn. Aufgrund des starken Vorkommens von Fuchsit wird der Aventurin technisch gesehen als Gestein und nicht als Mineral definiert. Obwohl die h\u00e4ufigste Farbe von Aventurin gr\u00fcn ist, kann er auch in braun, orange, gelb, rot oder blau vorkommen.<\/li>\n\n\n\n<li>Quarz wird seit Jahrhunderten zur Herstellung von Edelsteinschmuck und anderen dekorativen Gegenst\u00e4nden verwendet. Einige der urspr\u00fcnglichen Werkzeuge, die in \u00c4thiopien (Omo-Tal) entdeckt wurden, waren aus Quarz gefertigt. Viele der Werkzeuge aus Aventurin sind mehr als zweieinhalb Millionen Jahre alt. Aventurin ist ein hervorragendes Material f\u00fcr die Herstellung von Werkzeugen, da er eine ausgezeichnete H\u00e4rte und eine isotrope Spr\u00f6digkeit aufweist, wodurch er sich relativ leicht formen l\u00e4sst.<\/li>\n\n\n\n<li><span style=\"color: #800080;\">Synonyme, alte Namen, Handelsnamen:<\/span> &nbsp;Avanturin...<\/li>\n<\/ul>\n\n\n\n<h3 class=\"wp-block-heading\"><span style=\"color: #800080;\"><strong>Medizinische * Metaphysische Eigenschaften<\/strong><\/span><\/h3>\n\n\n\n<ul class=\"wp-block-list\">\n<li>Arteriosklerose, Wohlbefinden, Blockaden, Schmerzen, Emotionen, Atemwege, Kopfschmerzen, Cholesterin, Herzinfarkt, Blutkreislauf, Migr\u00e4ne, Schlaflosigkeit, Lunge, Unterst\u00fctzung, Mut, Positivit\u00e4t, Stoffwechsel, Tr\u00e4ume, Gelenke, Herz, Gl\u00fcck, Angst, Komfort, Gleichgewicht, Kreativit\u00e4t, Vision, Entz\u00fcndung, Nervensystem...<\/li>\n\n\n\n<li>Aventurinrot wird zur Erg\u00e4nzung der Behandlung von Unterleibskrebs verwendet.  Ihm wird eine entz\u00fcndungshemmende Wirkung zugeschrieben. Er hat eine wohltuende Wirkung auf durch Krebs gesch\u00e4digte Organe, Haut und Gewebe. Es hilft bei Fruchtbarkeitsproblemen, Fortpflanzungsorganen, Geb\u00e4rmutter- und Geb\u00e4rmutterhalskrebs und hormonellen St\u00f6rungen.<\/li>\n<\/ul>\n\n\n\n<div class=\"wp-block-button aligncenter\"><a class=\"wp-block-button__link has-text-color has-background wp-element-button\" href=\"https:\/\/moirai.si\/de\/produktkategorie-2\/kauf-nach-steinen\/aventurin\/\" style=\"color:#2d2c2c;background-color:#ddc942\" target=\"_blank\" rel=\"noreferrer noopener\">Shop Aventurin<\/a><\/div>\n\n\n<div class=\"wp-block-image is-resized\">\n<figure class=\"alignleft\"><a href=\"https:\/\/moirai.si\/de\/kakra\/\"><img loading=\"lazy\" decoding=\"async\" width=\"500\" height=\"500\" src=\"https:\/\/moirai.si\/wp-content\/uploads\/2019\/09\/\u010dakra.jpg\" alt=\"\" class=\"wp-image-14534\" style=\"object-fit:cover;width:125px;height:125px\" srcset=\"https:\/\/moirai.si\/wp-content\/uploads\/2019\/09\/\u010dakra.jpg 500w, https:\/\/moirai.si\/wp-content\/uploads\/2019\/09\/\u010dakra-100x100.jpg 100w\" sizes=\"auto, (max-width: 500px) 100vw, 500px\" \/><\/a><\/figure>\n<\/div>\n\n\n<p><a href=\"https:\/\/moirai.si\/de\/kakra\/\">Chakra<\/a><\/p>\n\n\n\n<p class=\"has-small-font-size\">** Die heilenden und metaphysischen Eigenschaften der aufgelisteten Steine wurden aus verschiedenen Quellen zusammengetragen. Die Informationen werden nur als Service und nicht f\u00fcr die Behandlung von Krankheiten zur Verf\u00fcgung gestellt. Moirai.si \u00fcbernimmt keine Garantie f\u00fcr die volle G\u00fcltigkeit der bereitgestellten Informationen.<\/p>\n\n\n\n<h3 class=\"wp-block-heading\"><span style=\"color: #800080;\"><strong>Merkmale des Minerals<\/strong><\/span><\/h3>\n\n\n\n<figure class=\"wp-block-table\"><table><tbody><tr><td>Chemische Zusammensetzung<\/td><td>SiO<sub>2<\/sub><\/td><\/tr><tr><td>Farbe<\/td><td>Gr\u00fcn, goldbraun<\/td><\/tr><tr><td>H\u00e4rte (Mohs)<\/td><td>6.5<\/td><\/tr><tr><td>Dichte<\/td><td>2.64-2.69<\/td><\/tr><tr><td>Brechungsindex<\/td><td>1.544-1.563<\/td><\/tr><tr><td>System Kristall<\/td><td>Trigonal<\/td><\/tr><\/tbody><\/table><\/figure>\n\n\n\n<h3 class=\"wp-block-heading\"><span style=\"color: #800080;\"><strong>Herkunft und Quellen des Minerals<\/strong><\/span><\/h3>\n\n\n<div class=\"wp-block-image is-resized\">\n<figure class=\"alignleft size-large\"><img loading=\"lazy\" decoding=\"async\" width=\"189\" height=\"104\" src=\"https:\/\/moirai.si\/wp-content\/uploads\/2020\/01\/svet.jpg\" alt=\"\" class=\"wp-image-15658\" style=\"width:125px\"\/><\/figure>\n<\/div>\n\n\n<ul class=\"wp-block-list\">\n<li>Brasilien, Chile, Japan, Indien, \u00d6sterreich, Russland, Tansania...<\/li>\n<\/ul>\n\n\n\n<h3 class=\"wp-block-heading\"><span style=\"color: #800080;\"><strong>Pflege<\/strong><\/span><\/h3>\n\n\n\n<ul class=\"wp-block-list\">\n<li>Aventurin kann mit warmer Seifenlauge und einem weichen Tuch oder einer B\u00fcrste gereinigt werden. Wie bei fast allen Halbedelsteinen und Edelsteinen sollten Sie keine scharfen Haushaltschemikalien verwenden. Vermeiden Sie l\u00e4ngere Hitzeeinwirkung, da sie den Stein besch\u00e4digen kann.<\/li>\n\n\n\n<li>Am besten bewahren Sie Steinschmuck und die Steine selbst in einer mit Stoff bezogenen Schatulle oder in einem Tuch eingewickelt getrennt von den anderen auf, um Sch\u00e4den und m\u00f6gliche Kratzer zu vermeiden. Es ist ratsam, Schmuck nicht bei gr\u00f6\u00dferen k\u00f6rperlichen Aktivit\u00e4ten wie Bewegung oder Sport zu tragen. Vermeiden Sie es, Parf\u00fcm und Haarspray direkt auf Ihren Schmuck und Ihre Steine zu spr\u00fchen.<\/li>\n<\/ul>\n\n\n\n<div class=\"wp-block-button aligncenter\"><a class=\"wp-block-button__link has-text-color has-background wp-element-button\" href=\"https:\/\/moirai.si\/de\/produktkategorie-2\/kauf-nach-steinen\/aventurin\/\" style=\"color:#2d2c2c;background-color:#ddc942\" target=\"_blank\" rel=\"noreferrer noopener\">Shop Aventurin<\/a><\/div>\n\n\n\n<p class=\"has-text-align-center\">F\u00fcr <strong><span style=\"color: #800080;\">10<\/span>%<\/strong> Verwenden Sie den Code, um beim Online-Kauf einen Rabatt zu erhalten: <span style=\"color: #800080;\"><strong>moirai26<\/strong><\/span>(koda je veljavna do 31.12.2026)!<\/p>\n\n\n\n<h3 class=\"wp-block-heading\"><span style=\"color: #800080;\"><strong>Horoskop<\/strong><\/span><\/h3>\n\n\n<div class=\"wp-block-image\">\n<figure class=\"alignleft size-large\"><img loading=\"lazy\" decoding=\"async\" width=\"116\" height=\"111\" src=\"https:\/\/moirai.si\/wp-content\/uploads\/2020\/01\/horoskop.jpg\" alt=\"\" class=\"wp-image-15659\"\/><\/figure>\n<\/div>\n\n\n<ul class=\"wp-block-list\">\n<li>L\u00f6we, Widder, Wassermann, Krebs<\/li>\n<\/ul>","protected":false},"excerpt":{"rendered":"<p>Zgodovina Zdravilno * Metafizi\u010dne lastnosti \u010cakra ** Navedene zdravilne in metafizi\u010dne lastnosti kamnov so zbrane iz ve\u010d razli\u010dnih virov. Informacije so na voljo le kot storitev in ne za zdravljenje bolezni. Moirai.si ne jam\u010di popolne veljavnosti navedenega. Zna\u010dilnosti minerala Kemijska sestava SiO2 Barva zelena, zlato-rjava Trdota (Mohs) 6.5 Gostota 2.64-2.69 Lomni koli\u010dnik 1.544-1.563 Kristalni sistem [&hellip;]<\/p>\n","protected":false},"author":1,"featured_media":0,"parent":0,"menu_order":0,"comment_status":"closed","ping_status":"closed","template":"template-products-page.php","meta":{"footnotes":""},"class_list":["post-4166","page","type-page","status-publish","hentry"],"_links":{"self":[{"href":"https:\/\/moirai.si\/de\/wp-json\/wp\/v2\/pages\/4166","targetHints":{"allow":["GET"]}}],"collection":[{"href":"https:\/\/moirai.si\/de\/wp-json\/wp\/v2\/pages"}],"about":[{"href":"https:\/\/moirai.si\/de\/wp-json\/wp\/v2\/types\/page"}],"author":[{"embeddable":true,"href":"https:\/\/moirai.si\/de\/wp-json\/wp\/v2\/users\/1"}],"replies":[{"embeddable":true,"href":"https:\/\/moirai.si\/de\/wp-json\/wp\/v2\/comments?post=4166"}],"version-history":[{"count":14,"href":"https:\/\/moirai.si\/de\/wp-json\/wp\/v2\/pages\/4166\/revisions"}],"predecessor-version":[{"id":27189,"href":"https:\/\/moirai.si\/de\/wp-json\/wp\/v2\/pages\/4166\/revisions\/27189"}],"wp:attachment":[{"href":"https:\/\/moirai.si\/de\/wp-json\/wp\/v2\/media?parent=4166"}],"curies":[{"name":"wp","href":"https:\/\/api.w.org\/{rel}","templated":true}]}}