{"id":4170,"date":"2015-12-07T17:37:35","date_gmt":"2015-12-07T17:37:35","guid":{"rendered":"http:\/\/moirai.si\/?page_id=4170"},"modified":"2026-01-02T13:38:26","modified_gmt":"2026-01-02T13:38:26","slug":"perle","status":"publish","type":"page","link":"https:\/\/moirai.si\/de\/biser\/","title":{"rendered":"Perle"},"content":{"rendered":"<div class=\"wp-block-button aligncenter\"><a class=\"wp-block-button__link has-text-color has-background wp-element-button\" href=\"https:\/\/moirai.si\/de\/produktkategorie-2\/kauf-nach-steinen\/perlen-und-muscheln\/\" style=\"color:#2d2c2c;background-color:#ddc942\" target=\"_blank\" rel=\"noreferrer noopener\">Shop Perle<\/a><\/div>\n\n\n\n<h3 class=\"wp-block-heading\"><span style=\"color: #800080;\"><strong>Geschichte<\/strong><\/span><\/h3>\n\n\n<div class=\"wp-block-image is-resized\">\n<figure class=\"alignright size-thumbnail\"><img decoding=\"async\" src=\"https:\/\/moirai.si\/wp-content\/uploads\/2020\/01\/biser-500x500.jpg\" alt=\"\" class=\"wp-image-15675\" style=\"object-fit:cover;width:125px;height:125px\"\/><\/figure>\n<\/div>\n\n\n<ul class=\"wp-block-list\">\n<li>Perlen geh\u00f6ren zu den \u00e4ltesten Halbedelsteinen, die an der indischen K\u00fcste gefunden wurden und auf pr\u00e4historische Zeiten zur\u00fcckgehen. Es handelt sich um organische Halbedelsteine und Edelsteine, die durch Laminierung der Perlenschicht von Weichtieren, vor allem Austern und Muscheln, entstehen. Man nimmt an, dass der Name \"Perle\" vom mittelenglischen Begriff \"pearl\" abgeleitet ist, der wiederum vom lateinischen Wort \"perna\" stammt, was \"Bein\" bedeutet und vermutlich das muschelf\u00f6rmige Bein (Schinkenbein) widerspiegelt. Perlen k\u00f6nnen von S\u00fc\u00dfwasser- oder Meeresmollusken stammen. Das Sch\u00f6ne an Perlen ist, dass sie bereits in ihrer nat\u00fcrlichen Sch\u00f6nheit, in voller Form und mit perfektem Glanz aus der Muschel kommen, ohne dass sie reduziert oder poliert werden m\u00fcssen.<\/li>\n\n\n\n<li><span style=\"color: #800080;\"><strong>Nat\u00fcrliche Perlen<\/strong> <\/span>sind extrem selten, unglaublich teuer und meist klein. Deshalb haben die Menschen Methoden entwickelt, um Perlen zu kultivieren, damit wir alle in den Genuss dieser sch\u00f6nen Edelsteine kommen k\u00f6nnen. Bei Zuchtperlen wird ein Teil des Perlengewebes in die Muschel eingebettet, die den Fremdk\u00f6rper umgibt. Wenn der Prozess erfolgreich ist, bildet die Muschel einen \"Perlensack\" um den Fremdk\u00f6rper, dessen Zellen eine Schicht aus br\u00e4unlichem Protein namens Conchiolin absondern. Darauf folgt die Absonderung vieler mineralischer Schichten von Sedef, die aus Kalziumkarbonat in d\u00fcnnen, sich \u00fcberlappenden Schichten bestehen.<\/li>\n\n\n\n<li>Bevor der Mensch begann, Perlen zu z\u00fcchten, wurden sie im Persischen Golf, in Sri Lanka, in S\u00fc\u00dfwasserquellen in China und in einigen Fl\u00fcssen in Europa gesammelt. Sp\u00e4ter entdeckte Christoph Kolumbus Perlen in S\u00fcdamerika. Als die nat\u00fcrlichen Perlen zu Beginn des 20. Jahrhunderts fast aufgebraucht waren, begannen die Chinesen und Japaner, Perlen zu z\u00fcchten.  Eine Muschel braucht 3 bis 7 Jahre, um eine Perle zu erzeugen. Die Farbe der Perle h\u00e4ngt von der Art der Beschichtung ab.<\/li>\n<\/ul>\n\n\n\n<h3 class=\"wp-block-heading\"><span style=\"color: #800080;\"><strong>Medizinische * Metaphysische Eigenschaften<\/strong><\/span><\/h3>\n\n\n\n<ul class=\"wp-block-list\">\n<li>Einige Heiler verwenden die Perlen, um die Rhythmen und den Hormonhaushalt des K\u00f6rpers mit dem Mondzyklus in Einklang zu bringen und den Menschen mit der Natur zu harmonisieren. Perlen gelten als Zeichen der Unschuld und des Glaubens. Manche Menschen glauben, dass Perlen perfekt f\u00fcr Br\u00e4ute sind, da sie f\u00fcr Reinheit, Ehrlichkeit und Treue stehen. Sie f\u00f6rdern Gesundheit und Wohlstand.<\/li>\n<\/ul>\n\n\n\n<div class=\"wp-block-button aligncenter\"><a class=\"wp-block-button__link has-text-color has-background wp-element-button\" href=\"https:\/\/moirai.si\/de\/produktkategorie-2\/kauf-nach-steinen\/perlen-und-muscheln\/\" style=\"color:#2d2c2c;background-color:#ddc942\" target=\"_blank\" rel=\"noreferrer noopener\">Shop Perle<\/a><\/div>\n\n\n<div class=\"wp-block-image is-resized\">\n<figure class=\"alignleft\"><a href=\"https:\/\/moirai.si\/de\/kakra\/\"><img loading=\"lazy\" decoding=\"async\" width=\"500\" height=\"500\" src=\"https:\/\/moirai.si\/wp-content\/uploads\/2019\/09\/\u010dakra.jpg\" alt=\"\" class=\"wp-image-14534\" style=\"object-fit:cover;width:125px;height:125px\" srcset=\"https:\/\/moirai.si\/wp-content\/uploads\/2019\/09\/\u010dakra.jpg 500w, https:\/\/moirai.si\/wp-content\/uploads\/2019\/09\/\u010dakra-100x100.jpg 100w\" sizes=\"auto, (max-width: 500px) 100vw, 500px\" \/><\/a><\/figure>\n<\/div>\n\n\n<p><a href=\"https:\/\/moirai.si\/de\/kakra\/\">Chakra<\/a><\/p>\n\n\n\n<p class=\"has-small-font-size\">** Die heilenden und metaphysischen Eigenschaften der aufgelisteten Steine wurden aus verschiedenen Quellen zusammengetragen. Die Informationen werden nur als Service und nicht f\u00fcr die Behandlung von Krankheiten zur Verf\u00fcgung gestellt. Moirai.si \u00fcbernimmt keine Garantie f\u00fcr die volle G\u00fcltigkeit der bereitgestellten Informationen.<\/p>\n\n\n\n<h3 class=\"wp-block-heading\"><span style=\"color: #800080;\"><strong>Merkmale des Minerals<\/strong><\/span><\/h3>\n\n\n\n<figure class=\"wp-block-table\"><table><tbody><tr><td>Chemische Zusammensetzung<\/td><td>CaCO<sub>3<\/sub><\/td><\/tr><tr><td>Farbe<\/td><td>wei\u00df, rosa, silber, gold, gr\u00fcn, blau, schwarz<\/td><\/tr><tr><td>H\u00e4rte (Mohs)<\/td><td>2.5-4.5<\/td><\/tr><tr><td>Dichte<\/td><td>2.61-2.85<\/td><\/tr><tr><td>Brechungsindex<\/td><td>1.530-1.690<\/td><\/tr><tr><td>System Kristall<\/td><td>Rautenf\u00f6rmig<\/td><\/tr><\/tbody><\/table><\/figure>\n\n\n\n<h3 class=\"wp-block-heading\"><span style=\"color: #800080;\"><strong>Herkunft und Quellen des Minerals<\/strong><\/span><\/h3>\n\n\n<div class=\"wp-block-image is-resized\">\n<figure class=\"alignleft size-large\"><img loading=\"lazy\" decoding=\"async\" width=\"189\" height=\"104\" src=\"https:\/\/moirai.si\/wp-content\/uploads\/2020\/01\/svet.jpg\" alt=\"\" class=\"wp-image-15658\" style=\"width:125px\"\/><\/figure>\n<\/div>\n\n\n<ul class=\"wp-block-list\">\n<li>Japan, China, Australien, \u00d6sterreich, Frankreich, Schottland und Irland.<\/li>\n<\/ul>\n\n\n\n<h3 class=\"wp-block-heading\"><span style=\"color: #800080;\"><strong>Pflege<\/strong><\/span><\/h3>\n\n\n\n<ul class=\"wp-block-list\">\n<li>Perlen sind weich, daher ist besondere Vorsicht geboten. Verwenden Sie niemals Ultraschallreiniger oder Dampfstrahler. Wischen Sie die Perlen nach jedem Tragen vorsichtig mit einem weichen Tuch ab. Verwenden Sie f\u00fcr die Reinigung milde Seife und Wasser. Wenn der Schmuck geknotet ist, achten Sie darauf, dass der Strang vor dem Tragen vollst\u00e4ndig trocken ist.<\/li>\n\n\n\n<li>Am besten bewahren Sie Steinschmuck und die Steine selbst in einer mit Stoff bezogenen Schatulle oder in einem Tuch eingewickelt getrennt von den anderen auf, um Sch\u00e4den und m\u00f6gliche Kratzer zu vermeiden. Es ist ratsam, Schmuck nicht bei gr\u00f6\u00dferen k\u00f6rperlichen Aktivit\u00e4ten wie Bewegung oder Sport zu tragen. Vermeiden Sie es, Parf\u00fcm und Haarspray direkt auf Ihren Schmuck und Ihre Steine zu spr\u00fchen.<\/li>\n<\/ul>\n\n\n\n<div class=\"wp-block-button aligncenter\"><a class=\"wp-block-button__link has-text-color has-background wp-element-button\" href=\"https:\/\/moirai.si\/de\/produktkategorie-2\/kauf-nach-steinen\/perlen-und-muscheln\/\" style=\"color:#2d2c2c;background-color:#ddc942\" target=\"_blank\" rel=\"noreferrer noopener\">Shop Perle<\/a><\/div>\n\n\n\n<p class=\"has-text-align-center\">F\u00fcr <strong><span style=\"color: #800080;\">10<\/span>%<\/strong> Verwenden Sie den Code, um beim Online-Kauf einen Rabatt zu erhalten: <span style=\"color: #800080;\"><strong>moirai26 <\/strong><\/span>(koda je veljavna do 31.12.2026)!<\/p>","protected":false},"excerpt":{"rendered":"<p>Zgodovina Zdravilno * Metafizi\u010dne lastnosti \u010cakra ** Navedene zdravilne in metafizi\u010dne lastnosti kamnov so zbrane iz ve\u010d razli\u010dnih virov. Informacije so na voljo le kot storitev in ne za zdravljenje bolezni. Moirai.si ne jam\u010di popolne veljavnosti navedenega. Zna\u010dilnosti minerala Kemijska sestava CaCO3 Barva bela, roza, srebrna, zlata, zelena, modra, \u010drna Trdota (Mohs) 2.5-4.5 Gostota 2.61-2.85 [&hellip;]<\/p>\n","protected":false},"author":1,"featured_media":0,"parent":0,"menu_order":0,"comment_status":"closed","ping_status":"closed","template":"template-products-page.php","meta":{"footnotes":""},"class_list":["post-4170","page","type-page","status-publish","hentry"],"_links":{"self":[{"href":"https:\/\/moirai.si\/de\/wp-json\/wp\/v2\/pages\/4170","targetHints":{"allow":["GET"]}}],"collection":[{"href":"https:\/\/moirai.si\/de\/wp-json\/wp\/v2\/pages"}],"about":[{"href":"https:\/\/moirai.si\/de\/wp-json\/wp\/v2\/types\/page"}],"author":[{"embeddable":true,"href":"https:\/\/moirai.si\/de\/wp-json\/wp\/v2\/users\/1"}],"replies":[{"embeddable":true,"href":"https:\/\/moirai.si\/de\/wp-json\/wp\/v2\/comments?post=4170"}],"version-history":[{"count":12,"href":"https:\/\/moirai.si\/de\/wp-json\/wp\/v2\/pages\/4170\/revisions"}],"predecessor-version":[{"id":27188,"href":"https:\/\/moirai.si\/de\/wp-json\/wp\/v2\/pages\/4170\/revisions\/27188"}],"wp:attachment":[{"href":"https:\/\/moirai.si\/de\/wp-json\/wp\/v2\/media?parent=4170"}],"curies":[{"name":"wp","href":"https:\/\/api.w.org\/{rel}","templated":true}]}}