{"id":4176,"date":"2015-12-07T17:55:35","date_gmt":"2015-12-07T17:55:35","guid":{"rendered":"http:\/\/moirai.si\/?page_id=4176"},"modified":"2026-01-02T13:37:59","modified_gmt":"2026-01-02T13:37:59","slug":"perlen","status":"publish","type":"page","link":"https:\/\/moirai.si\/de\/biserovina\/","title":{"rendered":"Perlmutt"},"content":{"rendered":"<div class=\"wp-block-button aligncenter\"><a class=\"wp-block-button__link has-text-color has-background wp-element-button\" href=\"https:\/\/moirai.si\/de\/produktkategorie-2\/perlen-und-muscheln\/\" style=\"color:#2d2c2c;background-color:#ddc942\" target=\"_blank\" rel=\"noreferrer noopener\">Shop Perlmutt<\/a><\/div>\n\n\n\n<h3 class=\"wp-block-heading\"><span style=\"color: #800080;\"><strong>Geschichte<\/strong><\/span><\/h3>\n\n\n<div class=\"wp-block-image is-resized\">\n<figure class=\"alignright size-thumbnail\"><img decoding=\"async\" src=\"https:\/\/moirai.si\/wp-content\/uploads\/2020\/01\/biserovina-500x500.jpg\" alt=\"\" class=\"wp-image-15678\" style=\"object-fit:cover;width:125px;height:125px\"\/><\/figure>\n<\/div>\n\n\n<ul class=\"wp-block-list\">\n<li>Perle ist die innere Schale\/Beschichtung von Weichtieren, aus der Perlen entstehen. Ihre Schale besteht aus drei Schichten. Die \u00e4u\u00dferste ist das Periostracum, gefolgt von einer Kalzitschicht und dann den tiefsten Schichten der Perle. Dieser glatte Teil der Schale entsteht w\u00e4hrend des Wachstums in der Mitte der Muschel. Nat\u00fcrliche Perlen werden \u00fcberall auf der Welt gefunden und sind h\u00e4ufiger als Perlen. Venusmuscheln haben immer eine Schale, enthalten aber nur sehr selten eine Perle. Eine Muschel produziert eine Perle, um ihren weichen K\u00f6rper vor Irritationen durch einen Fremdk\u00f6rper oder Parasiten zu sch\u00fctzen, indem sie ihn mit einer Perle umh\u00fcllt.<\/li>\n\n\n\n<li><span style=\"color: #800080;\">Synonyme, alte Namen, Handelsnamen:<\/span> Perlmutt, Sedef...<\/li>\n<\/ul>\n\n\n\n<h3 class=\"wp-block-heading\"><span style=\"color: #800080;\"><strong>Medizinische * Metaphysische Eigenschaften<\/strong><\/span><\/h3>\n\n\n\n<ul class=\"wp-block-list\">\n<li>Die Perle hat die bemerkenswerte F\u00e4higkeit, die \u00c4ngste der Tr\u00e4ger zu beruhigen und zu reduzieren. Sie ist besonders n\u00fctzlich f\u00fcr alle, deren Leben intensiv und stressig ist. Sie stimuliert das Wohlbefinden, das Denken, die Intuition und die Phantasie. Die Perle bietet beruhigenden, m\u00fctterlichen Schutz vor negativer Energie und Liebe.<\/li>\n<\/ul>\n\n\n\n<div class=\"wp-block-button aligncenter\"><a class=\"wp-block-button__link has-text-color has-background wp-element-button\" href=\"https:\/\/moirai.si\/de\/produktkategorie-2\/perlen-und-muscheln\/\" style=\"color:#2d2c2c;background-color:#ddc942\" target=\"_blank\" rel=\"noreferrer noopener\">Shop Perlmutt<\/a><\/div>\n\n\n<div class=\"wp-block-image is-resized\">\n<figure class=\"alignleft\"><a href=\"https:\/\/moirai.si\/de\/kakra\/\"><img loading=\"lazy\" decoding=\"async\" width=\"500\" height=\"500\" src=\"https:\/\/moirai.si\/wp-content\/uploads\/2019\/09\/\u010dakra.jpg\" alt=\"\" class=\"wp-image-14534\" style=\"object-fit:cover;width:125px;height:125px\" srcset=\"https:\/\/moirai.si\/wp-content\/uploads\/2019\/09\/\u010dakra.jpg 500w, https:\/\/moirai.si\/wp-content\/uploads\/2019\/09\/\u010dakra-100x100.jpg 100w\" sizes=\"auto, (max-width: 500px) 100vw, 500px\" \/><\/a><\/figure>\n<\/div>\n\n\n<p><a href=\"https:\/\/moirai.si\/de\/kakra\/\">Chakra<\/a><\/p>\n\n\n\n<p class=\"has-small-font-size\">** Die heilenden und metaphysischen Eigenschaften der aufgelisteten Steine wurden aus verschiedenen Quellen zusammengetragen. Die Informationen werden nur als Service und nicht f\u00fcr die Behandlung von Krankheiten zur Verf\u00fcgung gestellt. Moirai.si \u00fcbernimmt keine Garantie f\u00fcr die volle G\u00fcltigkeit der bereitgestellten Informationen.<\/p>\n\n\n\n<h3 class=\"wp-block-heading\"><span style=\"color: #800080;\"><strong>Merkmale des Minerals<\/strong><\/span><\/h3>\n\n\n\n<figure class=\"wp-block-table\"><table><tbody><tr><td>Chemische Zusammensetzung<\/td><td>CaCO<sub>3<\/sub><\/td><\/tr><tr><td>Farbe<\/td><td>Wei\u00df f\u00fcr Sahne<\/td><\/tr><tr><td>H\u00e4rte (Mohs)<\/td><td>2.5-4.5<\/td><\/tr><tr><td>Dichte<\/td><td>2.61-2.85<\/td><\/tr><tr><td>Brechungsindex<\/td><td>1.530-1.690<\/td><\/tr><tr><td>System Kristall<\/td><td>Rautenf\u00f6rmig<\/td><\/tr><\/tbody><\/table><\/figure>\n\n\n\n<h3 class=\"wp-block-heading\"><span style=\"color: #800080;\"><strong>Herkunft und Quellen des Minerals<\/strong><\/span><\/h3>\n\n\n<div class=\"wp-block-image is-resized\">\n<figure class=\"alignleft size-large\"><img loading=\"lazy\" decoding=\"async\" width=\"189\" height=\"104\" src=\"https:\/\/moirai.si\/wp-content\/uploads\/2020\/01\/svet.jpg\" alt=\"\" class=\"wp-image-15658\" style=\"width:125px\"\/><\/figure>\n<\/div>\n\n\n<ul class=\"wp-block-list\">\n<li>Australien, Japan, Mittelamerika, Persischer Golf, Golf von Manaar, Madagaskar, Birma (Myanmar), Philippinen, S\u00fcdpazifische Inseln, China, Franz\u00f6sisch-Polynesien, Europa, USA und S\u00fcdostasien.<\/li>\n<\/ul>\n\n\n\n<h3 class=\"wp-block-heading\"><span style=\"color: #800080;\"><strong>Pflege<\/strong><\/span><\/h3>\n\n\n\n<ul class=\"wp-block-list\">\n<li>Die Perle ist im Vergleich zu anderen Perlen recht weich. Die Struktur des Perlmutts und seine fehlende Spaltung machen es sehr hart und stark. Es wird empfohlen, die Perle mit einem weichen Tuch zu reinigen, nachdem sie getragen wurde. Vermeiden Sie die Verwendung von Ultraschallreinigern und Hei\u00dfluftd\u00e4mpfern. Verwenden Sie einfach warmes Wasser und eine milde Seife oder ein Reinigungsmittel. Wischen Sie die Perle mit einem weichen Tuch ab und achten Sie darauf, sie gut abzusp\u00fclen und alle Seifenreste zu entfernen. Vermeiden Sie die Verwendung von aggressiven Chemikalien oder Reinigungsmitteln wie Bleichmittel, Ammoniak oder S\u00e4uren.<\/li>\n\n\n\n<li>Vermeiden Sie auch eine l\u00e4ngere Aussetzung an Hitze, direktes Sonnenlicht oder extreme Temperaturschwankungen. Am besten bewahren Sie Steinschmuck und die Steine selbst in einer mit Stoff gef\u00fctterten Schachtel oder in einem Tuch eingewickelt getrennt von den anderen auf, um Besch\u00e4digungen und m\u00f6gliche Kratzer zu vermeiden. Es ist ratsam, Schmuck nicht bei gr\u00f6\u00dferen k\u00f6rperlichen Aktivit\u00e4ten wie Bewegung oder Sport zu tragen. Vermeiden Sie es, Parf\u00fcm und Haarspray direkt auf Ihren Schmuck und Ihre Steine zu spr\u00fchen.<\/li>\n<\/ul>\n\n\n\n<div class=\"wp-block-button aligncenter\"><a class=\"wp-block-button__link has-text-color has-background wp-element-button\" href=\"https:\/\/moirai.si\/de\/produktkategorie-2\/perlen-und-muscheln\/\" style=\"color:#2d2c2c;background-color:#ddc942\" target=\"_blank\" rel=\"noreferrer noopener\">Shop Perlmutt<\/a><\/div>\n\n\n\n<p class=\"has-text-align-center\">F\u00fcr <strong><span style=\"color: #800080;\">10<\/span>%<\/strong> Verwenden Sie den Code, um beim Online-Kauf einen Rabatt zu erhalten: <span style=\"color: #800080;\"><strong>moirai26 <\/strong><\/span>(koda je veljavna do 31.12.2026)!<\/p>","protected":false},"excerpt":{"rendered":"<p>Zgodovina Zdravilno * Metafizi\u010dne lastnosti \u010cakra ** Navedene zdravilne in metafizi\u010dne lastnosti kamnov so zbrane iz ve\u010d razli\u010dnih virov. Informacije so na voljo le kot storitev in ne za zdravljenje bolezni. Moirai.si ne jam\u010di popolne veljavnosti navedenega. Zna\u010dilnosti minerala Kemijska sestava CaCO3 Barva bela do krem Trdota (Mohs) 2.5-4.5 Gostota 2.61-2.85 Lomni koli\u010dnik 1.530-1.690 Kristalni [&hellip;]<\/p>\n","protected":false},"author":1,"featured_media":0,"parent":0,"menu_order":0,"comment_status":"closed","ping_status":"closed","template":"template-products-page.php","meta":{"footnotes":""},"class_list":["post-4176","page","type-page","status-publish","hentry"],"_links":{"self":[{"href":"https:\/\/moirai.si\/de\/wp-json\/wp\/v2\/pages\/4176","targetHints":{"allow":["GET"]}}],"collection":[{"href":"https:\/\/moirai.si\/de\/wp-json\/wp\/v2\/pages"}],"about":[{"href":"https:\/\/moirai.si\/de\/wp-json\/wp\/v2\/types\/page"}],"author":[{"embeddable":true,"href":"https:\/\/moirai.si\/de\/wp-json\/wp\/v2\/users\/1"}],"replies":[{"embeddable":true,"href":"https:\/\/moirai.si\/de\/wp-json\/wp\/v2\/comments?post=4176"}],"version-history":[{"count":15,"href":"https:\/\/moirai.si\/de\/wp-json\/wp\/v2\/pages\/4176\/revisions"}],"predecessor-version":[{"id":27187,"href":"https:\/\/moirai.si\/de\/wp-json\/wp\/v2\/pages\/4176\/revisions\/27187"}],"wp:attachment":[{"href":"https:\/\/moirai.si\/de\/wp-json\/wp\/v2\/media?parent=4176"}],"curies":[{"name":"wp","href":"https:\/\/api.w.org\/{rel}","templated":true}]}}