{"id":4192,"date":"2015-12-07T18:43:50","date_gmt":"2015-12-07T18:43:50","guid":{"rendered":"http:\/\/moirai.si\/?page_id=4192"},"modified":"2026-01-02T13:07:25","modified_gmt":"2026-01-02T13:07:25","slug":"hamatit","status":"publish","type":"page","link":"https:\/\/moirai.si\/de\/hematit\/","title":{"rendered":"H\u00e4matit"},"content":{"rendered":"<div class=\"wp-block-button aligncenter\"><a class=\"wp-block-button__link has-text-color has-background wp-element-button\" href=\"https:\/\/moirai.si\/de\/produktkategorie-2\/kauf-nach-steinen\/hamatit\/\" style=\"color:#2d2c2c;background-color:#ddc942\" target=\"_blank\" rel=\"noreferrer noopener\">Shop H\u00e4matit<\/a><\/div>\n\n\n\n<h3 class=\"wp-block-heading\"><span style=\"color: #800080;\"><strong>Geschichte<\/strong><\/span><\/h3>\n\n\n<div class=\"wp-block-image is-resized\">\n<figure class=\"alignright size-thumbnail\"><img decoding=\"async\" src=\"https:\/\/moirai.si\/wp-content\/uploads\/2020\/01\/hematit-500x500.jpg\" alt=\"\" class=\"wp-image-15701\" style=\"width:125px\"\/><\/figure>\n<\/div>\n\n\n<ul class=\"wp-block-list\">\n<li>Der Eisenoxidgehalt von H\u00e4matit macht den roten Rost, von dem er seinen Namen hat, oft sehr gut sichtbar. Wenn der H\u00e4matit selbst stark poliert ist, kann er wie poliertes Silber aussehen. H\u00e4matit ist immer undeutlich und hat meist eine schwarzgraue Farbe. Seine Kristalle sind durchsichtig, r\u00f6tlich oder braun.<\/li>\n\n\n\n<li><span style=\"color: #800080;\">Synonyme, alte Namen, Handelsnamen:<\/span> Krvavec, Spekularit, \u017delezn\u00e1 Ro\u017ea...<\/li>\n<\/ul>\n\n\n\n<h3 class=\"wp-block-heading\"><span style=\"color: #800080;\"><strong>Medizinische * Metaphysische Eigenschaften<\/strong><\/span><\/h3>\n\n\n\n<ul class=\"wp-block-list\">\n<li>Depression, Egoismus, H\u00e4moglobin, Leber, Wut, Konzentration, Kr\u00e4mpfe, Blut, Logik, Ruhe, Gehirn, Negativit\u00e4t, Schlaflosigkeit, Augen, Verbrennungen, Lunge, Stoffwechsel, Erdung, Vertrauen, Blutarmut, Ged\u00e4chtnis, Spontaneit\u00e4t, Herz, Frische, Schilddr\u00fcse, K\u00f6rper, Bauchspeicheldr\u00fcse, Sturheit, Ausgleich, Fr\u00f6hlichkeit, Entz\u00fcndung, Milz, Fieber, Schutz...<\/li>\n\n\n\n<li>H\u00e4matit hilft bei Hirntumoren und Hirnkrebs.  Einige glauben, dass es hilft, das Tumorwachstum zu reduzieren und sich auf zellul\u00e4rer Ebene zu reparieren.<\/li>\n<\/ul>\n\n\n\n<div class=\"wp-block-button aligncenter\"><a class=\"wp-block-button__link has-text-color has-background wp-element-button\" href=\"https:\/\/moirai.si\/de\/produktkategorie-2\/kauf-nach-steinen\/hamatit\/\" style=\"color:#2d2c2c;background-color:#ddc942\" target=\"_blank\" rel=\"noreferrer noopener\">Shop H\u00e4matit<\/a><\/div>\n\n\n<div class=\"wp-block-image is-resized\">\n<figure class=\"alignleft\"><a href=\"https:\/\/moirai.si\/de\/kakra\/\"><img loading=\"lazy\" decoding=\"async\" width=\"500\" height=\"500\" src=\"https:\/\/moirai.si\/wp-content\/uploads\/2019\/09\/\u010dakra.jpg\" alt=\"\" class=\"wp-image-14534\" style=\"width:125px\" srcset=\"https:\/\/moirai.si\/wp-content\/uploads\/2019\/09\/\u010dakra.jpg 500w, https:\/\/moirai.si\/wp-content\/uploads\/2019\/09\/\u010dakra-100x100.jpg 100w\" sizes=\"auto, (max-width: 500px) 100vw, 500px\" \/><\/a><\/figure>\n<\/div>\n\n\n<p><a href=\"https:\/\/moirai.si\/de\/kakra\/\">Chakra<\/a><\/p>\n\n\n\n<p class=\"has-small-font-size\">** Die heilenden und metaphysischen Eigenschaften der aufgelisteten Steine wurden aus verschiedenen Quellen zusammengetragen. Die Informationen werden nur als Service und nicht f\u00fcr die Behandlung von Krankheiten zur Verf\u00fcgung gestellt. Moirai.si \u00fcbernimmt keine Garantie f\u00fcr die volle G\u00fcltigkeit der bereitgestellten Informationen.<\/p>\n\n\n\n<h3 class=\"wp-block-heading\"><span style=\"color: #800080;\"><strong>Merkmale des Minerals<\/strong><\/span><\/h3>\n\n\n\n<figure class=\"wp-block-table\"><table><tbody><tr><td>Chemische Zusammensetzung<\/td><td>Fe<sub>2<\/sub>O<sub>3<\/sub><\/td><\/tr><tr><td>Farbe<\/td><td>schwarz, schwarz-braun, braun-rot<\/td><\/tr><tr><td>H\u00e4rte (Mohs)<\/td><td>5.5-6.5<\/td><\/tr><tr><td>Dichte<\/td><td>5.26<\/td><\/tr><tr><td>Brechungsindex<\/td><td>2.870-3.220<\/td><\/tr><tr><td>System Kristall<\/td><td>Trigonal<\/td><\/tr><\/tbody><\/table><\/figure>\n\n\n\n<h3 class=\"wp-block-heading\"><span style=\"color: #800080;\"><strong>Herkunft und Quellen des Minerals<\/strong><\/span><\/h3>\n\n\n<div class=\"wp-block-image is-resized\">\n<figure class=\"alignleft size-large\"><img loading=\"lazy\" decoding=\"async\" width=\"189\" height=\"104\" src=\"https:\/\/moirai.si\/wp-content\/uploads\/2020\/01\/svet.jpg\" alt=\"\" class=\"wp-image-15658\" style=\"width:125px\"\/><\/figure>\n<\/div>\n\n\n<ul class=\"wp-block-list\">\n<li>Brasilien, Slowenien, England, Italien, Marokko, S\u00fcdafrika, Bangladesch, China, Neuseeland, Tschechische Republik, USA...<\/li>\n<\/ul>\n\n\n\n<h3 class=\"wp-block-heading\"><span style=\"color: #800080;\"><strong>Pflege<\/strong><\/span><\/h3>\n\n\n\n<ul class=\"wp-block-list\">\n<li>H\u00e4matit ist ein ziemlich weicher Stein. Vermeiden Sie die Verwendung von Dampf- und Ultraschallreinigern. Verwenden Sie keine Chemikalien oder Reinigungsfl\u00fcssigkeiten, insbesondere keine Bleichmittel oder S\u00e4uren. H\u00e4matit kann mit warmer Seifenlauge und einem weichen Tuch gereinigt werden. Sp\u00fclen Sie den H\u00e4matit gut ab, um eventuelle Reste von Seifenwasser zu entfernen. Wenn Sie Steinschmuck oder die Steine selbst aufbewahren, legen Sie sie am besten in eine mit einem Tuch bedeckte Schachtel oder wickeln Sie sie getrennt von anderen Steinen in ein Tuch ein, um Sch\u00e4den und Kratzer zu vermeiden.<\/li>\n\n\n\n<li>Es ist ratsam, den Schmuck bei gr\u00f6\u00dferen k\u00f6rperlichen Aktivit\u00e4ten wie Bewegung oder Sport abzulegen. Vermeiden Sie es, Parf\u00fcm und Haarspray direkt auf Ihren Schmuck und Ihre Steine zu spr\u00fchen.<\/li>\n<\/ul>\n\n\n\n<div class=\"wp-block-button aligncenter\"><a class=\"wp-block-button__link has-text-color has-background wp-element-button\" href=\"https:\/\/moirai.si\/de\/produktkategorie-2\/kauf-nach-steinen\/hamatit\/\" style=\"color:#2d2c2c;background-color:#ddc942\" target=\"_blank\" rel=\"noreferrer noopener\">Shop H\u00e4matit<\/a><\/div>\n\n\n\n<p class=\"has-text-align-center\">F\u00fcr <strong><span style=\"color: #800080;\">10<\/span>%<\/strong> Verwenden Sie den Code, um beim Online-Kauf einen Rabatt zu erhalten: <span style=\"color: #800080;\"><strong>moirai26 <\/strong><\/span>(koda je veljavna do 31.12.2026)!<\/p>\n\n\n\n<h3 class=\"wp-block-heading\"><span style=\"color: #800080;\"><strong>Horoskop<\/strong><\/span><\/h3>\n\n\n<div class=\"wp-block-image\">\n<figure class=\"alignleft size-large\"><img loading=\"lazy\" decoding=\"async\" width=\"116\" height=\"111\" src=\"https:\/\/moirai.si\/wp-content\/uploads\/2020\/01\/horoskop.jpg\" alt=\"\" class=\"wp-image-15659\"\/><\/figure>\n<\/div>\n\n\n<ul class=\"wp-block-list\">\n<li>Widder, Wassermann, Fische, Steinbock<\/li>\n<\/ul>","protected":false},"excerpt":{"rendered":"<p>Zgodovina Zdravilno * Metafizi\u010dne lastnosti \u010cakra ** Navedene zdravilne in metafizi\u010dne lastnosti kamnov so zbrane iz ve\u010d razli\u010dnih virov. Informacije so na voljo le kot storitev in ne za zdravljenje bolezni. Moirai.si ne jam\u010di popolne veljavnosti navedenega. Zna\u010dilnosti minerala Kemijska sestava Fe2O3 Barva \u010drna, \u010drno-rjava, rjavo-rde\u010da Trdota (Mohs) 5.5-6.5 Gostota 5.26 Lomni koli\u010dnik 2.870-3.220 Kristalni [&hellip;]<\/p>\n","protected":false},"author":1,"featured_media":0,"parent":0,"menu_order":0,"comment_status":"closed","ping_status":"closed","template":"template-products-page.php","meta":{"footnotes":""},"class_list":["post-4192","page","type-page","status-publish","hentry"],"_links":{"self":[{"href":"https:\/\/moirai.si\/de\/wp-json\/wp\/v2\/pages\/4192","targetHints":{"allow":["GET"]}}],"collection":[{"href":"https:\/\/moirai.si\/de\/wp-json\/wp\/v2\/pages"}],"about":[{"href":"https:\/\/moirai.si\/de\/wp-json\/wp\/v2\/types\/page"}],"author":[{"embeddable":true,"href":"https:\/\/moirai.si\/de\/wp-json\/wp\/v2\/users\/1"}],"replies":[{"embeddable":true,"href":"https:\/\/moirai.si\/de\/wp-json\/wp\/v2\/comments?post=4192"}],"version-history":[{"count":12,"href":"https:\/\/moirai.si\/de\/wp-json\/wp\/v2\/pages\/4192\/revisions"}],"predecessor-version":[{"id":27139,"href":"https:\/\/moirai.si\/de\/wp-json\/wp\/v2\/pages\/4192\/revisions\/27139"}],"wp:attachment":[{"href":"https:\/\/moirai.si\/de\/wp-json\/wp\/v2\/media?parent=4192"}],"curies":[{"name":"wp","href":"https:\/\/api.w.org\/{rel}","templated":true}]}}