{"id":4211,"date":"2015-12-07T19:33:35","date_gmt":"2015-12-07T19:33:35","guid":{"rendered":"http:\/\/moirai.si\/?page_id=4211"},"modified":"2026-01-02T13:53:11","modified_gmt":"2026-01-02T13:53:11","slug":"jaspis","status":"publish","type":"page","link":"https:\/\/moirai.si\/de\/jaspis\/","title":{"rendered":"Jaspis"},"content":{"rendered":"<div class=\"wp-block-button aligncenter\"><a class=\"wp-block-button__link has-text-color has-background wp-element-button\" href=\"https:\/\/moirai.si\/de\/produktkategorie-2\/kauf-nach-steinen\/jaspis\/\" style=\"color:#2d2c2c;background-color:#ddc942\" target=\"_blank\" rel=\"noreferrer noopener\">Shop Jaspis<\/a><\/div>\n\n\n\n<h3 class=\"wp-block-heading\"><span style=\"color: #800080;\"><strong>Geschichte<\/strong><\/span><\/h3>\n\n\n<div class=\"wp-block-image is-resized\">\n<figure class=\"alignright size-thumbnail\"><img decoding=\"async\" src=\"https:\/\/moirai.si\/wp-content\/uploads\/2020\/01\/jaspis-500x500.jpg\" alt=\"\" class=\"wp-image-15712\" style=\"width:125px\"\/><\/figure>\n<\/div>\n\n\n<ul class=\"wp-block-list\">\n<li>Jaspis ist eine Art von Kiesels\u00e4ure. Der Name \"Jaspis\" kommt vom griechischen Wort f\u00fcr \"gepunkteter Stein\". Der Name bezieht sich auf sein meist mehrfarbiges, gestreiftes, gepunktetes oder feuriges Aussehen. Jaspis kann in fast jeder Farbe vorkommen. Zu den h\u00e4ufigsten Mustern von Jaspis geh\u00f6ren interessante Marmormuster, kreisf\u00f6rmige Ringe, Streifen und Punkte.<\/li>\n\n\n\n<li><span style=\"color: #800080;\">Synonyme, alte Namen, Handelsnamen: <\/span>Achat-Jaspis, Basanit, Breccia-Jaspis, Schwarzer Jaspis, Dalmatiner-Jaspis, \u00c4gyptischer Jaspis, Kambaba-Jaspis, Blut-Jaspis, Leopardenhaut-Jaspis, Mokait, Ozean-Jaspis, Provinzial-Jaspis, Roter Jaspis, Roter Malachit, Rhyolith, Gelber Jaspis, Silex, Turitela-Jaspis, Zebra-Jaspis, Gr\u00fcner Jaspis...<\/li>\n<\/ul>\n\n\n\n<h3 class=\"wp-block-heading\"><span style=\"color: #800080;\"><strong>Medizinische * Metaphysische Eigenschaften<\/strong><\/span><\/h3>\n\n\n\n<ul class=\"wp-block-list\">\n<li>Allergien, Astralreisen, Aura, Schmerz, Emotionen, Energie, Haut, Blut, Blutungen, Nieren, Ruhe, negative Energie, Verantwortung, Genesung, Immunsystem, Instinkt, Mut, Geduld, Verdauung, Verdauungstrakt, Erdung, entgiftet Organe, Geweberegeneration, Strahlung, Herz, F\u00fc\u00dfe, Angst, Trost, Kreativit\u00e4t, W\u00e4rme, Bildung, Schutz, Magen...<\/li>\n<\/ul>\n\n\n\n<ul class=\"wp-block-list\">\n<li><strong><span style=\"color: #800080;\">Brecia Jaspis<\/span><\/strong> ist gut f\u00fcr Erdung und Schutz. Es erh\u00f6ht die organisatorischen F\u00e4higkeiten und die Entwicklung der Kreativit\u00e4t. Er f\u00f6rdert das Einf\u00fchlungsverm\u00f6gen und hilft uns bei Allergien. Absorbiert negative Energie. Reinigt und stabilisiert das aurische Feld. Sie eignet sich hervorragend zur Entgiftung des K\u00f6rpers und hilft bei Herz- und Blutproblemen.<\/li>\n\n\n\n<li><span style=\"color: #800080;\"><strong>Schwarzer Jaspis<\/strong><\/span> ist ein Schutzstein und eignet sich hervorragend zur Erdung. Er ist n\u00fctzlich, um alle Arten von Schmerzen zu lindern. Er hilft uns bei Magen- und Fu\u00dfproblemen. Er gleicht die Mineralien im K\u00f6rper aus und hilft uns bei der Genesung nach l\u00e4ngerer Krankheit oder einer Operation.<\/li>\n\n\n\n<li><span style=\"color: #800080;\"><strong>Dalmatiner Jaspis<\/strong><\/span> ist ein erdender Stein. Er reinigt das Blut, die Aura und alle anderen nicht-funktionalen Energien. St\u00e4rkt das Immunsystem. Hilft, Emotionen zu harmonisieren und Ruhe zu bewahren. Die auff\u00e4lligen schwarzen Punkte sind schwarze Turmaline, die negative Energie sehr gut absorbieren.<\/li>\n\n\n\n<li><strong><span style=\"color: #800080;\">Leopardenfell<\/span><\/strong> - Leber, Frieden, Kraft, negative Energie, Fruchtbarkeit, Verdauungssystem, Blutfluss, Stabilit\u00e4t, Stress, Schw\u00e4che, Nierenprobleme, Unterleib, Vitalit\u00e4t, Milz, Schutz, Gallenblase...<\/li>\n\n\n\n<li><span style=\"color: #800080;\"><strong>Mokait Jaspis<\/strong><\/span> ist ein kraftvoller Heilstein. Er verbindet uns mit den Energien der Erde und erm\u00f6glicht eine gr\u00f6\u00dfere Verbindung zum Instinkt. Er bringt ein intuitives Verst\u00e4ndnis f\u00fcr die nat\u00fcrliche Entwicklung des Geistes. Er gleicht aus und verbessert den Energiefluss zwischen den Chakren. Hilft, den Alterungsprozess zu verlangsamen.<\/li>\n\n\n\n<li><span style=\"color: #800080;\"><strong>Ozeanischer Jaspis<\/strong><\/span> hilft Ihnen, Verantwortung zu \u00fcbernehmen und geduldig zu sein. Er verbessert den Verdauungsprozess und beseitigt Giftstoffe, die K\u00f6rpergeruch und Krankheiten verursachen. Er ist ein Stein der Freude. Er f\u00f6rdert die Tiefenentspannung. Er bes\u00e4nftigt Traurigkeit aus der Vergangenheit und gibt uns Optimismus. Beruhigt Stress und f\u00f6rdert den Frieden. Er stabilisiert die Aura. Er ist eine ausgezeichnete Hilfe bei der Meditation. Er wird als Talisman der Geduld verwendet.<\/li>\n\n\n\n<li><span style=\"color: #800080;\"><strong>Provinz Jaspis<\/strong><\/span> f\u00f6rdert die Kreativit\u00e4t. Es bringt Trost und baut \u00c4ngste ab. Es entfernt Giftstoffe aus dem K\u00f6rper und st\u00e4rkt das Immunsystem. Hilft bei Haut- und Nierenkrankheiten. Reduziert Strahlung. Er ist ein sch\u00fctzender und n\u00e4hrender Stein, der uns in schwierigen Momenten Trost spendet. Er ist der perfekte Stein f\u00fcr alle K\u00fcnstler, die Inspiration suchen. Er bringt Sicherheit und Stabilit\u00e4t in unser Leben.<\/li>\n\n\n\n<li><span style=\"color: #800080;\"><strong>Roter Jaspis<\/strong><\/span> kann bei Astralreisen verwendet werden und h\u00e4lt uns sehr geerdet. Es hilft uns, Gerechtigkeit zu finden und lehrt uns gleichzeitig, Verantwortung zu \u00fcbernehmen. Er lenkt uns von Situationen ab, die nicht gut f\u00fcr uns sind. Er st\u00e4rkt das Immunsystem und lindert verschiedene Arten von Schmerzen. Sie stoppt Blutungen und hilft bei Fieber. Neutralisiert Strahlung und andere Formen von Umweltverschmutzung und Elektrosmog. Reinigt und stabilisiert die Aura.<\/li>\n\n\n\n<li><span style=\"color: #800080;\"><strong>Gelber Jaspis<\/strong><\/span> ist ein Schutzstein. Er neutralisiert Strahlung und andere Formen der Umweltverschmutzung und des Elektrosmogs. Er ist ein Stein der Bildung. Er hilft bei Magen- und Darmbeschwerden, lindert Bl\u00e4hungen und f\u00f6rdert die Regeneration des Gewebes. Er entgiftet die Organe und f\u00f6rdert die Verdauung. Er macht Mut und gibt Schutz. Er unterst\u00fctzt uns in Zeiten von Stress und \u00c4ngsten und hilft, Nerven und Emotionen zu beruhigen.<\/li>\n\n\n\n<li><span style=\"color: #800080;\"><strong>Zebra Jaspis<\/strong><\/span> (Spider's Jaspis Grid) ist hervorragend zur Erdung und Stabilisierung geeignet. Es ist ein sehr geeigneter Stein f\u00fcr Trost und hat eine positive Wirkung auf die Aura und Chakren. Er ist n\u00fctzlich f\u00fcr jeden, der sich von einer Krankheit oder Verletzung erholt.<\/li>\n\n\n\n<li><span style=\"color: #800080;\"><strong>Gr\u00fcner Jaspis<\/strong><\/span> ist der Stein des Gleichgewichts. Er heilt und befreit von Krankheiten und verschiedenen Besessenheiten. Er st\u00e4rkt das Immunsystem und entgiftet den K\u00f6rper. Sch\u00fctzt vor Umweltverschmutzung. Hilft bei Hautkrankheiten. Heilt Krankheiten des Oberk\u00f6rpers und des Verdauungstrakts.<\/li>\n\n\n\n<li><span style=\"color: #800080;\"><strong>Kambaba Jaspis<\/strong><\/span>: srce, travma, \u017ealost, jeza, ljubosumje, meditacija, mir, travma, osredoto\u010denost, rak, blaginja, vnetja, plodnost&#8230;<\/li>\n<\/ul>\n\n\n\n<div class=\"wp-block-button aligncenter\"><a class=\"wp-block-button__link has-text-color has-background wp-element-button\" href=\"https:\/\/moirai.si\/de\/produktkategorie-2\/kauf-nach-steinen\/jaspis\/\" style=\"color:#2d2c2c;background-color:#ddc942\" target=\"_blank\" rel=\"noreferrer noopener\">Shop Jaspis<\/a><\/div>\n\n\n<div class=\"wp-block-image is-resized\">\n<figure class=\"alignleft\"><a href=\"https:\/\/moirai.si\/de\/kakra\/\"><img loading=\"lazy\" decoding=\"async\" width=\"500\" height=\"500\" src=\"https:\/\/moirai.si\/wp-content\/uploads\/2019\/09\/\u010dakra.jpg\" alt=\"\" class=\"wp-image-14534\" style=\"width:125px\" srcset=\"https:\/\/moirai.si\/wp-content\/uploads\/2019\/09\/\u010dakra.jpg 500w, https:\/\/moirai.si\/wp-content\/uploads\/2019\/09\/\u010dakra-100x100.jpg 100w\" sizes=\"auto, (max-width: 500px) 100vw, 500px\" \/><\/a><\/figure>\n<\/div>\n\n\n<p><a href=\"https:\/\/moirai.si\/de\/kakra\/\">Chakra<\/a><\/p>\n\n\n\n<p class=\"has-small-font-size\">** Die heilenden und metaphysischen Eigenschaften der aufgelisteten Steine wurden aus verschiedenen Quellen zusammengetragen. Die Informationen werden nur als Service und nicht f\u00fcr die Behandlung von Krankheiten zur Verf\u00fcgung gestellt. Moirai.si \u00fcbernimmt keine Garantie f\u00fcr die volle G\u00fcltigkeit der bereitgestellten Informationen.<\/p>\n\n\n\n<h3 class=\"wp-block-heading\"><span style=\"color: #800080;\"><strong>Merkmale des Minerals<\/strong><\/span><\/h3>\n\n\n\n<figure class=\"wp-block-table\"><table><tbody><tr><td>Chemische Zusammensetzung<\/td><td>SiO<sub>2<\/sub><\/td><\/tr><tr><td>Farbe<\/td><td>ziegelrot<\/td><\/tr><tr><td>H\u00e4rte (Mohs)<\/td><td>6.5- 7<\/td><\/tr><tr><td>Dichte<\/td><td>2.58-2.91<\/td><\/tr><tr><td>Brechungsindex<\/td><td>1.540<\/td><\/tr><tr><td>System Kristall<\/td><td>Trigonal<\/td><\/tr><\/tbody><\/table><\/figure>\n\n\n\n<h3 class=\"wp-block-heading\"><span style=\"color: #800080;\"><strong>Herkunft und Quellen des Minerals<\/strong><\/span><\/h3>\n\n\n<div class=\"wp-block-image is-resized\">\n<figure class=\"alignleft size-large\"><img loading=\"lazy\" decoding=\"async\" width=\"189\" height=\"104\" src=\"https:\/\/moirai.si\/wp-content\/uploads\/2020\/01\/svet.jpg\" alt=\"\" class=\"wp-image-15658\" style=\"width:125px\"\/><\/figure>\n<\/div>\n\n\n<ul class=\"wp-block-list\">\n<li>Australien, Brasilien, Kanada, \u00c4gypten, Indien, Indonesien, Kasachstan, Madagaskar, Mexiko, Russland, Uruguay, Venezuela, Arizona, Kalifornien, Idaho, Oregon, Texas, USA...<\/li>\n<\/ul>\n\n\n\n<h3 class=\"wp-block-heading\"><span style=\"color: #800080;\"><strong>Pflege<\/strong><\/span><\/h3>\n\n\n\n<ul class=\"wp-block-list\">\n<li>Jasper l\u00e4sst sich leicht mit warmem Seifenwasser und einem weichen Tuch oder einer B\u00fcrste reinigen. Achten Sie darauf, dass Sie ihn gut absp\u00fclen, um Seifenreste zu entfernen. Jaspis ist recht por\u00f6s, was dazu f\u00fchrt, dass er schnell Flecken bekommt, da er leicht andere Chemikalien und Farben aufnimmt. Vermeiden Sie l\u00e4ngere Hitzeeinwirkung, da Erhitzung die Farbe Ihrer Steine dauerhaft ver\u00e4ndern kann. Wenn Sie Steinschmuck oder die Steine selbst aufbewahren, legen Sie sie am besten in eine mit Stoff ausgekleidete Schachtel oder wickeln Sie sie getrennt von anderen Steinen in Stoff ein, um Besch\u00e4digungen und Kratzer zu vermeiden.<\/li>\n\n\n\n<li>Es ist ratsam, den Schmuck bei gr\u00f6\u00dferen k\u00f6rperlichen Aktivit\u00e4ten wie Bewegung oder Sport abzulegen. Vermeiden Sie es, Parf\u00fcm und Haarspray direkt auf Ihren Schmuck und Ihre Steine zu spr\u00fchen.<\/li>\n<\/ul>\n\n\n\n<div class=\"wp-block-button aligncenter\"><a class=\"wp-block-button__link has-text-color has-background wp-element-button\" href=\"https:\/\/moirai.si\/de\/produktkategorie-2\/kauf-nach-steinen\/jaspis\/\" style=\"color:#2d2c2c;background-color:#ddc942\" target=\"_blank\" rel=\"noreferrer noopener\">Shop Jaspis<\/a><\/div>\n\n\n\n<p class=\"has-text-align-center\">F\u00fcr <strong><span style=\"color: #800080;\">10<\/span>%<\/strong> Verwenden Sie den Code, um beim Online-Kauf einen Rabatt zu erhalten: <span style=\"color: #800080;\"><strong>moirai26 <\/strong><\/span>(koda je veljavna do 31.12.2026)!<\/p>\n\n\n\n<h3 class=\"wp-block-heading\"><span style=\"color: #800080;\"><strong>Horoskop<\/strong><\/span><\/h3>\n\n\n<div class=\"wp-block-image\">\n<figure class=\"alignleft size-large\"><img loading=\"lazy\" decoding=\"async\" width=\"116\" height=\"111\" src=\"https:\/\/moirai.si\/wp-content\/uploads\/2020\/01\/horoskop.jpg\" alt=\"\" class=\"wp-image-15659\"\/><\/figure>\n<\/div>\n\n\n<ul class=\"wp-block-list\">\n<li>L\u00f6we, Jungfrau, Skorpion, Wassermann, Widder<\/li>\n<\/ul>","protected":false},"excerpt":{"rendered":"<p>Zgodovina Zdravilno * Metafizi\u010dne lastnosti \u010cakra ** Navedene zdravilne in metafizi\u010dne lastnosti kamnov so zbrane iz ve\u010d razli\u010dnih virov. Informacije so na voljo le kot storitev in ne za zdravljenje bolezni. Moirai.si ne jam\u010di popolne veljavnosti navedenega. Zna\u010dilnosti minerala Kemijska sestava SiO2 Barva ope\u010dnato rde\u010da Trdota (Mohs) 6.5- 7 Gostota 2.58-2.91 Lomni koli\u010dnik 1.540 Kristalni [&hellip;]<\/p>\n","protected":false},"author":1,"featured_media":0,"parent":0,"menu_order":0,"comment_status":"closed","ping_status":"closed","template":"template-products-page.php","meta":{"footnotes":""},"class_list":["post-4211","page","type-page","status-publish","hentry"],"_links":{"self":[{"href":"https:\/\/moirai.si\/de\/wp-json\/wp\/v2\/pages\/4211","targetHints":{"allow":["GET"]}}],"collection":[{"href":"https:\/\/moirai.si\/de\/wp-json\/wp\/v2\/pages"}],"about":[{"href":"https:\/\/moirai.si\/de\/wp-json\/wp\/v2\/types\/page"}],"author":[{"embeddable":true,"href":"https:\/\/moirai.si\/de\/wp-json\/wp\/v2\/users\/1"}],"replies":[{"embeddable":true,"href":"https:\/\/moirai.si\/de\/wp-json\/wp\/v2\/comments?post=4211"}],"version-history":[{"count":14,"href":"https:\/\/moirai.si\/de\/wp-json\/wp\/v2\/pages\/4211\/revisions"}],"predecessor-version":[{"id":27197,"href":"https:\/\/moirai.si\/de\/wp-json\/wp\/v2\/pages\/4211\/revisions\/27197"}],"wp:attachment":[{"href":"https:\/\/moirai.si\/de\/wp-json\/wp\/v2\/media?parent=4211"}],"curies":[{"name":"wp","href":"https:\/\/api.w.org\/{rel}","templated":true}]}}