{"id":4215,"date":"2015-12-07T19:50:07","date_gmt":"2015-12-07T19:50:07","guid":{"rendered":"http:\/\/moirai.si\/?page_id=4215"},"modified":"2026-01-02T13:54:01","modified_gmt":"2026-01-02T13:54:01","slug":"chalcedon","status":"publish","type":"page","link":"https:\/\/moirai.si\/de\/kalcedon\/","title":{"rendered":"Chalzedon"},"content":{"rendered":"<div class=\"wp-block-button aligncenter\"><a class=\"wp-block-button__link has-text-color has-background wp-element-button\" href=\"https:\/\/moirai.si\/de\/produktkategorie-2\/kauf-nach-steinen\/chalcedon\/\" style=\"color:#2d2c2c;background-color:#ddc942\" target=\"_blank\" rel=\"noreferrer noopener\">Shop Chalzedon<\/a><\/div>\n\n\n\n<h3 class=\"wp-block-heading\"><span style=\"color: #800080;\"><strong>Geschichte<\/strong><\/span><\/h3>\n\n\n<div class=\"wp-block-image is-resized\">\n<figure class=\"alignright size-thumbnail\"><img decoding=\"async\" src=\"https:\/\/moirai.si\/wp-content\/uploads\/2020\/01\/kalcedon-500x500.jpg\" alt=\"\" class=\"wp-image-15715\" style=\"width:125px\"\/><\/figure>\n<\/div>\n\n\n<ul class=\"wp-block-list\">\n<li>Der eigentliche Name Chalcedon soll vom lateinischen Wort \"Chalcedonius\" abgeleitet sein, das wiederum auf den Namen der antiken kleinasiatischen Hafenstadt \"Chalcedon\", dem heutigen Kadik\u00f6y in der T\u00fcrkei, zur\u00fcckgehen soll. Er geh\u00f6rt zur Gruppe der Quarzmineralien und zeichnet sich durch seine Lichtdurchl\u00e4ssigkeit aus. Er hat eine feste, helle Farbe, die gew\u00f6hnlich von bl\u00e4ulich bis wei\u00df oder grau reicht. Chalcedon ist ein kompaktes Siliciumdioxid-Mineral und kommt am h\u00e4ufigsten in Sedimentgestein und vulkanischem Umfeld vor. Die Bildung selbst erfolgt im Laufe der Zeit, wenn sich die Mineralien langsam in einer Tasche einer anderen Gesteinsart wie Granit ablagern. Gebiete mit starker vulkanischer Aktivit\u00e4t beherbergen die reichsten Chalcedonvorkommen.<\/li>\n\n\n\n<li><span style=\"color: #800080;\">Synonyme, alte Namen, Handelsnamen:<\/span> Blauer\/brauner Lacy Achat, Quarzit, Lidit, Lutecit...<\/li>\n<\/ul>\n\n\n\n<h3 class=\"wp-block-heading\"><span style=\"color: #800080;\"><strong>Medizinische * Metaphysische Eigenschaften<\/strong><\/span><\/h3>\n\n\n\n<ul class=\"wp-block-list\">\n<li>Asthma, Depression, Atemwege, Wohlt\u00e4tigkeit, Kehle, Stottern, Knochen, Knochenmark, Blutkreislauf, Niere, Leuk\u00e4mie, Kraft, Spannung, Augen, Reaktionsf\u00e4higkeit, Freundlichkeit, Schleimh\u00e4ute, Ged\u00e4chtnis, Aufnahmef\u00e4higkeit, Herz, Schilddr\u00fcse, Zittern, Gro\u00dfz\u00fcgigkeit, Freude, Wille, Fieber, Ausdauer, Aufregung...<\/li>\n<\/ul>\n\n\n\n<div class=\"wp-block-button aligncenter\"><a class=\"wp-block-button__link has-text-color has-background wp-element-button\" href=\"https:\/\/moirai.si\/de\/produktkategorie-2\/kauf-nach-steinen\/chalcedon\/\" style=\"color:#2d2c2c;background-color:#ddc942\" target=\"_blank\" rel=\"noreferrer noopener\">Shop Chalzedon<\/a><\/div>\n\n\n<div class=\"wp-block-image is-resized\">\n<figure class=\"alignleft\"><a href=\"https:\/\/moirai.si\/de\/kakra\/\"><img loading=\"lazy\" decoding=\"async\" width=\"500\" height=\"500\" src=\"https:\/\/moirai.si\/wp-content\/uploads\/2019\/09\/\u010dakra.jpg\" alt=\"\" class=\"wp-image-14534\" style=\"width:125px\" srcset=\"https:\/\/moirai.si\/wp-content\/uploads\/2019\/09\/\u010dakra.jpg 500w, https:\/\/moirai.si\/wp-content\/uploads\/2019\/09\/\u010dakra-100x100.jpg 100w\" sizes=\"auto, (max-width: 500px) 100vw, 500px\" \/><\/a><\/figure>\n<\/div>\n\n\n<p><a href=\"https:\/\/moirai.si\/de\/kakra\/\">Chakra<\/a><\/p>\n\n\n\n<p class=\"has-small-font-size\">** Die heilenden und metaphysischen Eigenschaften der aufgelisteten Steine wurden aus verschiedenen Quellen zusammengetragen. Die Informationen werden nur als Service und nicht f\u00fcr die Behandlung von Krankheiten zur Verf\u00fcgung gestellt. Moirai.si \u00fcbernimmt keine Garantie f\u00fcr die volle G\u00fcltigkeit der bereitgestellten Informationen.<\/p>\n\n\n\n<h3 class=\"wp-block-heading\"><span style=\"color: #800080;\"><strong>Merkmale des Minerals<\/strong><\/span><\/h3>\n\n\n\n<figure class=\"wp-block-table\"><table><tbody><tr><td>Chemische Zusammensetzung<\/td><td>SiO<sub>2<\/sub><\/td><\/tr><tr><td>Farbe<\/td><td>hellblau, hellblau-wei\u00df<\/td><\/tr><tr><td>H\u00e4rte (Mohs)<\/td><td>6-7<\/td><\/tr><tr><td>Dichte<\/td><td>2.59-2.61<\/td><\/tr><tr><td>Brechungsindex<\/td><td>1.544-1.553<\/td><\/tr><tr><td>System Kristall<\/td><td>Trigonal<\/td><\/tr><\/tbody><\/table><\/figure>\n\n\n\n<h3 class=\"wp-block-heading\"><span style=\"color: #800080;\"><strong>Herkunft und Quellen des Minerals<\/strong><\/span><\/h3>\n\n\n<div class=\"wp-block-image is-resized\">\n<figure class=\"alignleft size-large\"><img loading=\"lazy\" decoding=\"async\" width=\"189\" height=\"104\" src=\"https:\/\/moirai.si\/wp-content\/uploads\/2020\/01\/svet.jpg\" alt=\"\" class=\"wp-image-15658\" style=\"width:125px\"\/><\/figure>\n<\/div>\n\n\n<ul class=\"wp-block-list\">\n<li>USA, Uruguay, Indien, Madagaskar, Birma, Mexiko, Brasilien, Afrika...<\/li>\n<\/ul>\n\n\n\n<h3 class=\"wp-block-heading\"><span style=\"color: #800080;\"><strong>Pflege<\/strong><\/span><\/h3>\n\n\n\n<ul class=\"wp-block-list\">\n<li>Der Chalcedon l\u00e4sst sich leicht mit warmem Seifenwasser und einem weichen Tuch oder einer B\u00fcrste reinigen. Achten Sie darauf, ihn gut abzusp\u00fclen und alle Seifenreste zu entfernen. Wie bei den meisten Edelsteinen sollten Sie keine scharfen Haushaltschemikalien (Bleichmittel, S\u00e4ure usw.) verwenden. Chalcedon ist recht por\u00f6s, was bedeutet, dass er leicht gef\u00e4rbt werden kann, da er Chemikalien und Farben sehr leicht aufnimmt. Vermeiden Sie l\u00e4ngere Hitzeeinwirkung, denn das Erhitzen von Quarz kann die Farbe Ihrer Edelsteine dauerhaft ver\u00e4ndern.<\/li>\n\n\n\n<li>Bei der Aufbewahrung von Steinschmuck oder den Steinen selbst ist es am besten, sie in einer mit Stoff bezogenen Schachtel aufzubewahren oder sie getrennt von anderen Steinen in ein Tuch zu wickeln, um Besch\u00e4digungen und Kratzer zu vermeiden. Es ist ratsam, den Schmuck bei gr\u00f6\u00dferen k\u00f6rperlichen Aktivit\u00e4ten wie Gymnastik oder Sport abzulegen. Vermeiden Sie es, Parf\u00fcm und Haarspray direkt auf Ihren Schmuck und Ihre Steine zu spr\u00fchen.<\/li>\n<\/ul>\n\n\n\n<div class=\"wp-block-button aligncenter\"><a class=\"wp-block-button__link has-text-color has-background wp-element-button\" href=\"https:\/\/moirai.si\/de\/produktkategorie-2\/kauf-nach-steinen\/chalcedon\/\" style=\"color:#2d2c2c;background-color:#ddc942\" target=\"_blank\" rel=\"noreferrer noopener\">Shop Chalzedon<\/a><\/div>\n\n\n\n<p class=\"has-text-align-center\">F\u00fcr <strong><span style=\"color: #800080;\">10<\/span>%<\/strong> Verwenden Sie den Code, um beim Online-Kauf einen Rabatt zu erhalten: <span style=\"color: #800080;\"><strong>moirai26<\/strong> <\/span><span style=\"color: #800080;\"><\/span>(koda je veljavna do 31.12.2026)!<\/p>\n\n\n\n<h3 class=\"wp-block-heading\"><span style=\"color: #800080;\"><strong>Horoskop<\/strong><\/span><\/h3>\n\n\n<div class=\"wp-block-image\">\n<figure class=\"alignleft size-large\"><img loading=\"lazy\" decoding=\"async\" width=\"116\" height=\"111\" src=\"https:\/\/moirai.si\/wp-content\/uploads\/2020\/01\/horoskop.jpg\" alt=\"\" class=\"wp-image-15659\"\/><\/figure>\n<\/div>\n\n\n<ul class=\"wp-block-list\">\n<li>Krebs, Jungfrau, Sch\u00fctze, Wassermann, Widder, Stier, Skorpion<\/li>\n<\/ul>","protected":false},"excerpt":{"rendered":"<p>Zgodovina Zdravilno * Metafizi\u010dne lastnosti \u010cakra ** Navedene zdravilne in metafizi\u010dne lastnosti kamnov so zbrane iz ve\u010d razli\u010dnih virov. Informacije so na voljo le kot storitev in ne za zdravljenje bolezni. Moirai.si ne jam\u010di popolne veljavnosti navedenega. Zna\u010dilnosti minerala Kemijska sestava SiO2 Barva svetlo modra, svetlo modro-bela Trdota (Mohs) 6-7 Gostota 2.59-2.61 Lomni koli\u010dnik 1.544-1.553 [&hellip;]<\/p>\n","protected":false},"author":1,"featured_media":0,"parent":0,"menu_order":0,"comment_status":"closed","ping_status":"closed","template":"template-products-page.php","meta":{"footnotes":""},"class_list":["post-4215","page","type-page","status-publish","hentry"],"_links":{"self":[{"href":"https:\/\/moirai.si\/de\/wp-json\/wp\/v2\/pages\/4215","targetHints":{"allow":["GET"]}}],"collection":[{"href":"https:\/\/moirai.si\/de\/wp-json\/wp\/v2\/pages"}],"about":[{"href":"https:\/\/moirai.si\/de\/wp-json\/wp\/v2\/types\/page"}],"author":[{"embeddable":true,"href":"https:\/\/moirai.si\/de\/wp-json\/wp\/v2\/users\/1"}],"replies":[{"embeddable":true,"href":"https:\/\/moirai.si\/de\/wp-json\/wp\/v2\/comments?post=4215"}],"version-history":[{"count":14,"href":"https:\/\/moirai.si\/de\/wp-json\/wp\/v2\/pages\/4215\/revisions"}],"predecessor-version":[{"id":27198,"href":"https:\/\/moirai.si\/de\/wp-json\/wp\/v2\/pages\/4215\/revisions\/27198"}],"wp:attachment":[{"href":"https:\/\/moirai.si\/de\/wp-json\/wp\/v2\/media?parent=4215"}],"curies":[{"name":"wp","href":"https:\/\/api.w.org\/{rel}","templated":true}]}}