{"id":4219,"date":"2015-12-07T20:03:16","date_gmt":"2015-12-07T20:03:16","guid":{"rendered":"http:\/\/moirai.si\/?page_id=4219"},"modified":"2026-01-02T13:55:13","modified_gmt":"2026-01-02T13:55:13","slug":"karneol","status":"publish","type":"page","link":"https:\/\/moirai.si\/de\/karneol\/","title":{"rendered":"Carneol"},"content":{"rendered":"<div class=\"wp-block-button aligncenter\"><a class=\"wp-block-button__link has-text-color has-background wp-element-button\" href=\"https:\/\/moirai.si\/de\/produktkategorie-2\/kauf-nach-steinen\/karneol\/\" style=\"color:#2d2c2c;background-color:#ddc942\" target=\"_blank\" rel=\"noreferrer noopener\">Shop Carneol<\/a><\/div>\n\n\n\n<h3 class=\"wp-block-heading\"><span style=\"color: #800080;\"><strong>Geschichte<\/strong><\/span><\/h3>\n\n\n<div class=\"wp-block-image is-resized\">\n<figure class=\"alignright size-thumbnail\"><img decoding=\"async\" src=\"https:\/\/moirai.si\/wp-content\/uploads\/2020\/01\/karneol-500x500.jpg\" alt=\"\" class=\"wp-image-15721\" style=\"width:125px\"\/><\/figure>\n<\/div>\n\n\n<ul class=\"wp-block-list\">\n<li>Karneol wurde nach der rot-orangefarbenen Kornelkirsche benannt und geh\u00f6rt zur Gruppe der Quarze. Er wird nach seiner charakteristischen Farbe klassifiziert, die als rot-orange bis br\u00e4unlich-rote Farbe des Quarz-Typs definiert ist. Seine Farbe entsteht durch Eisenverunreinigungen, die sich in den farblosen Quarzkristallen bilden.<\/li>\n\n\n\n<li><span style=\"color: #800080;\">Synonyme, alte Namen, Handelsnamen:<\/span> Aprikose Ahat...<\/li>\n<\/ul>\n\n\n\n<h3 class=\"wp-block-heading\"><span style=\"color: #800080;\"><strong>Medizinische * Metaphysische Eigenschaften<\/strong><\/span><\/h3>\n\n\n\n<ul class=\"wp-block-list\">\n<li>Schmerzen, Depressionen, Zahnfleisch, Gewichtsverlust, Immunsystem, Leber, Haut, Blut, Blutungen, Nieren, Blase, Menstruation, Ruhe, negative Energie, Unaufmerksamkeit, Augen, Lunge, Fruchtbarkeit, Mut, Geburt, Verdauung, Kreislauf, Prostata, Wunden, Rheuma, An\u00e4mie, \u00dcbelkeit, Gl\u00fcck, Bauch, Freude, Vitalit\u00e4t, Milz, Schutz...<\/li>\n\n\n\n<li>Die Kombination von Heliotrop und Karneol hilft bei der erg\u00e4nzenden Behandlung von Leber- und Nierenkrebs, da sie negative Energien transformieren und reinigen soll.<\/li>\n<\/ul>\n\n\n\n<div class=\"wp-block-button aligncenter\"><a class=\"wp-block-button__link has-text-color has-background wp-element-button\" href=\"https:\/\/moirai.si\/de\/produktkategorie-2\/kauf-nach-steinen\/karneol\/\" style=\"color:#2d2c2c;background-color:#ddc942\" target=\"_blank\" rel=\"noreferrer noopener\">Shop Carneol<\/a><\/div>\n\n\n<div class=\"wp-block-image is-resized\">\n<figure class=\"alignleft\"><a href=\"https:\/\/moirai.si\/de\/kakra\/\"><img loading=\"lazy\" decoding=\"async\" width=\"500\" height=\"500\" src=\"https:\/\/moirai.si\/wp-content\/uploads\/2019\/09\/\u010dakra.jpg\" alt=\"\" class=\"wp-image-14534\" style=\"width:125px\" srcset=\"https:\/\/moirai.si\/wp-content\/uploads\/2019\/09\/\u010dakra.jpg 500w, https:\/\/moirai.si\/wp-content\/uploads\/2019\/09\/\u010dakra-100x100.jpg 100w\" sizes=\"auto, (max-width: 500px) 100vw, 500px\" \/><\/a><\/figure>\n<\/div>\n\n\n<p><a href=\"https:\/\/moirai.si\/de\/kakra\/\">Chakra<\/a><\/p>\n\n\n\n<p class=\"has-small-font-size\">** Die heilenden und metaphysischen Eigenschaften der aufgelisteten Steine wurden aus verschiedenen Quellen zusammengetragen. Die Informationen werden nur als Service und nicht f\u00fcr die Behandlung von Krankheiten zur Verf\u00fcgung gestellt. Moirai.si \u00fcbernimmt keine Garantie f\u00fcr die volle G\u00fcltigkeit der bereitgestellten Informationen.<\/p>\n\n\n\n<h3 class=\"wp-block-heading\">&nbsp;<span style=\"color: #800080;\"><strong>Merkmale des Minerals<\/strong><\/span><\/h3>\n\n\n\n<figure class=\"wp-block-table\"><table><tbody><tr><td>Chemische Zusammensetzung<\/td><td>SiO<sub>2<\/sub><\/td><\/tr><tr><td>Farbe<\/td><td>blutrot bis rot-braun<\/td><\/tr><tr><td>H\u00e4rte (Mohs)<\/td><td>6-7<\/td><\/tr><tr><td>Dichte<\/td><td>2.59-2.61<\/td><\/tr><tr><td>Brechungsindex<\/td><td>1.530-1.539<\/td><\/tr><tr><td>System Kristall<\/td><td>Trigonal<\/td><\/tr><\/tbody><\/table><\/figure>\n\n\n\n<h3 class=\"wp-block-heading\"><span style=\"color: #800080;\"><strong>Herkunft und Quellen des Minerals<\/strong><\/span><\/h3>\n\n\n<div class=\"wp-block-image is-resized\">\n<figure class=\"alignleft size-large\"><img loading=\"lazy\" decoding=\"async\" width=\"189\" height=\"104\" src=\"https:\/\/moirai.si\/wp-content\/uploads\/2020\/01\/svet.jpg\" alt=\"\" class=\"wp-image-15658\" style=\"width:125px\"\/><\/figure>\n<\/div>\n\n\n<ul class=\"wp-block-list\">\n<li>Indien, Brasilien, Madagaskar, Uruguay und die USA.<\/li>\n<\/ul>\n\n\n\n<h3 class=\"wp-block-heading\"><span style=\"color: #800080;\"><strong>Pflege<\/strong><\/span><\/h3>\n\n\n\n<ul class=\"wp-block-list\">\n<li>Karneol l\u00e4sst sich leicht mit warmem Seifenwasser und einem weichen Tuch oder einer B\u00fcrste reinigen. Achten Sie darauf, den Karneol gut abzusp\u00fclen, um eventuelle Seifenreste zu entfernen. Wie bei den meisten anderen Steinen sollten Sie keine scharfen Haushaltschemikalien verwenden, da diese die Farbe der Steine dauerhaft besch\u00e4digen k\u00f6nnen. Vermeiden Sie auch l\u00e4ngere Hitzeeinwirkung, da Hitze die Farbe Ihrer Steine besch\u00e4digen oder ver\u00e4ndern kann. Wenn Sie Steinschmuck oder die Steine selbst aufbewahren, legen Sie sie am besten in eine mit Stoff ausgekleidete Schachtel oder wickeln Sie sie getrennt von anderen Steinen in Stoff ein, um Besch\u00e4digungen und Kratzer zu vermeiden.<\/li>\n\n\n\n<li>Es ist ratsam, den Schmuck bei gr\u00f6\u00dferen k\u00f6rperlichen Aktivit\u00e4ten wie Bewegung oder Sport abzulegen. Vermeiden Sie es, Parf\u00fcm und Haarspray direkt auf Ihren Schmuck und Ihre Steine zu spr\u00fchen.<\/li>\n<\/ul>\n\n\n\n<div class=\"wp-block-button aligncenter\"><a class=\"wp-block-button__link has-text-color has-background wp-element-button\" href=\"https:\/\/moirai.si\/de\/produktkategorie-2\/kauf-nach-steinen\/karneol\/\" style=\"color:#2d2c2c;background-color:#ddc942\" target=\"_blank\" rel=\"noreferrer noopener\">Shop Carneol<\/a><\/div>\n\n\n\n<p class=\"has-text-align-center\">F\u00fcr <strong><span style=\"color: #800080;\">10<\/span>%<\/strong> Verwenden Sie den Code, um beim Online-Kauf einen Rabatt zu erhalten: <span style=\"color: #800080;\"><strong>moirai26 <\/strong><\/span>(koda je veljavna do 31.12.2026)!<\/p>\n\n\n\n<h3 class=\"wp-block-heading\"><span style=\"color: #800080;\"><strong>Horoskop<\/strong><\/span><\/h3>\n\n\n<div class=\"wp-block-image\">\n<figure class=\"alignleft size-large\"><img loading=\"lazy\" decoding=\"async\" width=\"116\" height=\"111\" src=\"https:\/\/moirai.si\/wp-content\/uploads\/2020\/01\/horoskop.jpg\" alt=\"\" class=\"wp-image-15659\"\/><\/figure>\n<\/div>\n\n\n<ul class=\"wp-block-list\">\n<li>Stier, Krebs, L\u00f6we, Waage, Jungfrau<\/li>\n<\/ul>","protected":false},"excerpt":{"rendered":"<p>Zgodovina Zdravilno * Metafizi\u010dne lastnosti \u010cakra ** Navedene zdravilne in metafizi\u010dne lastnosti kamnov so zbrane iz ve\u010d razli\u010dnih virov. Informacije so na voljo le kot storitev in ne za zdravljenje bolezni. Moirai.si ne jam\u010di popolne veljavnosti navedenega. &nbsp;Zna\u010dilnosti minerala Kemijska sestava SiO2 Barva krvavo rde\u010da do rde\u010de-rjava Trdota (Mohs) 6-7 Gostota 2.59-2.61 Lomni koli\u010dnik 1.530-1.539 [&hellip;]<\/p>\n","protected":false},"author":1,"featured_media":0,"parent":0,"menu_order":0,"comment_status":"closed","ping_status":"closed","template":"template-products-page.php","meta":{"footnotes":""},"class_list":["post-4219","page","type-page","status-publish","hentry"],"_links":{"self":[{"href":"https:\/\/moirai.si\/de\/wp-json\/wp\/v2\/pages\/4219","targetHints":{"allow":["GET"]}}],"collection":[{"href":"https:\/\/moirai.si\/de\/wp-json\/wp\/v2\/pages"}],"about":[{"href":"https:\/\/moirai.si\/de\/wp-json\/wp\/v2\/types\/page"}],"author":[{"embeddable":true,"href":"https:\/\/moirai.si\/de\/wp-json\/wp\/v2\/users\/1"}],"replies":[{"embeddable":true,"href":"https:\/\/moirai.si\/de\/wp-json\/wp\/v2\/comments?post=4219"}],"version-history":[{"count":13,"href":"https:\/\/moirai.si\/de\/wp-json\/wp\/v2\/pages\/4219\/revisions"}],"predecessor-version":[{"id":27201,"href":"https:\/\/moirai.si\/de\/wp-json\/wp\/v2\/pages\/4219\/revisions\/27201"}],"wp:attachment":[{"href":"https:\/\/moirai.si\/de\/wp-json\/wp\/v2\/media?parent=4219"}],"curies":[{"name":"wp","href":"https:\/\/api.w.org\/{rel}","templated":true}]}}