{"id":4230,"date":"2015-12-07T20:30:39","date_gmt":"2015-12-07T20:30:39","guid":{"rendered":"http:\/\/moirai.si\/?page_id=4230"},"modified":"2026-01-02T13:56:19","modified_gmt":"2026-01-02T13:56:19","slug":"koralle","status":"publish","type":"page","link":"https:\/\/moirai.si\/de\/korala\/","title":{"rendered":"Koralle"},"content":{"rendered":"<div class=\"wp-block-button aligncenter\"><a class=\"wp-block-button__link has-text-color has-background wp-element-button\" href=\"https:\/\/moirai.si\/de\/produktkategorie-2\/kauf-nach-steinen\/koralle\/\" style=\"color:#2d2c2c;background-color:#ddc942\" target=\"_blank\" rel=\"noreferrer noopener\">Shop Koralle<\/a><\/div>\n\n\n\n<h3 class=\"wp-block-heading\"><span style=\"color: #800080;\"><strong>Geschichte<\/strong><\/span><\/h3>\n\n\n<div class=\"wp-block-image is-resized\">\n<figure class=\"alignright size-thumbnail\"><img decoding=\"async\" src=\"https:\/\/moirai.si\/wp-content\/uploads\/2020\/01\/korala-500x500.jpg\" alt=\"\" class=\"wp-image-15729\" style=\"width:125px\"\/><\/figure>\n<\/div>\n\n\n<ul class=\"wp-block-list\">\n<li>Die Edelkoralle ist ein nat\u00fcrlicher Stein von Korallenqualit\u00e4t, der eng mit der Riffkoralle verwandt ist. Sie bildet sich tief am Grund des felsigen Meeresbodens, wo die Sedimentation gering ist. Sie w\u00e4chst in dunklen Umgebungen, in \u00fcber 500 Metern Tiefe, auch in H\u00f6hlen und Spalten. Korallen werden langsam von Korallenpolypen aufgebaut. Diese kleinen Meeresbewohner bilden innerhalb von Minuten harte Schalen, die sich mit dem Wachstum der Kolonie ansammeln. Schlie\u00dflich beginnt die Kolonie, komplexe Verzweigungen und Skelettstrukturen aus geh\u00e4rtetem Kalziumkarbonat zu bilden, die mit Carotinoiden gef\u00e4rbt sind. Diese Bioformationen wachsen sehr langsam, oft nur 1 Millimeter pro Jahr, und variieren von gro\u00dfen bis zu riesigen Korallenriffen.<\/li>\n<\/ul>\n\n\n\n<h3 class=\"wp-block-heading\"><span style=\"color: #800080;\"><strong>Medizinische * Metaphysische Eigenschaften<\/strong><\/span><\/h3>\n\n\n\n<ul class=\"wp-block-list\">\n<li>An\u00e4mie, Arthritis, Emotionen, Imagination, Intuition, Konzentration, Haut, Blut, Blutzellen, Blutsystem, Ruhe, Gewebereparatur, Gewebe, Lernen, Visualisierung, Nerven, Nervensystem...<\/li>\n<\/ul>\n\n\n\n<div class=\"wp-block-button aligncenter\"><a class=\"wp-block-button__link has-text-color has-background wp-element-button\" href=\"https:\/\/moirai.si\/de\/produktkategorie-2\/kauf-nach-steinen\/koralle\/\" style=\"color:#2d2c2c;background-color:#ddc942\" target=\"_blank\" rel=\"noreferrer noopener\">Shop Koralle<\/a><\/div>\n\n\n<div class=\"wp-block-image is-resized\">\n<figure class=\"alignleft\"><a href=\"https:\/\/moirai.si\/de\/kakra\/\"><img loading=\"lazy\" decoding=\"async\" width=\"500\" height=\"500\" src=\"https:\/\/moirai.si\/wp-content\/uploads\/2019\/09\/\u010dakra.jpg\" alt=\"\" class=\"wp-image-14534\" style=\"width:125px\" srcset=\"https:\/\/moirai.si\/wp-content\/uploads\/2019\/09\/\u010dakra.jpg 500w, https:\/\/moirai.si\/wp-content\/uploads\/2019\/09\/\u010dakra-100x100.jpg 100w\" sizes=\"auto, (max-width: 500px) 100vw, 500px\" \/><\/a><\/figure>\n<\/div>\n\n\n<p><a href=\"https:\/\/moirai.si\/de\/kakra\/\">Chakra<\/a><\/p>\n\n\n\n<p class=\"has-small-font-size\">** Die heilenden und metaphysischen Eigenschaften der aufgelisteten Steine wurden aus verschiedenen Quellen zusammengetragen. Die Informationen werden nur als Service und nicht f\u00fcr die Behandlung von Krankheiten zur Verf\u00fcgung gestellt. Moirai.si \u00fcbernimmt keine Garantie f\u00fcr die volle G\u00fcltigkeit der bereitgestellten Informationen.<\/p>\n\n\n\n<h3 class=\"wp-block-heading\"><span style=\"color: #800080;\"><strong>Merkmale des Minerals<\/strong><\/span><\/h3>\n\n\n\n<figure class=\"wp-block-table\"><table><tbody><tr><td>Chemische Zusammensetzung<\/td><td>CaCO<sub>3<\/sub><\/td><\/tr><tr><td>Farbe<\/td><td>Tiefrot bis zartrosa<\/td><\/tr><tr><td>H\u00e4rte (Mohs)<\/td><td>3-4<\/td><\/tr><tr><td>Dichte<\/td><td>2.60-2.70<\/td><\/tr><tr><td>Brechungsindex<\/td><td>1.486-1.658<\/td><\/tr><tr><td>System Kristall<\/td><td>Rautenf\u00f6rmig<\/td><\/tr><\/tbody><\/table><\/figure>\n\n\n\n<h3 class=\"wp-block-heading\"><span style=\"color: #800080;\"><strong>Herkunft und Quellen des Minerals<\/strong><\/span><\/h3>\n\n\n<div class=\"wp-block-image is-resized\">\n<figure class=\"alignleft size-large\"><img loading=\"lazy\" decoding=\"async\" width=\"189\" height=\"104\" src=\"https:\/\/moirai.si\/wp-content\/uploads\/2020\/01\/svet.jpg\" alt=\"\" class=\"wp-image-15658\" style=\"width:125px\"\/><\/figure>\n<\/div>\n\n\n<ul class=\"wp-block-list\">\n<li>Rotes Meer, Golf von Biskaya, Malaysia, Midway-Inseln, Japan, Taiwan, Australien<strong>, <\/strong>Hawaii...<\/li>\n<\/ul>\n\n\n\n<h3 class=\"wp-block-heading\"><span style=\"color: #800080;\"><strong>Pflege<\/strong><\/span><\/h3>\n\n\n\n<ul class=\"wp-block-list\">\n<li>Im Vergleich zu den meisten anderen Steinen ist Koralle nicht sehr haltbar und erfordert daher etwas mehr Pflege und Wartung als andere Edel- und Halbedelsteine. Koralle ist sehr empfindlich gegen\u00fcber S\u00e4uren und Hitze. Es ist auch bekannt, dass die Farbe mit der Zeit ausbleichen kann. Um den Farbverlust so gering wie m\u00f6glich zu halten, sollten Sie vermeiden, die Koralle \u00fcber einen l\u00e4ngeren Zeitraum hinweg direktem Sonnenlicht auszusetzen und extreme Temperaturschwankungen zu vermeiden. Reinigen Sie die Koralle nicht mit Haushaltsreinigern (wie Bleichmittel oder verschiedenen S\u00e4uren) und spr\u00fchen Sie keine Parf\u00fcms oder Haarsprays direkt auf die Koralle. Die Koralle kann mit einem weichen Tuch abgewischt und mit milder Seife oder Sp\u00fclmittel gereinigt werden. Sp\u00fclen Sie die Koralle gut mit kaltem Wasser ab, um alle Seifenreste zu entfernen.<\/li>\n\n\n\n<li>Am besten bewahren Sie Steinschmuck und die Steine selbst in einer mit Stoff bezogenen Schatulle oder in einem Tuch eingewickelt getrennt von den anderen auf, um Sch\u00e4den und m\u00f6gliche Kratzer zu vermeiden. Es ist ratsam, Schmuck nicht bei gr\u00f6\u00dferen k\u00f6rperlichen Aktivit\u00e4ten wie Bewegung oder Sport zu tragen. Vermeiden Sie es, Parf\u00fcm und Haarspray direkt auf Ihren Schmuck und Ihre Steine zu spr\u00fchen.<\/li>\n<\/ul>\n\n\n\n<div class=\"wp-block-button aligncenter\"><a class=\"wp-block-button__link has-text-color has-background wp-element-button\" href=\"https:\/\/moirai.si\/de\/produktkategorie-2\/kauf-nach-steinen\/koralle\/\" style=\"color:#2d2c2c;background-color:#ddc942\" target=\"_blank\" rel=\"noreferrer noopener\">Shop Koralle<\/a><\/div>\n\n\n\n<p class=\"has-text-align-center\">F\u00fcr <strong><span style=\"color: #800080;\">10<\/span>%<\/strong> Verwenden Sie den Code, um beim Online-Kauf einen Rabatt zu erhalten: <span style=\"color: #800080;\"><strong>moirai26 <\/strong><\/span>(koda je veljavna do 31.12.2026)!<\/p>\n\n\n\n<h3 class=\"wp-block-heading\"><span style=\"color: #800080;\"><strong>Horoskop<\/strong><\/span><\/h3>\n\n\n<div class=\"wp-block-image\">\n<figure class=\"alignleft size-large\"><img loading=\"lazy\" decoding=\"async\" width=\"116\" height=\"111\" src=\"https:\/\/moirai.si\/wp-content\/uploads\/2020\/01\/horoskop.jpg\" alt=\"\" class=\"wp-image-15659\"\/><\/figure>\n<\/div>\n\n\n<ul class=\"wp-block-list\">\n<li>Stier, Fische, Waage, Skorpion<\/li>\n<\/ul>","protected":false},"excerpt":{"rendered":"<p>Zgodovina Zdravilno * Metafizi\u010dne lastnosti \u010cakra ** Navedene zdravilne in metafizi\u010dne lastnosti kamnov so zbrane iz ve\u010d razli\u010dnih virov. Informacije so na voljo le kot storitev in ne za zdravljenje bolezni. Moirai.si ne jam\u010di popolne veljavnosti navedenega. Zna\u010dilnosti minerala Kemijska sestava CaCO3 Barva globoko rde\u010da do ne\u017eno roza Trdota (Mohs) 3-4 Gostota 2.60-2.70 Lomni koli\u010dnik [&hellip;]<\/p>\n","protected":false},"author":1,"featured_media":0,"parent":0,"menu_order":0,"comment_status":"closed","ping_status":"closed","template":"template-products-page.php","meta":{"footnotes":""},"class_list":["post-4230","page","type-page","status-publish","hentry"],"_links":{"self":[{"href":"https:\/\/moirai.si\/de\/wp-json\/wp\/v2\/pages\/4230","targetHints":{"allow":["GET"]}}],"collection":[{"href":"https:\/\/moirai.si\/de\/wp-json\/wp\/v2\/pages"}],"about":[{"href":"https:\/\/moirai.si\/de\/wp-json\/wp\/v2\/types\/page"}],"author":[{"embeddable":true,"href":"https:\/\/moirai.si\/de\/wp-json\/wp\/v2\/users\/1"}],"replies":[{"embeddable":true,"href":"https:\/\/moirai.si\/de\/wp-json\/wp\/v2\/comments?post=4230"}],"version-history":[{"count":12,"href":"https:\/\/moirai.si\/de\/wp-json\/wp\/v2\/pages\/4230\/revisions"}],"predecessor-version":[{"id":27203,"href":"https:\/\/moirai.si\/de\/wp-json\/wp\/v2\/pages\/4230\/revisions\/27203"}],"wp:attachment":[{"href":"https:\/\/moirai.si\/de\/wp-json\/wp\/v2\/media?parent=4230"}],"curies":[{"name":"wp","href":"https:\/\/api.w.org\/{rel}","templated":true}]}}