{"id":4235,"date":"2015-12-07T21:05:45","date_gmt":"2015-12-07T21:05:45","guid":{"rendered":"http:\/\/moirai.si\/?page_id=4235"},"modified":"2026-01-02T13:59:12","modified_gmt":"2026-01-02T13:59:12","slug":"quarz","status":"publish","type":"page","link":"https:\/\/moirai.si\/de\/kvarc\/","title":{"rendered":"Quarz"},"content":{"rendered":"<div class=\"wp-block-button aligncenter\"><a class=\"wp-block-button__link has-text-color has-background wp-element-button\" href=\"https:\/\/moirai.si\/de\/produktkategorie-2\/kauf-nach-steinen\/quarz\/\" style=\"color:#2d2c2c;background-color:#ddc942\" target=\"_blank\" rel=\"noreferrer noopener\">Shop Quarz<\/a><\/div>\n\n\n\n<h3 class=\"wp-block-heading\"><span style=\"color: #800080;\"><strong>Geschichte<\/strong><\/span><\/h3>\n\n\n<div class=\"wp-block-image is-resized\">\n<figure class=\"alignright size-thumbnail\"><img decoding=\"async\" src=\"https:\/\/moirai.si\/wp-content\/uploads\/2020\/01\/kvarc-500x500.jpg\" alt=\"\" class=\"wp-image-15734\" style=\"width:125px\"\/><\/figure>\n<\/div>\n\n\n<ul class=\"wp-block-list\">\n<li>Quarz ist eines der wichtigsten Minerale der Erde und stellt eine der beliebtesten Steingruppen in der Welt der Farbsteine dar. Es gibt zwei Varianten von Quarz, die sich in weitere, spezifischere Untertypen unterteilen lassen. Die beiden Hauptzweige von Quarz sind makrokristalliner Quarz und kryptokristalliner Quarz.<\/li>\n\n\n\n<li><strong><span style=\"color: #800080;\">Makrokristalliner Quarz<\/span><\/strong> Dazu geh\u00f6ren Amethyst, Ametrin, Steinblitz, Blauer Quarz, Citrin, Hawkeye, Prasiolith, Katzenauge, Zitronenquarz, Rauchquarz, Prasem, Rutil, Rosenquarz und Tigerauge. Makrokristalliner Quarz ist in der Regel durchsichtig bis durchscheinend und besteht aus gr\u00f6\u00dferen Kristallen als kryptokristalliner Quarz.<\/li>\n\n\n\n<li><strong><span style=\"color: #800080;\">Kryptokristalliner Quarz<\/span> <\/strong>umfasst Achat, Chrysopras, Dumortierit, Jaspis, Onyx, Sardine, Sardonyx, H\u00e4matit, Heliotrop, Chrysokoll, Chalcedon und Karneol.<\/li>\n<\/ul>\n\n\n\n<div class=\"wp-block-button aligncenter\"><a class=\"wp-block-button__link has-text-color has-background wp-element-button\" href=\"https:\/\/moirai.si\/de\/produktkategorie-2\/kauf-nach-steinen\/quarz\/\" style=\"color:#2d2c2c;background-color:#ddc942\" target=\"_blank\" rel=\"noreferrer noopener\">Shop Quarz<\/a><\/div>\n\n\n\n<h3 class=\"wp-block-heading\"><span style=\"color: #800080;\"><strong>Medizinische * Metaphysische Eigenschaften<\/strong><\/span><\/h3>\n\n\n<div class=\"wp-block-image is-resized\">\n<figure class=\"alignleft size-thumbnail\"><img decoding=\"async\" src=\"https:\/\/moirai.si\/wp-content\/uploads\/2020\/01\/\u010dakra-500x500.jpg\" alt=\"\" class=\"wp-image-15609\" style=\"width:125px\"\/><\/figure>\n<\/div>\n\n\n<p><a href=\"https:\/\/moirai.si\/de\/kakra\/\">Chakra<\/a><\/p>\n\n\n\n<p class=\"has-small-font-size\"> ** Die heilenden und metaphysischen Eigenschaften der aufgelisteten Steine wurden aus verschiedenen Quellen zusammengetragen. Die Informationen werden nur als Service und nicht f\u00fcr die Behandlung von Krankheiten zur Verf\u00fcgung gestellt. Moirai.si \u00fcbernimmt keine Garantie f\u00fcr die volle G\u00fcltigkeit der bereitgestellten Informationen. <\/p>\n\n\n\n<div class=\"wp-block-group\"><div class=\"wp-block-group__inner-container is-layout-flow wp-block-group-is-layout-flow\">\n<div class=\"wp-block-group\"><div class=\"wp-block-group__inner-container is-layout-flow wp-block-group-is-layout-flow\">\n<ul class=\"wp-block-list\">\n<li><strong><span style=\"color: #800080;\">Amethyst<\/span> <\/strong>- B\u00f6se Gedanken, Intelligenz, \u00fcbersinnliche F\u00e4higkeiten, Intuition, Frieden, Vereinigung, Gelassenheit, Ruhe, Schlaflosigkeit, Kopfschmerzen, Pankreatitis, R\u00fcckenschmerzen, Alkoholismus...<\/li>\n<\/ul>\n<\/div><\/div>\n<\/div><\/div>\n\n\n\n<ul class=\"wp-block-list\">\n<li><strong><span style=\"color: #800080;\">Achat<\/span> <\/strong>- Gl\u00fcck, Schutz, Albtr\u00e4ume, Stress, M\u00fcdigkeit, Kraft, Harmonie, innere Stabilit\u00e4t, Konzentration, Reife, Sicherheit, Vertrauen, Stillen, Inspiration...<\/li>\n<\/ul>\n\n\n\n<ul class=\"wp-block-list\">\n<li><strong><span style=\"color: #800080;\">Amethrin<\/span> <\/strong>- Kopfschmerzen, Bauchspeicheldr\u00fcse, R\u00fcckenschmerzen, Alkoholismus, Stress, Verspannungen, Kopf, Emotionen, Depression, Kreativit\u00e4t, Konzentration, Klarheit, Immunsystem, Nervensystem, Allergien, Verdauungsst\u00f6rungen...<\/li>\n\n\n\n<li><strong><span style=\"color: #800080;\">Blauer Quarz<\/span><\/strong> - Ruhe, Geist, Intuition, Kommunikation, Kreativit\u00e4t, Stress, negative Gedanken, Kehle, Blut...<\/li>\n\n\n\n<li><span style=\"color: #800080;\"><strong>Carneol<\/strong> <\/span>- Mut, Depression, Schutz vor Feuer und Ungl\u00fcck, Gl\u00fcck, schlechte Energie, Armut, Humor, Temperament, Verdauungsst\u00f6rungen, Bauchschmerzen, Armut, Nieren...<\/li>\n<\/ul>\n\n\n\n<div class=\"wp-block-button aligncenter\"><a class=\"wp-block-button__link has-text-color has-background wp-element-button\" href=\"https:\/\/moirai.si\/de\/produktkategorie-2\/kauf-nach-steinen\/quarz\/\" style=\"color:#2d2c2c;background-color:#ddc942\" target=\"_blank\" rel=\"noreferrer noopener\">Shop Quarz<\/a><\/div>\n\n\n\n<ul class=\"wp-block-list\">\n<li><strong><span style=\"color: #800080;\">Katzenauge<\/span><\/strong> - Selbsthilfe, Liebe, Kreativit\u00e4t, psychische Vision, Blutkrankheiten, An\u00e4mie, Kraft, Vitalit\u00e4t, Stoffwechsel, Schmerzlinderung, Nervensystem, Nebennieren, sexuelle Funktion, sexuelle St\u00f6rungen, Muskelgewebe, Z\u00e4hne, N\u00e4gel...<\/li>\n<\/ul>\n\n\n\n<ul class=\"wp-block-list\">\n<li><strong><span style=\"color: #800080;\">Chalzedon<\/span> <\/strong>- Emotionales Gleichgewicht, Ausdauer, Freundlichkeit, Ansprechbarkeit, Akzeptanz, Gro\u00dfz\u00fcgigkeit, N\u00e4chstenliebe, Freundlichkeit, Gleichgewicht aller Energien des K\u00f6rpers, Fieber, Leuk\u00e4mie, Augenkrankheiten...<\/li>\n<\/ul>\n\n\n\n<div class=\"wp-block-button aligncenter\"><a class=\"wp-block-button__link has-text-color has-background wp-element-button\" href=\"https:\/\/moirai.si\/de\/produktkategorie-2\/kauf-nach-steinen\/chalcedon\/\" style=\"color:#2d2c2c;background-color:#ddc942\" target=\"_blank\" rel=\"noreferrer noopener\">Shop Chalzedon<\/a><\/div>\n\n\n\n<ul class=\"wp-block-list\">\n<li><span style=\"color: #800080;\"><strong>Chrysokoll<\/strong> <\/span>- Akzeptanz, Wut, Angst, Arthritis, Blutdruck, Verbrennungen, Selbstvertrauen, Kr\u00e4mpfe, Depression, Diabetes, Verdauung, Angst, Fieber, Schuld, Herz, H\u00fcften, Infektionen, Kraft, Inspiration, Kehlkopfentz\u00fcndung, Kehle, Lernen, Leber, Liebe, Lunge, Meditation, Menstruationsschmerzen, Muskeln, negative Energie, Nervosit\u00e4t, Frieden, Rheuma, Narben, Sensibilit\u00e4t, Stabilit\u00e4t, Stress, Hals, Schilddr\u00fcse, Toleranz, Geschw\u00fcre...<\/li>\n<\/ul>\n\n\n\n<div class=\"wp-block-button aligncenter\"><a class=\"wp-block-button__link has-text-color has-background wp-element-button\" href=\"https:\/\/moirai.si\/de\/produktkategorie-2\/kauf-nach-steinen\/hrizokol\/\" style=\"color:#2d2c2c;background-color:#ddc942\" target=\"_blank\" rel=\"noreferrer noopener\">Shop Chrysokoll<\/a><\/div>\n\n\n\n<ul class=\"wp-block-list\">\n<li><strong><span style=\"color: #800080;\">Chrysopras<\/span> <\/strong>- Gl\u00fcck, Wohlstand, Sprache, \u00c4rger, Klarheit, Kreativit\u00e4t, F\u00fclle, Erfolg, Loyalit\u00e4t, Gesch\u00e4ft, Herz, Selbstwertgef\u00fchl, emotionales Gleichgewicht, Akzeptanz von Ver\u00e4nderungen, Toleranz...<\/li>\n<\/ul>\n\n\n\n<div class=\"wp-block-button aligncenter\"><a class=\"wp-block-button__link has-text-color has-background wp-element-button\" href=\"https:\/\/moirai.si\/de\/produktkategorie-2\/kauf-nach-steinen\/chrysopras\/\" style=\"color:#2d2c2c;background-color:#ddc942\" target=\"_blank\" rel=\"noreferrer noopener\">Shop Chrysopras<\/a><\/div>\n\n\n\n<ul class=\"wp-block-list\">\n<li><span style=\"color: #800080;\"><strong>Citrin<\/strong> <\/span>- positive Energie, Erfolg, Wohlstand, F\u00fclle, negative Energie, Schutz, Depression, \u00c4rger, Stimmungsschwankungen, Verdauung, Magenprobleme, Schlafst\u00f6rungen, Schilddr\u00fcse, Herz, Niere, Leber, k\u00f6rperliche Abh\u00e4ngigkeiten, Angst, Phobien...<\/li>\n\n\n\n<li><strong><span style=\"color: #800080;\">Herkimer Quarz <\/span><\/strong>ist doppelkristalliner Quarz von au\u00dfergew\u00f6hnlicher Reinheit. Wegen seines hohen Glanzes und seiner Brillanz wird er auch Herkimer-Diamant genannt. Herkimer ist nach Herkimer County (USA) benannt, wo ein solches Exemplar erstmals im Mohawk River Valley gefunden wurde. Es gibt auch eine neue Lagerst\u00e4tte in Pakistan. Herkimer-Quarz ist ein kraftvoller Verst\u00e4rker spiritueller Energie und ein \u00e4u\u00dferst heilender Kristall, der f\u00fcr Meditation und Visualisierung verwendet wird. Er vereint die Kraft des Blitzsteins und des Diamanten. Er gilt als der m\u00e4chtigste aller Quarzkristalle. Er hat die F\u00e4higkeit, spirituelle Energie zu empfangen und gleichzeitig seine eigene Energie zu \u00fcbertragen. Nur diese st\u00e4rkt und lenkt er. Er heilt und gleicht alle Chakren aus. Er hilft uns, klare Entscheidungen zu treffen und die Vergangenheit zu akzeptieren. Sie wird auch verwendet, um Emotionen zu kl\u00e4ren, einen reibungslosen Fluss des Gef\u00fchlslebens zu f\u00f6rdern und die Aufl\u00f6sung von emotionalen Blockaden zu erleichtern, die durch Traumata in diesem und fr\u00fcheren Leben verursacht wurden. Das Vorhandensein von dunklen Kohlenwasserstoffen im Kristall tr\u00e4gt zur Kraft dieses Steins bei, den Tr\u00e4ger zu sch\u00fctzen und die Umgebung von allen negativen Emotionen zu reinigen, indem negative Energien in positivere Frequenzen umgewandelt werden.<\/li>\n<\/ul>\n\n\n\n<ul class=\"wp-block-list\">\n<li><strong><span style=\"color: #800080;\">Dumortierit<\/span><\/strong> - Gehirn, Lebenskontrolle, Mut, Kr\u00e4mpfe, Depression, Durchfall, Epilepsie, Angst, Kopfschmerzen, \u00dcberempfindlichkeit, \u00dcbelkeit, Geduld, Ruhe, pers\u00f6nliche Abh\u00e4ngigkeiten, Schwangerschaftssymptome, Selbstwertgef\u00fchl, Egoismus, Hautkrankheiten, Schmerzen, Unterleib, Stress, Sturheit, Schilddr\u00fcse, Erbrechen...<\/li>\n<\/ul>\n\n\n\n<div class=\"wp-block-button aligncenter\"><a class=\"wp-block-button__link has-text-color has-background wp-element-button\" href=\"https:\/\/moirai.si\/de\/produktkategorie-2\/kauf-nach-steinen\/dumortierit\/\" style=\"color:#2d2c2c;background-color:#ddc942\" target=\"_blank\" rel=\"noreferrer noopener\">Shop Dumortierit<\/a><\/div>\n\n\n\n<ul class=\"wp-block-list\">\n<li><strong><span style=\"color: #800080;\">Falkenauge<\/span><\/strong> - Flugangst, Fokus, Vision, Nebenh\u00f6hlen, Wirbels\u00e4ule, Nacken, Schutz, negative Energie, spirituelle und materielle Ziele, Astralreisen, Gl\u00fcck...<\/li>\n<\/ul>\n\n\n\n<div class=\"wp-block-button aligncenter\"><a class=\"wp-block-button__link has-text-color has-background wp-element-button\" href=\"https:\/\/moirai.si\/de\/produktkategorie-2\/kauf-nach-steinen\/hawkeye\/\" style=\"color:#2d2c2c;background-color:#ddc942\" target=\"_blank\" rel=\"noreferrer noopener\">Shop Falkenauge<\/a><\/div>\n\n\n\n<ul class=\"wp-block-list\">\n<li><span style=\"color: #800080;\"><strong>Heliotrop (Blutstein)<\/strong><\/span> - Schmerz, Blutung, Magen, Eingeweide, Blut, Blutkreislauf, Schutz, Intuition, Kreativit\u00e4t, negative Energie, Stress, Tr\u00e4ume, Mut, Selbstlosigkeit, Idealismus, Verwirrung, Krebs, Leuk\u00e4mie, An\u00e4mie...<\/li>\n<\/ul>\n\n\n\n<div class=\"wp-block-button aligncenter\"><a class=\"wp-block-button__link has-text-color has-background wp-element-button\" href=\"https:\/\/moirai.si\/de\/produktkategorie-2\/kauf-nach-steinen\/heliotrop\/\" style=\"color:#2d2c2c;background-color:#ddc942\" target=\"_blank\" rel=\"noreferrer noopener\">Shop Heliotrop<\/a><\/div>\n\n\n\n<ul class=\"wp-block-list\">\n<li><span style=\"color: #800080;\"><strong>Jaspis<\/strong> <\/span>- Allergien, Astralreisen, Schmerz, Emotionen, Energie, Haut, Blut, Blutungen, Nieren, Ruhe, negative Energie, Verantwortung, Genesung, Immunsystem, Instinkt, Mut, Geduld, Verdauung, Verdauungstrakt, Geweberegeneration, Strahlung, Herz, F\u00fc\u00dfe, Angst, Komfort, Kreativit\u00e4t, W\u00e4rme, Bildung, Schutz...<\/li>\n<\/ul>\n\n\n\n<div class=\"wp-block-button aligncenter\"><a class=\"wp-block-button__link has-text-color has-background wp-element-button\" href=\"https:\/\/moirai.si\/de\/produktkategorie-2\/kauf-nach-steinen\/jaspis\/\" style=\"color:#2d2c2c;background-color:#ddc942\" target=\"_blank\" rel=\"noreferrer noopener\">Shop Jaspis<\/a><\/div>\n\n\n\n<ul class=\"wp-block-list\">\n<li><strong><span style=\"color: #800080;\">Limonen Quarz<\/span><\/strong> - Klarheit, Entscheidungsfindung, Kommunikation, Gl\u00fcck, Spiritualit\u00e4t, Zweifel, \u00c4ngste, Depressionen, Ausgeglichenheit, Gl\u00fcck...<\/li>\n<\/ul>\n\n\n\n<div class=\"wp-block-button aligncenter\"><a class=\"wp-block-button__link has-text-color has-background wp-element-button\" href=\"https:\/\/moirai.si\/de\/produktkategorie-2\/kauf-nach-steinen\/quarz\/\" style=\"color:#2d2c2c;background-color:#ddc942\" target=\"_blank\" rel=\"noreferrer noopener\">Shop Quarz<\/a><\/div>\n\n\n\n<ul class=\"wp-block-list\">\n<li><span style=\"color: #800080;\"><strong>Onyx<\/strong> <\/span>- Regeneration, Neuanfang, Schutz, St\u00e4rke, Zuversicht, negative Emotionen, Furcht, \u00c4ngste, emotionale Wunden, Geburt, Augen, Ohren, Haut, Haare, Z\u00e4hne, N\u00e4gel...<\/li>\n<\/ul>\n\n\n\n<div class=\"wp-block-button aligncenter\"><a class=\"wp-block-button__link has-text-color has-background wp-element-button\" href=\"https:\/\/moirai.si\/de\/produktkategorie-2\/kauf-nach-steinen\/onyx-2\/\" style=\"color:#2d2c2c;background-color:#ddc942\" target=\"_blank\" rel=\"noreferrer noopener\">Shop Onyx<\/a><\/div>\n\n\n\n<ul class=\"wp-block-list\">\n<li><strong><span style=\"color: #800080;\">Prasem<\/span> <\/strong>- Freude, Negativit\u00e4t, gute Gesundheit, negative Energie, Depression, Augen, blaue Flecken, Fieber, Herz, Immun- und Hormonsystem, emotionale M\u00fcdigkeit, Zysten, Meditation...<\/li>\n<\/ul>\n\n\n\n<div class=\"wp-block-button aligncenter\"><a class=\"wp-block-button__link has-text-color has-background wp-element-button\" href=\"https:\/\/moirai.si\/de\/produktkategorie-2\/kauf-nach-steinen\/gedruckt-von\/\" style=\"color:#2d2c2c;background-color:#ddc942\" target=\"_blank\" rel=\"noreferrer noopener\">Shop Prasem<\/a><\/div>\n\n\n\n<p><strong><span style=\"color: #800080;\">Prasiolith (Gr\u00fcner Quarz)<\/span><\/strong>- Toxine, Tumor, Geschw\u00fcre, Wachstum, Blockaden, Magens\u00e4ure, Wohlstand, Reichtum, Gl\u00fcck, Motivation, negative Energie, Selbstvertrauen, Sorgen, Herz, Gl\u00fcck, Freude, Mitgef\u00fchl...<\/p>\n\n\n\n<div class=\"wp-block-button aligncenter\"><a class=\"wp-block-button__link has-text-color has-background wp-element-button\" href=\"https:\/\/moirai.si\/de\/produktkategorie-2\/kauf-nach-steinen\/amethyst-2\/\" style=\"color:#2d2c2c;background-color:#ddc942\" target=\"_blank\" rel=\"noreferrer noopener\">Shop Amethyst-Prasiolith<\/a><\/div>\n\n\n\n<ul class=\"wp-block-list\">\n<li><span style=\"color: #800080;\"><strong>Bergkristall<\/strong><\/span> - Meisterheiler, negative Energie, Strahlung, Elektrosmog, Konzentration, Ged\u00e4chtnis, Immunsystem, Gleichgewicht, Organe, Reiniger der Seele, harmonisiert alle Chakren...<\/li>\n<\/ul>\n\n\n\n<div class=\"wp-block-button aligncenter\"><a class=\"wp-block-button__link has-text-color has-background wp-element-button\" href=\"https:\/\/moirai.si\/de\/produktkategorie-2\/kauf-nach-steinen\/bergkristall\/\" style=\"color:#2d2c2c;background-color:#ddc942\" target=\"_blank\" rel=\"noreferrer noopener\">Shop Bergkristall<\/a><\/div>\n\n\n\n<ul class=\"wp-block-list\">\n<li><span style=\"color: #800080;\"><strong>Rosenquarz<\/strong> <\/span>- Liebe, Vertrauen, Harmonie, Beziehungen, Herz, Freundschaft, Heilung, Frieden, Trost, Trauer, Blutkreislauf, K\u00f6rperfl\u00fcssigkeiten, Leuk\u00e4mie, Fruchtbarkeit, Fehlgeburt, Meditation, Vergebung, Empathie, Spannung, Stress, Eifersucht, Wut, Haut, Blutgef\u00e4\u00dfsystem, weibliches Fortpflanzungssystem, Blasen, Verbrennungen, Narben...<\/li>\n<\/ul>\n\n\n\n<div class=\"wp-block-button aligncenter\"><a class=\"wp-block-button__link has-text-color has-background wp-element-button\" href=\"https:\/\/moirai.si\/de\/produktkategorie-2\/kauf-nach-steinen\/der-landstreicher\/\" style=\"color:#2d2c2c;background-color:#ddc942\" target=\"_blank\" rel=\"noreferrer noopener\">Shop Rosenquarz<\/a><\/div>\n\n\n\n<ul class=\"wp-block-list\">\n<li><strong><span style=\"color: #800080;\">Rutil<\/span> <\/strong>- Beziehungen, Trauma, Astralreisen, Tr\u00e4ume, Meditation, Intuition, Bronchitis, Impotenz, Stillen, Venen, Regeneration, Klarheit, Depression, emotionale Wunden, spirituelles Erwachen...<\/li>\n<\/ul>\n\n\n\n<div class=\"wp-block-button aligncenter\"><a class=\"wp-block-button__link has-text-color has-background wp-element-button\" href=\"https:\/\/moirai.si\/de\/produktkategorie-2\/kauf-nach-steinen\/rutil\/\" style=\"color:#2d2c2c;background-color:#ddc942\" target=\"_blank\" rel=\"noreferrer noopener\">Shop Rutil<\/a><\/div>\n\n\n\n<ul class=\"wp-block-list\">\n<li><strong><span style=\"color: #800080;\">Sardonyx<\/span> <\/strong>- Schutz, Gl\u00fcck, Freundschaft, St\u00e4rke, Gl\u00fcck, Integrit\u00e4t, Depression, Ausdauer, Kraft, Energie, Kreativit\u00e4t, Selbstbeherrschung, Wahrnehmung, Lunge, Knochen, Immunsystem...<\/li>\n<\/ul>\n\n\n\n<ul class=\"wp-block-list\">\n<li><span style=\"color: #800080;\"><strong>Rauchquarz<\/strong><\/span> - Unterleib, Nebennieren, Wut, R\u00fccken, Bronchien, Chemotherapie, chronische Schmerzen, Depression, M\u00fcdigkeit, Angst, F\u00fc\u00dfe, H\u00e4nde, Kopfschmerzen, H\u00fcften, Unabh\u00e4ngigkeit, Nieren, Knie, F\u00fchrung, Beine, Muskeln, Gewebe, Kr\u00e4mpfe, negative Energie, Bauchspeicheldr\u00fcse, Strahlung, Fortpflanzungssystem, Schultern, Wirbels\u00e4ule, spirituelle Energie, Ausdauer, Kraft, Stress, Verbrennungen, Toxine...<\/li>\n\n\n\n<li>Sie ist bekannt f\u00fcr ihre heilende Wirkung auf den Unterk\u00f6rper, die Eierst\u00f6cke, den Unterleib und die Beine.  Er soll bei der Behandlung der Strahlenkrankheit und auch bei der Nachbehandlung von Chemotherapien helfen.  Je dunkler der Rauchquarz ist, desto wirksamer soll er sein.<\/li>\n<\/ul>\n\n\n\n<div class=\"wp-block-button aligncenter\"><a class=\"wp-block-button__link has-text-color has-background wp-element-button\" href=\"https:\/\/moirai.si\/de\/produktkategorie-2\/kauf-nach-steinen\/quarz\/\" style=\"color:#2d2c2c;background-color:#ddc942\" target=\"_blank\" rel=\"noreferrer noopener\">Shop Quarz<\/a><\/div>\n\n\n\n<ul class=\"wp-block-list\">\n<li><strong><span style=\"color: #800080;\">Tigerauge<\/span><\/strong> - K\u00f6rperkraft, Ausdauer, Sehst\u00f6rungen, Nebenh\u00f6hlenprobleme, negative Energie, Stimmungsschwankungen, Kraft, Wille, Zielstrebigkeit, Mut, Selbstvertrauen...<\/li>\n<\/ul>\n\n\n\n<div class=\"wp-block-button aligncenter\"><a class=\"wp-block-button__link has-text-color has-background wp-element-button\" href=\"https:\/\/moirai.si\/de\/produktkategorie-2\/kauf-nach-steinen\/das-auge-des-tigers\/\" style=\"color:#2d2c2c;background-color:#ddc942\" target=\"_blank\" rel=\"noreferrer noopener\">Shop Tigerauge<\/a><\/div>\n\n\n\n<p class=\"has-text-align-center\">F\u00fcr <strong><span style=\"color: #800080;\">10<\/span>%<\/strong> Verwenden Sie den Code, um beim Online-Kauf einen Rabatt zu erhalten: <span style=\"color: #800080;\"><strong>moirai26 <\/strong><\/span>(koda je veljavna do 31.12.2026)!<\/p>\n\n\n\n<h3 class=\"wp-block-heading\"><span style=\"color: #800080;\">Pflege<\/span><\/h3>\n\n\n\n<ul class=\"wp-block-list\">\n<li>Quarz hat eine relativ gute H\u00e4rte und Haltbarkeit. Er ist h\u00e4rter als andere Steine, aber immer noch weicher als andere. Zum Reinigen von Quarzstein verwenden Sie einfaches Wasser und gegebenenfalls eine milde Seife oder ein Reinigungsmittel. Wischen Sie die Steine mit einem weichen Tuch ab und achten Sie darauf, dass der Stein gut gewaschen ist, um Seifenreste zu entfernen. Vermeiden Sie es, den Stein l\u00e4ngere Zeit direktem Sonnenlicht oder Hitze auszusetzen, und vermeiden Sie gro\u00dfe Temperaturschwankungen. Wie bei den meisten Mineralien sollten Sie die Verwendung von Hei\u00dfluftd\u00e4mpfern und Ultraschallreinigern vermeiden.<\/li>\n\n\n\n<li>Am besten bewahren Sie Steinschmuck und die Steine selbst in einer mit Stoff bezogenen Schatulle oder in einem Tuch eingewickelt getrennt von den anderen auf, um Sch\u00e4den und m\u00f6gliche Kratzer zu vermeiden. Es ist ratsam, Schmuck nicht bei gr\u00f6\u00dferen k\u00f6rperlichen Aktivit\u00e4ten wie Bewegung oder Sport zu tragen. Vermeiden Sie es, Parf\u00fcm und Haarspray direkt auf Ihren Schmuck und Ihre Steine zu spr\u00fchen.<\/li>\n<\/ul>","protected":false},"excerpt":{"rendered":"<p>Zgodovina Zdravilno * Metafizi\u010dne lastnosti \u010cakra ** Navedene zdravilne in metafizi\u010dne lastnosti kamnov so zbrane iz ve\u010d razli\u010dnih virov. Informacije so na voljo le kot storitev in ne za zdravljenje bolezni. Moirai.si ne jam\u010di popolne veljavnosti navedenega. Prasiolit (zeleni Kvarc)&#8211; toksini, tumor, razjede, rast, blokade, \u017eelod\u010dna kislina, blaginja, bogastvo, sre\u010da, motivacija, negativna energija, samozavest, skrbi, [&hellip;]<\/p>\n","protected":false},"author":1,"featured_media":0,"parent":0,"menu_order":0,"comment_status":"closed","ping_status":"closed","template":"template-products-page.php","meta":{"footnotes":""},"class_list":["post-4235","page","type-page","status-publish","hentry"],"_links":{"self":[{"href":"https:\/\/moirai.si\/de\/wp-json\/wp\/v2\/pages\/4235","targetHints":{"allow":["GET"]}}],"collection":[{"href":"https:\/\/moirai.si\/de\/wp-json\/wp\/v2\/pages"}],"about":[{"href":"https:\/\/moirai.si\/de\/wp-json\/wp\/v2\/types\/page"}],"author":[{"embeddable":true,"href":"https:\/\/moirai.si\/de\/wp-json\/wp\/v2\/users\/1"}],"replies":[{"embeddable":true,"href":"https:\/\/moirai.si\/de\/wp-json\/wp\/v2\/comments?post=4235"}],"version-history":[{"count":30,"href":"https:\/\/moirai.si\/de\/wp-json\/wp\/v2\/pages\/4235\/revisions"}],"predecessor-version":[{"id":27213,"href":"https:\/\/moirai.si\/de\/wp-json\/wp\/v2\/pages\/4235\/revisions\/27213"}],"wp:attachment":[{"href":"https:\/\/moirai.si\/de\/wp-json\/wp\/v2\/media?parent=4235"}],"curies":[{"name":"wp","href":"https:\/\/api.w.org\/{rel}","templated":true}]}}