{"id":4770,"date":"2015-12-11T17:15:44","date_gmt":"2015-12-11T17:15:44","guid":{"rendered":"http:\/\/moirai.si\/en\/?page_id=4770"},"modified":"2026-01-02T14:02:20","modified_gmt":"2026-01-02T14:02:20","slug":"lapislazuli","status":"publish","type":"page","link":"https:\/\/moirai.si\/de\/lapis-lazuli\/","title":{"rendered":"Lapislazuli"},"content":{"rendered":"<div class=\"wp-block-button aligncenter\"><a class=\"wp-block-button__link has-text-color has-background wp-element-button\" href=\"https:\/\/moirai.si\/de\/produktkategorie-2\/kauf-nach-steinen\/lapislazuli\/\" style=\"color:#2d2c2c;background-color:#ddc942\" target=\"_blank\" rel=\"noreferrer noopener\">Shop Lapis Lazuli<\/a><\/div>\n\n\n\n<h3 class=\"wp-block-heading\"><span style=\"color: #993366;\"><span style=\"color: #800080;\"><strong>Geschichte<\/strong><\/span><strong><br \/><\/strong><\/span><\/h3>\n\n\n<div class=\"wp-block-image is-resized\">\n<figure class=\"alignright size-thumbnail\"><img decoding=\"async\" src=\"https:\/\/moirai.si\/wp-content\/uploads\/2020\/01\/lapis-500x500.jpg\" alt=\"\" class=\"wp-image-15743\" style=\"width:125px\"\/><\/figure>\n<\/div>\n\n\n<ul class=\"wp-block-list\">\n<li>Sein Name leitet sich von dem lateinischen Wort \"lapis\" ab, was \"Stein\" bedeutet, und von dem arabischen und persischen Wort \"lazaward\". Lazaward war der persische Name f\u00fcr Lapis-Stein und der Name der Mine, in der er zuerst gefunden wurde. Technisch gesehen handelt es sich um einen Stein (Fels) und nicht um ein Mineral.<\/li>\n<\/ul>\n\n\n\n<h3 class=\"wp-block-heading\"><span style=\"color: #800080;\"><strong>Medizinische * Metaphysische Eigenschaften<\/strong><\/span><\/h3>\n\n\n\n<ul class=\"wp-block-list\">\n<li>alergija, duhovnost, epilepsija, glavobol, grlo, harmonija, imunski sistem, izra\u017eanje, ko\u017ea, kr\u010di, krvni pritisk, menstrualne bole\u010dine, migrena, mir, mo\u010d, morala, negativna energija, negativnost, nos, objektivnost, odnosi, piki in vbodi insektov, plju\u010da, pogum, po\u0161tenost, preglednost, psihi\u010dni napad, samospo\u0161tovanje, sklepi, so\u010dutje, srce, stres, \u0161\u010ditnica, uroki, ustvarjalnost, vnetje, vro\u010dina, za\u0161\u010dita, \u017eiv\u010dni sistem&#8230;<\/li>\n<\/ul>\n\n\n\n<div class=\"wp-block-button aligncenter\"><a class=\"wp-block-button__link has-text-color has-background wp-element-button\" href=\"https:\/\/moirai.si\/de\/produktkategorie-2\/kauf-nach-steinen\/lapislazuli\/\" style=\"color:#2d2c2c;background-color:#ddc942\" target=\"_blank\" rel=\"noreferrer noopener\">Shop Lapis Lazuli<\/a><\/div>\n\n\n<div class=\"wp-block-image is-resized\">\n<figure class=\"alignleft\"><a href=\"https:\/\/moirai.si\/de\/kakra\/\"><img loading=\"lazy\" decoding=\"async\" width=\"500\" height=\"500\" src=\"https:\/\/moirai.si\/wp-content\/uploads\/2019\/09\/\u010dakra.jpg\" alt=\"\" class=\"wp-image-14534\" style=\"width:125px\" srcset=\"https:\/\/moirai.si\/wp-content\/uploads\/2019\/09\/\u010dakra.jpg 500w, https:\/\/moirai.si\/wp-content\/uploads\/2019\/09\/\u010dakra-100x100.jpg 100w\" sizes=\"auto, (max-width: 500px) 100vw, 500px\" \/><\/a><\/figure>\n<\/div>\n\n\n<p><a href=\"https:\/\/moirai.si\/de\/kakra\/\">Chakra<\/a><\/p>\n\n\n\n<p class=\"has-small-font-size\">**Die heilenden und metaphysischen Eigenschaften von Steinen sind aus verschiedenen Quellen zusammengestellt. Die Informationen werden nur als Service zur Verf\u00fcgung gestellt und nicht f\u00fcr die Behandlung von Krankheiten. Moirai.si \u00fcbernimmt keine Garantie f\u00fcr die volle G\u00fcltigkeit der bereitgestellten Informationen.<\/p>\n\n\n\n<h3 class=\"wp-block-heading\"><span style=\"color: #800080;\"><strong>Merkmale des Minerals&nbsp;<\/strong><\/span><\/h3>\n\n\n\n<figure class=\"wp-block-table\"><table><tbody><tr><td>Chemische Zusammensetzung<\/td><td>(Na,Ca)<sub>8<\/sub>Al<sub>6<\/sub>Si<sub>6<\/sub>O<sub>24<\/sub>(S,SO)<sub>4<\/sub><\/td><\/tr><tr><td>Farbe<\/td><td>Indigoblau<\/td><\/tr><tr><td>H\u00e4rte (Mohs)<\/td><td>5-6<\/td><\/tr><tr><td>Dichte<\/td><td>2.70-2.90<\/td><\/tr><tr><td>Brechungsindex<\/td><td>1.500<\/td><\/tr><tr><td>System Kristall<\/td><td>Kubisch<\/td><\/tr><\/tbody><\/table><\/figure>\n\n\n\n<h3 class=\"wp-block-heading\"><span style=\"color: #800080;\"><strong>Herkunft und Quellen des Minerals<\/strong><\/span><\/h3>\n\n\n<div class=\"wp-block-image is-resized\">\n<figure class=\"alignleft size-large\"><img loading=\"lazy\" decoding=\"async\" width=\"189\" height=\"104\" src=\"https:\/\/moirai.si\/wp-content\/uploads\/2020\/01\/svet.jpg\" alt=\"\" class=\"wp-image-15658\" style=\"width:125px\"\/><\/figure>\n<\/div>\n\n\n<ul class=\"wp-block-list\">\n<li>Afghanistan, USA, Kanada, Chile, Russland und Kanada.<\/li>\n<\/ul>\n\n\n\n<h3 class=\"wp-block-heading\"><span style=\"color: #800080;\"><strong>Pflege<\/strong><\/span><\/h3>\n\n\n\n<ul class=\"wp-block-list\">\n<li>Lapislazuli ist weicher als viele andere Edelsteine, aber bei entsprechender Pflege k\u00f6nnen Schmuck und Produkte aus Lapislazuli Generationen \u00fcberdauern. Lapislazuli ist recht empfindlich gegen\u00fcber starkem Druck, hohen Temperaturen und verschiedenen Haushaltschemikalien und Reinigungsmitteln. Vermeiden Sie es, Lapis mit Bleichmitteln und Schwefels\u00e4ure in Ber\u00fchrung zu bringen. Lapislazuli l\u00e4sst sich leicht mit kaltem Wasser und milder Seifenlauge reinigen. Am besten bewahren Sie den Steinschmuck und die Steine selbst in einer mit Stoff bedeckten Schachtel oder in Stoff eingewickelt getrennt von anderen Steinen auf, um Selbstbesch\u00e4digungen und m\u00f6gliche Kratzer zu vermeiden.<\/li>\n\n\n\n<li>Es ist ratsam, Schmuck nicht bei gr\u00f6\u00dferen k\u00f6rperlichen Aktivit\u00e4ten wie Bewegung oder Sport zu tragen. Vermeiden Sie es, Parf\u00fcm und Haarspray direkt auf Ihren Schmuck und Ihre Steine zu spr\u00fchen.<\/li>\n<\/ul>\n\n\n\n<div class=\"wp-block-button aligncenter\"><a class=\"wp-block-button__link has-text-color has-background wp-element-button\" href=\"https:\/\/moirai.si\/de\/produktkategorie-2\/kauf-nach-steinen\/lapislazuli\/\" style=\"color:#2d2c2c;background-color:#ddc942\" target=\"_blank\" rel=\"noreferrer noopener\">Shop Lapis Lazuli<\/a><\/div>\n\n\n\n<p class=\"has-text-align-center\">F\u00fcr <strong><span style=\"color: #800080;\">10<\/span>%<\/strong> Verwenden Sie den Code, um beim Online-Kauf einen Rabatt zu erhalten: <span style=\"color: #800080;\"><strong>moirai26 <\/strong><\/span>(koda je veljavna do 31.12.2026)!<\/p>\n\n\n\n<h3 class=\"wp-block-heading\"><span style=\"color: #800080;\"><strong>Horoskop<\/strong><\/span><\/h3>\n\n\n<div class=\"wp-block-image\">\n<figure class=\"alignleft size-large\"><img loading=\"lazy\" decoding=\"async\" width=\"116\" height=\"111\" src=\"https:\/\/moirai.si\/wp-content\/uploads\/2020\/01\/horoskop.jpg\" alt=\"\" class=\"wp-image-15659\"\/><\/figure>\n<\/div>\n\n\n<ul class=\"wp-block-list\">\n<li>Stier, Sch\u00fctze<\/li>\n<\/ul>","protected":false},"excerpt":{"rendered":"<p>Zgodovina Zdravilno * Metafizi\u010dne lastnosti \u010cakra **Navedene zdravilne in metafizi\u010dne lastnosti kamnov so zbrane iz ve\u010d razli\u010dnih virov. Informacije so na voljo le kot storitev in ne za zdravljenje bolezni. Moirai.si ne jam\u010di popolne veljavnosti navedenega. Zna\u010dilnosti minerala&nbsp; Kemijska sestava (Na,Ca)8Al6Si6O24(S,SO)4 Barva Indigo modra Trdota (Mohs) 5-6 Gostota 2.70-2.90 Lomni koli\u010dnik 1.500 Kristalni sistem Kubi\u010dni [&hellip;]<\/p>\n","protected":false},"author":1,"featured_media":0,"parent":0,"menu_order":0,"comment_status":"closed","ping_status":"closed","template":"template-products-page.php","meta":{"footnotes":""},"class_list":["post-4770","page","type-page","status-publish","hentry"],"_links":{"self":[{"href":"https:\/\/moirai.si\/de\/wp-json\/wp\/v2\/pages\/4770","targetHints":{"allow":["GET"]}}],"collection":[{"href":"https:\/\/moirai.si\/de\/wp-json\/wp\/v2\/pages"}],"about":[{"href":"https:\/\/moirai.si\/de\/wp-json\/wp\/v2\/types\/page"}],"author":[{"embeddable":true,"href":"https:\/\/moirai.si\/de\/wp-json\/wp\/v2\/users\/1"}],"replies":[{"embeddable":true,"href":"https:\/\/moirai.si\/de\/wp-json\/wp\/v2\/comments?post=4770"}],"version-history":[{"count":14,"href":"https:\/\/moirai.si\/de\/wp-json\/wp\/v2\/pages\/4770\/revisions"}],"predecessor-version":[{"id":27217,"href":"https:\/\/moirai.si\/de\/wp-json\/wp\/v2\/pages\/4770\/revisions\/27217"}],"wp:attachment":[{"href":"https:\/\/moirai.si\/de\/wp-json\/wp\/v2\/media?parent=4770"}],"curies":[{"name":"wp","href":"https:\/\/api.w.org\/{rel}","templated":true}]}}