{"id":4841,"date":"2015-12-12T19:55:32","date_gmt":"2015-12-12T19:55:32","guid":{"rendered":"http:\/\/moirai.si\/?page_id=4841"},"modified":"2026-01-02T14:05:23","modified_gmt":"2026-01-02T14:05:23","slug":"malachit","status":"publish","type":"page","link":"https:\/\/moirai.si\/de\/malahit\/","title":{"rendered":"Malachit"},"content":{"rendered":"<div class=\"wp-block-button aligncenter\"><a class=\"wp-block-button__link has-text-color has-background wp-element-button\" href=\"https:\/\/moirai.si\/de\/produktkategorie-2\/kauf-nach-steinen\/malachit\/\" style=\"color:#2d2c2c;background-color:#ddc942\" target=\"_blank\" rel=\"noreferrer noopener\">Shop Malachit<\/a><\/div>\n\n\n\n<h3 class=\"wp-block-heading\"><span style=\"color: #800080;\"><strong>Geschichte<\/strong><\/span><\/h3>\n\n\n<div class=\"wp-block-image is-resized\">\n<figure class=\"alignright size-thumbnail\"><img decoding=\"async\" src=\"https:\/\/moirai.si\/wp-content\/uploads\/2020\/01\/malahit-500x500.jpg\" alt=\"\" class=\"wp-image-15753\" style=\"width:125px\"\/><\/figure>\n<\/div>\n\n\n<ul class=\"wp-block-list\">\n<li>Malachit hat seinen Namen wahrscheinlich entweder vom griechischen Wort \"malhe\" (Gras) f\u00fcr seine gr\u00fcne Farbe oder vom griechischen Wort \"malakos\" (weich) f\u00fcr die leichte Bearbeitung des Steins selbst. Malachit ist wie Gr\u00fcner Marmor haupts\u00e4chlich aus der Verbindung Kupferkarbonat aufgebaut. Der Kupfergehalt des Gesteins verleiht ihm seine gr\u00fcne Farbe. Malachit ist von hell- bis sehr dunkelgr\u00fcner Farbe. Die augen\u00e4hnlichen Kreise, die auf Malachit erscheinen, sind am h\u00e4ufigsten, weshalb er auch als \"Pfauenauge\" bekannt ist. Wenn mehr Wasser im Bakr vorhanden ist, ist der Malachit heller. Ist dagegen weniger Wasser vorhanden, wird der Malachit dunkler. Fehlt das Wasser im Bakr selbst, so weist der Malachit schwarze Linien oder Flecken auf. Polierter Malachit hat einen seidigen Glanz. Zur Verbesserung des Glanzes und zum Schutz der Oberfl\u00e4che wird in der Regel Harz zugesetzt.<\/li>\n<\/ul>\n\n\n\n<h3 class=\"wp-block-heading\"><span style=\"color: #800080;\"><strong>Medizinische * Metaphysische Eigenschaften<\/strong><\/span><\/h3>\n\n\n\n<ul class=\"wp-block-list\">\n<li>Arthritis, Asthma, Emotionen, Atemwege, Spiritualit\u00e4t, Harmonie, Immunit\u00e4t, Infektionen, Intuition, Ischias, Konzentration, Knochen, Blut, Kreislauf, Meditation, Muskeln, Gehirn, Multiple Sklerose, negative Energie, Schlaflosigkeit, Albtr\u00e4ume, Augen, Schwellungen, Blutgef\u00e4\u00dfe, Speiser\u00f6hre, Verst\u00e4ndnis, Rheuma, Gelenke, Herz, Geschw\u00fcre, Schwindel, Dr\u00fcsen, Gallenblase...<\/li>\n\n\n\n<li>Malachit wird nachgesagt, dass er Eigenschaften besitzt, die Tumore und Wachstum aufsp\u00fcren, die DNA und die Zellstruktur reparieren, die Krebs verursachen.  Es ist ein guter allgemeiner Kristall f\u00fcr alle Krebsarten zu verwenden, da es auch hilft, das Immunsystem zu st\u00e4rken.<\/li>\n<\/ul>\n\n\n\n<div class=\"wp-block-button aligncenter\"><a class=\"wp-block-button__link has-text-color has-background wp-element-button\" href=\"https:\/\/moirai.si\/de\/produktkategorie-2\/kauf-nach-steinen\/malachit\/\" style=\"color:#2d2c2c;background-color:#ddc942\" target=\"_blank\" rel=\"noreferrer noopener\">Shop Malachit<\/a><\/div>\n\n\n<div class=\"wp-block-image is-resized\">\n<figure class=\"alignleft\"><a href=\"https:\/\/moirai.si\/de\/kakra\/\"><img loading=\"lazy\" decoding=\"async\" width=\"500\" height=\"500\" src=\"https:\/\/moirai.si\/wp-content\/uploads\/2019\/09\/\u010dakra.jpg\" alt=\"\" class=\"wp-image-14534\" style=\"width:125px\" srcset=\"https:\/\/moirai.si\/wp-content\/uploads\/2019\/09\/\u010dakra.jpg 500w, https:\/\/moirai.si\/wp-content\/uploads\/2019\/09\/\u010dakra-100x100.jpg 100w\" sizes=\"auto, (max-width: 500px) 100vw, 500px\" \/><\/a><\/figure>\n<\/div>\n\n\n<p><a href=\"https:\/\/moirai.si\/de\/kakra\/\">Chakra<\/a><\/p>\n\n\n\n<p class=\"has-small-font-size\">** Die heilenden und metaphysischen Eigenschaften der aufgelisteten Steine wurden aus verschiedenen Quellen zusammengetragen. Die Informationen werden nur als Service und nicht f\u00fcr die Behandlung von Krankheiten zur Verf\u00fcgung gestellt. Moirai.si \u00fcbernimmt keine Garantie f\u00fcr die volle G\u00fcltigkeit der bereitgestellten Informationen.<\/p>\n\n\n\n<h3 class=\"wp-block-heading\"><span style=\"color: #800080;\"><strong>Merkmale des Minerals<\/strong><\/span><\/h3>\n\n\n\n<figure class=\"wp-block-table\"><table><tbody><tr><td>Chemische Zusammensetzung<\/td><td>Cu<sub>2<\/sub>CO<sub>3<\/sub>(OH)<sub>2<\/sub><\/td><\/tr><tr><td>Farbe<\/td><td>blau-gr\u00fcn-gr\u00fcn<\/td><\/tr><tr><td>H\u00e4rte (Mohs)<\/td><td>3.5-4<\/td><\/tr><tr><td>Dichte<\/td><td>3.60-4.00<\/td><\/tr><tr><td>Brechungsindex<\/td><td>1.655-1.909<\/td><\/tr><tr><td>System Kristall<\/td><td>Monoklin<\/td><\/tr><\/tbody><\/table><\/figure>\n\n\n\n<h3 class=\"wp-block-heading\"><span style=\"color: #800080;\"><strong>Herkunft und Quellen des Minerals<\/strong><\/span><\/h3>\n\n\n<div class=\"wp-block-image is-resized\">\n<figure class=\"alignleft size-large\"><img loading=\"lazy\" decoding=\"async\" width=\"189\" height=\"104\" src=\"https:\/\/moirai.si\/wp-content\/uploads\/2020\/01\/svet.jpg\" alt=\"\" class=\"wp-image-15658\" style=\"width:125px\"\/><\/figure>\n<\/div>\n\n\n<ul class=\"wp-block-list\">\n<li>Russland, Zaire, Australien, Chile, Namibia, Zimbabwe und Arizona.<\/li>\n<\/ul>\n\n\n\n<h3 class=\"wp-block-heading\"><span style=\"color: #800080;\"><strong>Pflege<\/strong><\/span><\/h3>\n\n\n\n<ul class=\"wp-block-list\">\n<li>Reinigen Sie Malachit nicht mit einem Ultraschallreiniger, da die sch\u00fctzende Oberfl\u00e4che des Harzes besch\u00e4digt oder entfernt werden kann. Malachit ist empfindlich gegen\u00fcber Hitze, S\u00e4uren, Ammoniak und hei\u00dfem Wasser. Das Absp\u00fclen von Malachit mit sauberem Wasser ist unbedenklich. Lassen Sie ihn an der Luft trocknen. Am besten bewahren Sie Steinschmuck und die Steine selbst in einer mit Stoff bedeckten Schachtel oder in Stoff eingewickelt getrennt von anderen Steinen auf, um Selbstbesch\u00e4digung und m\u00f6gliche Kratzer zu vermeiden.<\/li>\n\n\n\n<li>Es ist ratsam, Schmuck nicht bei gr\u00f6\u00dferen k\u00f6rperlichen Aktivit\u00e4ten wie Bewegung oder Sport zu tragen. Vermeiden Sie es, Parf\u00fcm und Haarspray direkt auf Ihren Schmuck und Ihre Steine zu spr\u00fchen.<\/li>\n<\/ul>\n\n\n\n<div class=\"wp-block-button aligncenter\"><a class=\"wp-block-button__link has-text-color has-background wp-element-button\" href=\"https:\/\/moirai.si\/de\/produktkategorie-2\/kauf-nach-steinen\/malachit\/\" style=\"color:#2d2c2c;background-color:#ddc942\" target=\"_blank\" rel=\"noreferrer noopener\">Shop Malachit<\/a><\/div>\n\n\n\n<p class=\"has-text-align-center\">F\u00fcr <strong><span style=\"color: #800080;\">10<\/span>%<\/strong> Verwenden Sie den Code, um beim Online-Kauf einen Rabatt zu erhalten: <span style=\"color: #800080;\"><strong>moirai26 <\/strong><\/span>(koda je veljavna do 31.12.2026)!<\/p>\n\n\n\n<h3 class=\"wp-block-heading\"><span style=\"color: #800080;\"><strong>Horoskop<\/strong><\/span><\/h3>\n\n\n<div class=\"wp-block-image\">\n<figure class=\"alignleft size-large\"><img loading=\"lazy\" decoding=\"async\" width=\"116\" height=\"111\" src=\"https:\/\/moirai.si\/wp-content\/uploads\/2020\/01\/horoskop.jpg\" alt=\"\" class=\"wp-image-15659\"\/><\/figure>\n<\/div>\n\n\n<ul class=\"wp-block-list\">\n<li>Waage, Skorpion, Steinbock<\/li>\n<\/ul>","protected":false},"excerpt":{"rendered":"<p>Zgodovina Zdravilno * Metafizi\u010dne lastnosti \u010cakra ** Navedene zdravilne in metafizi\u010dne lastnosti kamnov so zbrane iz ve\u010d razli\u010dnih virov. Informacije so na voljo le kot storitev in ne za zdravljenje bolezni. Moirai.si ne jam\u010di popolne veljavnosti navedenega. Zna\u010dilnosti minerala Kemijska sestava Cu2CO3(OH)2 Barva modro zelena-zelena Trdota (Mohs) 3.5-4 Gostota 3.60-4.00 Lomni koli\u010dnik 1.655-1.909 Kristalni sistem [&hellip;]<\/p>\n","protected":false},"author":1,"featured_media":0,"parent":0,"menu_order":0,"comment_status":"closed","ping_status":"closed","template":"template-products-page.php","meta":{"footnotes":""},"class_list":["post-4841","page","type-page","status-publish","hentry"],"_links":{"self":[{"href":"https:\/\/moirai.si\/de\/wp-json\/wp\/v2\/pages\/4841","targetHints":{"allow":["GET"]}}],"collection":[{"href":"https:\/\/moirai.si\/de\/wp-json\/wp\/v2\/pages"}],"about":[{"href":"https:\/\/moirai.si\/de\/wp-json\/wp\/v2\/types\/page"}],"author":[{"embeddable":true,"href":"https:\/\/moirai.si\/de\/wp-json\/wp\/v2\/users\/1"}],"replies":[{"embeddable":true,"href":"https:\/\/moirai.si\/de\/wp-json\/wp\/v2\/comments?post=4841"}],"version-history":[{"count":12,"href":"https:\/\/moirai.si\/de\/wp-json\/wp\/v2\/pages\/4841\/revisions"}],"predecessor-version":[{"id":27221,"href":"https:\/\/moirai.si\/de\/wp-json\/wp\/v2\/pages\/4841\/revisions\/27221"}],"wp:attachment":[{"href":"https:\/\/moirai.si\/de\/wp-json\/wp\/v2\/media?parent=4841"}],"curies":[{"name":"wp","href":"https:\/\/api.w.org\/{rel}","templated":true}]}}