{"id":4867,"date":"2015-12-12T21:08:34","date_gmt":"2015-12-12T21:08:34","guid":{"rendered":"http:\/\/moirai.si\/?page_id=4867"},"modified":"2026-01-02T14:09:26","modified_gmt":"2026-01-02T14:09:26","slug":"formavit","status":"publish","type":"page","link":"https:\/\/moirai.si\/de\/moldavit\/","title":{"rendered":"Moldavit"},"content":{"rendered":"<div class=\"wp-block-button aligncenter\"><a class=\"wp-block-button__link has-text-color has-background wp-element-button\" href=\"https:\/\/moirai.si\/de\/produktkategorie-2\/kauf-nach-steinen\/formavit\/\" style=\"color:#2d2c2c;background-color:#ddc942\" target=\"_blank\" rel=\"noreferrer noopener\">Shop Moldavit<\/a><\/div>\n\n\n\n<h3 class=\"wp-block-heading\"><span style=\"color: #800080;\">Geschichte<\/span><\/h3>\n\n\n<div class=\"wp-block-image is-resized\">\n<figure class=\"alignright size-thumbnail\"><img decoding=\"async\" src=\"https:\/\/moirai.si\/wp-content\/uploads\/2020\/02\/moldavit-500x500.jpg\" alt=\"\" class=\"wp-image-15759\" style=\"width:125px\"\/><\/figure>\n<\/div>\n\n\n<ul class=\"wp-block-list\">\n<li>Moldavit wurde zun\u00e4chst nach Professor Josef Mayer von der Universit\u00e4t Prag \"Chrysolith\" genannt. Der Name wurde sp\u00e4ter durch \"Moldavit\" nach \"Moldauthein\" ersetzt. Moldauthein ist der Ort, an dem zum ersten Mal eine Moldavit-Probe entdeckt und beschrieben wurde. Er geh\u00f6rt zur Gruppe der Tektite. Er ist ein nat\u00fcrliches Glas und hat eine olivgr\u00fcne bis braungr\u00fcne Farbe. Manchmal wurde angenommen, dass Moldavit aus den D\u00e4mpfen eines auf die Erde fallenden Meteoriten entstanden ist.<\/li>\n<\/ul>\n\n\n\n<h3 class=\"wp-block-heading\"><span style=\"color: #800080;\">Medizinische * Metaphysische Eigenschaften<\/span><\/h3>\n\n\n\n<ul class=\"wp-block-list\">\n<li>Allergien, An\u00e4mie, Asthma, Bakterien, Blockaden, Spiritualit\u00e4t, Kopfschmerzen, Grippe, Infektionen, Hautausschl\u00e4ge, Hellsichtigkeit, Knochenmark, Haut, Hautentz\u00fcndungen, Meditation, Metastasen, Beziehungen, Infektionen, Fruchtbarkeit, Erk\u00e4ltungen, psychisches Erwachen, R\u00f6ntgenstrahlen, \u00dcbelkeit, Ged\u00e4chtnis, Gl\u00fcck, M\u00fcdigkeit, Freude, Rausch, Schutz...<\/li>\n<\/ul>\n\n\n\n<div class=\"wp-block-button aligncenter\"><a class=\"wp-block-button__link has-text-color has-background wp-element-button\" href=\"https:\/\/moirai.si\/de\/produktkategorie-2\/kauf-nach-steinen\/formavit\/\" style=\"color:#2d2c2c;background-color:#ddc942\" target=\"_blank\" rel=\"noreferrer noopener\">Shop Moldavit<\/a><\/div>\n\n\n<div class=\"wp-block-image is-resized\">\n<figure class=\"alignleft\"><a href=\"https:\/\/moirai.si\/de\/kakra\/\"><img loading=\"lazy\" decoding=\"async\" width=\"500\" height=\"500\" src=\"https:\/\/moirai.si\/wp-content\/uploads\/2019\/09\/\u010dakra.jpg\" alt=\"\" class=\"wp-image-14534\" style=\"width:125px\" srcset=\"https:\/\/moirai.si\/wp-content\/uploads\/2019\/09\/\u010dakra.jpg 500w, https:\/\/moirai.si\/wp-content\/uploads\/2019\/09\/\u010dakra-100x100.jpg 100w\" sizes=\"auto, (max-width: 500px) 100vw, 500px\" \/><\/a><\/figure>\n<\/div>\n\n\n<p><a href=\"https:\/\/moirai.si\/de\/kakra\/\">Chakra<\/a><\/p>\n\n\n\n<p class=\"has-small-font-size\">** Die heilenden und metaphysischen Eigenschaften der aufgelisteten Steine wurden aus verschiedenen Quellen zusammengetragen. Die Informationen werden nur als Service und nicht f\u00fcr die Behandlung von Krankheiten zur Verf\u00fcgung gestellt. Moirai.si \u00fcbernimmt keine Garantie f\u00fcr die volle G\u00fcltigkeit der bereitgestellten Informationen.<\/p>\n\n\n\n<h3 class=\"wp-block-heading\"><span style=\"color: #800080;\">Merkmale des Minerals<\/span><\/h3>\n\n\n\n<figure class=\"wp-block-table\"><table><tbody><tr><td>Chemische Zusammensetzung<\/td><td>SiO<sub>2<\/sub>(+Al<sub>2<\/sub>O<sub>3<\/sub>)<\/td><\/tr><tr><td>Farbe<\/td><td>gr\u00fcn bis braun-gr\u00fcn<\/td><\/tr><tr><td>H\u00e4rte (Mohs)<\/td><td>5.5-7<\/td><\/tr><tr><td>Dichte<\/td><td>2.32-2.38<\/td><\/tr><tr><td>Brechungsindex<\/td><td>1.480-1.540<\/td><\/tr><tr><td>System Kristall<\/td><td>Amorphes<\/td><\/tr><\/tbody><\/table><\/figure>\n\n\n\n<h3 class=\"wp-block-heading\"><span style=\"color: #800080;\">Herkunft und Quellen des Minerals<\/span><\/h3>\n\n\n<div class=\"wp-block-image is-resized\">\n<figure class=\"alignleft size-large\"><img loading=\"lazy\" decoding=\"async\" width=\"189\" height=\"104\" src=\"https:\/\/moirai.si\/wp-content\/uploads\/2020\/01\/svet.jpg\" alt=\"\" class=\"wp-image-15658\" style=\"width:125px\"\/><\/figure>\n<\/div>\n\n\n<ul class=\"wp-block-list\">\n<li>Tschechische Republik, Deutschland und \u00d6sterreich.<\/li>\n<\/ul>\n\n\n\n<h3 class=\"wp-block-heading\"><span style=\"color: #800080;\">Pflege<\/span><\/h3>\n\n\n\n<ul class=\"wp-block-list\">\n<li>Moldavit ist im Vergleich zu den meisten anderen Edelsteinen recht weich und spr\u00f6de. Vermeiden Sie bei der Reinigung von Moldavit die Verwendung von Chemikalien oder Reinigungsmitteln. Verwenden Sie keine Ultraschall- oder Dampfreiniger. Er kann mit milder Seife und einem weichen Tuch gereinigt werden. Achten Sie darauf, die Seifenreste gut abzusp\u00fclen. Bewahren Sie Steinschmuck und die Steine selbst am besten in einer mit Stoff bedeckten Schachtel auf oder wickeln Sie sie getrennt von den anderen Steinen in Stoff ein, um Selbstbesch\u00e4digung und m\u00f6gliche Kratzer zu vermeiden.<\/li>\n\n\n\n<li>Es ist ratsam, Schmuck nicht bei gr\u00f6\u00dferen k\u00f6rperlichen Aktivit\u00e4ten wie Bewegung oder Sport zu tragen. Vermeiden Sie es, Parf\u00fcm und Haarspray direkt auf Ihren Schmuck und Ihre Steine zu spr\u00fchen.<\/li>\n<\/ul>\n\n\n\n<div class=\"wp-block-button aligncenter\"><a class=\"wp-block-button__link has-text-color has-background wp-element-button\" href=\"https:\/\/moirai.si\/de\/produktkategorie-2\/kauf-nach-steinen\/formavit\/\" style=\"color:#2d2c2c;background-color:#ddc942\" target=\"_blank\" rel=\"noreferrer noopener\">Shop Moldavit<\/a><\/div>\n\n\n\n<p class=\"has-text-align-center\">F\u00fcr <strong><span style=\"color: #800080;\">10<\/span>%<\/strong> Verwenden Sie den Code, um beim Online-Kauf einen Rabatt zu erhalten: <span style=\"color: #800080;\"><strong>moirai26 <\/strong><\/span>(koda je veljavna do 31.12.2026)!<\/p>\n\n\n\n<h3 class=\"wp-block-heading\"><span style=\"color: #800080;\">Horoskop<\/span><\/h3>\n\n\n<div class=\"wp-block-image\">\n<figure class=\"alignleft size-large\"><img loading=\"lazy\" decoding=\"async\" width=\"116\" height=\"111\" src=\"https:\/\/moirai.si\/wp-content\/uploads\/2020\/01\/horoskop.jpg\" alt=\"\" class=\"wp-image-15659\"\/><\/figure>\n<\/div>\n\n\n<ul class=\"wp-block-list\">\n<li>Alle Zeichen<\/li>\n<\/ul>","protected":false},"excerpt":{"rendered":"<p>Zgodovina Zdravilno * Metafizi\u010dne lastnosti \u010cakra ** Navedene zdravilne in metafizi\u010dne lastnosti kamnov so zbrane iz ve\u010d razli\u010dnih virov. Informacije so na voljo le kot storitev in ne za zdravljenje bolezni. Moirai.si ne jam\u010di popolne veljavnosti navedenega. Zna\u010dilnosti minerala Kemijska sestava SiO2(+Al2O3) Barva zelena do rjavo-zelena Trdota (Mohs) 5.5-7 Gostota 2.32-2.38 Lomni koli\u010dnik 1.480-1.540 Kristalni [&hellip;]<\/p>\n","protected":false},"author":1,"featured_media":0,"parent":0,"menu_order":0,"comment_status":"closed","ping_status":"closed","template":"template-products-page.php","meta":{"footnotes":""},"class_list":["post-4867","page","type-page","status-publish","hentry"],"_links":{"self":[{"href":"https:\/\/moirai.si\/de\/wp-json\/wp\/v2\/pages\/4867","targetHints":{"allow":["GET"]}}],"collection":[{"href":"https:\/\/moirai.si\/de\/wp-json\/wp\/v2\/pages"}],"about":[{"href":"https:\/\/moirai.si\/de\/wp-json\/wp\/v2\/types\/page"}],"author":[{"embeddable":true,"href":"https:\/\/moirai.si\/de\/wp-json\/wp\/v2\/users\/1"}],"replies":[{"embeddable":true,"href":"https:\/\/moirai.si\/de\/wp-json\/wp\/v2\/comments?post=4867"}],"version-history":[{"count":11,"href":"https:\/\/moirai.si\/de\/wp-json\/wp\/v2\/pages\/4867\/revisions"}],"predecessor-version":[{"id":27225,"href":"https:\/\/moirai.si\/de\/wp-json\/wp\/v2\/pages\/4867\/revisions\/27225"}],"wp:attachment":[{"href":"https:\/\/moirai.si\/de\/wp-json\/wp\/v2\/media?parent=4867"}],"curies":[{"name":"wp","href":"https:\/\/api.w.org\/{rel}","templated":true}]}}