{"id":4871,"date":"2015-12-12T21:30:47","date_gmt":"2015-12-12T21:30:47","guid":{"rendered":"http:\/\/moirai.si\/?page_id=4871"},"modified":"2026-01-02T14:10:19","modified_gmt":"2026-01-02T14:10:19","slug":"obsidian","status":"publish","type":"page","link":"https:\/\/moirai.si\/de\/obsidijan\/","title":{"rendered":"Obsidian"},"content":{"rendered":"<div class=\"wp-block-button aligncenter\"><a class=\"wp-block-button__link has-text-color has-background wp-element-button\" href=\"https:\/\/moirai.si\/de\/produktkategorie-2\/kauf-nach-steinen\/obsidian\/\" style=\"color:#2d2c2c;background-color:#ddc942\" target=\"_blank\" rel=\"noreferrer noopener\">Shop Obsidian<\/a><\/div>\n\n\n\n<h3 class=\"wp-block-heading\"><span style=\"color: #800080;\"><strong>Geschichte<\/strong><\/span><\/h3>\n\n\n<div class=\"wp-block-image is-resized\">\n<figure class=\"alignright size-thumbnail\"><img loading=\"lazy\" decoding=\"async\" width=\"500\" height=\"500\" src=\"https:\/\/moirai.si\/wp-content\/uploads\/2020\/02\/osidijan-500x500.jpg\" alt=\"\" class=\"wp-image-15765\" style=\"width:125px\" srcset=\"https:\/\/moirai.si\/wp-content\/uploads\/2020\/02\/osidijan-500x500.jpg 500w, https:\/\/moirai.si\/wp-content\/uploads\/2020\/02\/osidijan-100x100.jpg 100w, https:\/\/moirai.si\/wp-content\/uploads\/2020\/02\/osidijan-501x501.jpg 501w, https:\/\/moirai.si\/wp-content\/uploads\/2020\/02\/osidijan.jpg 566w\" sizes=\"auto, (max-width: 500px) 100vw, 500px\" \/><\/figure>\n<\/div>\n\n\n<ul class=\"wp-block-list\">\n<li>Obsidian ist nach \"Obsius\" benannt, einem R\u00f6mer, der einen \u00e4hnlichen Stein entdeckte. Es ist ein nat\u00fcrliches vulkanisches Glas, das beim Abk\u00fchlen von Lava entsteht. Es wurde zur Herstellung von Speerspitzen und Klingen sowie von Ornamenten verwendet. In seiner reinen Form hat Obsidian eine dunkle Farbe, die auf die Anwesenheit von Eisen und Magnesium zur\u00fcckzuf\u00fchren ist. Es kann aufgrund verschiedener Eigenschaften in verschiedene Typen eingeteilt werden. Zu den Grundtypen von Obsidian geh\u00f6ren jedoch die folgenden: Flecken (Schnee- und Erdnussobsidian), kleine Kn\u00f6tchen (Apachentr\u00e4nen) und Glanz (Silberobsidian und Feuerobsidian).<\/li>\n\n\n\n<li><span style=\"color: #800080;\">Synonyme, alte Namen, Handelsnamen:<\/span> Apache Tears, Isl\u00e4ndischer Achat, Mahagoni-Obsidian, Regenbogen-Obsidian, Schnee-Obsidian, Silber-Obsidian, Tokay Lux Sapphire...<\/li>\n<\/ul>\n\n\n\n<h3 class=\"wp-block-heading\"><span style=\"color: #800080;\"><strong>Medizinische * Metaphysische Eigenschaften<\/strong><\/span><\/h3>\n\n\n\n<ul class=\"wp-block-list\">\n<li>Arthritis, Blockaden, Seelenheilung, Emotionen, \u00d6strogen, Immunsystem, Kr\u00e4mpfe, Blutungen, Durchblutung, Verspannungen, Negativit\u00e4t, Verletzungen, Stoffwechsel, Prostata, psychischer Angriff, Entgiftung, Stress, Testosteron, Trauma, geistige F\u00e4higkeiten, Schutz, Verwirrung, Nerven...<\/li>\n<\/ul>\n\n\n\n<ul class=\"wp-block-list\">\n<li><span style=\"color: #800080;\"><strong>SCHWARZ OBSIDIAN<\/strong><\/span> hat starke metaphysische Eigenschaften, die vor Negativit\u00e4t sch\u00fctzen. Es ist hilfreich bei Angst, Wut, Stress und wehrt die Frustration anderer ab. Er hilft uns, eingebaute Negativit\u00e4t aus der Aura zu l\u00f6sen und in Kontakt mit der geistigen Welt zu treten. Es ist bekannt, dass es hilft, verschiedene S\u00fcchte, Essst\u00f6rungen, negative Verhaltensweisen und emotionale Blockaden zu l\u00f6sen. Er kann den Testosteron- und \u00d6strogenspiegel erh\u00f6hen, wenn er zur Entblockierung des Wurzelchakras verwendet wird. Schwarzer Obsidian steigert die Libido.<\/li>\n\n\n\n<li><strong><span style=\"color: #800080;\">MAHAGONIFARBENER OBSIDIAN<\/span><\/strong> Er ist ein stabilisierender Stein, der die Aura st\u00e4rkt und das Sexualchakra und den Solarplexus ins Gleichgewicht bringt. Er lindert Schmerzen und verbessert die Blutzirkulation. Er verbessert den Fluss unserer kreativen Energien und sch\u00fctzt uns vor psychischen Angriffen. Er sorgt f\u00fcr Erdung und Schutz. Er wird oft zur Unterst\u00fctzung des Entscheidungsprozesses verwendet.<\/li>\n\n\n\n<li><strong><span style=\"color: #800080;\">REGENBOGEN OBSIDIAN<\/span><\/strong> ist der Stein der \"Freude\". Er macht es uns leichter, unser eigenes Leben zu genie\u00dfen und gibt uns ein Gef\u00fchl der Dankbarkeit. Er lehrt uns \u00fcber unsere spirituelle Natur und f\u00fcllt unsere Herzenergie auf. Er ist ein Stein der Liebe. Er hat starke sch\u00fctzende Eigenschaften. Er absorbiert negative Energie aus der Aura und wehrt Stress ab. Er \u00f6ffnet und aktiviert alle Chakren. Hilft, \u00c4ngste zu Hause und am Arbeitsplatz abzubauen. Bringt Gl\u00fcck und Freude.<\/li>\n\n\n\n<li><span style=\"color: #800080;\"><strong>BLAU OBSIDIAN<\/strong><\/span> hilft bei Astralreisen und erh\u00f6ht die Telepathie. Aktiviert das Kehlchakra und unterst\u00fctzt die Kommunikationsf\u00e4higkeit. \u00d6ffnet die Aura. Hilft uns bei Sprachst\u00f6rungen, Augenerkrankungen, Alzheimer, Schizophrenie und Pers\u00f6nlichkeitsst\u00f6rungen.<\/li>\n\n\n\n<li><strong><span style=\"color: #800080;\">BLAU-GR\u00dcNER OBSIDIAN<\/span><\/strong> \u00f6ffnet das Herz- und Kehlchakra. Es erm\u00f6glicht, die Wahrheit und das Verst\u00e4ndnis aus dem Herzen zu sprechen. Bringt Geist, K\u00f6rper und Seele ins Gleichgewicht. Verbessert die Aufnahme der Vitamine A und E. Verbessert die Nachtsicht.<\/li>\n\n\n\n<li><strong><span style=\"color: #800080;\">SNOW OBSIDIAN<\/span><\/strong> ermutigt uns zu geistigem Wachstum. Er hat sehr starke sch\u00fctzende Eigenschaften. Sie absorbiert negative Energie aus der Aura und beseitigt Stress. Sie neutralisiert Schmerzen und l\u00f6st Blockaden auf. Verk\u00fcrzt die Heilungszeit von Wunden. St\u00e4rkt die Gesundheit, die Intuition und den Kreislauf. L\u00f6st Spannungen und lindert Schocks. Kl\u00e4rt den Geist und st\u00e4rkt die Logik. Wohltuend f\u00fcr die Venen, das Skelett und die glatte Haut. Heilt alte karmische Muster. Sehr gut zur Erdung und zum Schutz.<\/li>\n\n\n\n<li><strong><span style=\"color: #800080;\">SILBER OBSIDIAN<\/span><\/strong> - verbessert die Wahrnehmung, sch\u00e4rft die Sinne und den Intellekt. Es f\u00f6rdert die klare Kommunikation mit anderen. Beeinflusst die rationale Entscheidungsfindung. Hilft uns, das Verhalten anderer zu verstehen und unerw\u00fcnschte Eigenschaften zu verbessern. Steigert die Geduld und Ausdauer. Er ist ein wunderbarer Stein f\u00fcr Astralreisen, da er eine starke Verbindung zwischen dem physischen und dem Astralk\u00f6rper herstellt. Er ist ein beruhigender Stein f\u00fcr diejenigen, die Probleme mit einer besitzergreifenden Mutter haben.<\/li>\n\n\n\n<li><strong><span style=\"color: #800080;\">GOLD OBSIDIAN<\/span><\/strong> bietet uns Wissen \u00fcber Spiritualit\u00e4t. Es gleicht die Energiefelder aus. Es verbessert die Meditation und gibt uns Geduld und Ausdauer. Sie verbindet die Astralk\u00f6rper mit dem physischen K\u00f6rper. Sie bietet Schutz und baut Stress ab. Reinigt die Aura, negative Energie und unterst\u00fctzt uns dabei, unsere Ziele zu erreichen.<\/li>\n\n\n\n<li><strong><span style=\"color: #800080;\">SPINNWEB-OBSIDIAN<\/span> <\/strong>- Erdung, Knie, H\u00fcften, Schutz, Emotionen, Stimmungsschwankungen, Depression, innere St\u00e4rke, geistige Klarheit, Kreativit\u00e4t, Stress, Spiritualit\u00e4t, Astralreisen...<\/li>\n<\/ul>\n\n\n\n<div class=\"wp-block-button aligncenter\"><a class=\"wp-block-button__link has-text-color has-background wp-element-button\" href=\"https:\/\/moirai.si\/de\/produktkategorie-2\/kauf-nach-steinen\/obsidian\/\" style=\"color:#2d2c2c;background-color:#ddc942\" target=\"_blank\" rel=\"noreferrer noopener\">Shop Obsidian<\/a><\/div>\n\n\n<div class=\"wp-block-image is-resized\">\n<figure class=\"alignleft\"><a href=\"https:\/\/moirai.si\/de\/kakra\/\"><img loading=\"lazy\" decoding=\"async\" width=\"500\" height=\"500\" src=\"https:\/\/moirai.si\/wp-content\/uploads\/2019\/09\/\u010dakra.jpg\" alt=\"\" class=\"wp-image-14534\" style=\"width:125px\" srcset=\"https:\/\/moirai.si\/wp-content\/uploads\/2019\/09\/\u010dakra.jpg 500w, https:\/\/moirai.si\/wp-content\/uploads\/2019\/09\/\u010dakra-100x100.jpg 100w\" sizes=\"auto, (max-width: 500px) 100vw, 500px\" \/><\/a><\/figure>\n<\/div>\n\n\n<p><a href=\"https:\/\/moirai.si\/de\/kakra\/\">Chakra<\/a><\/p>\n\n\n\n<p class=\"has-small-font-size\">** Die heilenden und metaphysischen Eigenschaften der aufgelisteten Steine wurden aus verschiedenen Quellen zusammengetragen. Die Informationen werden nur als Service und nicht f\u00fcr die Behandlung von Krankheiten zur Verf\u00fcgung gestellt. Moirai.si \u00fcbernimmt keine Garantie f\u00fcr die volle G\u00fcltigkeit der bereitgestellten Informationen.<\/p>\n\n\n\n<h3 class=\"wp-block-heading\"><span style=\"color: #800080;\"><strong>Merkmale des Minerals<\/strong><\/span><\/h3>\n\n\n\n<figure class=\"wp-block-table\"><table><tbody><tr><td>Chemische Zusammensetzung<\/td><td>SiO<sub>2<\/sub>+H<sub>2<\/sub>O<\/td><\/tr><tr><td>Farbe<\/td><td>schwarz mit wei\u00dfen Accessoires<\/td><\/tr><tr><td>H\u00e4rte (Mohs)<\/td><td>5-5.5<\/td><\/tr><tr><td>Dichte<\/td><td>2.30-2.60<\/td><\/tr><tr><td>Brechungsindex<\/td><td>1.480-1.510<\/td><\/tr><tr><td>System Kristall<\/td><td>Amorphes<\/td><\/tr><\/tbody><\/table><\/figure>\n\n\n\n<h3 class=\"wp-block-heading\"><span style=\"color: #800080;\"><strong>Herkunft und Quellen des Minerals<\/strong><\/span><\/h3>\n\n\n<div class=\"wp-block-image is-resized\">\n<figure class=\"alignleft size-large\"><img loading=\"lazy\" decoding=\"async\" width=\"189\" height=\"104\" src=\"https:\/\/moirai.si\/wp-content\/uploads\/2020\/01\/svet.jpg\" alt=\"\" class=\"wp-image-15658\" style=\"width:125px\"\/><\/figure>\n<\/div>\n\n\n<ul class=\"wp-block-list\">\n<li>Argentinien, Armenien, Aserbaidschan, Chile, El Salvador, Kanada, Georgien, Griechenland, Guatemala, Island, Italien, Japan, Kenia, Mexiko, Neuseeland, Peru, Schottland, T\u00fcrkei, USA.<\/li>\n<\/ul>\n\n\n\n<h3 class=\"wp-block-heading\"><span style=\"color: #800080;\"><strong>Pflege<\/strong><\/span><\/h3>\n\n\n\n<ul class=\"wp-block-list\">\n<li>Um den Obsidian zu reinigen, verwenden Sie einfach Seifenwasser und ein weiches Tuch. Achten Sie darauf, den Stein gut abzusp\u00fclen, um alle Seifenreste zu entfernen. Wie bei den meisten Edelsteinen sind Ultraschallreiniger und Dampfstrahler f\u00fcr Obsidian nicht zu empfehlen. Am besten bewahren Sie Steinschmuck und die Steine selbst in einer mit Stoff gef\u00fctterten Schachtel oder in einem Tuch eingewickelt getrennt von den anderen Steinen auf, um Selbstbesch\u00e4digungen und m\u00f6gliche Kratzer zu vermeiden.<\/li>\n\n\n\n<li>Es ist ratsam, Schmuck nicht bei gr\u00f6\u00dferen k\u00f6rperlichen Aktivit\u00e4ten wie Bewegung oder Sport zu tragen. Vermeiden Sie es, Parf\u00fcm und Haarspray direkt auf Ihren Schmuck und Ihre Steine zu spr\u00fchen.<\/li>\n<\/ul>\n\n\n\n<div class=\"wp-block-button aligncenter\"><a class=\"wp-block-button__link has-text-color has-background wp-element-button\" href=\"https:\/\/moirai.si\/de\/produktkategorie-2\/kauf-nach-steinen\/obsidian\/\" style=\"color:#2d2c2c;background-color:#ddc942\" target=\"_blank\" rel=\"noreferrer noopener\">Shop Obsidian<\/a><\/div>\n\n\n\n<p class=\"has-text-align-center\">F\u00fcr <strong><span style=\"color: #800080;\">10<\/span>%<\/strong> Verwenden Sie den Code, um beim Online-Kauf einen Rabatt zu erhalten: <span style=\"color: #800080;\"><strong>moirai26 <\/strong><\/span>(koda je veljavna do 31.12.2026)!<\/p>\n\n\n\n<h3 class=\"wp-block-heading\"><span style=\"color: #800080;\"><strong>Horoskop<\/strong><\/span><\/h3>\n\n\n<div class=\"wp-block-image\">\n<figure class=\"alignleft size-large\"><img loading=\"lazy\" decoding=\"async\" width=\"116\" height=\"111\" src=\"https:\/\/moirai.si\/wp-content\/uploads\/2020\/01\/horoskop.jpg\" alt=\"\" class=\"wp-image-15659\"\/><\/figure>\n<\/div>\n\n\n<ul class=\"wp-block-list\">\n<li>Skorpion, Sch\u00fctze, Wassermann, Steinbock<\/li>\n<\/ul>","protected":false},"excerpt":{"rendered":"<p>Zgodovina Zdravilno * Metafizi\u010dne lastnosti \u010cakra ** Navedene zdravilne in metafizi\u010dne lastnosti kamnov so zbrane iz ve\u010d razli\u010dnih virov. Informacije so na voljo le kot storitev in ne za zdravljenje bolezni. Moirai.si ne jam\u010di popolne veljavnosti navedenega. Zna\u010dilnosti minerala Kemijska sestava SiO2+H2O Barva \u010drna z belimi dodatki Trdota (Mohs) 5-5.5 Gostota 2.30-2.60 Lomni koli\u010dnik 1.480-1.510 [&hellip;]<\/p>\n","protected":false},"author":1,"featured_media":0,"parent":0,"menu_order":0,"comment_status":"closed","ping_status":"closed","template":"template-products-page.php","meta":{"footnotes":""},"class_list":["post-4871","page","type-page","status-publish","hentry"],"_links":{"self":[{"href":"https:\/\/moirai.si\/de\/wp-json\/wp\/v2\/pages\/4871","targetHints":{"allow":["GET"]}}],"collection":[{"href":"https:\/\/moirai.si\/de\/wp-json\/wp\/v2\/pages"}],"about":[{"href":"https:\/\/moirai.si\/de\/wp-json\/wp\/v2\/types\/page"}],"author":[{"embeddable":true,"href":"https:\/\/moirai.si\/de\/wp-json\/wp\/v2\/users\/1"}],"replies":[{"embeddable":true,"href":"https:\/\/moirai.si\/de\/wp-json\/wp\/v2\/comments?post=4871"}],"version-history":[{"count":14,"href":"https:\/\/moirai.si\/de\/wp-json\/wp\/v2\/pages\/4871\/revisions"}],"predecessor-version":[{"id":27226,"href":"https:\/\/moirai.si\/de\/wp-json\/wp\/v2\/pages\/4871\/revisions\/27226"}],"wp:attachment":[{"href":"https:\/\/moirai.si\/de\/wp-json\/wp\/v2\/media?parent=4871"}],"curies":[{"name":"wp","href":"https:\/\/api.w.org\/{rel}","templated":true}]}}