{"id":4894,"date":"2015-12-12T23:13:28","date_gmt":"2015-12-12T23:13:28","guid":{"rendered":"http:\/\/moirai.si\/en\/?page_id=4894"},"modified":"2026-01-02T14:19:55","modified_gmt":"2026-01-02T14:19:55","slug":"opal","status":"publish","type":"page","link":"https:\/\/moirai.si\/de\/opal\/","title":{"rendered":"Opal"},"content":{"rendered":"<div class=\"wp-block-button aligncenter\"><a class=\"wp-block-button__link has-text-color has-background wp-element-button\" href=\"https:\/\/moirai.si\/de\/produktkategorie-2\/kauf-nach-steinen\/opal\/\" style=\"color:#2d2c2c;background-color:#ddc942\" target=\"_blank\" rel=\"noreferrer noopener\">Opal einkaufen<\/a><\/div>\n\n\n\n<h3 class=\"wp-block-heading\"><span style=\"color: #800080;\"><strong>Geschichte<\/strong><\/span><\/h3>\n\n\n<div class=\"wp-block-image is-resized\">\n<figure class=\"alignright size-thumbnail\"><img decoding=\"async\" src=\"https:\/\/moirai.si\/wp-content\/uploads\/2020\/02\/opal-500x500.jpg\" alt=\"\" class=\"wp-image-15769\" style=\"width:125px\"\/><\/figure>\n<\/div>\n\n\n<ul class=\"wp-block-list\">\n<li>Der Name \"Opal\" stammt von dem Wort \"upala\", was so viel wie Edelstein bedeutet. Es gibt drei Arten von Opal: den edlen undurchsichtigen Opal, den Feueropal und die undurchsichtige Opalgruppe. Nat\u00fcrliche Opale sind nicht kristalline Steine und enthalten 30% Wasser. Der Regenbogen, der auf dem Opal erscheint, h\u00e4ngt vom Blickwinkel ab und wird vom Licht in dem Bereich reflektiert, in dem sich die Cristobalit-Mikrokugeln befinden. Die Farbe, die dabei entsteht, wird als \"Feuer\" oder \"Lichtspiel\" bezeichnet. Edle Opale erscheinen in einer Farbpalette von Wei\u00df bis Schwarz. Der Feueropal ist nach seiner Farbe benannt und zeigt keine Opaleszenz. Die Farbe des Feueropals reicht von gelb bis rot. Er ist in der Regel milchig, aber die besten Exemplare sollten transparent sein. Einfarbiger Opal ist in der Regel undurchsichtig, selten durchscheinend und hat kein Farbspiel. Er ist oft mit anderen Edelsteinen wie Achat-Opal oder Moos-Opal vermischt.<\/li>\n\n\n\n<li><span style=\"color: #800080;\">Synonyme, alte Namen, Handelsnamen:<\/span> Achat-Opal, Ananas-Opal, Anden-Opal, Engelshaut-Opal, Wei\u00dfer Opal, Boulder-Opal, Schwarzer Kristall-Opal, Schwarzer Opal, Wilder Opal, Edler Opal, Doppel-Opal, Girasol, Harlekin Opal, Hyalit, Hydrophan, Quarz Siga, Holz Opal, Moos Opal, Honig Opal, Porzellan Opal, Schwein Opal, Grau Opal, Tripel Opal, Wasser Opal...<\/li>\n<\/ul>\n\n\n\n<h3 class=\"wp-block-heading\"><span style=\"color: #800080;\"><strong>Medizinische * Metaphysische Eigenschaften<\/strong><\/span><\/h3>\n\n\n\n<ul class=\"wp-block-list\">\n<li>Darm, Emotionen, Insulin, Originalit\u00e4t, Wut, kosmisches Bewusstsein, Kreativit\u00e4t, Blut, Nieren, Infektionen, Parkinson-Krankheit, Selbstwertgef\u00fchl, Sexualit\u00e4t, Ged\u00e4chtnis, Spontaneit\u00e4t, Herz, Kunst, Kreativit\u00e4t, Lebenswille, Verf\u00fchrungskraft, Schutz, Gesundheit, Loyalit\u00e4t, Magens\u00e4ure, Magen...<\/li>\n<\/ul>\n\n\n\n<div class=\"wp-block-button aligncenter\"><a class=\"wp-block-button__link has-text-color has-background wp-element-button\" href=\"https:\/\/moirai.si\/de\/produktkategorie-2\/kauf-nach-steinen\/opal\/\" style=\"color:#2d2c2c;background-color:#ddc942\" target=\"_blank\" rel=\"noreferrer noopener\">Opal einkaufen<\/a><\/div>\n\n\n<div class=\"wp-block-image is-resized\">\n<figure class=\"alignleft\"><a href=\"https:\/\/moirai.si\/de\/kakra\/\"><img loading=\"lazy\" decoding=\"async\" width=\"500\" height=\"500\" src=\"https:\/\/moirai.si\/wp-content\/uploads\/2019\/09\/\u010dakra.jpg\" alt=\"\" class=\"wp-image-14534\" style=\"width:125px\" srcset=\"https:\/\/moirai.si\/wp-content\/uploads\/2019\/09\/\u010dakra.jpg 500w, https:\/\/moirai.si\/wp-content\/uploads\/2019\/09\/\u010dakra-100x100.jpg 100w\" sizes=\"auto, (max-width: 500px) 100vw, 500px\" \/><\/a><\/figure>\n<\/div>\n\n\n<p><a href=\"https:\/\/moirai.si\/de\/kakra\/\">Chakra<\/a><\/p>\n\n\n\n<p class=\"has-small-font-size\">**** Die heilenden und metaphysischen Eigenschaften der aufgelisteten Steine wurden aus verschiedenen Quellen zusammengetragen. Die Informationen werden nur als Service zur Verf\u00fcgung gestellt und dienen nicht der Behandlung von Krankheiten. Moirai.si \u00fcbernimmt keine Garantie f\u00fcr die volle G\u00fcltigkeit der bereitgestellten Informationen.<\/p>\n\n\n\n<h3 class=\"wp-block-heading\"><span style=\"color: #800080;\"><strong>Merkmale des Minerals<\/strong><\/span><\/h3>\n\n\n\n<figure class=\"wp-block-table\"><table><tbody><tr><td>Chemische Zusammensetzung<\/td><td>SiO<sub>2<\/sub>-nH<sub>2<\/sub>O<\/td><\/tr><tr><td>Farbe<\/td><td>transparent, alle Farben<\/td><\/tr><tr><td>H\u00e4rte (Mohs)<\/td><td>5.5-6<\/td><\/tr><tr><td>Dichte<\/td><td>1.98-2.50<\/td><\/tr><tr><td>Brechungsindex<\/td><td>1.370-1.450<\/td><\/tr><tr><td>System Kristall<\/td><td>Amorphes<\/td><\/tr><\/tbody><\/table><\/figure>\n\n\n\n<h3 class=\"wp-block-heading\"><span style=\"color: #800080;\"><strong>Herkunft und Quellen des Minerals<\/strong><\/span><\/h3>\n\n\n<div class=\"wp-block-image is-resized\">\n<figure class=\"alignleft size-large\"><img loading=\"lazy\" decoding=\"async\" width=\"189\" height=\"104\" src=\"https:\/\/moirai.si\/wp-content\/uploads\/2020\/01\/svet.jpg\" alt=\"\" class=\"wp-image-15658\" style=\"width:125px\"\/><\/figure>\n<\/div>\n\n\n<ul class=\"wp-block-list\">\n<li>Australien, Brasilien, Tschechische Republik, Mexiko, Afrika und Nevada.<\/li>\n<\/ul>\n\n\n\n<h3 class=\"wp-block-heading\"><span style=\"color: #800080;\"><strong>Pflege<\/strong><\/span><\/h3>\n\n\n\n<ul class=\"wp-block-list\">\n<li>Opale sind empfindliche Steine. Wenn sie zu trocken sind, k\u00f6nnen Opale Risse bekommen und verblassen. Wenn Sie in einem sehr trockenen Klima leben oder sie in einem Raum mit hoher Luftfeuchtigkeit aufbewahren, sind einige Vorsichtsma\u00dfnahmen erforderlich. Bewahren Sie Opale in einer dicht verschlossenen Plastikt\u00fcte mit einem feuchten Baumwoll- oder Stofftuch auf. Nur so k\u00f6nnen Sie verhindern, dass die Opale austrocknen. Der Wassergehalt von Opalen macht sie au\u00dferdem sehr empfindlich gegen\u00fcber pl\u00f6tzlichen Temperaturschwankungen. Die L\u00f6sung besteht darin, die Opale mit einem weichen Tuch und gegebenenfalls mit milder Seife zu reinigen. Verwenden Sie keine aggressiven Chemikalien oder Reinigungsmittel und vermeiden Sie Ultraschallreiniger und Dampfger\u00e4te.<\/li>\n\n\n\n<li>Am besten bewahren Sie Steinschmuck und die Steine selbst in einer mit Stoff bezogenen Schatulle oder in einem Tuch eingewickelt getrennt von den anderen auf, um Sch\u00e4den und m\u00f6gliche Kratzer zu vermeiden. Es ist ratsam, Schmuck nicht bei gr\u00f6\u00dferen k\u00f6rperlichen Aktivit\u00e4ten wie Bewegung oder Sport zu tragen. Vermeiden Sie es, Parf\u00fcm und Haarspray direkt auf Ihren Schmuck und Ihre Steine zu spr\u00fchen.<\/li>\n<\/ul>\n\n\n\n<div class=\"wp-block-button aligncenter\"><a class=\"wp-block-button__link has-text-color has-background wp-element-button\" href=\"https:\/\/moirai.si\/de\/produktkategorie-2\/kauf-nach-steinen\/opal\/\" style=\"color:#2d2c2c;background-color:#ddc942\" target=\"_blank\" rel=\"noreferrer noopener\">Opal einkaufen<\/a><\/div>\n\n\n\n<p class=\"has-text-align-center\">F\u00fcr <strong><span style=\"color: #800080;\">10<\/span>%<\/strong> Verwenden Sie den Code, um beim Online-Kauf einen Rabatt zu erhalten: <span style=\"color: #800080;\"><strong>moirai26 <\/strong><\/span>(koda je veljavna do 31.12.2026)!<\/p>\n\n\n\n<h3 class=\"wp-block-heading\"><span style=\"color: #800080;\"><strong>Horoskop<\/strong><\/span><\/h3>\n\n\n<div class=\"wp-block-image\">\n<figure class=\"alignleft size-large\"><img loading=\"lazy\" decoding=\"async\" width=\"116\" height=\"111\" src=\"https:\/\/moirai.si\/wp-content\/uploads\/2020\/01\/horoskop.jpg\" alt=\"\" class=\"wp-image-15659\"\/><\/figure>\n<\/div>\n\n\n<ul class=\"wp-block-list\">\n<li>Krebs, Waage, Skorpion, Fische<\/li>\n<\/ul>","protected":false},"excerpt":{"rendered":"<p>Zgodovina Zdravilno * Metafizi\u010dne lastnosti \u010cakra **** Navedene zdravilne in metafizi\u010dne lastnosti kamnov so zbrane iz ve\u010d razli\u010dnih virov. Informacije so na voljo le kot storitev in ne za zdravljenje bolezni. Moirai.si ne jam\u010di popolne veljavnosti navedenega. Zna\u010dilnosti minerala Kemijska sestava SiO2-nH2O Barva prosojna, vse barve Trdota (Mohs) 5.5-6 Gostota 1.98-2.50 Lomni koli\u010dnik 1.370-1.450 Kristalni [&hellip;]<\/p>\n","protected":false},"author":1,"featured_media":0,"parent":0,"menu_order":0,"comment_status":"closed","ping_status":"closed","template":"template-products-page.php","meta":{"footnotes":""},"class_list":["post-4894","page","type-page","status-publish","hentry"],"_links":{"self":[{"href":"https:\/\/moirai.si\/de\/wp-json\/wp\/v2\/pages\/4894","targetHints":{"allow":["GET"]}}],"collection":[{"href":"https:\/\/moirai.si\/de\/wp-json\/wp\/v2\/pages"}],"about":[{"href":"https:\/\/moirai.si\/de\/wp-json\/wp\/v2\/types\/page"}],"author":[{"embeddable":true,"href":"https:\/\/moirai.si\/de\/wp-json\/wp\/v2\/users\/1"}],"replies":[{"embeddable":true,"href":"https:\/\/moirai.si\/de\/wp-json\/wp\/v2\/comments?post=4894"}],"version-history":[{"count":12,"href":"https:\/\/moirai.si\/de\/wp-json\/wp\/v2\/pages\/4894\/revisions"}],"predecessor-version":[{"id":27228,"href":"https:\/\/moirai.si\/de\/wp-json\/wp\/v2\/pages\/4894\/revisions\/27228"}],"wp:attachment":[{"href":"https:\/\/moirai.si\/de\/wp-json\/wp\/v2\/media?parent=4894"}],"curies":[{"name":"wp","href":"https:\/\/api.w.org\/{rel}","templated":true}]}}