{"id":4896,"date":"2015-12-13T15:10:33","date_gmt":"2015-12-13T15:10:33","guid":{"rendered":"http:\/\/moirai.si\/?page_id=4896"},"modified":"2026-01-02T14:23:14","modified_gmt":"2026-01-02T14:23:14","slug":"peridot","status":"publish","type":"page","link":"https:\/\/moirai.si\/de\/peridot\/","title":{"rendered":"Peridot"},"content":{"rendered":"<div class=\"wp-block-button aligncenter\"><a class=\"wp-block-button__link has-text-color has-background wp-element-button\" href=\"https:\/\/moirai.si\/de\/produktkategorie-2\/kauf-nach-steinen\/peridot\/\" style=\"color:#2d2c2c;background-color:#ddc942\" target=\"_blank\" rel=\"noreferrer noopener\">Shop Peridot<\/a><\/div>\n\n\n\n<h3 class=\"wp-block-heading\"><span style=\"color: #800080;\"><strong>Geschichte<\/strong><\/span><\/h3>\n\n\n<div class=\"wp-block-image is-resized\">\n<figure class=\"alignright size-thumbnail\"><img decoding=\"async\" src=\"https:\/\/moirai.si\/wp-content\/uploads\/2020\/02\/peridot-500x500.jpg\" alt=\"\" class=\"wp-image-15772\" style=\"width:125px\"\/><\/figure>\n<\/div>\n\n\n<ul class=\"wp-block-list\">\n<li>Der Name \"Peridot\" leitet sich vom franz\u00f6sischen Wort \"perit\u00f4t\" ab, was so viel wie \"undurchsichtig\" bedeutet, und zwar wegen der vielen Einschl\u00fcsse und inneren Br\u00fcche, die h\u00e4ufig in diesem Stein zu finden sind. Vor dieser Bezeichnung wurde f\u00fcr Peridot das alte deutsche Wort \"Chrysolith\" verwendet. Er wird manchmal auch Olivin genannt und wurde nur in gr\u00fcner Farbe gefunden. Der Farbton und die Tiefe der gr\u00fcnen Farbe von Peridot h\u00e4ngen vom Eisenanteil ab. Ist die gr\u00fcne Farbe des Peridots tiefer, bedeutet dies, dass er einen geringeren Eisenanteil hat.<\/li>\n\n\n\n<li><span style=\"color: #800080;\">Synonyme, alte Namen, Handelsnamen:<\/span> Olivin, Sinhalit, Abendsmaragd...<\/li>\n<\/ul>\n\n\n\n<h3 class=\"wp-block-heading\"><span style=\"color: #800080;\"><strong>Medizinische * Metaphysische Eigenschaften<\/strong><\/span><\/h3>\n\n\n\n<ul class=\"wp-block-list\">\n<li>Schwarze Magie, Emotionen, Depression, Wohlwollen, Immunsystem, Hellsichtigkeit, Wut, Blut, Liebe, Eifersucht, Melancholie, Ruhe, Schlaflosigkeit, Sensibilit\u00e4t, Emp\u00f6rung, Blutgef\u00e4\u00dfe, Lunge, Depression, Positivit\u00e4t, Verdauung, Freundschaft, Erdung, Gleichgewicht, Verst\u00e4ndnis, Vertrauen, Schlaf, Herz, Herzschlag, Stress, Toxine, Trauma, Geist, Kreativit\u00e4t, Freude, Groll, Schutz, Gesundheit, Magen...<\/li>\n<\/ul>\n\n\n\n<div class=\"wp-block-button aligncenter\"><a class=\"wp-block-button__link has-text-color has-background wp-element-button\" href=\"https:\/\/moirai.si\/de\/produktkategorie-2\/kauf-nach-steinen\/peridot\/\" style=\"color:#2d2c2c;background-color:#ddc942\" target=\"_blank\" rel=\"noreferrer noopener\">Shop Peridot<\/a><\/div>\n\n\n<div class=\"wp-block-image is-resized\">\n<figure class=\"alignleft\"><a href=\"https:\/\/moirai.si\/de\/kakra\/\"><img loading=\"lazy\" decoding=\"async\" width=\"500\" height=\"500\" src=\"https:\/\/moirai.si\/wp-content\/uploads\/2019\/09\/\u010dakra.jpg\" alt=\"\" class=\"wp-image-14534\" style=\"width:125px\" srcset=\"https:\/\/moirai.si\/wp-content\/uploads\/2019\/09\/\u010dakra.jpg 500w, https:\/\/moirai.si\/wp-content\/uploads\/2019\/09\/\u010dakra-100x100.jpg 100w\" sizes=\"auto, (max-width: 500px) 100vw, 500px\" \/><\/a><\/figure>\n<\/div>\n\n\n<p><a href=\"https:\/\/moirai.si\/de\/kakra\/\">Chakra<\/a><\/p>\n\n\n\n<p class=\"has-small-font-size\">** Die heilenden und metaphysischen Eigenschaften der aufgelisteten Steine wurden aus verschiedenen Quellen zusammengetragen. Die Informationen werden nur als Service und nicht f\u00fcr die Behandlung von Krankheiten zur Verf\u00fcgung gestellt. Moirai.si \u00fcbernimmt keine Garantie f\u00fcr die volle G\u00fcltigkeit der bereitgestellten Informationen.<\/p>\n\n\n\n<h3 class=\"wp-block-heading\"><span style=\"color: #800080;\"><strong>Merkmale des Minerals<\/strong><\/span><\/h3>\n\n\n\n<figure class=\"wp-block-table\"><table><tbody><tr><td>Chemische Zusammensetzung<\/td><td>(Mg, Fe)<sub>2<\/sub>SiO<sub>4<\/sub><\/td><\/tr><tr><td>Farbe<\/td><td>Zitronengr\u00fcn<\/td><\/tr><tr><td>H\u00e4rte (Mohs)<\/td><td>6.5-7<\/td><\/tr><tr><td>Dichte<\/td><td>3.20-4.50<\/td><\/tr><tr><td>Brechungsindex<\/td><td>1.654-1.690<\/td><\/tr><tr><td>System Kristall<\/td><td>Rautenf\u00f6rmig<\/td><\/tr><\/tbody><\/table><\/figure>\n\n\n\n<h3 class=\"wp-block-heading\"><span style=\"color: #800080;\"><strong>Herkunft und Quellen des Minerals<\/strong><\/span><\/h3>\n\n\n<div class=\"wp-block-image is-resized\">\n<figure class=\"alignleft size-large\"><img loading=\"lazy\" decoding=\"async\" width=\"189\" height=\"104\" src=\"https:\/\/moirai.si\/wp-content\/uploads\/2020\/01\/svet.jpg\" alt=\"\" class=\"wp-image-15658\" style=\"width:125px\"\/><\/figure>\n<\/div>\n\n\n<ul class=\"wp-block-list\">\n<li>Arizona, Mexiko, Oregon, Norwegen, Pakistan, Russland, Sri Lanka, Kanarische Inseln, China, Brasilien, Hawaii, Australien und S\u00fcdafrika.<\/li>\n<\/ul>\n\n\n\n<h3 class=\"wp-block-heading\"><span style=\"color: #800080;\"><strong>Pflege<\/strong><\/span><\/h3>\n\n\n\n<ul class=\"wp-block-list\">\n<li>Der Peridot wird am besten mit warmem Seifenwasser gereinigt. Sie sollten ihn vor Kratzern oder Br\u00fcchen sch\u00fctzen. Vermeiden Sie gro\u00dfe Temperaturschwankungen, Ultraschall- und Dampfreiniger, die den Stein besch\u00e4digen k\u00f6nnten. Am besten bewahren Sie Steinschmuck und die Steine selbst in einer mit einem Tuch bedeckten Schachtel oder in einem Tuch eingewickelt getrennt von den anderen auf, um Selbstbesch\u00e4digungen und m\u00f6gliche Kratzer zu vermeiden.<\/li>\n\n\n\n<li>Es ist ratsam, Schmuck nicht bei gr\u00f6\u00dferen k\u00f6rperlichen Aktivit\u00e4ten wie Bewegung oder Sport zu tragen. Vermeiden Sie es, Parf\u00fcm und Haarspray direkt auf Ihren Schmuck und Ihre Steine zu spr\u00fchen.<\/li>\n<\/ul>\n\n\n\n<div class=\"wp-block-button aligncenter\"><a class=\"wp-block-button__link has-text-color has-background wp-element-button\" href=\"https:\/\/moirai.si\/de\/produktkategorie-2\/kauf-nach-steinen\/peridot\/\" style=\"color:#2d2c2c;background-color:#ddc942\" target=\"_blank\" rel=\"noreferrer noopener\">Shop Peridot<\/a><\/div>\n\n\n\n<p class=\"has-text-align-center\">F\u00fcr <strong><span style=\"color: #800080;\">10<\/span>%<\/strong> Verwenden Sie den Code, um beim Online-Kauf einen Rabatt zu erhalten: <span style=\"color: #800080;\"><strong>moirai26 <\/strong><\/span>(koda je veljavna do 31.12.2026)!<\/p>\n\n\n\n<h3 class=\"wp-block-heading\"><span style=\"color: #800080;\"><strong>Horoskop<\/strong><\/span><\/h3>\n\n\n<div class=\"wp-block-image\">\n<figure class=\"alignleft size-large\"><img loading=\"lazy\" decoding=\"async\" width=\"116\" height=\"111\" src=\"https:\/\/moirai.si\/wp-content\/uploads\/2020\/01\/horoskop.jpg\" alt=\"\" class=\"wp-image-15659\"\/><\/figure>\n<\/div>\n\n\n<ul class=\"wp-block-list\">\n<li>Zwillinge, L\u00f6we, Waage, Skorpion, Sch\u00fctze<\/li>\n<\/ul>","protected":false},"excerpt":{"rendered":"<p>Zgodovina Zdravilno * Metafizi\u010dne lastnosti \u010cakra ** Navedene zdravilne in metafizi\u010dne lastnosti kamnov so zbrane iz ve\u010d razli\u010dnih virov. Informacije so na voljo le kot storitev in ne za zdravljenje bolezni. Moirai.si ne jam\u010di popolne veljavnosti navedenega. Zna\u010dilnosti minerala Kemijska sestava (Mg, Fe)2SiO4 Barva limonino zelena Trdota (Mohs) 6.5-7 Gostota 3.20-4.50 Lomni koli\u010dnik 1.654-1.690 Kristalni [&hellip;]<\/p>\n","protected":false},"author":1,"featured_media":0,"parent":0,"menu_order":0,"comment_status":"closed","ping_status":"closed","template":"template-products-page.php","meta":{"footnotes":""},"class_list":["post-4896","page","type-page","status-publish","hentry"],"_links":{"self":[{"href":"https:\/\/moirai.si\/de\/wp-json\/wp\/v2\/pages\/4896","targetHints":{"allow":["GET"]}}],"collection":[{"href":"https:\/\/moirai.si\/de\/wp-json\/wp\/v2\/pages"}],"about":[{"href":"https:\/\/moirai.si\/de\/wp-json\/wp\/v2\/types\/page"}],"author":[{"embeddable":true,"href":"https:\/\/moirai.si\/de\/wp-json\/wp\/v2\/users\/1"}],"replies":[{"embeddable":true,"href":"https:\/\/moirai.si\/de\/wp-json\/wp\/v2\/comments?post=4896"}],"version-history":[{"count":11,"href":"https:\/\/moirai.si\/de\/wp-json\/wp\/v2\/pages\/4896\/revisions"}],"predecessor-version":[{"id":27229,"href":"https:\/\/moirai.si\/de\/wp-json\/wp\/v2\/pages\/4896\/revisions\/27229"}],"wp:attachment":[{"href":"https:\/\/moirai.si\/de\/wp-json\/wp\/v2\/media?parent=4896"}],"curies":[{"name":"wp","href":"https:\/\/api.w.org\/{rel}","templated":true}]}}