{"id":4927,"date":"2015-12-13T16:29:32","date_gmt":"2015-12-13T16:29:32","guid":{"rendered":"http:\/\/moirai.si\/?page_id=4927"},"modified":"2026-01-02T14:27:30","modified_gmt":"2026-01-02T14:27:30","slug":"safir","status":"publish","type":"page","link":"https:\/\/moirai.si\/de\/safir\/","title":{"rendered":"Saphir"},"content":{"rendered":"<div class=\"wp-block-button aligncenter\"><a class=\"wp-block-button__link has-text-color has-background wp-element-button\" href=\"https:\/\/moirai.si\/de\/produktkategorie-2\/kauf-nach-steinen\/safir\/\" style=\"color:#2d2c2c;background-color:#ddc942\" target=\"_blank\" rel=\"noreferrer noopener\">Shop Saphir<\/a><\/div>\n\n\n\n<h3 class=\"wp-block-heading\"><span style=\"color: #800080;\"><strong>Geschichte<\/strong><\/span><\/h3>\n\n\n<div class=\"wp-block-image is-resized\">\n<figure class=\"alignright size-thumbnail\"><img decoding=\"async\" src=\"https:\/\/moirai.si\/wp-content\/uploads\/2020\/02\/safir-500x500.jpg\" alt=\"\" class=\"wp-image-15790\" style=\"width:125px\"\/><\/figure>\n<\/div>\n\n\n<ul class=\"wp-block-list\">\n<li>Der Name Saphir kommt vom griechischen Wort \"Sappherios\", was \"blau\" bedeutet. Saphir ist eine Art des Minerals Korund. Der Name Korund kommt von dem Wort \"Kuruvindam\", was \"Rubinsaphir\" bedeutet. Nat\u00fcrliche Saphire sind recht blass und haben eine helle Farbe. Nur ein kleiner Prozentsatz von Saphiren zeigt ohne zus\u00e4tzliche Behandlung lebhafte und intensive Farben. Der farbige Saphir wird oft als \"Fancy Sapphire\" bezeichnet. \"Fancy Sapphire\" werden in der Regel unter bestimmten Bezeichnungen wie \"Gelber Saphir\", \"Gr\u00fcner Saphir\" oder \"Violetter Saphir\" gehandelt.<\/li>\n\n\n\n<li><span style=\"color: #800080;\">Synonyme, alte Namen, Handelsnamen:<\/span> Leucosaphir, Orientalischer Amethyst, Orientalischer Smaragd, Orientalischer Topas, Padparadscha...<\/li>\n<\/ul>\n\n\n\n<h3 class=\"wp-block-heading\"><span style=\"color: #800080;\"><strong>Medizinische * Metaphysische Eigenschaften<\/strong><\/span><\/h3>\n\n\n\n<ul class=\"wp-block-list\">\n<li>Schmerz, Depression, Spiritualit\u00e4t, Hyperaktivit\u00e4t, Hypophyse, Hormone, Ehrlichkeit, Blutdruck, Nieren, Frieden, Weisheit, Unentschlossenheit, Gleichgewicht, Wahrheit, Rheuma, Strahlung, Herz, Angst, Telepathie, Freude, Wille, Fieber, Loyalit\u00e4t, Nerven, Galle...<\/li>\n<\/ul>\n\n\n<div class=\"wp-block-image is-resized\">\n<figure class=\"alignleft\"><a href=\"https:\/\/moirai.si\/de\/kakra\/\"><img loading=\"lazy\" decoding=\"async\" width=\"500\" height=\"500\" src=\"https:\/\/moirai.si\/wp-content\/uploads\/2019\/09\/\u010dakra.jpg\" alt=\"\" class=\"wp-image-14534\" style=\"width:125px\" srcset=\"https:\/\/moirai.si\/wp-content\/uploads\/2019\/09\/\u010dakra.jpg 500w, https:\/\/moirai.si\/wp-content\/uploads\/2019\/09\/\u010dakra-100x100.jpg 100w\" sizes=\"auto, (max-width: 500px) 100vw, 500px\" \/><\/a><\/figure>\n<\/div>\n\n\n<p><a href=\"https:\/\/moirai.si\/de\/kakra\/\">Chakra<\/a><\/p>\n\n\n\n<p class=\"has-small-font-size\">** Die heilenden und metaphysischen Eigenschaften der aufgelisteten Steine wurden aus verschiedenen Quellen zusammengetragen. Die Informationen werden nur als Service und nicht f\u00fcr die Behandlung von Krankheiten zur Verf\u00fcgung gestellt. Moirai.si \u00fcbernimmt keine Garantie f\u00fcr die volle G\u00fcltigkeit der bereitgestellten Informationen.<\/p>\n\n\n\n<h3 class=\"wp-block-heading\"><span style=\"color: #800080;\"><strong>Merkmale des Minerals<\/strong><\/span><\/h3>\n\n\n\n<figure class=\"wp-block-table\"><table><tbody><tr><td>Chemische Zusammensetzung<\/td><td>AI<sub>2<\/sub>O<sub>3<\/sub><\/td><\/tr><tr><td>Farbe<\/td><td>Blau<\/td><\/tr><tr><td>H\u00e4rte (Mohs)<\/td><td>9<\/td><\/tr><tr><td>Dichte<\/td><td>4.00-4.10<\/td><\/tr><tr><td>Brechungsindex<\/td><td>1.760-1.772<\/td><\/tr><tr><td>System Kristall<\/td><td>Trigonal<\/td><\/tr><\/tbody><\/table><\/figure>\n\n\n\n<h3 class=\"wp-block-heading\"><span style=\"color: #800080;\"><strong>Herkunft und Quellen des Minerals<\/strong><\/span><\/h3>\n\n\n<div class=\"wp-block-image is-resized\">\n<figure class=\"alignleft size-large\"><img loading=\"lazy\" decoding=\"async\" width=\"189\" height=\"104\" src=\"https:\/\/moirai.si\/wp-content\/uploads\/2020\/01\/svet.jpg\" alt=\"\" class=\"wp-image-15658\" style=\"width:125px\"\/><\/figure>\n<\/div>\n\n\n<ul class=\"wp-block-list\">\n<li>Myanmar, Sri Lanka, Indien, Australien, Afrika, Kambodscha, Brasilien und USA.<\/li>\n<\/ul>\n\n\n\n<h3 class=\"wp-block-heading\"><span style=\"color: #800080;\"><strong>Pflege<\/strong><\/span><\/h3>\n\n\n\n<ul class=\"wp-block-list\">\n<li>Reinigen Sie den Saphir einfach mit einem weichen Tuch oder einer B\u00fcrste und warmem Seifenwasser und sp\u00fclen Sie ihn gut ab, um alle Seifenreste zu entfernen. Saphir kann sich bei gro\u00dfer Hitze verf\u00e4rben. Vermeiden Sie daher gro\u00dfe Temperaturschwankungen. Vermeiden Sie auch alle Arten von scharfen Haushaltschemikalien und Reinigungsmitteln, einschlie\u00dflich Bleichmittel oder S\u00e4ure, da diese Chemikalien Korrosion verursachen k\u00f6nnen. Am besten bewahren Sie Steinschmuck und die Steine selbst in einer mit Stoff bedeckten Schachtel oder in Stoff eingewickelt getrennt von anderen Steinen auf, um Selbstbesch\u00e4digungen und m\u00f6gliche Kratzer zu vermeiden.<\/li>\n\n\n\n<li>Es ist ratsam, Schmuck nicht bei gr\u00f6\u00dferen k\u00f6rperlichen Aktivit\u00e4ten wie Bewegung oder Sport zu tragen. Vermeiden Sie es, Parf\u00fcm und Haarspray direkt auf Ihren Schmuck und Ihre Steine zu spr\u00fchen.<\/li>\n<\/ul>\n\n\n\n<div class=\"wp-block-button aligncenter\"><a class=\"wp-block-button__link has-text-color has-background wp-element-button\" href=\"https:\/\/moirai.si\/de\/produktkategorie-2\/kauf-nach-steinen\/safir\/\" style=\"color:#2d2c2c;background-color:#ddc942\" target=\"_blank\" rel=\"noreferrer noopener\">Shop Saphir<\/a><\/div>\n\n\n\n<p class=\"has-text-align-center\">F\u00fcr <strong><span style=\"color: #800080;\">10<\/span>%<\/strong> Verwenden Sie den Code, um beim Online-Kauf einen Rabatt zu erhalten: <span style=\"color: #800080;\"><strong>moirai26 <\/strong><\/span>(koda je veljavna do 31.12.2026)!<\/p>\n\n\n\n<h3 class=\"wp-block-heading\"><span style=\"color: #800080;\"><strong>Horoskop<\/strong><\/span><\/h3>\n\n\n<div class=\"wp-block-image\">\n<figure class=\"alignleft size-large\"><img loading=\"lazy\" decoding=\"async\" width=\"116\" height=\"111\" src=\"https:\/\/moirai.si\/wp-content\/uploads\/2020\/01\/horoskop.jpg\" alt=\"\" class=\"wp-image-15659\"\/><\/figure>\n<\/div>\n\n\n<ul class=\"wp-block-list\">\n<li>Jungfrau, Waage, Sch\u00fctze, Wassermann, Fische, Widder, Taurus, Zwillinge<\/li>\n<\/ul>","protected":false},"excerpt":{"rendered":"<p>Zgodovina Zdravilno * Metafizi\u010dne lastnosti \u010cakra ** Navedene zdravilne in metafizi\u010dne lastnosti kamnov so zbrane iz ve\u010d razli\u010dnih virov. Informacije so na voljo le kot storitev in ne za zdravljenje bolezni. Moirai.si ne jam\u010di popolne veljavnosti navedenega. Zna\u010dilnosti minerala Kemijska sestava AI2O3 Barva modra Trdota (Mohs) 9 Gostota 4.00-4.10 Lomni koli\u010dnik 1.760-1.772 Kristalni sistem Trigonalni [&hellip;]<\/p>\n","protected":false},"author":1,"featured_media":0,"parent":0,"menu_order":0,"comment_status":"closed","ping_status":"closed","template":"template-products-page.php","meta":{"footnotes":""},"class_list":["post-4927","page","type-page","status-publish","hentry"],"_links":{"self":[{"href":"https:\/\/moirai.si\/de\/wp-json\/wp\/v2\/pages\/4927","targetHints":{"allow":["GET"]}}],"collection":[{"href":"https:\/\/moirai.si\/de\/wp-json\/wp\/v2\/pages"}],"about":[{"href":"https:\/\/moirai.si\/de\/wp-json\/wp\/v2\/types\/page"}],"author":[{"embeddable":true,"href":"https:\/\/moirai.si\/de\/wp-json\/wp\/v2\/users\/1"}],"replies":[{"embeddable":true,"href":"https:\/\/moirai.si\/de\/wp-json\/wp\/v2\/comments?post=4927"}],"version-history":[{"count":12,"href":"https:\/\/moirai.si\/de\/wp-json\/wp\/v2\/pages\/4927\/revisions"}],"predecessor-version":[{"id":27237,"href":"https:\/\/moirai.si\/de\/wp-json\/wp\/v2\/pages\/4927\/revisions\/27237"}],"wp:attachment":[{"href":"https:\/\/moirai.si\/de\/wp-json\/wp\/v2\/media?parent=4927"}],"curies":[{"name":"wp","href":"https:\/\/api.w.org\/{rel}","templated":true}]}}