{"id":4955,"date":"2015-12-13T19:16:39","date_gmt":"2015-12-13T19:16:39","guid":{"rendered":"http:\/\/moirai.si\/?page_id=4955"},"modified":"2026-01-02T14:46:26","modified_gmt":"2026-01-02T14:46:26","slug":"topas","status":"publish","type":"page","link":"https:\/\/moirai.si\/de\/topaz\/","title":{"rendered":"Topas"},"content":{"rendered":"<div class=\"wp-block-button aligncenter\"><a class=\"wp-block-button__link has-text-color has-background wp-element-button\" href=\"https:\/\/moirai.si\/de\/produktkategorie-2\/kauf-nach-steinen\/topas\/\" style=\"color:#2d2c2c;background-color:#ddc942\" target=\"_blank\" rel=\"noreferrer noopener\">Shop Topas<\/a><\/div>\n\n\n\n<h3 class=\"wp-block-heading\"><span style=\"color: #800080;\"><strong>Geschichte<\/strong><\/span><\/h3>\n\n\n<div class=\"wp-block-image is-resized\">\n<figure class=\"alignright size-thumbnail\"><img loading=\"lazy\" decoding=\"async\" width=\"500\" height=\"500\" src=\"https:\/\/moirai.si\/wp-content\/uploads\/2020\/02\/topaz-500x500.jpg\" alt=\"\" class=\"wp-image-15818\" style=\"width:125px\" srcset=\"https:\/\/moirai.si\/wp-content\/uploads\/2020\/02\/topaz-500x500.jpg 500w, https:\/\/moirai.si\/wp-content\/uploads\/2020\/02\/topaz-100x100.jpg 100w, https:\/\/moirai.si\/wp-content\/uploads\/2020\/02\/topaz-501x501.jpg 501w, https:\/\/moirai.si\/wp-content\/uploads\/2020\/02\/topaz.jpg 566w\" sizes=\"auto, (max-width: 500px) 100vw, 500px\" \/><\/figure>\n<\/div>\n\n\n<ul class=\"wp-block-list\">\n<li>Manche glauben, dass Topaz ein mittelenglisches Wort ist, das sich vom altfranz\u00f6sischen Wort \"topace\" und dem lateinischen \"topazus\" ableitet. Der Ursprung des Wortes liegt im griechischen Wort \"topazios\" oder \"topazion\", dem antiken Namen f\u00fcr eine Insel im Roten Meer, auf der die alten Griechen nach einem gelben Stein gruben, den sie f\u00fcr Topas hielten. Das Wort Topas k\u00f6nnte auch von dem Wort \"tapas\" abgeleitet sein, was \"Feuer\" bedeutet.<\/li>\n\n\n\n<li><span style=\"color: #800080;\">Synonyme, alte Namen, Handelsnamen:<\/span> Imperialtopas, Hyazinthtopas, Imperialtopas, Goldtopas...<\/li>\n<\/ul>\n\n\n\n<h3 class=\"wp-block-heading\"><span style=\"color: #800080;\"><strong>Medizinische * Metaphysische Eigenschaften<\/strong><\/span><\/h3>\n\n\n\n<ul class=\"wp-block-list\">\n<li>An\u00e4mie, Depression, Atemwege, Kopfschmerzen, Sprache, Grippe, Hals, H\u00e4morrhoiden, Ersch\u00f6pfung, Blutkreislauf, Blutdruck, Liebe, Mandeln, Menopause, Kraft, Schlaflosigkeit, Grauer Star, Selbstausdruck, Selbstvertrauen, Gl\u00fcck, Angst, Gro\u00dfz\u00fcgigkeit, Freude, Sorgen, Gesundheit, Zahnschmerzen, Nervensystem...<\/li>\n<\/ul>\n\n\n<div class=\"wp-block-image is-resized\">\n<figure class=\"alignleft\"><a href=\"https:\/\/moirai.si\/de\/kakra\/\"><img loading=\"lazy\" decoding=\"async\" width=\"500\" height=\"500\" src=\"https:\/\/moirai.si\/wp-content\/uploads\/2019\/09\/\u010dakra.jpg\" alt=\"\" class=\"wp-image-14534\" style=\"width:125px\" srcset=\"https:\/\/moirai.si\/wp-content\/uploads\/2019\/09\/\u010dakra.jpg 500w, https:\/\/moirai.si\/wp-content\/uploads\/2019\/09\/\u010dakra-100x100.jpg 100w\" sizes=\"auto, (max-width: 500px) 100vw, 500px\" \/><\/a><\/figure>\n<\/div>\n\n\n<p><a href=\"https:\/\/moirai.si\/de\/kakra\/\">Chakra<\/a><\/p>\n\n\n\n<p class=\"has-small-font-size\">** Die heilenden und metaphysischen Eigenschaften der aufgelisteten Steine wurden aus verschiedenen Quellen zusammengetragen. Die Informationen werden nur als Service und nicht f\u00fcr die Behandlung von Krankheiten zur Verf\u00fcgung gestellt. Moirai.si \u00fcbernimmt keine Garantie f\u00fcr die volle G\u00fcltigkeit der bereitgestellten Informationen.<\/p>\n\n\n\n<h3 class=\"wp-block-heading\"><span style=\"color: #800080;\"><strong>Merkmale des Minerals<\/strong><\/span><\/h3>\n\n\n\n<figure class=\"wp-block-table\"><table><tbody><tr><td>Chemische Zusammensetzung<\/td><td>Al<sub>2<\/sub>SiO<sub>4<\/sub>(F,OH)<sub>2<\/sub><\/td><\/tr><tr><td>Farbe<\/td><td>hellblau<\/td><\/tr><tr><td>H\u00e4rte (Mohs)<\/td><td>8<\/td><\/tr><tr><td>Dichte<\/td><td>3.49-3.57<\/td><\/tr><tr><td>Brechungsindex<\/td><td>1.606-1.638<\/td><\/tr><tr><td>System Kristall<\/td><td>Rautenf\u00f6rmig<\/td><\/tr><\/tbody><\/table><\/figure>\n\n\n\n<h3 class=\"wp-block-heading\"><span style=\"color: #800080;\"><strong>Herkunft und Quellen des Minerals<\/strong><\/span><\/h3>\n\n\n<div class=\"wp-block-image is-resized\">\n<figure class=\"alignleft size-large\"><img loading=\"lazy\" decoding=\"async\" width=\"189\" height=\"104\" src=\"https:\/\/moirai.si\/wp-content\/uploads\/2020\/01\/svet.jpg\" alt=\"\" class=\"wp-image-15658\" style=\"width:125px\"\/><\/figure>\n<\/div>\n\n\n<ul class=\"wp-block-list\">\n<li>Brasilien, Afghanistan, Australien, China, Deutschland, Irland, Myanmar, Japan, Madagaskar, Mexiko, Namibia, Nigeria, Pakistan, Russland, Sri Lanka, Ukraine, Simbabwe, USA...<\/li>\n<\/ul>\n\n\n\n<h3 class=\"wp-block-heading\"><span style=\"color: #800080;\"><strong>Pflege<\/strong><\/span><\/h3>\n\n\n\n<ul class=\"wp-block-list\">\n<li>Zur Reinigung von Topas verwenden Sie einfach Seifenwasser und ein weiches Tuch. Achten Sie darauf, den Stein gut abzusp\u00fclen und alle Seifenreste zu entfernen. Wie bei den meisten anderen Steinen sind Ultraschallreiniger und Dampfstrahler nicht zu empfehlen. Am besten bewahren Sie Steinschmuck und die Steine selbst in einer mit Stoff bedeckten Schachtel auf oder wickeln Sie sie getrennt von den anderen Steinen in Stoff ein, um Selbstbesch\u00e4digungen und m\u00f6gliche Kratzer zu vermeiden.<\/li>\n\n\n\n<li>Es ist ratsam, Schmuck nicht bei gr\u00f6\u00dferen k\u00f6rperlichen Aktivit\u00e4ten wie Bewegung oder Sport zu tragen. Vermeiden Sie es, Parf\u00fcm und Haarspray direkt auf Ihren Schmuck und Ihre Steine zu spr\u00fchen.<\/li>\n<\/ul>\n\n\n\n<div class=\"wp-block-button aligncenter\"><a class=\"wp-block-button__link has-text-color has-background wp-element-button\" href=\"https:\/\/moirai.si\/de\/produktkategorie-2\/kauf-nach-steinen\/topas\/\" style=\"color:#2d2c2c;background-color:#ddc942\" target=\"_blank\" rel=\"noreferrer noopener\">Shop Topas<\/a><\/div>\n\n\n\n<p class=\"has-text-align-center\">F\u00fcr <strong><span style=\"color: #800080;\">10<\/span>%<\/strong> Verwenden Sie den Code, um beim Online-Kauf einen Rabatt zu erhalten: <span style=\"color: #800080;\"><strong>moirai26 <\/strong><\/span>(koda je veljavna do 31.12.2026)!<\/p>\n\n\n\n<h3 class=\"wp-block-heading\"><span style=\"color: #800080;\"><strong>Horoskop<\/strong><\/span><\/h3>\n\n\n<div class=\"wp-block-image\">\n<figure class=\"alignleft size-large\"><img loading=\"lazy\" decoding=\"async\" width=\"116\" height=\"111\" src=\"https:\/\/moirai.si\/wp-content\/uploads\/2020\/01\/horoskop.jpg\" alt=\"\" class=\"wp-image-15659\"\/><\/figure>\n<\/div>\n\n\n<ul class=\"wp-block-list\">\n<li>L\u00f6we, Skorpion, Sch\u00fctze, Waage<\/li>\n<\/ul>","protected":false},"excerpt":{"rendered":"<p>Zgodovina Zdravilno * Metafizi\u010dne lastnosti \u010cakra ** Navedene zdravilne in metafizi\u010dne lastnosti kamnov so zbrane iz ve\u010d razli\u010dnih virov. Informacije so na voljo le kot storitev in ne za zdravljenje bolezni. Moirai.si ne jam\u010di popolne veljavnosti navedenega. Zna\u010dilnosti minerala Kemijska sestava Al2SiO4(F,OH)2 Barva svetlo modra Trdota (Mohs) 8 Gostota 3.49-3.57 Lomni koli\u010dnik 1.606-1.638 Kristalni sistem [&hellip;]<\/p>\n","protected":false},"author":1,"featured_media":0,"parent":0,"menu_order":0,"comment_status":"closed","ping_status":"closed","template":"template-products-page.php","meta":{"footnotes":""},"class_list":["post-4955","page","type-page","status-publish","hentry"],"_links":{"self":[{"href":"https:\/\/moirai.si\/de\/wp-json\/wp\/v2\/pages\/4955","targetHints":{"allow":["GET"]}}],"collection":[{"href":"https:\/\/moirai.si\/de\/wp-json\/wp\/v2\/pages"}],"about":[{"href":"https:\/\/moirai.si\/de\/wp-json\/wp\/v2\/types\/page"}],"author":[{"embeddable":true,"href":"https:\/\/moirai.si\/de\/wp-json\/wp\/v2\/users\/1"}],"replies":[{"embeddable":true,"href":"https:\/\/moirai.si\/de\/wp-json\/wp\/v2\/comments?post=4955"}],"version-history":[{"count":11,"href":"https:\/\/moirai.si\/de\/wp-json\/wp\/v2\/pages\/4955\/revisions"}],"predecessor-version":[{"id":27247,"href":"https:\/\/moirai.si\/de\/wp-json\/wp\/v2\/pages\/4955\/revisions\/27247"}],"wp:attachment":[{"href":"https:\/\/moirai.si\/de\/wp-json\/wp\/v2\/media?parent=4955"}],"curies":[{"name":"wp","href":"https:\/\/api.w.org\/{rel}","templated":true}]}}