{"id":4972,"date":"2015-12-13T19:58:28","date_gmt":"2015-12-13T19:58:28","guid":{"rendered":"http:\/\/moirai.si\/?page_id=4972"},"modified":"2026-01-02T14:47:07","modified_gmt":"2026-01-02T14:47:07","slug":"turmalin","status":"publish","type":"page","link":"https:\/\/moirai.si\/de\/turmalin\/","title":{"rendered":"Turmalin"},"content":{"rendered":"<div class=\"wp-block-button aligncenter\"><a class=\"wp-block-button__link has-text-color has-background wp-element-button\" href=\"https:\/\/moirai.si\/de\/produktkategorie-2\/kauf-nach-steinen\/turmalin\/\" style=\"color:#2d2c2c;background-color:#ddc942\" target=\"_blank\" rel=\"noreferrer noopener\">Shop Turmalin<\/a><\/div>\n\n\n\n<h3 class=\"wp-block-heading\"><span style=\"color: #800080;\"><strong>Geschichte<\/strong><\/span><\/h3>\n\n\n<div class=\"wp-block-image is-resized\">\n<figure class=\"alignright size-thumbnail\"><img decoding=\"async\" src=\"https:\/\/moirai.si\/wp-content\/uploads\/2020\/02\/turmalin-500x500.jpg\" alt=\"\" class=\"wp-image-15822\" style=\"width:125px\"\/><\/figure>\n<\/div>\n\n\n<ul class=\"wp-block-list\">\n<li> Der Name Turmalin stammt von dem srilankischen Wort \"tura mali\", was so viel wie \"unbekanntes Mineral mit verschiedenen Farben\" bedeutet. Turmalin hat die gr\u00f6\u00dfte Farbvielfalt. Die h\u00e4ufigste Farbe des Turmalins ist schwarz, aber man findet ihn in allen Farben des Regenbogens. Turmalinarten: Rubellit (rot-rosa), Indigolith (blau), Verdelit (gr\u00fcn), Dravit (braun), Akroit (farblos-transparent), Shorlit (schwarz), Paraiba (leuchtend gr\u00fcn), Elbait (gr\u00fcn mit rotem Kern - Wassermelonen-Turmalin)<\/li>\n\n\n\n<li><span style=\"color: #800080;\">Synonyme, alte Namen, Handelsnamen:<\/span> Akroit, Dinarischer Quarz, Dravit, Elbait, Indigolith, Lubenitischer Turmalin, Rubellit, Shorl, Shorlit, Verdelit...<\/li>\n<\/ul>\n\n\n\n<h3 class=\"wp-block-heading\"><span style=\"color: #800080;\"><strong>Medizinische * Metaphysische Eigenschaften<\/strong><\/span><\/h3>\n\n\n\n<ul class=\"wp-block-list\">\n<li>Schmerz, emotionale Stabilit\u00e4t, Liebe, St\u00e4rke, Weisheit, negative Energie, Negativit\u00e4t, Panik, Mut, Geduld, Hingabe, Freundschaft, Erdung, Mitgef\u00fchl, Herz, Stabilit\u00e4t, Angst, Leidenschaft, Stress, Freude, Verwirrung...<\/li>\n<\/ul>\n\n\n\n<ul class=\"wp-block-list\">\n<li><span style=\"color: #800080;\"><strong>Rosa Turmalin<\/strong> <\/span>predstavlja ljubezen do \u010dlove\u0161tva in humanitarnost ter so\u010dutje do drugih. Prina\u0161a krepost brezpogojne ljubezni in prijateljstva. Dober je za ljudi, ki imajo zlomljeno srce, saj spodbuja ljubezen in ne\u017eno razpr\u0161i \u010dustveno bole\u010dino ter raztaplja mote\u010de ob\u010dutke. Pomirja negativna \u010dustva, ki vznemirjajo odnose. Primeren je za ljudi, ki jih je strah, imajo napade panike ali pa potrebujejo nekaj, kar bi jim pomagalo pozdraviti svojo notranjo zmedo. Ugodno vpliva na na\u0161o du\u0161o pri izgubi ljubljene osebe. U\u010dinkovit naj bi bil za zdravljenje raka v ustih.&nbsp; Pomagal naj bi zmanj\u0161ati tumorje in raka v ustih in grlu.<\/li>\n\n\n\n<li><span style=\"color: #800080;\"><strong>Wassermelone Turmalin<\/strong><\/span> ist der Stein der Vers\u00f6hnung. Er f\u00f6rdert das Mitgef\u00fchl und einen klaren Kopf. Er strahlt Energie aus, die Geld anzieht. Er ist gut f\u00fcr Freundschaft und Erdung.<\/li>\n\n\n\n<li><span style=\"color: #800080;\"><strong>Blauer Turmalin<\/strong><\/span> ustvarja zavezo k uresni\u010devanju posameznikovih ciljev in uporabnika \u0161\u010diti pred nevarnostmi. Svetlo modri Turmalin naj bi bil u\u010dinkovit kot kristal za zdravljenje plju\u010d in lahko pomaga kot dopolnilna terapija pri raku grla in po\u017eiralnika. Temno modri Turmalin je redek kristal, ki naj bi zdravil mo\u017eganske tumorje in mo\u017eganske rake.&nbsp; \u010ce ga polo\u017eimo neposredno na tumor, bo izvlekel energijo raka.&nbsp; Lahko ga tudi damo \u010dez no\u010d v vodo in ga nato odstranimo, zjutraj pa eliksir popijemo.<\/li>\n\n\n\n<li><span style=\"color: #800080;\"><strong>Schwarzer Turmalin <\/strong><\/span>odganja negativno energijo. Priporo\u010dljivo je, da ga nosijo ljudje, ki so obkro\u017eeni z negativnostjo. Pomaga nam v \u010dasu krize. Odganja stres, uravnava hormone in ugodno vpliva na ko\u017eo. Turmalin nas bo \u0161\u010ditil dokler ne bomo dovolj mo\u010dni. Neguje notranjo modrost, pogum, stabilnost in potrpe\u017eljivost. Krepi imunski sistem. Uravnove\u0161a levo in desno polovico mo\u017eganov in razstruplja telo. Je zelo koristen pri boleznih plju\u010d (bronhitis, plju\u010dnica). Pospe\u0161uje celjenje ran in laj\u0161a bole\u010dine. Pove\u010duje duhovnost. Prepre\u010duje psihi\u010dne napade in zmanj\u0161uje vplive sevanj. Odbija in blokira negativne energije. Pomaga nam&nbsp; pred negativnimi misli ljudi. Harmonizira in \u0161\u010diti vse \u010dakre. \u010ce ga polo\u017eite neposredno na mesto raka, naj bi pomagal izvle\u010di raka in zaviral njegovo rast.<\/li>\n\n\n\n<li><span style=\"color: #800080;\"><strong>Roter Turmalin<\/strong><\/span> baut innere St\u00e4rke und Weisheit in uns auf und vereint Herz und K\u00f6rper in Liebe und Leidenschaft. Es bringt auch Freude, emotionale Stabilit\u00e4t, Mitgef\u00fchl und Hingabe.<\/li>\n\n\n\n<li><strong><span style=\"color: #800080;\">Gr\u00fcner Turmalin<\/span><\/strong> nas u\u010di gledati s srcem. Privablja uspeh in obilje. Uporablja se ga za pospe\u0161itev duhovnega razvoja. Osve\u017euje voljo in mo\u010d. Zelo dobro slu\u017ei duhovno odprtim in razvitim ljudem. Spodbuja mo\u010d in vitalnost. Je za\u0161\u010ditni kamen, ki uravnote\u017ei in uskladi vse \u010dakre. Zagotavllja ob\u010dutek miru. Zeleni Turmalin nas prizemlji in pomaga pri stresu ter napetosti. Je znan tudi kot splo\u0161ni zdravilec.&nbsp; Uporablja se za pomo\u010d pri zdravljenju mo\u017eganskega raka in raka timusne \u017eleze.&nbsp; Re\u010deno je, da je kristal, ki lahko aktivira imunski sistem.<\/li>\n\n\n\n<li><strong><span style=\"color: #800080;\">Brauner Turmalin<\/span><\/strong> spodbuja samozdravljenje. \u010cisti kri, zdravi \u010drevesne bolezni in spodbuja telesno regeneracijo. Ugodno deluje na vse notranje organe in ko\u017eo. Uporablja se za pomo\u010d pri zasvojenosti.&nbsp; Odpravlja blokade in je odli\u010den za prizemljitev. Pomaga pri razumevanju. Spodbuja prakti\u010dnost in stabilnost. Naj bi bil splo\u0161ni zdravilec, predvsem na celi\u010dni ravni.&nbsp; Pravijo, da rjavi Turmalin pomaga pri regeneraciji zdravih celic v telesu.<\/li>\n<\/ul>\n\n\n\n<div class=\"wp-block-button aligncenter\"><a class=\"wp-block-button__link has-text-color has-background wp-element-button\" href=\"https:\/\/moirai.si\/de\/produktkategorie-2\/kauf-nach-steinen\/turmalin\/\" style=\"color:#2d2c2c;background-color:#ddc942\" target=\"_blank\" rel=\"noreferrer noopener\">Shop Turmalin<\/a><\/div>\n\n\n<div class=\"wp-block-image is-resized\">\n<figure class=\"alignleft\"><a href=\"https:\/\/moirai.si\/de\/kakra\/\"><img loading=\"lazy\" decoding=\"async\" width=\"500\" height=\"500\" src=\"https:\/\/moirai.si\/wp-content\/uploads\/2019\/09\/\u010dakra.jpg\" alt=\"\" class=\"wp-image-14534\" style=\"width:125px\" srcset=\"https:\/\/moirai.si\/wp-content\/uploads\/2019\/09\/\u010dakra.jpg 500w, https:\/\/moirai.si\/wp-content\/uploads\/2019\/09\/\u010dakra-100x100.jpg 100w\" sizes=\"auto, (max-width: 500px) 100vw, 500px\" \/><\/a><\/figure>\n<\/div>\n\n\n<p><a href=\"https:\/\/moirai.si\/de\/kakra\/\">Chakra<\/a><\/p>\n\n\n\n<p class=\"has-small-font-size\">** Die heilenden und metaphysischen Eigenschaften der aufgelisteten Steine wurden aus verschiedenen Quellen zusammengetragen. Die Informationen werden nur als Service und nicht f\u00fcr die Behandlung von Krankheiten zur Verf\u00fcgung gestellt. Moirai.si \u00fcbernimmt keine Garantie f\u00fcr die volle G\u00fcltigkeit der bereitgestellten Informationen.<\/p>\n\n\n\n<h3 class=\"wp-block-heading\"><span style=\"color: #800080;\"><strong>Merkmale des Minerals<\/strong><\/span><\/h3>\n\n\n\n<figure class=\"wp-block-table\"><table><tbody><tr><td>Farbe<\/td><td>schwarz, braun, gold, blau, lila, gr\u00fcn, rosa, transparent-transluzent<\/td><\/tr><tr><td>H\u00e4rte (Mohs)<\/td><td>7-7.5<\/td><\/tr><tr><td>Spezifische Schwerkraft<\/td><td>3.06-3.26<\/td><\/tr><tr><td>Brechungsindex<\/td><td>1.635-1.650<\/td><\/tr><tr><td>System Kristall<\/td><td>Trigonal<\/td><\/tr><\/tbody><\/table><\/figure>\n\n\n\n<h3 class=\"wp-block-heading\"><span style=\"color: #800080;\"><strong>Herkunft und Quellen des Minerals<\/strong><\/span><\/h3>\n\n\n<div class=\"wp-block-image is-resized\">\n<figure class=\"alignleft size-large\"><img loading=\"lazy\" decoding=\"async\" width=\"189\" height=\"104\" src=\"https:\/\/moirai.si\/wp-content\/uploads\/2020\/01\/svet.jpg\" alt=\"\" class=\"wp-image-15658\" style=\"width:125px\"\/><\/figure>\n<\/div>\n\n\n<ul class=\"wp-block-list\">\n<li>Brasilien, Afghanistan, Australien, Burma, Indien, Italien, Madagaskar, Malawi, Mosambik, Namibia, Nepal, Nigeria, Pakistan, Russland, Sri Lanka, Schweiz, Tansania, USA, Zaire, Sambia und Simbabwe.<\/li>\n<\/ul>\n\n\n\n<h3 class=\"wp-block-heading\"><span style=\"color: #800080;\"><strong>Pflege<\/strong><\/span><\/h3>\n\n\n\n<ul class=\"wp-block-list\">\n<li>Reinigen Sie Turmalin nicht mit einem Ultraschallreiniger oder einem Dampfstrahler. Turmalin l\u00e4sst sich leicht mit milder Seife und kaltem Wasser reinigen. Am besten bewahren Sie Steinschmuck und die Steine selbst in einer mit Stoff gef\u00fctterten Schachtel oder in einem Tuch eingewickelt getrennt von den anderen auf, um Selbstbesch\u00e4digungen und m\u00f6gliche Kratzer zu vermeiden.<\/li>\n\n\n\n<li>Es ist ratsam, Schmuck nicht bei gr\u00f6\u00dferen k\u00f6rperlichen Aktivit\u00e4ten wie Bewegung oder Sport zu tragen. Vermeiden Sie es, Parf\u00fcm und Haarspray direkt auf Ihren Schmuck und Ihre Steine zu spr\u00fchen.<\/li>\n<\/ul>\n\n\n\n<div class=\"wp-block-button aligncenter\"><a class=\"wp-block-button__link has-text-color has-background wp-element-button\" href=\"https:\/\/moirai.si\/de\/produktkategorie-2\/kauf-nach-steinen\/turmalin\/\" style=\"color:#2d2c2c;background-color:#ddc942\" target=\"_blank\" rel=\"noreferrer noopener\">Shop Turmalin<\/a><\/div>\n\n\n\n<p class=\"has-text-align-center\">F\u00fcr <strong><span style=\"color: #800080;\">10<\/span>%<\/strong> Verwenden Sie den Code, um beim Online-Kauf einen Rabatt zu erhalten: <span style=\"color: #800080;\"><strong>moirai26 <\/strong><\/span>(koda je veljavna do 31.12.2026)!<\/p>\n\n\n\n<h3 class=\"wp-block-heading\"><span style=\"color: #800080;\"><strong>Horoskop<\/strong><\/span><\/h3>\n\n\n<div class=\"wp-block-image\">\n<figure class=\"alignleft size-large\"><img loading=\"lazy\" decoding=\"async\" width=\"116\" height=\"111\" src=\"https:\/\/moirai.si\/wp-content\/uploads\/2020\/01\/horoskop.jpg\" alt=\"\" class=\"wp-image-15659\"\/><\/figure>\n<\/div>\n\n\n<ul class=\"wp-block-list\">\n<li>Jungfrau, Waage, Steinbock, L\u00f6we, Wassermann<\/li>\n<\/ul>","protected":false},"excerpt":{"rendered":"<p>Zgodovina Zdravilno * Metafizi\u010dne lastnosti \u010cakra ** Navedene zdravilne in metafizi\u010dne lastnosti kamnov so zbrane iz ve\u010d razli\u010dnih virov. Informacije so na voljo le kot storitev in ne za zdravljenje bolezni. Moirai.si ne jam\u010di popolne veljavnosti navedenega. Zna\u010dilnosti minerala Barva \u010drna, rjava, zlata, modra, vijoli\u010dna, zelena, roza, prozorna-prosojna Trdota (Mohs) 7-7.5 Specifi\u010dna te\u017ea 3.06-3.26 Lomni [&hellip;]<\/p>\n","protected":false},"author":1,"featured_media":0,"parent":0,"menu_order":0,"comment_status":"closed","ping_status":"closed","template":"template-products-page.php","meta":{"footnotes":""},"class_list":["post-4972","page","type-page","status-publish","hentry"],"_links":{"self":[{"href":"https:\/\/moirai.si\/de\/wp-json\/wp\/v2\/pages\/4972","targetHints":{"allow":["GET"]}}],"collection":[{"href":"https:\/\/moirai.si\/de\/wp-json\/wp\/v2\/pages"}],"about":[{"href":"https:\/\/moirai.si\/de\/wp-json\/wp\/v2\/types\/page"}],"author":[{"embeddable":true,"href":"https:\/\/moirai.si\/de\/wp-json\/wp\/v2\/users\/1"}],"replies":[{"embeddable":true,"href":"https:\/\/moirai.si\/de\/wp-json\/wp\/v2\/comments?post=4972"}],"version-history":[{"count":14,"href":"https:\/\/moirai.si\/de\/wp-json\/wp\/v2\/pages\/4972\/revisions"}],"predecessor-version":[{"id":27249,"href":"https:\/\/moirai.si\/de\/wp-json\/wp\/v2\/pages\/4972\/revisions\/27249"}],"wp:attachment":[{"href":"https:\/\/moirai.si\/de\/wp-json\/wp\/v2\/media?parent=4972"}],"curies":[{"name":"wp","href":"https:\/\/api.w.org\/{rel}","templated":true}]}}