{"id":4976,"date":"2015-12-13T20:19:52","date_gmt":"2015-12-13T20:19:52","guid":{"rendered":"http:\/\/moirai.si\/?page_id=4976"},"modified":"2026-01-02T14:48:53","modified_gmt":"2026-01-02T14:48:53","slug":"zuruck","status":"publish","type":"page","link":"https:\/\/moirai.si\/de\/zad\/","title":{"rendered":"Jade"},"content":{"rendered":"<div class=\"wp-block-button aligncenter\"><a class=\"wp-block-button__link has-text-color has-background wp-element-button\" href=\"https:\/\/moirai.si\/de\/produktkategorie-2\/kauf-nach-steinen\/zuruck\/\" style=\"color:#2d2c2c;background-color:#ddc942\" target=\"_blank\" rel=\"noreferrer noopener\">Shop Jade<\/a><\/div>\n\n\n\n<h3 class=\"wp-block-heading\"><span style=\"color: #800080;\"><strong>Geschichte<\/strong><\/span><\/h3>\n\n\n<div class=\"wp-block-image is-resized\">\n<figure class=\"alignright size-thumbnail\"><img decoding=\"async\" src=\"https:\/\/moirai.si\/wp-content\/uploads\/2020\/02\/\u017ead-500x500.jpg\" alt=\"\" class=\"wp-image-15832\" style=\"width:125px\"\/><\/figure>\n<\/div>\n\n\n<ul class=\"wp-block-list\">\n<li>Der Name \u201eJade\u201c kommt vom spanischen Wort \u201epiedra de ijada\u201c, was \u201eStein gegen Schmerzen in der Seite\u201c bedeutet. Die Chinesen bezeichnen Jade als \u201eyu\u201c, was \u201ehimmlisch\u201c oder \u201ekaiserlich\u201c bedeutet. Jade von der S\u00fcdinsel Neuseelands hat ihren Namen vom Wort \u201epounamu\u201c, was gr\u00fcner Stein bedeutet. Der Name stammt von den Maoris, die Jade als einen sehr kostbaren Stein verehrten. Maori stellten Jadewerkzeuge wie Mei\u00dfel, Haken, Waffen, Ornamente und Schmuck her. Jade aus Neuseeland wird \u00fcblicherweise Nephrit genannt. Spinatgr\u00fcner Nephrit, der am Baikalsee in Russland gefunden wurde, ist als \u201eRussische Jade\u201c bekannt. Jadeit ist die seltenere der beiden Arten und daher die wertvollere. Die wertvollste Jadeart ist der smaragdgr\u00fcne Jadeit, bekannt als \u201eImperial Jade\u201c.<\/li>\n\n\n\n<li><span style=\"color: #800080;\">Synonyme, alte Namen, Handelsnamen:<\/span> Kaiserliche Jade, Jinan-Jade, chinesische Jade, Jadeit\u2026<\/li>\n<\/ul>\n\n\n\n<h3 class=\"wp-block-heading\"><span style=\"color: #800080;\"><strong>Medizinische * Metaphysische Eigenschaften<\/strong><\/span><\/h3>\n\n\n\n<ul class=\"wp-block-list\">\n<li>Schmerz, Kopfschmerzen, Harmonie, Ideen, Immunsystem, Kommunikation, Knochen, Blutdruck, Nieren, Liebe, Migr\u00e4ne, Negativit\u00e4t, Albtr\u00e4ume, Gef\u00e4\u00dfe, Freundschaft, Rheuma, Diabetes, Herz, Gl\u00fcck, Bauch, Vitalit\u00e4t, Fieber, Schutz, Schwitzen, Z\u00e4hne, Dr\u00fcsen...<\/li>\n\n\n\n<li>Jade soll auf zellul\u00e4rer Ebene bei der Heilung von Nieren, Leber, Prostata und Nebennieren helfen.<\/li>\n<\/ul>\n\n\n<div class=\"wp-block-image is-resized\">\n<figure class=\"alignleft\"><a href=\"https:\/\/moirai.si\/de\/kakra\/\"><img loading=\"lazy\" decoding=\"async\" width=\"500\" height=\"500\" src=\"https:\/\/moirai.si\/wp-content\/uploads\/2019\/09\/\u010dakra.jpg\" alt=\"\" class=\"wp-image-14534\" style=\"width:125px\" srcset=\"https:\/\/moirai.si\/wp-content\/uploads\/2019\/09\/\u010dakra.jpg 500w, https:\/\/moirai.si\/wp-content\/uploads\/2019\/09\/\u010dakra-100x100.jpg 100w\" sizes=\"auto, (max-width: 500px) 100vw, 500px\" \/><\/a><\/figure>\n<\/div>\n\n\n<p><a href=\"https:\/\/moirai.si\/de\/kakra\/\">Chakra<\/a><\/p>\n\n\n\n<p class=\"has-small-font-size\">** Die heilenden und metaphysischen Eigenschaften der aufgelisteten Steine wurden aus verschiedenen Quellen zusammengetragen. Die Informationen werden nur als Service und nicht f\u00fcr die Behandlung von Krankheiten zur Verf\u00fcgung gestellt. Moirai.si \u00fcbernimmt keine Garantie f\u00fcr die volle G\u00fcltigkeit der bereitgestellten Informationen.<\/p>\n\n\n\n<h3 class=\"wp-block-heading\"><span style=\"color: #800080;\"><strong>Merkmale des Minerals<\/strong><\/span><\/h3>\n\n\n\n<figure class=\"wp-block-table\"><table><tbody><tr><td>Chemische Zusammensetzung (<span style=\"color: #800080;\"><strong>Jade<\/strong><\/span>)<\/td><td>Ca<sub>2<\/sub>(Mg,Fe)<sub>5<\/sub>Si<sub>8<\/sub>O<sub>22<\/sub>(OH)<sub>2<\/sub><\/td><\/tr><tr><td>Farbe<\/td><td>hellgr\u00fcn<\/td><\/tr><tr><td>H\u00e4rte (Mohs)<\/td><td>6-6.5<\/td><\/tr><tr><td>Dichte<\/td><td>2.90-3.02<\/td><\/tr><tr><td>Brechungsindex<\/td><td>1.606-1.632<\/td><\/tr><tr><td>System Kristall<\/td><td>Monoklin<\/td><\/tr><tr><td>Chemische Zusammensetzung (<span style=\"color: #800080;\"><strong>Jadeit<\/strong><\/span>)<\/td><td>NaAlSi<sub>2<\/sub>O<sub>6<\/sub> oder Na(Al,Fe<sup>3+<\/sup>)Si<sub>2<\/sub>O<sub>6<\/sub><\/td><\/tr><tr><td>Farbe<\/td><td>blassgr\u00fcn<\/td><\/tr><tr><td>H\u00e4rte (Mohs)<\/td><td>6.5-7<\/td><\/tr><tr><td>Dichte<\/td><td>3.24-3.43<\/td><\/tr><tr><td>Brechungsindex<\/td><td>1.654-1.693<\/td><\/tr><tr><td>System Kristall<\/td><td>Monoklin<\/td><\/tr><\/tbody><\/table><\/figure>\n\n\n\n<h3 class=\"wp-block-heading\"><span style=\"color: #800080;\"><strong>Herkunft und Quellen des Minerals<\/strong><\/span><\/h3>\n\n\n<div class=\"wp-block-image is-resized\">\n<figure class=\"alignleft size-large\"><img loading=\"lazy\" decoding=\"async\" width=\"189\" height=\"104\" src=\"https:\/\/moirai.si\/wp-content\/uploads\/2020\/01\/svet.jpg\" alt=\"\" class=\"wp-image-15658\" style=\"width:125px\"\/><\/figure>\n<\/div>\n\n\n<ul class=\"wp-block-list\">\n<li>Neuseeland, Australien, Brasilien, China, Kanada, Simbabwe, Russland, Taiwan, Alaska, Polen, Myanmar, Japan, Guatemala, Kasachstan, T\u00fcrkei, Kuba, USA\u2026<\/li>\n<\/ul>\n\n\n\n<h3 class=\"wp-block-heading\"><span style=\"color: #800080;\"><strong>Pflege<\/strong><\/span><\/h3>\n\n\n\n<ul class=\"wp-block-list\">\n<li>Um Jade zu reinigen, verwenden Sie einfach Seifenwasser und ein weiches Tuch. Sp\u00fclen Sie den Stein unbedingt gr\u00fcndlich ab, um eventuelle Seifenwasserreste zu entfernen. Wie bei den meisten Edelsteinen werden Ultraschallreiniger und Dampfger\u00e4te nicht empfohlen. Bewahren Sie Schmuck aus Steinen und die Steine \u200b\u200bselbst am besten getrennt von den anderen in einer mit Stoff bedeckten oder in ein Tuch eingewickelten Schachtel auf, um nur Besch\u00e4digungen und m\u00f6gliche Kratzer zu vermeiden.<\/li>\n\n\n\n<li>Es ist ratsam, Schmuck nicht bei gr\u00f6\u00dferen k\u00f6rperlichen Aktivit\u00e4ten wie Bewegung oder Sport zu tragen. Vermeiden Sie es, Parf\u00fcm und Haarspray direkt auf Ihren Schmuck und Ihre Steine zu spr\u00fchen.<\/li>\n<\/ul>\n\n\n\n<div class=\"wp-block-button aligncenter\"><a class=\"wp-block-button__link has-text-color has-background wp-element-button\" href=\"https:\/\/moirai.si\/de\/produktkategorie-2\/kauf-nach-steinen\/zuruck\/\" style=\"color:#2d2c2c;background-color:#ddc942\" target=\"_blank\" rel=\"noreferrer noopener\">Shop Jade<\/a><\/div>\n\n\n\n<p class=\"has-text-align-center\">F\u00fcr <strong><span style=\"color: #800080;\">10<\/span>%<\/strong> Verwenden Sie den Code, um beim Online-Kauf einen Rabatt zu erhalten: <span style=\"color: #800080;\"><strong>moirai26 <\/strong><\/span>(koda je veljavna do 31.12.2026)!<\/p>\n\n\n\n<h3 class=\"wp-block-heading\"><span style=\"color: #800080;\"><strong>Horoskop<\/strong><\/span><\/h3>\n\n\n<div class=\"wp-block-image\">\n<figure class=\"alignleft size-large\"><img loading=\"lazy\" decoding=\"async\" width=\"116\" height=\"111\" src=\"https:\/\/moirai.si\/wp-content\/uploads\/2020\/01\/horoskop.jpg\" alt=\"\" class=\"wp-image-15659\"\/><\/figure>\n<\/div>\n\n\n<ul class=\"wp-block-list\">\n<li>Stier, Widder, Zwillinge, Waage, Wassermann, Fische, Jungfrau<\/li>\n<\/ul>","protected":false},"excerpt":{"rendered":"<p>Zgodovina Zdravilno * Metafizi\u010dne lastnosti \u010cakra ** Navedene zdravilne in metafizi\u010dne lastnosti kamnov so zbrane iz ve\u010d razli\u010dnih virov. Informacije so na voljo le kot storitev in ne za zdravljenje bolezni. Moirai.si ne jam\u010di popolne veljavnosti navedenega. Zna\u010dilnosti minerala Kemijska sestava (Nefrit) Ca2(Mg,Fe)5Si8O22(OH)2 Barva svetlo zelena Trdota (Mohs) 6-6.5 Gostota 2.90-3.02 Lomni koli\u010dnik 1.606-1.632 Kristalni [&hellip;]<\/p>\n","protected":false},"author":1,"featured_media":0,"parent":0,"menu_order":0,"comment_status":"closed","ping_status":"closed","template":"template-products-page.php","meta":{"footnotes":""},"class_list":["post-4976","page","type-page","status-publish","hentry"],"_links":{"self":[{"href":"https:\/\/moirai.si\/de\/wp-json\/wp\/v2\/pages\/4976","targetHints":{"allow":["GET"]}}],"collection":[{"href":"https:\/\/moirai.si\/de\/wp-json\/wp\/v2\/pages"}],"about":[{"href":"https:\/\/moirai.si\/de\/wp-json\/wp\/v2\/types\/page"}],"author":[{"embeddable":true,"href":"https:\/\/moirai.si\/de\/wp-json\/wp\/v2\/users\/1"}],"replies":[{"embeddable":true,"href":"https:\/\/moirai.si\/de\/wp-json\/wp\/v2\/comments?post=4976"}],"version-history":[{"count":12,"href":"https:\/\/moirai.si\/de\/wp-json\/wp\/v2\/pages\/4976\/revisions"}],"predecessor-version":[{"id":27252,"href":"https:\/\/moirai.si\/de\/wp-json\/wp\/v2\/pages\/4976\/revisions\/27252"}],"wp:attachment":[{"href":"https:\/\/moirai.si\/de\/wp-json\/wp\/v2\/media?parent=4976"}],"curies":[{"name":"wp","href":"https:\/\/api.w.org\/{rel}","templated":true}]}}