{"id":5134,"date":"2015-12-18T17:21:43","date_gmt":"2015-12-18T17:21:43","guid":{"rendered":"http:\/\/moirai.si\/?page_id=5134"},"modified":"2025-01-13T16:50:28","modified_gmt":"2025-01-13T16:50:28","slug":"uber-uns","status":"publish","type":"page","link":"https:\/\/moirai.si\/de\/o-nas\/","title":{"rendered":"\u00dcber uns"},"content":{"rendered":"<h3 class=\"wp-block-heading\"><span style=\"color: #800080;\">Warum Moirai?<\/span><\/h3>\n\n\n\n<ul class=\"wp-block-list\">\n<li>Nach der griechischen Mythologie waren die Moirai oder Moerae Inkarnationen des Schicksals, die den Lebensweg eines jeden Sterblichen von der Geburt bis zum Tod kontrollierten. Die Schicksalsg\u00f6ttinnen waren unabh\u00e4ngig, lenkten das Schicksal und sorgten daf\u00fcr, dass das Schicksal jedem Wesen ungehindert nach den ewigen Gesetzen widerfuhr. Moira ist der Name einer Schicksalsg\u00f6ttin.<\/li>\n<\/ul>\n\n\n\n<h3 class=\"wp-block-heading\"><span style=\"color: #800080;\">Wir glauben...<\/span><\/h3>\n\n\n\n<ul class=\"wp-block-list\">\n<li>... dass wir die Sch\u00f6pfer unseres eigenen Schicksals sind und dass wir die Macht haben, unser Leben auf Schritt und Tritt zu gestalten und zu verbessern. Die wunderbaren Geschenke von Mutter Natur - Mineralien, Perlen, Steine... Sie k\u00f6nnen uns in allen Lebenslagen helfen und gleichzeitig unseren Tag mit ihrer Sch\u00f6nheit und ihrer wunderbaren Energie erhellen.<\/li>\n<\/ul>\n\n\n\n<h3 class=\"wp-block-heading\"><span style=\"color: #800080;\">Seit wann?<\/span><\/h3>\n\n\n\n<ul class=\"wp-block-list\">\n<li>Wir sind seit unserer Jugend Mineralienliebhaber. Seit 2000 entwerfen und fertigen wir Schmuck aus nat\u00fcrlichen Mineralien, Steinen, Fossilien, Perlen und Muscheln.<\/li>\n<\/ul>\n\n\n\n<h3 class=\"wp-block-heading\"><span style=\"color: #800080;\">Schmuckherstellung?<\/span><\/h3>\n\n\n\n<ul class=\"wp-block-list\">\n<li>Bei der Gestaltung von Schmuckst\u00fccken orientieren wir uns an unserer eigenen Erfahrung, an Modetrends und nat\u00fcrlich an Ihren W\u00fcnschen, die wir gerne aufnehmen und umsetzen. Z\u00f6gern Sie also nicht, uns anzurufen unter 040781999 oder schreiben Sie uns Ihre W\u00fcnsche an <a href=\"https:\/\/moirai.si\/de\/individueller-schmuck\/\">info@moirai.si.&nbsp;<\/a><\/li>\n<\/ul>\n\n\n\n<h3 class=\"wp-block-heading\"><span style=\"color: #800080;\">Reparaturen, Mineral- und Steinperforation...<\/span><\/h3>\n\n\n\n<ul class=\"wp-block-list\">\n<li>Ben\u00f6tigen Sie Reparaturen, Mineralien und Steine oder m\u00f6chten Sie Ihren Schmuck auffrischen? Wir sind hier, um Ihnen zu helfen und auf Ihre Bed\u00fcrfnisse einzugehen. Kontaktiere uns unter <a href=\"https:\/\/moirai.si\/de\/kontakt\/\">info@moirai.si<\/a>&nbsp; oder kontaktieren Sie uns unter 040781999.<\/li>\n<\/ul>\n\n\n\n<h3 class=\"wp-block-heading\"><span style=\"color: #800080;\">Endlich...<\/span><\/h3>\n\n\n\n<ul class=\"wp-block-list\">\n<li>...das Angebot auf der Website wird st\u00e4ndig aktualisiert und w\u00f6chentlich werden neue Produkte hinzugef\u00fcgt. Wenn Sie auf der Website nicht finden, was Sie suchen oder brauchen, rufen Sie uns bitte an oder schicken Sie uns eine E-Mail an <a href=\"https:\/\/moirai.si\/de\/kontakt\/\">info@moirai.si.<\/a><\/li>\n<\/ul>\n\n\n\n<h3 class=\"wp-block-heading has-text-align-center\"><span style=\"color: #800080;\">Wir w\u00fcnschen Ihnen viel Spa\u00df beim St\u00f6bern und Einkaufen!<\/span><\/h3>","protected":false},"excerpt":{"rendered":"<p>Zakaj Moirai? Verjamemo&#8230; Od kdaj? Izdelava nakita? Popravila, luknjanje mineralov in kamnov&#8230; Za konec&#8230; \u017delimo vam prijetno brskanje in nakupovanje po spletni strani!<\/p>","protected":false},"author":1,"featured_media":0,"parent":0,"menu_order":0,"comment_status":"closed","ping_status":"closed","template":"template-products-page.php","meta":{"footnotes":""},"class_list":["post-5134","page","type-page","status-publish","hentry"],"_links":{"self":[{"href":"https:\/\/moirai.si\/de\/wp-json\/wp\/v2\/pages\/5134","targetHints":{"allow":["GET"]}}],"collection":[{"href":"https:\/\/moirai.si\/de\/wp-json\/wp\/v2\/pages"}],"about":[{"href":"https:\/\/moirai.si\/de\/wp-json\/wp\/v2\/types\/page"}],"author":[{"embeddable":true,"href":"https:\/\/moirai.si\/de\/wp-json\/wp\/v2\/users\/1"}],"replies":[{"embeddable":true,"href":"https:\/\/moirai.si\/de\/wp-json\/wp\/v2\/comments?post=5134"}],"version-history":[{"count":5,"href":"https:\/\/moirai.si\/de\/wp-json\/wp\/v2\/pages\/5134\/revisions"}],"predecessor-version":[{"id":25906,"href":"https:\/\/moirai.si\/de\/wp-json\/wp\/v2\/pages\/5134\/revisions\/25906"}],"wp:attachment":[{"href":"https:\/\/moirai.si\/de\/wp-json\/wp\/v2\/media?parent=5134"}],"curies":[{"name":"wp","href":"https:\/\/api.w.org\/{rel}","templated":true}]}}