{"id":5667,"date":"2016-01-14T13:35:30","date_gmt":"2016-01-14T13:35:30","guid":{"rendered":"https:\/\/moirai.si\/?page_id=5667"},"modified":"2026-01-02T14:50:18","modified_gmt":"2026-01-02T14:50:18","slug":"kakra","status":"publish","type":"page","link":"https:\/\/moirai.si\/de\/cakra\/","title":{"rendered":"Chakra"},"content":{"rendered":"<h3 class=\"wp-block-heading\"><span style=\"color: #800080;\"><strong>1. Chakra - WURZEL:<\/strong><\/span><\/h3>\n\n\n\n<ul class=\"wp-block-list\">\n<li><strong><span style=\"color: #800080;\">\u00dcber Chakra:<\/span><\/strong> Dieses Zentrum erm\u00f6glicht es Mutter Natur, sich auf ihre Lebenskr\u00e4fte und ihre Schwingung einzustimmen.<\/li>\n\n\n\n<li><strong><span style=\"color: #800080;\">Medizinische * Metaphysische Eigenschaften:<\/span><\/strong> Rektum, Dickdarm, Zellaufbau, Wirbels\u00e4ule, Knochen, Blut, N\u00e4gel, Erdung, Prostata, Selbsterhaltung, Ges\u00e4\u00df, Z\u00e4hne...<\/li>\n\n\n\n<li><strong><span style=\"color: #800080;\">Standort:<\/span><\/strong> am Anfang der Wirbels\u00e4ule<\/li>\n\n\n\n<li><span style=\"color: #800080;\"><strong>Farbe<\/strong><\/span>rot, schwarz<\/li>\n\n\n\n<li><span style=\"color: #800080;\"><strong>Mineral<\/strong><\/span>: <a href=\"https:\/\/moirai.si\/de\/achat\/\">Achat,<\/a> <a href=\"https:\/\/moirai.si\/de\/quarz\/\">Rauchquarz<\/a>, <a href=\"https:\/\/moirai.si\/de\/granate\/\">Granate<\/a>, <a href=\"https:\/\/moirai.si\/de\/hamatit\/\">H\u00e4matit<\/a>, <a href=\"https:\/\/moirai.si\/de\/jaspis\/\">Jaspis<\/a>, <a href=\"https:\/\/moirai.si\/de\/karneol\/\">Carneol<\/a>, <a href=\"https:\/\/moirai.si\/de\/kianit\/\">Kyanit<\/a>, <a href=\"https:\/\/moirai.si\/de\/koralle\/\">Koralle<\/a>, <a href=\"https:\/\/moirai.si\/de\/jaspis\/\">Leopardenfell<\/a>, <a href=\"https:\/\/moirai.si\/de\/augenverletzungen\/\" target=\"_blank\" rel=\"noopener noreferrer\">Das Auge der Katze<\/a>, <a href=\"https:\/\/moirai.si\/de\/obsidian\/\">Obsidian<\/a>, <a href=\"https:\/\/moirai.si\/de\/onyx-2\/\">Onyx<\/a>, <a href=\"https:\/\/moirai.si\/de\/rubinrot\/\">Rubinrot<\/a>, <a href=\"https:\/\/moirai.si\/de\/quarz\/\">Rutil<\/a>, <a href=\"https:\/\/moirai.si\/de\/safir\/\">Saphir<\/a>, <a href=\"https:\/\/moirai.si\/de\/september\/\">Septarien<\/a>, <a href=\"https:\/\/moirai.si\/de\/achat\/\">Sardonyx<\/a>, <a href=\"https:\/\/moirai.si\/de\/das-auge-des-tigers\/\">Das Auge des Tigers,<\/a> <a href=\"http:\/\/moirai.si\/de\/turmalin\/\">Turmalin<\/a>&#8230;<\/li>\n<\/ul>\n\n\n\n<h3 class=\"wp-block-heading\"><span style=\"color: #800080;\"><strong>2. Chakra - GESAMT:<\/strong><\/span><\/h3>\n\n\n\n<ul class=\"wp-block-list\">\n<li><strong><span style=\"color: #800080;\">\u00dcber Chakra:<\/span> <\/strong>Der Hauptzweck besteht darin, dem K\u00f6rper bei der Sexualit\u00e4t zu helfen (Tantra). Dieser Prozess erm\u00f6glicht es der Schwingungsenergie, den ganzen K\u00f6rper und das erste Chakra zu erhellen.<\/li>\n\n\n\n<li><strong><span style=\"color: #800080;\">Medizinische * Metaphysische Eigenschaften:<\/span><\/strong> Nieren, Liebe, Becken, Blase, Beziehungen, Fortpflanzungsorgane, Akzeptanz, K\u00f6rperfl\u00fcssigkeiten, Kreativit\u00e4t...<\/li>\n\n\n\n<li><strong><span style=\"color: #800080;\">Standort:<\/span><\/strong> ein paar Finger unterhalb des Bauchnabels<\/li>\n\n\n\n<li><strong><span style=\"color: #800080;\">Farbe:<\/span><\/strong> orange<\/li>\n\n\n\n<li><strong><span style=\"color: #800080;\">Mineral:<\/span><\/strong> <a href=\"https:\/\/moirai.si\/de\/aventurin\/\">Aventurin<\/a>, <a href=\"https:\/\/moirai.si\/de\/quarz\/\">Citrin<\/a>, <a href=\"https:\/\/moirai.si\/de\/amber\/\">Bernstein<\/a>, <a href=\"https:\/\/moirai.si\/de\/jaspis\/\">Jaspis<\/a>, <a href=\"https:\/\/moirai.si\/de\/chalcedon\/\">Chalzedon<\/a>, <a href=\"https:\/\/moirai.si\/de\/calcit\/\">Calcit<\/a>, <a href=\"https:\/\/moirai.si\/de\/karneol\/\">Carneol<\/a>, <a href=\"https:\/\/moirai.si\/de\/koralle\/\">Koralle<\/a>, <a href=\"https:\/\/moirai.si\/de\/quarz\/\">Rutil<\/a>, <a href=\"https:\/\/moirai.si\/de\/das-auge-des-tigers\/\">Tigerauge<\/a>, <a href=\"https:\/\/moirai.si\/de\/topas\/\">Topas<\/a>&#8230;<\/li>\n<\/ul>\n\n\n\n<h3 class=\"wp-block-heading\"><span style=\"color: #800080;\"><strong>3. Chakra - SOLAR PLEXUS:<\/strong><\/span><\/h3>\n\n\n\n<ul class=\"wp-block-list\">\n<li><span style=\"color: #800080;\"><strong>\u00dcber Chakra:<\/strong> <\/span>Es ist das Zentrum unseres Selbstwertgef\u00fchls, unseres Willens, unserer Selbstdisziplin und der W\u00e4rme in unserer Pers\u00f6nlichkeit.<\/li>\n\n\n\n<li><span style=\"color: #800080;\"><strong>Medizinische * Metaphysische Eigenschaften:<\/strong><\/span> Emotionen, R\u00fccken, Leber, unterer R\u00fccken, Kraft, Kontrolle, Verdauungssystem, Unterleib, Milz, Magen, Nervensystem, Gallenblase...<\/li>\n\n\n\n<li><span style=\"color: #800080;\"><strong>Standort:<\/strong> <\/span>unter den Rippen<\/li>\n\n\n\n<li><strong><span style=\"color: #800080;\">Farbe:<\/span> <\/strong>Gelb<\/li>\n\n\n\n<li><strong><span style=\"color: #800080;\">Mineral:<\/span><\/strong> <a href=\"https:\/\/moirai.si\/de\/quarz\/\">Citrin<\/a>, <a href=\"https:\/\/moirai.si\/de\/quarz\/\">Rauchquarz<\/a>, <a href=\"https:\/\/moirai.si\/de\/amber\/\">Bernstein<\/a>, <a href=\"https:\/\/moirai.si\/de\/jaspis\/\">Jaspis<\/a>, <a href=\"https:\/\/moirai.si\/de\/chalcedon\/\">Chalzedon<\/a>, <a href=\"https:\/\/moirai.si\/de\/regenbogen-monate-stein\/\">Mondstein<\/a>, <a href=\"https:\/\/moirai.si\/de\/peridot\/\">Peridot<\/a>, <a href=\"https:\/\/moirai.si\/de\/rot\/\">Prehnit<\/a>, <a href=\"https:\/\/moirai.si\/de\/quarz\/\">Rutil<\/a>, <a href=\"https:\/\/moirai.si\/de\/safir\/\">Saphir<\/a>, <a href=\"https:\/\/moirai.si\/de\/september\/\">Septarien<\/a>, <a href=\"https:\/\/moirai.si\/de\/das-auge-des-tigers\/\">Tigerauge<\/a>, <a href=\"https:\/\/moirai.si\/de\/topas\/\">Topas<\/a>, <a href=\"https:\/\/moirai.si\/de\/turmalin\/\">Turmalin,<\/a><a href=\"https:\/\/moirai.si\/de\/zuruck\/\"> Jade<\/a>&#8230;<\/li>\n<\/ul>\n\n\n\n<div class=\"wp-block-button aligncenter\"><a class=\"wp-block-button__link has-text-color has-background wp-element-button\" href=\"https:\/\/moirai.si\/de\/produktkategorie-2\/geburtssteine\/\" style=\"color:#2d2c2c;background-color:#ddc942\" target=\"_blank\" rel=\"noreferrer noopener\">Shop Handgemachte Steine<\/a><\/div>\n\n\n\n<p class=\"has-text-align-center\">F\u00fcr <strong><span style=\"color: #800080;\">10<\/span>%<\/strong> Verwenden Sie den Code, um beim Online-Kauf einen Rabatt zu erhalten: <span style=\"color: #800080;\"><strong>moirai26<\/strong><\/span><span style=\"color: #800080;\"><\/span>(koda je veljavna do 31.12.2026)!<\/p>\n\n\n\n<h3 class=\"wp-block-heading\"><strong><span style=\"color: #800080;\">4. Chakra - HERZ:<\/span><\/strong><\/h3>\n\n\n\n<ul class=\"wp-block-list\">\n<li><span style=\"color: #800080;\"><strong>\u00dcber Chakra:<\/strong> <\/span>Es ist das Zentrum unserer tiefen Verbundenheit mit anderen Menschen, unseres Gef\u00fchls f\u00fcr F\u00fcrsorge, Mitgef\u00fchl, Liebe, Selbstlosigkeit, Gro\u00dfz\u00fcgigkeit, Freundlichkeit und Respekt.<\/li>\n\n\n\n<li><span style=\"color: #800080;\"><strong>Medizinische * Metaphysische Eigenschaften:<\/strong> <\/span>Heilung, Spiritualit\u00e4t, R\u00fccken, Haut, Blut, Blutgef\u00e4\u00dfsystem, Liebe, Lunge, Verbindung, Transformation, Mitgef\u00fchl, Akzeptanz, Herz, Bewusstsein...<\/li>\n\n\n\n<li><strong><span style=\"color: #800080;\">Standort:<\/span> <\/strong>f\u00fcr das Brustbein<\/li>\n\n\n\n<li><strong><span style=\"color: #800080;\">Farbe:<\/span> <\/strong>Gr\u00fcn, rosa<\/li>\n\n\n\n<li><strong><span style=\"color: #800080;\">Mineral:<\/span> <\/strong><a href=\"https:\/\/moirai.si\/de\/amazonit\/\">Amazonit<\/a>, <a href=\"https:\/\/moirai.si\/de\/aventurin\/\">Aventurin<\/a>, <a href=\"https:\/\/moirai.si\/de\/caroit\/\">Charoit<\/a>, <a href=\"https:\/\/moirai.si\/de\/fluorit\/\">Fluorit<\/a>, <a href=\"https:\/\/moirai.si\/de\/granate\/\">Granate<\/a>, <a href=\"https:\/\/moirai.si\/de\/chrysopras\/\">Chrysopras<\/a>, <a href=\"https:\/\/moirai.si\/de\/jaspis\/\">Jaspis<\/a>, <a href=\"https:\/\/moirai.si\/de\/jaspis\/\">Leopardenfell<\/a>, <a href=\"https:\/\/moirai.si\/de\/lepidolith\/\">Lepidolith<\/a>, <a href=\"https:\/\/moirai.si\/de\/malachit\/\">Malachit<\/a>, <a href=\"https:\/\/moirai.si\/de\/onyx-2\/\">Onyx<\/a>, <a href=\"https:\/\/moirai.si\/de\/peridot\/\">Peridot<\/a>, <a href=\"https:\/\/moirai.si\/de\/rot\/\">Prehnit<\/a>, <a href=\"https:\/\/moirai.si\/de\/rhodochrosit\/\">Rhodochrosit<\/a>, <a href=\"https:\/\/moirai.si\/de\/rhodonit\/\">Rhodonit<\/a>, <a href=\"https:\/\/moirai.si\/de\/quarz\/\">Rosenquarz<\/a>, <a href=\"https:\/\/moirai.si\/de\/rubinrot\/\">Rubinrot<\/a>, <a href=\"https:\/\/moirai.si\/de\/quarz\/\">Rutil<\/a>, <a href=\"https:\/\/moirai.si\/de\/smaragd\/\">Smaragd<\/a>, <a href=\"https:\/\/moirai.si\/de\/turkiz\/\">Turkiz,&nbsp;<\/a> <a href=\"https:\/\/moirai.si\/de\/turmalin\/\">Turmalin<\/a>&#8230;<\/li>\n<\/ul>\n\n\n\n<h3 class=\"wp-block-heading\"><strong><span style=\"color: #800080;\">5. Chakra - GRLENA:<\/span><\/strong><\/h3>\n\n\n\n<ul class=\"wp-block-list\">\n<li><strong><span style=\"color: #800080;\">\u00dcber Chakra:<\/span> <\/strong>Sie hilft, \"Prana\"-Energie zu sammeln, die den K\u00f6rper belebt und reinigt. Er fungiert als Kommunikationsmittel f\u00fcr unser Bewusstsein. Koordiniert die Energien des K\u00f6rpers mit den bewussten Energien des Kopfes.<\/li>\n\n\n\n<li><strong><span style=\"color: #800080;\">Medizinische * Metaphysische Eigenschaften:<\/span><\/strong> Kiefer, Emotionen, Atmung, Stimmb\u00e4nder, Kommunikation, Gedanken, Verdauung, H\u00e4nde, Hals, Kehle...<\/li>\n\n\n\n<li><strong><span style=\"color: #800080;\">Standort:<\/span> <\/strong>unterer Teil des Halses<\/li>\n\n\n\n<li><strong><span style=\"color: #800080;\">Farbe:<\/span> <\/strong>Blau<\/li>\n\n\n\n<li><strong><span style=\"color: #800080;\">Mineral:<\/span> <\/strong><a href=\"https:\/\/moirai.si\/de\/achat\/\">Achat<\/a>, <a href=\"https:\/\/moirai.si\/de\/aquamarin\/\">Aquamarin<\/a>, <a href=\"https:\/\/moirai.si\/de\/amazonit\/\">Amazonit<\/a>, <a href=\"https:\/\/moirai.si\/de\/aventurin\/\">Aventurin<\/a>, <a href=\"https:\/\/moirai.si\/de\/fluorit\/\">Fluorit<\/a>, <a href=\"https:\/\/moirai.si\/de\/hrizokol\/\">Chrysokoll<\/a>, <a href=\"https:\/\/moirai.si\/de\/amber\/\">Bernstein<\/a>, <a href=\"https:\/\/moirai.si\/de\/chalcedon\/\">Chalzedon<\/a>, <a href=\"https:\/\/moirai.si\/de\/kianit\/\">Kyanit<\/a>, <a href=\"https:\/\/moirai.si\/de\/labradorit\/\">Labradorit<\/a>, <a href=\"https:\/\/moirai.si\/de\/lapislazuli\/\">Lapislazuli<\/a>, <a href=\"https:\/\/moirai.si\/de\/malachit\/\">Malachit<\/a>, <a href=\"https:\/\/moirai.si\/de\/quarz\/\">Rutil<\/a>, <a href=\"https:\/\/moirai.si\/de\/safir\/\">Saphir<\/a>, <a href=\"https:\/\/moirai.si\/de\/september\/\">Septarien<\/a>, <a href=\"https:\/\/moirai.si\/de\/sodalith\/\">Sodalith<\/a>, <a href=\"https:\/\/moirai.si\/de\/das-auge-des-tigers\/\">Tigerauge<\/a>, <a href=\"https:\/\/moirai.si\/de\/topas\/\">Topas<\/a>, <a href=\"https:\/\/moirai.si\/de\/turkiz\/\">Turkiz,&nbsp;<\/a> <a href=\"https:\/\/moirai.si\/de\/turmalin\/\">Turmalin<\/a>&#8230;<\/li>\n<\/ul>\n\n\n\n<h3 class=\"wp-block-heading\"><strong><span style=\"color: #800080;\">6. Chakra - DRITTES AUGE:<\/span><\/strong><\/h3>\n\n\n\n<ul class=\"wp-block-list\">\n<li><span style=\"color: #800080;\"><strong>\u00dcber Chakra:<\/strong><\/span> Es arbeitet in h\u00f6heren Lichtfrequenzen und ist als zentrales Sehen oder \"drittes Auge\" bekannt.<\/li>\n\n\n\n<li><span style=\"color: #800080;\"><strong>Medizinische * Metaphysische Eigenschaften:<\/strong> <\/span>Emotionen, Spiritualit\u00e4t, Intuition, kleines Gehirn, Nase, Gesicht, Augen, Nebenh\u00f6hlen, Ohren, Bewusstsein, Nervensystem...<\/li>\n\n\n\n<li><strong><span style=\"color: #800080;\">Standort:<\/span> <\/strong>Stirnmitte<\/li>\n\n\n\n<li><strong><span style=\"color: #800080;\">Farbe:<\/span> <\/strong>indigoblau<\/li>\n\n\n\n<li><span style=\"color: #800080;\"><strong>Mineral:<\/strong> <\/span><a href=\"https:\/\/moirai.si\/de\/amethyst-2\/\">Amethyst<\/a>, <a href=\"https:\/\/moirai.si\/de\/perle\/\">Perle<\/a>, <a href=\"https:\/\/moirai.si\/de\/caroit\/\">Charoit<\/a>, <a href=\"https:\/\/moirai.si\/de\/fluorit\/\">Fluorit<\/a>, <a href=\"https:\/\/moirai.si\/de\/calcit\/\">Calcit<\/a>, <a href=\"https:\/\/moirai.si\/de\/lapislazuli\/\">Lapislazuli<\/a>, <a href=\"https:\/\/moirai.si\/de\/lepidolith\/\">Lepidolith<\/a>, <a href=\"https:\/\/moirai.si\/de\/regenbogen-monate-stein\/\">Mondstein<\/a>, <a href=\"https:\/\/moirai.si\/de\/opal\/\">Opal<\/a>, <a href=\"https:\/\/moirai.si\/de\/quarz\/\">Rutil<\/a>, <a href=\"https:\/\/moirai.si\/de\/safir\/\">Saphir<\/a>, <a href=\"https:\/\/moirai.si\/de\/sodalith\/\">Sodalith<\/a>, <a href=\"https:\/\/moirai.si\/de\/tansanit\/\">Tansanit<\/a>, <a href=\"https:\/\/moirai.si\/de\/topas\/\">Topas<\/a>, <a href=\"https:\/\/moirai.si\/de\/turkiz\/\">Turkiz,&nbsp;<\/a> <a href=\"https:\/\/moirai.si\/de\/turmalin\/\">Turmalin<\/a>&#8230;<\/li>\n<\/ul>\n\n\n\n<div class=\"wp-block-button aligncenter\"><a class=\"wp-block-button__link has-text-color has-background wp-element-button\" href=\"https:\/\/moirai.si\/de\/kauf-nach-steinen\/\" style=\"color:#2d2c2c;background-color:#ddc942\" target=\"_blank\" rel=\"noreferrer noopener\">Einkaufen nach Steinen<\/a><\/div>\n\n\n\n<p class=\"has-text-align-center\">F\u00fcr <strong><span style=\"color: #800080;\">10<\/span>%<\/strong> Verwenden Sie den Code, um beim Online-Kauf einen Rabatt zu erhalten: <span style=\"color: #800080;\"><strong>moirai26 <\/strong><\/span>(koda je veljavna do 31.12.2026)!<\/p>\n\n\n\n<h3 class=\"wp-block-heading\"><strong><span style=\"color: #800080;\">7. Chakra - KROWNE:<\/span><\/strong><\/h3>\n\n\n\n<ul class=\"wp-block-list\">\n<li><strong><span style=\"color: #800080;\">\u00dcber Chakra:<\/span> <\/strong>Sie ist voll von ihrer eigenen Energie aus einer universellen Quelle.<\/li>\n\n\n\n<li><strong><span style=\"color: #800080;\">Medizinische * Metaphysische Eigenschaften:<\/span><\/strong> Spiritualit\u00e4t, Energie, Erleuchtung, Wahrheit, Selbsterkenntnis...<\/li>\n\n\n\n<li><strong><span style=\"color: #800080;\">Standort:<\/span> <\/strong>oben auf dem Kopf<\/li>\n\n\n\n<li><strong><span style=\"color: #800080;\">Farbe:<\/span> <\/strong>violett (lila), wei\u00df<\/li>\n\n\n\n<li><strong><span style=\"color: #800080;\">Mineral:<\/span> <\/strong><a href=\"https:\/\/moirai.si\/de\/achat\/\">Achat<\/a>, <a href=\"https:\/\/moirai.si\/de\/amethyst-2\/\">Amethyst<\/a>, <a href=\"https:\/\/moirai.si\/de\/quarz\/\">Bergkristall<\/a>, <a href=\"https:\/\/moirai.si\/de\/lepidolith\/\">Lepidolith<\/a>, <a href=\"https:\/\/moirai.si\/de\/quarz\/\">Rutil<\/a>, <a href=\"https:\/\/moirai.si\/de\/safir\/\">Saphir<\/a>, <a href=\"https:\/\/moirai.si\/de\/tansanit\/\">Tansanit<\/a>&#8230;<\/li>\n<\/ul>\n\n\n\n<p class=\"has-small-font-size\"><strong><span style=\"color: #800080;\"><span style=\"font-size: inherit; color: #191e23;\">** Die heilenden und metaphysischen Eigenschaften der aufgelisteten Steine wurden aus verschiedenen Quellen zusammengetragen. Die Informationen werden nur als Service und nicht f\u00fcr die Behandlung von Krankheiten zur Verf\u00fcgung gestellt. Moirai.si \u00fcbernimmt keine Garantie f\u00fcr die volle G\u00fcltigkeit der bereitgestellten Informationen.<\/span><\/span><\/strong><\/p>","protected":false},"excerpt":{"rendered":"<p>1.\u010dakra \u2013 KORENSKA: 2.\u010dakra \u2013 SPOLNA: 3.\u010dakra \u2013 SOLARNI PLEKSUS: Za 10% popust pri spletnem nakupu uporabite kodo: moirai26(koda je veljavna do 31.12.2026)! 4.\u010dakra \u2013 SR\u010cNA: 5.\u010dakra \u2013 GRLENA: 6.\u010dakra \u2013 TRETJE OKO: Za 10% popust pri spletnem nakupu uporabite kodo: moirai26 (koda je veljavna do 31.12.2026)! 7.\u010dakra \u2013 KRONSKA: ** Navedene zdravilne in metafizi\u010dne [&hellip;]<\/p>\n","protected":false},"author":1,"featured_media":0,"parent":0,"menu_order":0,"comment_status":"closed","ping_status":"closed","template":"template-products-page.php","meta":{"footnotes":""},"class_list":["post-5667","page","type-page","status-publish","hentry"],"_links":{"self":[{"href":"https:\/\/moirai.si\/de\/wp-json\/wp\/v2\/pages\/5667","targetHints":{"allow":["GET"]}}],"collection":[{"href":"https:\/\/moirai.si\/de\/wp-json\/wp\/v2\/pages"}],"about":[{"href":"https:\/\/moirai.si\/de\/wp-json\/wp\/v2\/types\/page"}],"author":[{"embeddable":true,"href":"https:\/\/moirai.si\/de\/wp-json\/wp\/v2\/users\/1"}],"replies":[{"embeddable":true,"href":"https:\/\/moirai.si\/de\/wp-json\/wp\/v2\/comments?post=5667"}],"version-history":[{"count":14,"href":"https:\/\/moirai.si\/de\/wp-json\/wp\/v2\/pages\/5667\/revisions"}],"predecessor-version":[{"id":27254,"href":"https:\/\/moirai.si\/de\/wp-json\/wp\/v2\/pages\/5667\/revisions\/27254"}],"wp:attachment":[{"href":"https:\/\/moirai.si\/de\/wp-json\/wp\/v2\/media?parent=5667"}],"curies":[{"name":"wp","href":"https:\/\/api.w.org\/{rel}","templated":true}]}}