{"id":6620,"date":"2016-03-05T19:15:52","date_gmt":"2016-03-05T19:15:52","guid":{"rendered":"https:\/\/moirai.si\/?page_id=6620"},"modified":"2026-01-02T14:42:05","modified_gmt":"2026-01-02T14:42:05","slug":"september","status":"publish","type":"page","link":"https:\/\/moirai.si\/de\/septarija\/","title":{"rendered":"Septarien"},"content":{"rendered":"\n<div class=\"wp-block-button aligncenter\"><a class=\"wp-block-button__link has-text-color has-background wp-element-button\" href=\"https:\/\/moirai.si\/izdelek-kategorija\/nakup-po-kamnih\/septarija\/\" style=\"color:#2d2c2c;background-color:#ddc942\" target=\"_blank\" rel=\"noreferrer noopener\">Trgovina Septarija<\/a><\/div>\n\n\n\n<h3 class=\"wp-block-heading\"><span style=\"color: #800080;\">Zgodovina<\/span><\/h3>\n\n\n<div class=\"wp-block-image is-resized\">\n<figure class=\"alignright size-thumbnail\"><img loading=\"lazy\" decoding=\"async\" width=\"500\" height=\"500\" src=\"https:\/\/moirai.si\/wp-content\/uploads\/2020\/02\/septarija-500x500.jpg\" alt=\"\" class=\"wp-image-15793\" style=\"width:125px\" srcset=\"https:\/\/moirai.si\/wp-content\/uploads\/2020\/02\/septarija-500x500.jpg 500w, https:\/\/moirai.si\/wp-content\/uploads\/2020\/02\/septarija-100x100.jpg 100w, https:\/\/moirai.si\/wp-content\/uploads\/2020\/02\/septarija-501x501.jpg 501w, https:\/\/moirai.si\/wp-content\/uploads\/2020\/02\/septarija.jpg 566w\" sizes=\"auto, (max-width: 500px) 100vw, 500px\" \/><\/figure>\n<\/div>\n\n\n<ul class=\"wp-block-list\">\n<li>Ime Septarija izhaja iz latinske besede \u00bbseptuma\u00ab, kar pomeni sedem ali \u00bbsaeptum\u00ab kar pomeni stena ali ograja. Septarija je geoda kombinacije rjavega Aragonita, sivega Apnenca, rumenega Kalcita in belega (jasnega\/prosojnega) Barita. Ko se &#8220;kroglice&#8221; posu\u0161ijo, se njihova notranjost skr\u010di in pri tem se ustvari poseben vzorec 7-ih to\u010dk, ki so obrnjene v vse smeri. Septarijski vozli\u010di so edinstveni. Nastali so kot posledica vulkanskih izbruhov in mrtvih morskih bitij, ki so se kemi\u010dno zlepili skupaj v usedlinah in oblikovali blatne kroglice. Sestavljeni so iz Kalcita (rumeni centri), rjavega Aragonita ter sive zunanjosti, ki je sestavljena iz Apnenca.<\/li>\n\n\n\n<li><span style=\"color: #800080;\">Sinonimi, stara imena, trgovska imena:<\/span> Septarijska Konkrecija, Zmajev Kamen\u2026<\/li>\n<\/ul>\n\n\n\n<h3 class=\"wp-block-heading\"><span style=\"color: #800080;\">Zdravilno * Metafizi\u010dne lastnosti<\/span><\/h3>\n\n\n\n<ul class=\"wp-block-list\">\n<li>anemija, bole\u010dine, \u010dustva, duhovnost, energija, jasnost, komunikacija, kri, ledvice, mir, modrice, no\u010dne more, potrpe\u017eljivost, prijaznost, prizemljitev, sklepi, slabost, toleranca, veselje&#8230;<\/li>\n<\/ul>\n\n\n\n<div class=\"wp-block-button aligncenter\"><a class=\"wp-block-button__link has-text-color has-background wp-element-button\" href=\"https:\/\/moirai.si\/izdelek-kategorija\/nakup-po-kamnih\/septarija\/\" style=\"color:#2d2c2c;background-color:#ddc942\" target=\"_blank\" rel=\"noreferrer noopener\">Trgovina Septarija<\/a><\/div>\n\n\n<div class=\"wp-block-image is-resized\">\n<figure class=\"alignleft\"><a href=\"https:\/\/moirai.si\/cakra\/\"><img loading=\"lazy\" decoding=\"async\" width=\"500\" height=\"500\" src=\"https:\/\/moirai.si\/wp-content\/uploads\/2019\/09\/\u010dakra.jpg\" alt=\"\" class=\"wp-image-14534\" style=\"width:125px\" srcset=\"https:\/\/moirai.si\/wp-content\/uploads\/2019\/09\/\u010dakra.jpg 500w, https:\/\/moirai.si\/wp-content\/uploads\/2019\/09\/\u010dakra-100x100.jpg 100w\" sizes=\"auto, (max-width: 500px) 100vw, 500px\" \/><\/a><\/figure>\n<\/div>\n\n\n<p><a href=\"https:\/\/moirai.si\/cakra\/\">\u010cakra<\/a><\/p>\n\n\n\n<p class=\"has-small-font-size\">** Navedene zdravilne in metafizi\u010dne lastnosti kamnov so zbrane iz ve\u010d razli\u010dnih virov. Informacije so na voljo le kot storitev in ne za zdravljenje bolezni. Moirai.si ne jam\u010di popolne veljavnosti navedenega.<\/p>\n\n\n\n<h3 class=\"wp-block-heading\"><span style=\"color: #800080;\">Zna\u010dilnosti minerala<\/span><\/h3>\n\n\n\n<figure class=\"wp-block-table\"><table><tbody><tr><td>Kemijska sestava<\/td><td>Al<sub>4<\/sub>[(OH)<sub>8 <\/sub>\u01c0 SiO<sub>10<\/sub>] ; nH<sub>2<\/sub>O + Ca, Fe, Mg ; CaCO<sub>3 <\/sub>+ Fe, Mg<\/td><\/tr><tr><td>Barva<\/td><td>rjava, \u010drna, siva, bela, rde\u010da, zlata<\/td><\/tr><tr><td>Trdota (Mohs)<\/td><td>3<\/td><\/tr><tr><td>Gostota<\/td><td>2.60-2.70<\/td><\/tr><tr><td>Kristalni sistem<\/td><td>Rombi\u010dni<\/td><\/tr><\/tbody><\/table><\/figure>\n\n\n\n<h3 class=\"wp-block-heading\"><span style=\"color: #800080;\">Izvor in viri minerala<\/span><\/h3>\n\n\n<div class=\"wp-block-image is-resized\">\n<figure class=\"alignleft size-large\"><img loading=\"lazy\" decoding=\"async\" width=\"189\" height=\"104\" src=\"https:\/\/moirai.si\/wp-content\/uploads\/2020\/01\/svet.jpg\" alt=\"\" class=\"wp-image-15658\" style=\"width:125px\"\/><\/figure>\n<\/div>\n\n\n<ul class=\"wp-block-list\">\n<li>Utah (ZDA), Madagaskar, Nova Zelandija, Anglija, Maroko, Slovenija\u2026<\/li>\n<\/ul>\n\n\n\n<h3 class=\"wp-block-heading\"><span style=\"color: #800080;\">Nega<\/span><\/h3>\n\n\n\n<ul class=\"wp-block-list\">\n<li>Septarijo preprosto o\u010distimo z mla\u010dno namiljeno vodo in mehko krta\u010do. Kot velja za ve\u010dino kamnov in nakita, uporaba gospodinjskih kemikalij pri \u010di\u0161\u010denju ni priporo\u010dena. Ekstremna vro\u010dina lahko Septariji trajno \u0161kodi. Shranjevanje nakita iz kamnov in same kamne je najbolje dati v \u0161katlo prevle\u010deno s tkanino ali pa jih zavijemo v krpico lo\u010deno od ostalih in s tem prepre\u010dimo samo \u0161kodo in morebitne praske.<\/li>\n\n\n\n<li>Priporo\u010dljivo je, da nakita ne nosite med ve\u010djimi fizi\u010dnimi aktivnostmi, kot so telovadba ali \u0161port. Izogibajte se pr\u0161enju parfuma in laka za lase direktno po svojem nakitu in kamnih.<\/li>\n<\/ul>\n\n\n\n<div class=\"wp-block-button aligncenter\"><a class=\"wp-block-button__link has-text-color has-background wp-element-button\" href=\"https:\/\/moirai.si\/izdelek-kategorija\/nakup-po-kamnih\/septarija\/\" style=\"color:#2d2c2c;background-color:#ddc942\" target=\"_blank\" rel=\"noreferrer noopener\">Trgovina Septarija<\/a><\/div>\n\n\n\n<p class=\"has-text-align-center\">Za <strong><span style=\"color: #800080;\">10<\/span>%<\/strong> popust pri spletnem nakupu uporabite kodo: <span style=\"color: #800080;\"><strong>moirai26 <\/strong><\/span>(koda je veljavna do 31.12.2026)!<\/p>\n\n\n\n<h3 class=\"wp-block-heading\"><span style=\"color: #800080;\">Horoskop<\/span><\/h3>\n\n\n<div class=\"wp-block-image\">\n<figure class=\"alignleft size-large\"><img loading=\"lazy\" decoding=\"async\" width=\"116\" height=\"111\" src=\"https:\/\/moirai.si\/wp-content\/uploads\/2020\/01\/horoskop.jpg\" alt=\"\" class=\"wp-image-15659\"\/><\/figure>\n<\/div>\n\n\n<ul class=\"wp-block-list\">\n<li>Rak, \u0160korpijon, Bik<\/li>\n<\/ul>\n","protected":false},"excerpt":{"rendered":"<p>Zgodovina Zdravilno * Metafizi\u010dne lastnosti \u010cakra ** Navedene zdravilne in metafizi\u010dne lastnosti kamnov so zbrane iz ve\u010d razli\u010dnih virov. Informacije so na voljo le kot storitev in ne za zdravljenje bolezni. Moirai.si ne jam\u010di popolne veljavnosti navedenega. Zna\u010dilnosti minerala Kemijska sestava Al4[(OH)8 \u01c0 SiO10] ; nH2O + Ca, Fe, Mg ; CaCO3 + Fe, Mg [&hellip;]<\/p>\n","protected":false},"author":1,"featured_media":0,"parent":0,"menu_order":0,"comment_status":"closed","ping_status":"closed","template":"template-products-page.php","meta":{"footnotes":""},"class_list":["post-6620","page","type-page","status-publish","hentry"],"_links":{"self":[{"href":"https:\/\/moirai.si\/de\/wp-json\/wp\/v2\/pages\/6620","targetHints":{"allow":["GET"]}}],"collection":[{"href":"https:\/\/moirai.si\/de\/wp-json\/wp\/v2\/pages"}],"about":[{"href":"https:\/\/moirai.si\/de\/wp-json\/wp\/v2\/types\/page"}],"author":[{"embeddable":true,"href":"https:\/\/moirai.si\/de\/wp-json\/wp\/v2\/users\/1"}],"replies":[{"embeddable":true,"href":"https:\/\/moirai.si\/de\/wp-json\/wp\/v2\/comments?post=6620"}],"version-history":[{"count":12,"href":"https:\/\/moirai.si\/de\/wp-json\/wp\/v2\/pages\/6620\/revisions"}],"predecessor-version":[{"id":27238,"href":"https:\/\/moirai.si\/de\/wp-json\/wp\/v2\/pages\/6620\/revisions\/27238"}],"wp:attachment":[{"href":"https:\/\/moirai.si\/de\/wp-json\/wp\/v2\/media?parent=6620"}],"curies":[{"name":"wp","href":"https:\/\/api.w.org\/{rel}","templated":true}]}}