{"id":9288,"date":"2017-12-20T09:07:25","date_gmt":"2017-12-20T09:07:25","guid":{"rendered":"https:\/\/moirai.si\/?page_id=9288"},"modified":"2026-01-02T14:55:02","modified_gmt":"2026-01-02T14:55:02","slug":"yoni-eier","status":"publish","type":"page","link":"https:\/\/moirai.si\/de\/yoni-jajcka\/","title":{"rendered":"Yoni-Eier"},"content":{"rendered":"<div class=\"wp-block-button\"><a class=\"wp-block-button__link has-text-color has-background has-text-align-center wp-element-button\" href=\"https:\/\/moirai.si\/de\/produktkategorie-2\/eier\/\" style=\"color:#2d2c2c;background-color:#ddc942\" target=\"_blank\" rel=\"noreferrer noopener\"> Shop-Yoni und dekorative Eier <\/a><\/div>\n\n\n\n<ul class=\"wp-block-list\">\n<li><strong><span style=\"color: #800080;\">Yoni-Eier, Jade-Eier oder Liebes-Eier<\/span><\/strong> - sind die Namen von wundersch\u00f6nen handgefertigten Eiern aus verschiedenen Mineralien und Kristallen, die f\u00fcr Vaginal\u00fcbungen oder Vaginal-Yoga verwendet werden. \"<strong style=\"font-size: inherit;\"><span style=\"color: #800080;\">Yoni<\/span><\/strong><span style=\"font-size: inherit;\">\" ist das Sanskrit-Wort f\u00fcr weibliche Genitalien und bedeutet eigentlich \"<\/span><span style=\"color: #800080;\">sakraler Raum<\/span><span style=\"font-size: inherit;\">\". <\/span>Seit mehr als 5000 Jahren praktizieren Frauen Vaginal-Yoga mit Steineiern. Im chinesischen K\u00f6nigspalast benutzten die Frauen vor allem Jade-Eier, weil sie glaubten, dass diese ihnen bei ihrer sexuellen Kraft helfen w\u00fcrden. Man glaubte, dass sie die Sinnlichkeit erwecken und eine unglaubliche Gesundheit bis ins hohe Alter erhalten w\u00fcrden. Bis vor kurzem war diese uralte, geheime Praxis nur den Mitgliedern der k\u00f6niglichen Familie zug\u00e4nglich.<\/li>\n<\/ul>\n\n\n\n<ul class=\"wp-block-list\">\n<li>Indem Sie das Ei einfach benutzen, st\u00e4rken Sie Ihre vaginalen und unteren Beckenbodenmuskeln. W\u00e4hrend der Vaginal-Yoga-Sitzung selbst k\u00f6nnen Sie durch die gemeinsame Verwendung der beiden Eier aufregende Vibrationen erleben!  Die Eier haben in der Regel ein Loch, durch das Sie eine Schnur (Seide oder Zahnseide, die frei von Zusatzstoffen sein sollte) und Gewichte (andere Eier oder Perlen aus Steinen) stecken k\u00f6nnen. Anf\u00e4ngerinnen k\u00f6nnen die Schnur verwenden, um das Ziehen oder \"Ausbr\u00fcten\" der Eier zu erleichtern. Es mag komisch klingen, aber der Zweck der \u00dcbung ist auch, dass die Frau das Ei selbst \"ausbr\u00fcten\" kann, ohne eine Schnur zu benutzen. Stellen Sie sicher, dass das Ei K\u00f6rpertemperatur hat, bevor Sie es verwenden. Das Ei kann in der Handfl\u00e4che, unter den Achseln oder mit lauwarmem Wasser erw\u00e4rmt werden (kein kochendes Wasser verwenden).<\/li>\n<\/ul>\n\n\n\n<ul class=\"wp-block-list\">\n<li>Die Eier variieren in Gr\u00f6\u00dfe und Gewicht. Ein kleineres Ei ist schwieriger zu handhaben und eignet sich daher eher f\u00fcr \"fortgeschrittene\" Benutzer. Am besten w\u00e4hlen Sie das Ei, mit dem Sie sich am wohlsten f\u00fchlen. Da die Vagina sehr flexibel ist, k\u00f6nnen die meisten Frauen alle Eiergr\u00f6\u00dfen problemlos verwenden. Gr\u00f6\u00dfere Eier sind einfach gr\u00f6\u00dfer und schwerer. Trotz des Gewichts ist ein solches Ei leichter zu greifen, und der Massageeffekt, wenn es in Ihrer Scheide auf und ab gleitet, ist wesentlich gr\u00f6\u00dfer. Allerdings schr\u00e4nken Gr\u00f6\u00dfe und Gewicht Ihr Training ein. Gr\u00f6\u00dfere Eier werden f\u00fcr Frauen empfohlen, die vor kurzem entbunden haben, oder f\u00fcr Frauen, die glauben oder sp\u00fcren, dass ihre Vaginalmuskeln etwas schwach geworden sind (vielleicht aufgrund des Alters oder einer Operation). Wenn Sie Vaginal-Yoga als unangenehm empfinden, wird ein gr\u00f6\u00dferes Ei diesen Bereich stimulieren und Ihnen helfen, sich mit Ihrem eigenen K\u00f6rper vertraut zu machen.<\/li>\n<\/ul>\n\n\n\n<div class=\"wp-block-button\"><a class=\"wp-block-button__link has-text-color has-background has-text-align-center wp-element-button\" href=\"https:\/\/moirai.si\/de\/produktkategorie-2\/eier\/\" style=\"color:#2d2c2c;background-color:#ddc942\" target=\"_blank\" rel=\"noreferrer noopener\"> Shop-Yoni und dekorative Eier <\/a><\/div>\n\n\n\n<h3 class=\"wp-block-heading\"><span style=\"color: #800080;\">Die Stringtheorie<\/span><\/h3>\n\n\n\n<p>Aus hygienischen Gr\u00fcnden empfehlen wir Ihnen, die Schnur nach Gebrauch zu entsorgen und sp\u00e4ter eine neue zu verwenden. Das beste Band ist Zahnseide. Sie ist d\u00fcnn, stark, steril und \u00fcberall erh\u00e4ltlich. Sie k\u00f6nnen auch nat\u00fcrliche Baumwolle, Seide oder Hanfschnur verwenden. Die Schnur ist eine gute Hilfe, um Anf\u00e4ngern das Herausziehen des Eies zu erleichtern. Frauen, die schon lange Vaginal-Yoga praktizieren, k\u00f6nnen das Ei in der Regel auch ohne Schnur herausdr\u00fccken. Die Schnur wird sp\u00e4ter verwendet, um dem Ei selbst Gewicht zu verleihen. Die \u00dcbung selbst wird als \"<span style=\"color: #800080;\">Vaginales Kung Fu<\/span>\".<\/p>\n\n\n\n<h3 class=\"wp-block-heading\"><span style=\"color: #800080;\">Pflege der Eier<\/span><\/h3>\n\n\n\n<p>Die Vagina verf\u00fcgt \u00fcber ein sehr fortschrittliches Selbstreinigungssystem, das die Menge an S\u00e4ure und Bakterien reguliert und ein gesundes Gleichgewicht aufrechterh\u00e4lt. Es ist sehr wichtig, das Ei vor dem Gebrauch gut zu reinigen. Viele Anwenderinnen waschen die Eier vor und nach dem Gebrauch einfach mit Bio-Seife und Wasser (auch das Loch wird gereinigt). Die Sterilisation selbst wird alle ein bis zwei Wochen durchgef\u00fchrt. Viele Sterilisationsverfahren k\u00f6nnen zu aggressiv sein, z. B. Kochen, D\u00e4mpfen oder der Einsatz von scharfen Chemikalien. Wir raten daher davon ab. R\u00fcckst\u00e4nde von scharfen Chemikalien beeintr\u00e4chtigen das empfindliche Gleichgewicht der nat\u00fcrlichen Flora in der Vagina. Kochen und Dampf k\u00f6nnen au\u00dferdem die Struktur des Steins besch\u00e4digen und so die nat\u00fcrlichen Eigenschaften des Steins schw\u00e4chen. Wir empfehlen, das Ei in verd\u00fcnntem Grapefruitsaft oder Essig einzuweichen und es vor dem Gebrauch mit Bio-Seife zu reinigen. Sie k\u00f6nnen das Ei auch mit Alkohol abwischen (Whisky oder Wodka eignen sich ebenfalls gut), aber denken Sie daran, das Ei anschlie\u00dfend gut abzusp\u00fclen. Verwenden Sie keine Eier, die aus Plastik, bemalt, silikonisiert oder aus anderen gef\u00e4hrlichen Materialien hergestellt sind. Am besten ist es, einen echten Stein, ein Mineral oder einen Kristall zu verwenden. <span style=\"color: #800080;\"><strong>Seien Sie vorsichtig, da es im Internet viele F\u00e4lschungen und bemalte Steine gibt.<\/strong><\/span><span style=\"font-size: inherit;\">.<\/span> <\/p>\n\n\n\n<div class=\"wp-block-button\"><a class=\"wp-block-button__link has-text-color has-background has-text-align-center wp-element-button\" href=\"https:\/\/moirai.si\/de\/produktkategorie-2\/eier\/\" style=\"color:#2d2c2c;background-color:#ddc942\" target=\"_blank\" rel=\"noreferrer noopener\"> Shop-Yoni und dekorative Eier <\/a><\/div>\n\n\n\n<p class=\"has-text-align-center\">F\u00fcr <strong><span style=\"color: #800080;\">10<\/span>%<\/strong> Verwenden Sie den Code, um beim Online-Kauf einen Rabatt zu erhalten: <span style=\"color: #800080;\"><strong>moirai26 <\/strong><\/span>(koda je veljavna do 31.12.2026)!<\/p>\n\n\n\n<p class=\"has-small-font-size\">** Die heilenden und metaphysischen Eigenschaften der aufgelisteten Steine wurden aus verschiedenen Quellen zusammengetragen. Die Informationen werden nur als Service und nicht f\u00fcr die Behandlung von Krankheiten zur Verf\u00fcgung gestellt. Moirai.si \u00fcbernimmt keine Garantie f\u00fcr die volle G\u00fcltigkeit der bereitgestellten Informationen.<\/p>","protected":false},"excerpt":{"rendered":"<p>Teorija o vrvici Zaradi dobre higiene priporo\u010damo, da vrvico po uporabi odvr\u017eete in kasneje uporabite novo. Najbolj\u0161a vrvica je zobna nitka. Je tanka, mo\u010dna, sterilna in \u0161iroko dostopna. Uporabite lahko tudi vrvico iz naravnega bomba\u017ea, svile ali konopljino vrvico. Vrvica je dober pomo\u010dnik, ki pomaga za\u010detnicam za la\u017eji poteg jaj\u010dka. Ponavadi \u017eenske, ki vadijo vaginalno [&hellip;]<\/p>\n","protected":false},"author":1,"featured_media":0,"parent":0,"menu_order":0,"comment_status":"closed","ping_status":"closed","template":"template-products-page.php","meta":{"footnotes":""},"class_list":["post-9288","page","type-page","status-publish","hentry"],"_links":{"self":[{"href":"https:\/\/moirai.si\/de\/wp-json\/wp\/v2\/pages\/9288","targetHints":{"allow":["GET"]}}],"collection":[{"href":"https:\/\/moirai.si\/de\/wp-json\/wp\/v2\/pages"}],"about":[{"href":"https:\/\/moirai.si\/de\/wp-json\/wp\/v2\/types\/page"}],"author":[{"embeddable":true,"href":"https:\/\/moirai.si\/de\/wp-json\/wp\/v2\/users\/1"}],"replies":[{"embeddable":true,"href":"https:\/\/moirai.si\/de\/wp-json\/wp\/v2\/comments?post=9288"}],"version-history":[{"count":25,"href":"https:\/\/moirai.si\/de\/wp-json\/wp\/v2\/pages\/9288\/revisions"}],"predecessor-version":[{"id":27260,"href":"https:\/\/moirai.si\/de\/wp-json\/wp\/v2\/pages\/9288\/revisions\/27260"}],"wp:attachment":[{"href":"https:\/\/moirai.si\/de\/wp-json\/wp\/v2\/media?parent=9288"}],"curies":[{"name":"wp","href":"https:\/\/api.w.org\/{rel}","templated":true}]}}