{"id":9332,"date":"2017-12-27T08:30:12","date_gmt":"2017-12-27T08:30:12","guid":{"rendered":"https:\/\/moirai.si\/?page_id=9332"},"modified":"2026-01-02T13:37:03","modified_gmt":"2026-01-02T13:37:03","slug":"caroit","status":"publish","type":"page","link":"https:\/\/moirai.si\/de\/caroit\/","title":{"rendered":"Charoit"},"content":{"rendered":"<div class=\"wp-block-button aligncenter\"><a class=\"wp-block-button__link has-text-color has-background wp-element-button\" href=\"https:\/\/moirai.si\/de\/produktkategorie-2\/kauf-nach-steinen\/caroit\/\" style=\"color:#2d2c2c;background-color:#ddc942\" target=\"_blank\" rel=\"noreferrer noopener\">Shop Charoit<\/a><\/div>\n\n\n\n<h3 class=\"wp-block-heading\"><strong><span style=\"color: #800080;\">Geschichte<\/span>&nbsp;&nbsp;&nbsp;&nbsp;&nbsp;&nbsp;<\/strong><strong>&nbsp;&nbsp;&nbsp;&nbsp;&nbsp;&nbsp;&nbsp;&nbsp;&nbsp;&nbsp;&nbsp;&nbsp;&nbsp;&nbsp;&nbsp;&nbsp;&nbsp;&nbsp;&nbsp;&nbsp;&nbsp;&nbsp;&nbsp;&nbsp;&nbsp;&nbsp;&nbsp;&nbsp;&nbsp;&nbsp;&nbsp;&nbsp;&nbsp;&nbsp;&nbsp;&nbsp;&nbsp;&nbsp;&nbsp;&nbsp;&nbsp;&nbsp;&nbsp;&nbsp;&nbsp;&nbsp;&nbsp;&nbsp;&nbsp;&nbsp;&nbsp;&nbsp;&nbsp;&nbsp;&nbsp;&nbsp;&nbsp;&nbsp;&nbsp;&nbsp; <\/strong><\/h3>\n\n\n<div class=\"wp-block-image is-resized\">\n<figure class=\"alignright size-thumbnail\"><img decoding=\"async\" src=\"https:\/\/moirai.si\/wp-content\/uploads\/2020\/01\/\u010daroit-500x500.jpg\" alt=\"\" class=\"wp-image-15684\" style=\"object-fit:cover;width:125px;height:125px\"\/><\/figure>\n<\/div>\n\n\n<ul class=\"wp-block-list\">\n<li>Charoit ist ein seltenes Silikatmineral mit einer chemischen Zusammensetzung aus Phosphor, Kalzium und Natrium. Es wurde erstmals 1940 im Fluss Chara (Russland) entdeckt, woher es auch seinen Namen hat. Der Murun-Komplex in Jakutien (Sibirien) ist die Hauptquelle f\u00fcr Charoite. Die Farben der Charoite sind unverwechselbar und reichen von Lila \u00fcber Lavendel und Hellviolett bis hin zu mittlerem Dunkellila. Die meisten Charoite haben eine violette F\u00e4rbung und ein einzigartiges Muster, oft gestreift oder federf\u00f6rmig. Diese Muster sind spezifisch f\u00fcr Charoite und sind auf die miteinander verbundenen komplexen Faserkristalle zur\u00fcckzuf\u00fchren. Einige Charoite k\u00f6nnen auch gr\u00fcne, schwarze oder orangefarbene Streifen aufweisen, die durch Einschl\u00fcsse und Verunreinigungen von Tinaksit und Agerin entstehen.<\/li>\n<\/ul>\n\n\n\n<h3 class=\"wp-block-heading\"><span style=\"color: #800080;\"><strong>Medizinische * Metaphysische Eigenschaften<\/strong><\/span><\/h3>\n\n\n\n<ul class=\"wp-block-list\">\n<li>Alkoholismus, Spiritualit\u00e4t, Kopfschmerzen, Leber, Kr\u00e4mpfe, Blutdruck, Migr\u00e4ne, Kraft, Negativit\u00e4t, Schlaflosigkeit, Augen, Verletzungen, Positivit\u00e4t, Selbstwertgef\u00fchl, Solarplexus, Herzschlag, drittes Auge, Kreativit\u00e4t, M\u00fcdigkeit, Nerven...<\/li>\n<\/ul>\n\n\n\n<div class=\"wp-block-button aligncenter\"><a class=\"wp-block-button__link has-text-color has-background wp-element-button\" href=\"https:\/\/moirai.si\/de\/produktkategorie-2\/kauf-nach-steinen\/caroit\/\" style=\"color:#2d2c2c;background-color:#ddc942\" target=\"_blank\" rel=\"noreferrer noopener\">Shop Charoit<\/a><\/div>\n\n\n<div class=\"wp-block-image is-resized\">\n<figure class=\"alignleft\"><a href=\"https:\/\/moirai.si\/de\/kakra\/\"><img loading=\"lazy\" decoding=\"async\" width=\"500\" height=\"500\" src=\"https:\/\/moirai.si\/wp-content\/uploads\/2019\/09\/\u010dakra.jpg\" alt=\"\" class=\"wp-image-14534\" style=\"object-fit:cover;width:125px;height:125px\" srcset=\"https:\/\/moirai.si\/wp-content\/uploads\/2019\/09\/\u010dakra.jpg 500w, https:\/\/moirai.si\/wp-content\/uploads\/2019\/09\/\u010dakra-100x100.jpg 100w\" sizes=\"auto, (max-width: 500px) 100vw, 500px\" \/><\/a><\/figure>\n<\/div>\n\n\n<p><a href=\"https:\/\/moirai.si\/de\/kakra\/\">Chakra<\/a><\/p>\n\n\n\n<p class=\"has-small-font-size\">** Die heilenden und metaphysischen Eigenschaften der aufgelisteten Steine wurden aus verschiedenen Quellen zusammengetragen. Die Informationen werden nur als Serviceleistung und nicht zur Behandlung von Krankheiten bereitgestellt. Moirai \u00fcbernimmt keine Garantie f\u00fcr die volle G\u00fcltigkeit der bereitgestellten Informationen.<\/p>\n\n\n\n<h3 class=\"wp-block-heading\"><span style=\"color: #800080;\"><strong>Merkmale des Minerals<\/strong><\/span><\/h3>\n\n\n\n<figure class=\"wp-block-table\"><table><tbody><tr><td>Chemische Zusammensetzung<\/td><td>(K(Ca,Na)<sub>2<\/sub>Si<sub>4<\/sub>O<sub>10<\/sub>(OH,F)-H<sub>2<\/sub>O)<\/td><\/tr><tr><td>Farbe<\/td><td>lila, flieder<\/td><\/tr><tr><td>H\u00e4rte (Mohs)<\/td><td>5-6<\/td><\/tr><tr><td>Dichte<\/td><td>2.54-2.58<\/td><\/tr><tr><td>Brechungsindex<\/td><td>1.550-1.553<\/td><\/tr><tr><td>System Kristall<\/td><td>Monoklin<\/td><\/tr><\/tbody><\/table><\/figure>\n\n\n\n<h3 class=\"wp-block-heading\"><span style=\"color: #800080;\"><strong>Herkunft und Quellen des Minerals<\/strong><\/span><\/h3>\n\n\n<div class=\"wp-block-image is-resized\">\n<figure class=\"alignleft size-large\"><img loading=\"lazy\" decoding=\"async\" width=\"189\" height=\"104\" src=\"https:\/\/moirai.si\/wp-content\/uploads\/2020\/01\/svet.jpg\" alt=\"\" class=\"wp-image-15658\" style=\"width:125px\"\/><\/figure>\n<\/div>\n\n\n<ul class=\"wp-block-list\">\n<li>Sibirien<\/li>\n<\/ul>\n\n\n\n<h3 class=\"wp-block-heading\"><span style=\"color: #800080;\"><strong>Pflege<\/strong><\/span><\/h3>\n\n\n\n<ul class=\"wp-block-list\">\n<li>Charoite kann sehr empfindlich auf starken Druck, hohe Temperaturen und scharfe Haushaltschemikalien und Reinigungsmittel reagieren. Vermeiden Sie es, Charoite mit Bleichmitteln oder Schwefels\u00e4ure in Ber\u00fchrung zu bringen. Reinigen Sie den Charoite mit warmer Seifenlauge. Wischen Sie den Stein mit einem weichen Tuch ab und stellen Sie sicher, dass er gut abgesp\u00fclt wird, um alle Seifenreste zu entfernen.<\/li>\n\n\n\n<li>Am besten bewahren Sie Steinschmuck und die Steine selbst in einer mit Stoff bezogenen Schatulle oder in einem Tuch eingewickelt getrennt von den anderen auf, um Sch\u00e4den und m\u00f6gliche Kratzer zu vermeiden. Es ist ratsam, Schmuck nicht bei gr\u00f6\u00dferen k\u00f6rperlichen Aktivit\u00e4ten wie Bewegung oder Sport zu tragen. Vermeiden Sie es, Parf\u00fcm und Haarspray direkt auf Ihren Schmuck und Ihre Steine zu spr\u00fchen.<\/li>\n<\/ul>\n\n\n\n<div class=\"wp-block-button aligncenter\"><a class=\"wp-block-button__link has-text-color has-background wp-element-button\" href=\"https:\/\/moirai.si\/de\/produktkategorie-2\/kauf-nach-steinen\/caroit\/\" style=\"color:#2d2c2c;background-color:#ddc942\" target=\"_blank\" rel=\"noreferrer noopener\">Shop Charoit<\/a><\/div>\n\n\n\n<p class=\"has-text-align-center\">F\u00fcr <strong><span style=\"color: #800080;\">10<\/span>%<\/strong> Verwenden Sie den Code, um beim Online-Kauf einen Rabatt zu erhalten: <span style=\"color: #800080;\"><strong>moirai26 <\/strong><\/span>(koda je veljavna do 31.12.2026)!<\/p>\n\n\n\n<h3 class=\"wp-block-heading\"><span style=\"color: #800080;\"><strong>Horoskop<\/strong><\/span><\/h3>\n\n\n<div class=\"wp-block-image\">\n<figure class=\"alignleft size-large\"><img loading=\"lazy\" decoding=\"async\" width=\"116\" height=\"111\" src=\"https:\/\/moirai.si\/wp-content\/uploads\/2020\/01\/horoskop.jpg\" alt=\"\" class=\"wp-image-15659\"\/><\/figure>\n<\/div>\n\n\n<ul class=\"wp-block-list\">\n<li>Sch\u00fctze, Skorpion, Waage, Zwillinge, Jungfrau<\/li>\n<\/ul>","protected":false},"excerpt":{"rendered":"<p>Zgodovina&nbsp;&nbsp;&nbsp;&nbsp;&nbsp;&nbsp;&nbsp;&nbsp;&nbsp;&nbsp;&nbsp;&nbsp;&nbsp;&nbsp;&nbsp;&nbsp;&nbsp;&nbsp;&nbsp;&nbsp;&nbsp;&nbsp;&nbsp;&nbsp;&nbsp;&nbsp;&nbsp;&nbsp;&nbsp;&nbsp;&nbsp;&nbsp;&nbsp;&nbsp;&nbsp;&nbsp;&nbsp;&nbsp;&nbsp;&nbsp;&nbsp;&nbsp;&nbsp;&nbsp;&nbsp;&nbsp;&nbsp;&nbsp;&nbsp;&nbsp;&nbsp;&nbsp;&nbsp;&nbsp;&nbsp;&nbsp;&nbsp;&nbsp;&nbsp;&nbsp;&nbsp;&nbsp;&nbsp;&nbsp;&nbsp;&nbsp; Zdravilno * Metafizi\u010dne lastnosti \u010cakra ** Navedene zdravilne in metafizi\u010dne lastnosti kamnov so zbrane iz ve\u010d razli\u010dnih virov. Informacije so na voljo le kot storitev in ne za zdravljenje bolezni. Moirai ne jam\u010di popolne veljavnosti navedenega. Zna\u010dilnosti minerala Kemijska sestava (K(Ca,Na)2Si4O10(OH,F)\u00b7H2O) Barva vijoli\u010dna, lila Trdota (Mohs) 5-6 Gostota 2.54-2.58 Lomni koli\u010dnik 1.550-1.553 Kristalni sistem [&hellip;]<\/p>\n","protected":false},"author":1,"featured_media":0,"parent":0,"menu_order":0,"comment_status":"closed","ping_status":"closed","template":"template-products-page.php","meta":{"footnotes":""},"class_list":["post-9332","page","type-page","status-publish","hentry"],"_links":{"self":[{"href":"https:\/\/moirai.si\/de\/wp-json\/wp\/v2\/pages\/9332","targetHints":{"allow":["GET"]}}],"collection":[{"href":"https:\/\/moirai.si\/de\/wp-json\/wp\/v2\/pages"}],"about":[{"href":"https:\/\/moirai.si\/de\/wp-json\/wp\/v2\/types\/page"}],"author":[{"embeddable":true,"href":"https:\/\/moirai.si\/de\/wp-json\/wp\/v2\/users\/1"}],"replies":[{"embeddable":true,"href":"https:\/\/moirai.si\/de\/wp-json\/wp\/v2\/comments?post=9332"}],"version-history":[{"count":13,"href":"https:\/\/moirai.si\/de\/wp-json\/wp\/v2\/pages\/9332\/revisions"}],"predecessor-version":[{"id":27185,"href":"https:\/\/moirai.si\/de\/wp-json\/wp\/v2\/pages\/9332\/revisions\/27185"}],"wp:attachment":[{"href":"https:\/\/moirai.si\/de\/wp-json\/wp\/v2\/media?parent=9332"}],"curies":[{"name":"wp","href":"https:\/\/api.w.org\/{rel}","templated":true}]}}