{"id":9334,"date":"2017-12-27T08:30:34","date_gmt":"2017-12-27T08:30:34","guid":{"rendered":"https:\/\/moirai.si\/?page_id=9334"},"modified":"2026-01-02T13:34:42","modified_gmt":"2026-01-02T13:34:42","slug":"heliotrop","status":"publish","type":"page","link":"https:\/\/moirai.si\/de\/heliotrop\/","title":{"rendered":"Heliotrop"},"content":{"rendered":"<div class=\"wp-block-button aligncenter\"><a class=\"wp-block-button__link has-text-color has-background wp-element-button\" href=\"https:\/\/moirai.si\/de\/produktkategorie-2\/kauf-nach-steinen\/heliotrop\/\" style=\"color:#2d2c2c;background-color:#ddc942\" target=\"_blank\" rel=\"noreferrer noopener\">Shop Heliotrop<\/a><\/div>\n\n\n\n<h3 class=\"wp-block-heading\"><span style=\"color: #800080;\"><strong>Geschichte<\/strong><\/span><\/h3>\n\n\n<div class=\"wp-block-image is-resized\">\n<figure class=\"alignright size-thumbnail\"><img decoding=\"async\" src=\"https:\/\/moirai.si\/wp-content\/uploads\/2020\/01\/heliotrop-500x500.jpg\" alt=\"\" class=\"wp-image-15698\" style=\"width:125px\"\/><\/figure>\n<\/div>\n\n\n<ul class=\"wp-block-list\">\n<li>Heliotrop ist eine undurchsichtige bis transparente Art von Chalcedon. Er hat eine charakteristische dunkelgr\u00fcne Farbe mit roten (blutigen) Einschl\u00fcssen, von denen er seinen Namen hat. Das Vorhandensein von Eisenoxidverunreinigungen verleiht ihm das Aussehen von Bluteinschl\u00fcssen, die von rot bis br\u00e4unlich und manchmal gelb reichen k\u00f6nnen. Diese Einschl\u00fcsse k\u00f6nnen sehr auff\u00e4llig sein, sind aber nicht unbedingt erforderlich. Die begehrtesten Heliotrope haben mehr rote Einschl\u00fcsse. Er kann manchmal mit Jaspis verwechselt werden, aber Jaspis hat eine viel feinere Kornstruktur, weshalb man sie voneinander unterscheiden kann.<\/li>\n\n\n\n<li><span style=\"color: #800080;\">Synonyme, alte Namen, Handelsnamen:<\/span> Blutjaspis, Blutstein...<\/li>\n<\/ul>\n\n\n\n<h3 class=\"wp-block-heading\"><span style=\"color: #800080;\"><strong>Medizinische * Metaphysische Eigenschaften<\/strong><\/span><\/h3>\n\n\n\n<ul class=\"wp-block-list\">\n<li>An\u00e4mie, Schmerz, Kreislauf, Zysten, Darm, Atmung, H\u00e4morrhoiden, Hepatitis, Idealismus, Immunsystem, Infektionen, Intuition, Ischias, Blut, Blutungen, Leuk\u00e4mie, Lymphdr\u00fcsen, Menopause, Menstruationsschmerzen, Gelassenheit, Negativit\u00e4t, Selbstlosigkeit, Augen, Entscheidungen, Infektionen, Lunge, Mut, Geburt, Rheuma, Tr\u00e4ume, Kreativit\u00e4t, Ohren, Entz\u00fcndung, Verwirrung, Magen...<\/li>\n\n\n\n<li>Er eignet sich gut f\u00fcr die Behandlung von blutbezogenen Krebsarten (Leuk\u00e4mie, Hautkrebs, Knochenkrebs und alle blutreichen Organe).  Manche sagen, dass Heliotrop dazu beitragen kann, Tumore mit der Zeit schrumpfen zu lassen.&nbsp;<\/li>\n\n\n\n<li>Die Kombination von Heliotrop und Karneol hilft bei der erg\u00e4nzenden Behandlung von Leber- und Nierenkrebs, da sie negative Energien transformieren und reinigen soll.<\/li>\n<\/ul>\n\n\n\n<div class=\"wp-block-button aligncenter\"><a class=\"wp-block-button__link has-text-color has-background wp-element-button\" href=\"https:\/\/moirai.si\/de\/produktkategorie-2\/kauf-nach-steinen\/heliotrop\/\" style=\"color:#2d2c2c;background-color:#ddc942\" target=\"_blank\" rel=\"noreferrer noopener\">Shop Heliotrop<\/a><\/div>\n\n\n<div class=\"wp-block-image is-resized\">\n<figure class=\"alignleft\"><a href=\"https:\/\/moirai.si\/de\/kakra\/\"><img loading=\"lazy\" decoding=\"async\" width=\"500\" height=\"500\" src=\"https:\/\/moirai.si\/wp-content\/uploads\/2019\/09\/\u010dakra.jpg\" alt=\"\" class=\"wp-image-14534\" style=\"width:125px\" srcset=\"https:\/\/moirai.si\/wp-content\/uploads\/2019\/09\/\u010dakra.jpg 500w, https:\/\/moirai.si\/wp-content\/uploads\/2019\/09\/\u010dakra-100x100.jpg 100w\" sizes=\"auto, (max-width: 500px) 100vw, 500px\" \/><\/a><\/figure>\n<\/div>\n\n\n<p><a href=\"https:\/\/moirai.si\/de\/kakra\/\">Chakra<\/a><\/p>\n\n\n\n<p class=\"has-small-font-size\">** Die heilenden und metaphysischen Eigenschaften der aufgelisteten Steine wurden aus verschiedenen Quellen zusammengetragen. Die Informationen werden nur als Service und nicht f\u00fcr die Behandlung von Krankheiten zur Verf\u00fcgung gestellt. Moirai.si \u00fcbernimmt keine Garantie f\u00fcr die volle G\u00fcltigkeit der bereitgestellten Informationen.<\/p>\n\n\n\n<h3 class=\"wp-block-heading\"><span style=\"color: #800080;\"><strong>Merkmale des Minerals<\/strong><\/span><\/h3>\n\n\n\n<figure class=\"wp-block-table\"><table><tbody><tr><td>Chemische Zusammensetzung<\/td><td>SiO<sub>2<\/sub><\/td><\/tr><tr><td>Farbe<\/td><td>gr\u00fcn, apfelgr\u00fcn, gr\u00fcn-blau, braun mit roten Tupfen<\/td><\/tr><tr><td>H\u00e4rte (Mohs)<\/td><td>6.5-7<\/td><\/tr><tr><td>Dichte<\/td><td>2.61<\/td><\/tr><tr><td>Brechungsindex<\/td><td>1.530-1.540<\/td><\/tr><tr><td>System Kristall<\/td><td>Trigonal<\/td><\/tr><\/tbody><\/table><\/figure>\n\n\n\n<h3 class=\"wp-block-heading\"><span style=\"color: #800080;\"><strong>Herkunft und Quellen des Minerals<\/strong><\/span><\/h3>\n\n\n<div class=\"wp-block-image is-resized\">\n<figure class=\"alignleft size-large\"><img loading=\"lazy\" decoding=\"async\" width=\"189\" height=\"104\" src=\"https:\/\/moirai.si\/wp-content\/uploads\/2020\/01\/svet.jpg\" alt=\"\" class=\"wp-image-15658\" style=\"width:125px\"\/><\/figure>\n<\/div>\n\n\n<ul class=\"wp-block-list\">\n<li>Indien, Madagaskar, Kalifornien, USA, Australien, Deutschland, Brasilien, China und Schottland.<\/li>\n<\/ul>\n\n\n\n<h3 class=\"wp-block-heading\"><span style=\"color: #800080;\"><strong>Pflege<\/strong><\/span><\/h3>\n\n\n\n<ul class=\"wp-block-list\">\n<li>Reinigen Sie das Heliotrop mit warmem Wasser und milder Seife. Vermeiden Sie es, Heliotrop mit Bleichmittel oder Schwefels\u00e4ure in Ber\u00fchrung zu bringen. Wischen Sie den Stein mit einem weichen Tuch ab und stellen Sie sicher, dass er gut abgesp\u00fclt ist, um Seifenreste zu entfernen. Bei der Aufbewahrung von Steinschmuck oder den Steinen selbst ist es am besten, sie in einer mit einem Tuch bedeckten Schachtel aufzubewahren oder sie getrennt von anderen Steinen in ein Tuch zu wickeln, um Sch\u00e4den und Kratzer zu vermeiden.<\/li>\n\n\n\n<li>Es ist ratsam, den Schmuck bei gr\u00f6\u00dferen k\u00f6rperlichen Aktivit\u00e4ten wie Bewegung oder Sport abzulegen. Vermeiden Sie es, Parf\u00fcm und Haarspray direkt auf Ihren Schmuck und Ihre Steine zu spr\u00fchen.<\/li>\n<\/ul>\n\n\n\n<div class=\"wp-block-button aligncenter\"><a class=\"wp-block-button__link has-text-color has-background wp-element-button\" href=\"https:\/\/moirai.si\/de\/produktkategorie-2\/kauf-nach-steinen\/heliotrop\/\" style=\"color:#2d2c2c;background-color:#ddc942\" target=\"_blank\" rel=\"noreferrer noopener\">Shop Heliotrop<\/a><\/div>\n\n\n\n<p class=\"has-text-align-center\">F\u00fcr <strong><span style=\"color: #800080;\">10<\/span>%<\/strong> Verwenden Sie den Code, um beim Online-Kauf einen Rabatt zu erhalten: <span style=\"color: #800080;\"><strong>moirai26 <\/strong><\/span>(koda je veljavna do 31.12.2026)!<\/p>\n\n\n\n<h3 class=\"wp-block-heading\"><span style=\"color: #800080;\"><strong>Horoskop<\/strong><\/span><\/h3>\n\n\n<div class=\"wp-block-image\">\n<figure class=\"alignleft size-large\"><img loading=\"lazy\" decoding=\"async\" width=\"116\" height=\"111\" src=\"https:\/\/moirai.si\/wp-content\/uploads\/2020\/01\/horoskop.jpg\" alt=\"\" class=\"wp-image-15659\"\/><\/figure>\n<\/div>\n\n\n<ul class=\"wp-block-list\">\n<li>Widder, Fische, Skorpion<\/li>\n<\/ul>","protected":false},"excerpt":{"rendered":"<p>Zgodovina Zdravilno * Metafizi\u010dne lastnosti \u010cakra ** Navedene zdravilne in metafizi\u010dne lastnosti kamnov so zbrane iz ve\u010d razli\u010dnih virov. Informacije so na voljo le kot storitev in ne za zdravljenje bolezni. Moirai.si ne jam\u010di popolne veljavnosti navedenega. Zna\u010dilnosti minerala Kemijska sestava SiO2 Barva zelena, jabol\u010dno zelena, zeleno-modra, rjava z rde\u010dimi pikami Trdota (Mohs) 6.5-7 Gostota [&hellip;]<\/p>\n","protected":false},"author":1,"featured_media":0,"parent":0,"menu_order":0,"comment_status":"closed","ping_status":"closed","template":"template-products-page.php","meta":{"footnotes":""},"class_list":["post-9334","page","type-page","status-publish","hentry"],"_links":{"self":[{"href":"https:\/\/moirai.si\/de\/wp-json\/wp\/v2\/pages\/9334","targetHints":{"allow":["GET"]}}],"collection":[{"href":"https:\/\/moirai.si\/de\/wp-json\/wp\/v2\/pages"}],"about":[{"href":"https:\/\/moirai.si\/de\/wp-json\/wp\/v2\/types\/page"}],"author":[{"embeddable":true,"href":"https:\/\/moirai.si\/de\/wp-json\/wp\/v2\/users\/1"}],"replies":[{"embeddable":true,"href":"https:\/\/moirai.si\/de\/wp-json\/wp\/v2\/comments?post=9334"}],"version-history":[{"count":15,"href":"https:\/\/moirai.si\/de\/wp-json\/wp\/v2\/pages\/9334\/revisions"}],"predecessor-version":[{"id":27180,"href":"https:\/\/moirai.si\/de\/wp-json\/wp\/v2\/pages\/9334\/revisions\/27180"}],"wp:attachment":[{"href":"https:\/\/moirai.si\/de\/wp-json\/wp\/v2\/media?parent=9334"}],"curies":[{"name":"wp","href":"https:\/\/api.w.org\/{rel}","templated":true}]}}