{"id":9340,"date":"2017-12-27T08:31:26","date_gmt":"2017-12-27T08:31:26","guid":{"rendered":"https:\/\/moirai.si\/?page_id=9340"},"modified":"2026-01-02T13:54:45","modified_gmt":"2026-01-02T13:54:45","slug":"bergkristall","status":"publish","type":"page","link":"https:\/\/moirai.si\/de\/kamena-strela\/","title":{"rendered":"Bergkristall"},"content":{"rendered":"<div class=\"wp-block-button aligncenter\"><a class=\"wp-block-button__link has-text-color has-background wp-element-button\" href=\"https:\/\/moirai.si\/de\/produktkategorie-2\/kauf-nach-steinen\/bergkristall\/\" style=\"color:#2d2c2c;background-color:#ddc942\" target=\"_blank\" rel=\"noreferrer noopener\">Shop Bergkristall<\/a><\/div>\n\n\n\n<h3 class=\"wp-block-heading\"><span style=\"color: #800080;\"><strong>Geschichte<\/strong><\/span><\/h3>\n\n\n<div class=\"wp-block-image is-resized\">\n<figure class=\"alignright size-thumbnail\"><img decoding=\"async\" src=\"https:\/\/moirai.si\/wp-content\/uploads\/2020\/01\/kamena-500x500.jpg\" alt=\"\" class=\"wp-image-15719\" style=\"width:125px\"\/><\/figure>\n<\/div>\n\n\n<ul class=\"wp-block-list\">\n<li>Bergkristall ist eine Art farbloser makrokristalliner Quarz. Quarz ist eines der wichtigsten Minerale der Erde und eine der beliebtesten Steingruppen in der Welt der Farbsteine.<\/li>\n\n\n\n<li><span style=\"color: #800080;\">Synonyme, alte Namen, Handelsnamen:<\/span> Bergkristall, Klarer Quarz, Kristallquarz...<\/li>\n\n\n\n<li>Herkimer Quarz ist ein doppelt kristallisierter Quarz von au\u00dfergew\u00f6hnlicher Reinheit. Er wird wegen seines hohen Glanzes und seiner Brillanz auch Herkimer-Diamant genannt. Herkimer ist nach Herkimer County (USA) benannt, wo ein solches Exemplar erstmals im Mohawk River Valley gefunden wurde. Auch in Pakistan gibt es ein neues Vorkommen.<\/li>\n<\/ul>\n\n\n\n<h3 class=\"wp-block-heading\"><span style=\"color: #800080;\"><strong>Medizinische * Metaphysische Eigenschaften<\/strong><\/span><\/h3>\n\n\n\n<ul class=\"wp-block-list\">\n<li>Arterie, Darm, Spiritualit\u00e4t, Energie, Kopfschmerzen, Immunsystem, Leber, Konzentration, Blut, Kreuz, Blutkreislauf, Blutdruck, Niere, Leuk\u00e4mie, Bandscheibe, Gehirn, Negativit\u00e4t, Gliedma\u00dfen, Organe, Blutgef\u00e4\u00dfe, Verdauung, Fettstoffwechsel, Wunden, Strahlung, Ged\u00e4chtnis, Herz, Magen, Nervensystem...<\/li>\n\n\n\n<li>Der Herkimer-Quarz ist ein kraftvoller Verst\u00e4rker spiritueller Energie und ein \u00e4u\u00dferst heilender Kristall, der f\u00fcr Meditation und Visualisierung verwendet wird. Er vereint die Kraft des Blitzsteins und des Diamanten. Er gilt als der m\u00e4chtigste aller Quarzkristalle. Er hat die F\u00e4higkeit, spirituelle Energie zu empfangen und gleichzeitig seine eigene Energie zu \u00fcbertragen. Nur diese st\u00e4rkt und lenkt er. Er heilt und gleicht alle Chakren aus. Sie hilft uns, klare Entscheidungen zu treffen und die Vergangenheit zu akzeptieren. Sie wird auch verwendet, um Emotionen zu kl\u00e4ren, einen reibungslosen Fluss des Gef\u00fchlslebens zu f\u00f6rdern und die L\u00f6sung von emotionalen Blockaden zu erleichtern, die durch Traumata in diesem und fr\u00fcheren Leben verursacht wurden. Das Vorhandensein von dunklen Kohlenwasserstoffen im Kristall tr\u00e4gt zur Kraft dieses Steins bei, den Tr\u00e4ger zu sch\u00fctzen und die Umgebung von allen negativen Emotionen zu reinigen, indem negative Energien in positivere Frequenzen umgewandelt werden.<\/li>\n<\/ul>\n\n\n\n<div class=\"wp-block-button aligncenter\"><a class=\"wp-block-button__link has-text-color has-background wp-element-button\" href=\"https:\/\/moirai.si\/de\/produktkategorie-2\/kauf-nach-steinen\/bergkristall\/\" style=\"color:#2d2c2c;background-color:#ddc942\" target=\"_blank\" rel=\"noreferrer noopener\">Shop Bergkristall<\/a><\/div>\n\n\n<div class=\"wp-block-image is-resized\">\n<figure class=\"alignleft\"><a href=\"https:\/\/moirai.si\/de\/kakra\/\"><img loading=\"lazy\" decoding=\"async\" width=\"500\" height=\"500\" src=\"https:\/\/moirai.si\/wp-content\/uploads\/2019\/09\/\u010dakra.jpg\" alt=\"\" class=\"wp-image-14534\" style=\"width:125px\" srcset=\"https:\/\/moirai.si\/wp-content\/uploads\/2019\/09\/\u010dakra.jpg 500w, https:\/\/moirai.si\/wp-content\/uploads\/2019\/09\/\u010dakra-100x100.jpg 100w\" sizes=\"auto, (max-width: 500px) 100vw, 500px\" \/><\/a><\/figure>\n<\/div>\n\n\n<p><a href=\"https:\/\/moirai.si\/de\/kakra\/\">Chakra<\/a><\/p>\n\n\n\n<p class=\"has-small-font-size\">** Die heilenden und metaphysischen Eigenschaften der aufgelisteten Steine wurden aus verschiedenen Quellen zusammengetragen. Die Informationen werden nur als Service und nicht f\u00fcr die Behandlung von Krankheiten zur Verf\u00fcgung gestellt. Moirai.si \u00fcbernimmt keine Garantie f\u00fcr die volle G\u00fcltigkeit der bereitgestellten Informationen.<\/p>\n\n\n\n<h3 class=\"wp-block-heading\"><span style=\"color: #800080;\"><strong>Merkmale des Minerals<\/strong><\/span><\/h3>\n\n\n\n<figure class=\"wp-block-table\"><table><tbody><tr><td>Chemische Zusammensetzung<\/td><td>SiO<sub>2<\/sub><\/td><\/tr><tr><td>Farbe<\/td><td>farblos, verschiedene Farben von transparent bis schwarz<\/td><\/tr><tr><td>H\u00e4rte (Mohs)<\/td><td>7<\/td><\/tr><tr><td>Dichte<\/td><td>2.59-2.63<\/td><\/tr><tr><td>Brechungsindex<\/td><td>1.543-1.554<\/td><\/tr><tr><td>System Kristall<\/td><td>Trigonal<\/td><\/tr><\/tbody><\/table><\/figure>\n\n\n\n<h3 class=\"wp-block-heading\"><span style=\"color: #800080;\"><strong>Herkunft und Quellen des Minerals<\/strong><\/span><\/h3>\n\n\n<div class=\"wp-block-image is-resized\">\n<figure class=\"alignleft size-large\"><img loading=\"lazy\" decoding=\"async\" width=\"189\" height=\"104\" src=\"https:\/\/moirai.si\/wp-content\/uploads\/2020\/01\/svet.jpg\" alt=\"\" class=\"wp-image-15658\" style=\"width:125px\"\/><\/figure>\n<\/div>\n\n\n<ul class=\"wp-block-list\">\n<li>Russland, Brasilien, USA, Namibia, Madagaskar, Alpen...<\/li>\n<\/ul>\n\n\n\n<h3 class=\"wp-block-heading\"><span style=\"color: #800080;\"><strong>Pflege<\/strong><\/span><\/h3>\n\n\n\n<ul class=\"wp-block-list\">\n<li>Lightning kann sehr empfindlich auf starken Druck, hohe Temperaturen und scharfe Haushaltschemikalien und Reinigungsmittel reagieren. Vermeiden Sie es, Lightning mit Bleichmitteln oder Schwefels\u00e4ure in Ber\u00fchrung zu bringen. Reinigen Sie den Lightning-Stein mit warmer Seifenlauge. Wischen Sie den Stein mit einem weichen Tuch ab und stellen Sie sicher, dass er gut abgesp\u00fclt wird, um alle Seifenreste zu entfernen. Bewahren Sie den Steinschmuck und die Steine selbst am besten in einer mit Stoff ausgekleideten Schachtel oder in einem Tuch eingewickelt getrennt von den anderen Steinen auf, um Selbstbesch\u00e4digungen und m\u00f6gliche Kratzer zu vermeiden.<\/li>\n\n\n\n<li>Es ist ratsam, Schmuck nicht bei gr\u00f6\u00dferen k\u00f6rperlichen Aktivit\u00e4ten wie Bewegung oder Sport zu tragen. Vermeiden Sie es, Parf\u00fcm und Haarspray direkt auf Ihren Schmuck und Ihre Steine zu spr\u00fchen.<\/li>\n<\/ul>\n\n\n\n<div class=\"wp-block-button aligncenter\"><a class=\"wp-block-button__link has-text-color has-background wp-element-button\" href=\"https:\/\/moirai.si\/de\/produktkategorie-2\/kauf-nach-steinen\/bergkristall\/\" style=\"color:#2d2c2c;background-color:#ddc942\" target=\"_blank\" rel=\"noreferrer noopener\">Shop Bergkristall<\/a><\/div>\n\n\n\n<p class=\"has-text-align-center\">F\u00fcr <strong><span style=\"color: #800080;\">10<\/span>%<\/strong> Verwenden Sie den Code, um beim Online-Kauf einen Rabatt zu erhalten: <span style=\"color: #800080;\"><strong>moirai26 <\/strong><\/span>(koda je veljavna do 31.12.2026)!<\/p>\n\n\n\n<h3 class=\"wp-block-heading\"><span style=\"color: #800080;\"><strong>Horoskop<\/strong><\/span><\/h3>\n\n\n<div class=\"wp-block-image\">\n<figure class=\"alignleft size-large\"><img loading=\"lazy\" decoding=\"async\" width=\"116\" height=\"111\" src=\"https:\/\/moirai.si\/wp-content\/uploads\/2020\/01\/horoskop.jpg\" alt=\"\" class=\"wp-image-15659\"\/><\/figure>\n<\/div>\n\n\n<ul class=\"wp-block-list\">\n<li>Alle Zeichen<\/li>\n<\/ul>","protected":false},"excerpt":{"rendered":"<p>Zgodovina Zdravilno * Metafizi\u010dne lastnosti \u010cakra ** Navedene zdravilne in metafizi\u010dne lastnosti kamnov so zbrane iz ve\u010d razli\u010dnih virov. Informacije so na voljo le kot storitev in ne za zdravljenje bolezni. Moirai.si ne jam\u010di popolne veljavnosti navedenega. Zna\u010dilnosti minerala Kemijska sestava SiO2 Barva brezbarven, razli\u010dne barve od prosojne do \u010drne Trdota (Mohs) 7 Gostota 2.59-2.63 [&hellip;]<\/p>\n","protected":false},"author":1,"featured_media":0,"parent":0,"menu_order":0,"comment_status":"closed","ping_status":"closed","template":"template-products-page.php","meta":{"footnotes":""},"class_list":["post-9340","page","type-page","status-publish","hentry"],"_links":{"self":[{"href":"https:\/\/moirai.si\/de\/wp-json\/wp\/v2\/pages\/9340","targetHints":{"allow":["GET"]}}],"collection":[{"href":"https:\/\/moirai.si\/de\/wp-json\/wp\/v2\/pages"}],"about":[{"href":"https:\/\/moirai.si\/de\/wp-json\/wp\/v2\/types\/page"}],"author":[{"embeddable":true,"href":"https:\/\/moirai.si\/de\/wp-json\/wp\/v2\/users\/1"}],"replies":[{"embeddable":true,"href":"https:\/\/moirai.si\/de\/wp-json\/wp\/v2\/comments?post=9340"}],"version-history":[{"count":13,"href":"https:\/\/moirai.si\/de\/wp-json\/wp\/v2\/pages\/9340\/revisions"}],"predecessor-version":[{"id":27200,"href":"https:\/\/moirai.si\/de\/wp-json\/wp\/v2\/pages\/9340\/revisions\/27200"}],"wp:attachment":[{"href":"https:\/\/moirai.si\/de\/wp-json\/wp\/v2\/media?parent=9340"}],"curies":[{"name":"wp","href":"https:\/\/api.w.org\/{rel}","templated":true}]}}