{"id":9346,"date":"2017-12-27T08:32:21","date_gmt":"2017-12-27T08:32:21","guid":{"rendered":"https:\/\/moirai.si\/?page_id=9346"},"modified":"2026-01-02T14:26:09","modified_gmt":"2026-01-02T14:26:09","slug":"der-landstreicher","status":"publish","type":"page","link":"https:\/\/moirai.si\/de\/rozevec\/","title":{"rendered":"Rosenquarz"},"content":{"rendered":"<div class=\"wp-block-button aligncenter\"><a class=\"wp-block-button__link has-text-color has-background wp-element-button\" href=\"https:\/\/moirai.si\/de\/produktkategorie-2\/kauf-nach-steinen\/der-landstreicher\/\" style=\"color:#2d2c2c;background-color:#ddc942\" target=\"_blank\" rel=\"noreferrer noopener\">Shop Rosenquarz<\/a><\/div>\n\n\n\n<h3 class=\"wp-block-heading\"><span style=\"color: #800080;\"><strong>Geschichte<\/strong><\/span><\/h3>\n\n\n<div class=\"wp-block-image is-resized\">\n<figure class=\"alignright size-thumbnail\"><img loading=\"lazy\" decoding=\"async\" width=\"500\" height=\"500\" src=\"https:\/\/moirai.si\/wp-content\/uploads\/2020\/02\/ro\u017eevec-500x500.jpg\" alt=\"\" class=\"wp-image-15784\" style=\"width:125px\" srcset=\"\" sizes=\"auto, (max-width: 500px) 100vw, 500px\" data-srcset=\"\" \/><\/figure>\n<\/div>\n\n\n<ul class=\"wp-block-list\">\n<li>Die R\u00f6mer verwendeten das Mutterkorn als Liebesgabe. Er ist auch als \"B\u00f6hmischer Rubin\", \"Hyaliner Quarz\", \"Rosenquarz\" oder \"Liebesstein\" bekannt. Er ist eine Variante des kristallinen Quarzes, der h\u00e4ufig in Brasilien und Madagaskar gefunden wird. Er besteht aus Siliciumdioxid und ist eine der h\u00e4ufigsten Quarzsorten. Seine Farbe kann von hell- bis dunkelrosa reichen. Dunklere Schattierungen von Rosenquarz erzielen auf dem Markt einen h\u00f6heren Preis als heller, blasser Rosenquarz. Er ist in gr\u00f6\u00dferen Formationen zu finden.<\/li>\n\n\n\n<li><span style=\"color: #800080;\">Synonyme, alte Namen, Handelsnamen:<\/span> Rosa Quarz...<\/li>\n<\/ul>\n\n\n\n<h3 class=\"wp-block-heading\"><span style=\"color: #800080;\"><strong>Medizinische * Metaphysische Eigenschaften<\/strong><\/span><\/h3>\n\n\n\n<ul class=\"wp-block-list\">\n<li>Hagebutte: Narben, Empathie, Harmonie, Wut, Haut, Leuk\u00e4mie, Liebe, Eifersucht, Meditation, Blase, Frieden, Spannung, Beziehungen, Vergebung, Verbrennungen, Fruchtbarkeit, Freundschaft, Herz, Stress, Groll, Vertrauen, Gef\u00e4\u00dfsystem...<\/li>\n\n\n\n<li>Girasol Rosewood: Spiritualit\u00e4t, Liebe, Vertrauen, Herz, Lunge, Emotionen, Trauma, Kommunikation, Kreativit\u00e4t, Sexualorgane, chronische M\u00fcdigkeit, Immunsystem...<\/li>\n\n\n\n<li>Der Rosenquarz ist ein Kristall, der f\u00fcr seine heilenden Eigenschaften der Selbstliebe und Selbstf\u00fcrsorge bekannt ist.  Er soll besonders hilfreich bei der Behandlung von Brustkrebs sein. <\/li>\n<\/ul>\n\n\n\n<div class=\"wp-block-button aligncenter\"><a class=\"wp-block-button__link has-text-color has-background wp-element-button\" href=\"https:\/\/moirai.si\/de\/produktkategorie-2\/kauf-nach-steinen\/der-landstreicher\/\" style=\"color:#2d2c2c;background-color:#ddc942\" target=\"_blank\" rel=\"noreferrer noopener\">Shop Rosenquarz<\/a><\/div>\n\n\n<div class=\"wp-block-image is-resized\">\n<figure class=\"alignleft\"><a href=\"https:\/\/moirai.si\/de\/kakra\/\"><img loading=\"lazy\" decoding=\"async\" width=\"500\" height=\"500\" src=\"https:\/\/moirai.si\/wp-content\/uploads\/2019\/09\/\u010dakra.jpg\" alt=\"\" class=\"wp-image-14534\" style=\"width:125px\" srcset=\"https:\/\/moirai.si\/wp-content\/uploads\/2019\/09\/\u010dakra.jpg 500w, https:\/\/moirai.si\/wp-content\/uploads\/2019\/09\/\u010dakra-100x100.jpg 100w\" sizes=\"auto, (max-width: 500px) 100vw, 500px\" \/><\/a><\/figure>\n<\/div>\n\n\n<p><a href=\"https:\/\/moirai.si\/de\/kakra\/\">Chakra<\/a><\/p>\n\n\n\n<p class=\"has-small-font-size\">** Die heilenden und metaphysischen Eigenschaften der aufgelisteten Steine wurden aus verschiedenen Quellen zusammengetragen. Die Informationen werden nur als Service und nicht f\u00fcr die Behandlung von Krankheiten zur Verf\u00fcgung gestellt. Moirai.si \u00fcbernimmt keine Garantie f\u00fcr die volle G\u00fcltigkeit der bereitgestellten Informationen.<\/p>\n\n\n\n<h3 class=\"wp-block-heading\"><span style=\"color: #800080;\"><strong>Merkmale des Minerals<\/strong><\/span><\/h3>\n\n\n\n<figure class=\"wp-block-table\"><table><tbody><tr><td>Chemische Zusammensetzung<\/td><td>SiO<sub>2<\/sub><\/td><\/tr><tr><td>Farbe<\/td><td>rosa<\/td><\/tr><tr><td>H\u00e4rte (Mohs)<\/td><td>7<\/td><\/tr><tr><td>Dichte<\/td><td>2.60-2.70<\/td><\/tr><tr><td>Brechungsindex<\/td><td>1.544-1.553<\/td><\/tr><tr><td>System Kristall<\/td><td>Trigonal<\/td><\/tr><\/tbody><\/table><\/figure>\n\n\n\n<h3 class=\"wp-block-heading\"><span style=\"color: #800080;\"><strong>Herkunft und Quellen des Minerals<\/strong><\/span><\/h3>\n\n\n<div class=\"wp-block-image is-resized\">\n<figure class=\"alignleft size-large\"><img loading=\"lazy\" decoding=\"async\" width=\"189\" height=\"104\" src=\"https:\/\/moirai.si\/wp-content\/uploads\/2020\/01\/svet.jpg\" alt=\"\" class=\"wp-image-15658\" style=\"width:125px\"\/><\/figure>\n<\/div>\n\n\n<ul class=\"wp-block-list\">\n<li>Brasilien, Indien, Madagaskar, Mosambik, Namibia, Sri Lanka<strong>, <\/strong>USA...<\/li>\n<\/ul>\n\n\n\n<h3 class=\"wp-block-heading\"><span style=\"color: #800080;\"><strong>Pflege<\/strong><\/span><\/h3>\n\n\n\n<ul class=\"wp-block-list\">\n<li>Rosenquartz kann sehr empfindlich auf starken Druck, hohe Temperaturen und scharfe Haushaltschemikalien und Reinigungsmittel reagieren. Vermeiden Sie es, es mit Bleichmitteln oder Schwefels\u00e4ure in Ber\u00fchrung zu bringen. Reinigen Sie das Mutterkorn mit warmer Seifenlauge. Wischen Sie den Stein mit einem weichen Tuch ab und stellen Sie sicher, dass er gut abgesp\u00fclt ist, um Seifenreste zu entfernen. Bewahren Sie Steinschmuck und die Steine selbst am besten in einer mit Stoff gef\u00fctterten Schachtel oder in einem Tuch eingewickelt getrennt von den anderen auf, um Selbstbesch\u00e4digungen und m\u00f6gliche Kratzer zu vermeiden.<\/li>\n\n\n\n<li>Es ist ratsam, den Schmuck bei gr\u00f6\u00dferen k\u00f6rperlichen Aktivit\u00e4ten wie Bewegung oder Sport abzulegen. Vermeiden Sie es, Parf\u00fcm und Haarspray direkt auf Ihren Schmuck und Ihre Steine zu spr\u00fchen.<\/li>\n<\/ul>\n\n\n\n<div class=\"wp-block-button aligncenter\"><a class=\"wp-block-button__link has-text-color has-background wp-element-button\" href=\"https:\/\/moirai.si\/de\/produktkategorie-2\/kauf-nach-steinen\/der-landstreicher\/\" style=\"color:#2d2c2c;background-color:#ddc942\" target=\"_blank\" rel=\"noreferrer noopener\">Shop Rosenquarz<\/a><\/div>\n\n\n\n<p class=\"has-text-align-center\">F\u00fcr <strong><span style=\"color: #800080;\">10<\/span>%<\/strong> Verwenden Sie den Code, um beim Online-Kauf einen Rabatt zu erhalten: <span style=\"color: #800080;\"><strong>moirai26 <\/strong><\/span>(koda je veljavna do 31.12.2026)!<\/p>\n\n\n\n<h3 class=\"wp-block-heading\"><span style=\"color: #800080;\"><strong>Horoskop<\/strong><\/span><\/h3>\n\n\n<div class=\"wp-block-image\">\n<figure class=\"alignleft size-large\"><img loading=\"lazy\" decoding=\"async\" width=\"116\" height=\"111\" src=\"https:\/\/moirai.si\/wp-content\/uploads\/2020\/01\/horoskop.jpg\" alt=\"\" class=\"wp-image-15659\"\/><\/figure>\n<\/div>\n\n\n<ul class=\"wp-block-list\">\n<li>Stier, Waage, L\u00f6we, Sch\u00fctze<\/li>\n<\/ul>","protected":false},"excerpt":{"rendered":"<p>Zgodovina Zdravilno * Metafizi\u010dne lastnosti \u010cakra ** Navedene zdravilne in metafizi\u010dne lastnosti kamnov so zbrane iz ve\u010d razli\u010dnih virov. Informacije so na voljo le kot storitev in ne za zdravljenje bolezni. Moirai.si ne jam\u010di popolne veljavnosti navedenega. Zna\u010dilnosti minerala Kemijska sestava SiO2 Barva roza Trdota (Mohs) 7 Gostota 2.60-2.70 Lomni koli\u010dnik 1.544-1.553 Kristalni sistem Trigonalni [&hellip;]<\/p>\n","protected":false},"author":1,"featured_media":0,"parent":0,"menu_order":0,"comment_status":"closed","ping_status":"closed","template":"template-products-page.php","meta":{"footnotes":""},"class_list":["post-9346","page","type-page","status-publish","hentry"],"_links":{"self":[{"href":"https:\/\/moirai.si\/de\/wp-json\/wp\/v2\/pages\/9346","targetHints":{"allow":["GET"]}}],"collection":[{"href":"https:\/\/moirai.si\/de\/wp-json\/wp\/v2\/pages"}],"about":[{"href":"https:\/\/moirai.si\/de\/wp-json\/wp\/v2\/types\/page"}],"author":[{"embeddable":true,"href":"https:\/\/moirai.si\/de\/wp-json\/wp\/v2\/users\/1"}],"replies":[{"embeddable":true,"href":"https:\/\/moirai.si\/de\/wp-json\/wp\/v2\/comments?post=9346"}],"version-history":[{"count":13,"href":"https:\/\/moirai.si\/de\/wp-json\/wp\/v2\/pages\/9346\/revisions"}],"predecessor-version":[{"id":27234,"href":"https:\/\/moirai.si\/de\/wp-json\/wp\/v2\/pages\/9346\/revisions\/27234"}],"wp:attachment":[{"href":"https:\/\/moirai.si\/de\/wp-json\/wp\/v2\/media?parent=9346"}],"curies":[{"name":"wp","href":"https:\/\/api.w.org\/{rel}","templated":true}]}}