{"id":9350,"date":"2017-12-27T08:32:52","date_gmt":"2017-12-27T08:32:52","guid":{"rendered":"https:\/\/moirai.si\/?page_id=9350"},"modified":"2026-01-02T14:44:02","modified_gmt":"2026-01-02T14:44:02","slug":"hawkeye","status":"publish","type":"page","link":"https:\/\/moirai.si\/de\/sokolje-oko\/","title":{"rendered":"Falkenauge"},"content":{"rendered":"<div class=\"wp-block-button aligncenter\"><a class=\"wp-block-button__link has-text-color has-background wp-element-button\" href=\"https:\/\/moirai.si\/de\/produktkategorie-2\/kauf-nach-steinen\/hawkeye\/\" style=\"color:#2d2c2c;background-color:#ddc942\" target=\"_blank\" rel=\"noreferrer noopener\">Shop Falkenauge<\/a><\/div>\n\n\n\n<h3 class=\"wp-block-heading\"><strong><span style=\"color: #800080;\">Geschichte<\/span>&nbsp;&nbsp;&nbsp;&nbsp;&nbsp;&nbsp;<\/strong><strong>&nbsp;&nbsp;&nbsp;&nbsp;&nbsp;&nbsp;&nbsp;&nbsp;&nbsp;&nbsp;&nbsp;&nbsp;&nbsp;&nbsp;&nbsp;&nbsp;&nbsp;&nbsp;&nbsp;&nbsp;&nbsp;&nbsp;&nbsp;&nbsp;&nbsp;&nbsp;&nbsp;&nbsp;&nbsp;&nbsp;&nbsp;&nbsp;&nbsp;&nbsp;&nbsp;&nbsp;&nbsp;&nbsp;&nbsp;&nbsp;&nbsp;&nbsp;&nbsp;&nbsp;&nbsp;&nbsp;&nbsp;&nbsp;&nbsp;&nbsp;&nbsp;&nbsp;&nbsp;&nbsp;&nbsp;&nbsp;&nbsp;&nbsp;&nbsp;&nbsp; <\/strong><\/h3>\n\n\n<div class=\"wp-block-image is-resized\">\n<figure class=\"alignright size-thumbnail\"><img loading=\"lazy\" decoding=\"async\" width=\"500\" height=\"500\" src=\"https:\/\/moirai.si\/wp-content\/uploads\/2020\/02\/sokolje-500x500.jpg\" alt=\"\" class=\"wp-image-15805\" style=\"width:125px\" srcset=\"https:\/\/moirai.si\/wp-content\/uploads\/2020\/02\/sokolje-500x500.jpg 500w, https:\/\/moirai.si\/wp-content\/uploads\/2020\/02\/sokolje-100x100.jpg 100w, https:\/\/moirai.si\/wp-content\/uploads\/2020\/02\/sokolje-501x501.jpg 501w, https:\/\/moirai.si\/wp-content\/uploads\/2020\/02\/sokolje.jpg 566w\" sizes=\"auto, (max-width: 500px) 100vw, 500px\" \/><\/figure>\n<\/div>\n\n\n<ul class=\"wp-block-list\">\n<li>Falkenauge ist die blau-graue bis blau-gr\u00fcne Version des Quarzes. Er geh\u00f6rt zur Familie der Quarzkristalle. Er ist eine Art von makrokristallinem Quarz. Falkenauge ist zun\u00e4chst ein Krokydolith und verwandelt sich sp\u00e4ter in Quarz. Krokydolith ist ein faseriges blaues Mineral, das zur Familie der Ribekite (Amphibolsilikate) geh\u00f6rt. Die Umwandlung von Falkenauge beginnt, wenn sich Quarz langsam zwischen die Fasern des Krokydoliths mischt und ihn schlie\u00dflich vollst\u00e4ndig ersetzt und seine urspr\u00fcngliche Form beibeh\u00e4lt. Falkenauge ist bekannt f\u00fcr seinen katzenartigen optischen Effekt, der an das Auge eines Falken erinnert. Er ist eng mit dem Tigerauge und dem Pietarsit verwandt, die eine \u00e4hnliche Wirkung haben. Das Auge des Tigers entsteht eigentlich aus dem Auge des Falken. Wenn sich der blaue Krokydolith mit Quarz aufl\u00f6st, bleiben Spuren von Eisenoxid zur\u00fcck. Weniger Eisen ergibt die blaue Farbe des Krokidoliths. Mehr Eisen ergibt die braune Farbe des Tigerauges. Pietarsit ist ein Aggregat, das haupts\u00e4chlich aus Falkenauge und Tigerauge besteht. Es weist ein ziemlich chaotisches Wirbelmuster auf, das bei der Zersetzung entsteht und sich sp\u00e4ter mit dem Quarz verfestigt.<\/li>\n\n\n\n<li><a href=\"https:\/\/moirai.si\/de\/das-auge-des-tigers\/\" target=\"_blank\" rel=\"noreferrer noopener\">Tigerauge<\/a> tats\u00e4chlich aus dem Falkenauge hervorgeht. W\u00e4hrend des pseudomorphen Umwandlungsprozesses zeigen sich Materialien, die mehr Eisenoxid enthalten, im braunen Tigerauge. Wenn die Oxidation und der Eisengehalt geringer sind, tendiert die Farbe zu der urspr\u00fcnglichen blauen Farbe des Krokidoliths.<\/li>\n\n\n\n<li><a href=\"https:\/\/moirai.si\/de\/augenverletzungen\/\" target=\"_blank\" rel=\"noreferrer noopener\">Katzenauge<\/a> wird auch das Rote Auge des Tigers oder das Auge des Drachen genannt. Seine Farbe ist br\u00e4unlich-rot. Er hat ein trigonales Kristallsystem. Das Leuchten, das man auf dem Katzenauge sehen kann, entsteht w\u00e4hrend seiner Entstehung. Die rote Farbe ist auf den Grad der Oxidation zur\u00fcckzuf\u00fchren.<\/li>\n\n\n\n<li><span style=\"color: #800080;\">Synonyme, alte Namen, Handelsnamen:<\/span> Blaues Auge des Tigers...<\/li>\n<\/ul>\n\n\n\n<h3 class=\"wp-block-heading\"><span style=\"color: #800080;\"><strong>Medizinische * Metaphysische Eigenschaften<\/strong><\/span><\/h3>\n\n\n\n<ul class=\"wp-block-list\">\n<li>Asthma, Astralreisen, Spiritualit\u00e4t, Seele, Phobien, Kopfschmerzen, Hyperaktivit\u00e4t, Hormone, Wirbels\u00e4ule, geistige F\u00e4higkeiten, Migr\u00e4ne, Gelassenheit, Denken, negative Energie, Negativit\u00e4t, Augen, Fokus, Hindernisse, Nebenh\u00f6hlen, Gl\u00fcck, Angst, Stress, Toleranz, Angst, drittes Auge, geistige F\u00e4higkeiten, Nacken, Schutz...<\/li>\n<\/ul>\n\n\n\n<div class=\"wp-block-button aligncenter\"><a class=\"wp-block-button__link has-text-color has-background wp-element-button\" href=\"https:\/\/moirai.si\/de\/produktkategorie-2\/kauf-nach-steinen\/hawkeye\/\" style=\"color:#2d2c2c;background-color:#ddc942\" target=\"_blank\" rel=\"noreferrer noopener\">Shop Falkenauge<\/a><\/div>\n\n\n<div class=\"wp-block-image is-resized\">\n<figure class=\"alignleft\"><a href=\"https:\/\/moirai.si\/de\/kakra\/\"><img loading=\"lazy\" decoding=\"async\" width=\"500\" height=\"500\" src=\"https:\/\/moirai.si\/wp-content\/uploads\/2019\/09\/\u010dakra.jpg\" alt=\"\" class=\"wp-image-14534\" style=\"width:125px\" srcset=\"https:\/\/moirai.si\/wp-content\/uploads\/2019\/09\/\u010dakra.jpg 500w, https:\/\/moirai.si\/wp-content\/uploads\/2019\/09\/\u010dakra-100x100.jpg 100w\" sizes=\"auto, (max-width: 500px) 100vw, 500px\" \/><\/a><\/figure>\n<\/div>\n\n\n<p><a href=\"https:\/\/moirai.si\/de\/kakra\/\">Chakra<\/a><\/p>\n\n\n\n<p class=\"has-small-font-size\">** Die heilenden und metaphysischen Eigenschaften der aufgelisteten Steine wurden aus verschiedenen Quellen zusammengetragen. Die Informationen werden nur als Serviceleistung und nicht zur Behandlung von Krankheiten bereitgestellt. Moirai \u00fcbernimmt keine Garantie f\u00fcr die volle G\u00fcltigkeit der bereitgestellten Informationen.<\/p>\n\n\n\n<h3 class=\"wp-block-heading\"><span style=\"color: #800080;\"><strong>Merkmale des Minerals<\/strong><\/span><\/h3>\n\n\n\n<figure class=\"wp-block-table\"><table><tbody><tr><td>Chemische Zusammensetzung<\/td><td>SiO<sub>2<\/sub><\/td><\/tr><tr><td>Farbe<\/td><td>blau-grau, gr\u00fcn-blau, blau-braun<\/td><\/tr><tr><td>H\u00e4rte (Mohs)<\/td><td>7<\/td><\/tr><tr><td>Dichte<\/td><td>2.64-2.71<\/td><\/tr><tr><td>Brechungsindex<\/td><td>1.534-1.540<\/td><\/tr><tr><td>System Kristall<\/td><td>Trigonal<\/td><\/tr><\/tbody><\/table><\/figure>\n\n\n\n<h3 class=\"wp-block-heading\"><span style=\"color: #800080;\"><strong>Herkunft und Quellen des Minerals<\/strong><\/span><\/h3>\n\n\n<div class=\"wp-block-image is-resized\">\n<figure class=\"alignleft size-large\"><img loading=\"lazy\" decoding=\"async\" width=\"189\" height=\"104\" src=\"https:\/\/moirai.si\/wp-content\/uploads\/2020\/01\/svet.jpg\" alt=\"\" class=\"wp-image-15658\" style=\"width:125px\"\/><\/figure>\n<\/div>\n\n\n<ul class=\"wp-block-list\">\n<li>Australien, Brasilien, Kanada, China, Indien, Korea, Birma, Namibia, S\u00fcdafrika, Spanien, Thailand...<\/li>\n<\/ul>\n\n\n\n<h3 class=\"wp-block-heading\"><span style=\"color: #800080;\"><strong>Pflege<\/strong><\/span><\/h3>\n\n\n\n<ul class=\"wp-block-list\">\n<li>Falcon Eye kann sehr empfindlich auf hohen Druck, hohe Temperaturen und scharfe Haushaltschemikalien und Reinigungsmittel reagieren. Vermeiden Sie es, Falcon Eye mit Bleichmitteln oder Schwefels\u00e4ure in Kontakt zu bringen. Reinigen Sie den Hawkeye mit warmer Seifenlauge. Wischen Sie den Stein mit einem weichen Tuch ab und stellen Sie sicher, dass er gut abgesp\u00fclt wird, um alle Seifenreste zu entfernen. Bewahren Sie den Steinschmuck und die Steine selbst am besten in einer mit einem Tuch bedeckten Schachtel auf oder wickeln Sie sie getrennt von den anderen Steinen in ein Tuch ein, um Selbstbesch\u00e4digungen und m\u00f6gliche Kratzer zu vermeiden.<\/li>\n\n\n\n<li>Es ist ratsam, Schmuck nicht bei gr\u00f6\u00dferen k\u00f6rperlichen Aktivit\u00e4ten wie Bewegung oder Sport zu tragen. Vermeiden Sie es, Parf\u00fcm und Haarspray direkt auf Ihren Schmuck und Ihre Steine zu spr\u00fchen.<\/li>\n<\/ul>\n\n\n\n<div class=\"wp-block-button aligncenter\"><a class=\"wp-block-button__link has-text-color has-background wp-element-button\" href=\"https:\/\/moirai.si\/de\/produktkategorie-2\/kauf-nach-steinen\/hawkeye\/\" style=\"color:#2d2c2c;background-color:#ddc942\" target=\"_blank\" rel=\"noreferrer noopener\">Shop Falkenauge<\/a><\/div>\n\n\n\n<p class=\"has-text-align-center\">F\u00fcr <strong><span style=\"color: #800080;\">10<\/span>%<\/strong> Verwenden Sie den Code, um beim Online-Kauf einen Rabatt zu erhalten: <span style=\"color: #800080;\"><strong>moirai26 <\/strong><\/span>(koda je veljavna do 31.12.2026)!<\/p>\n\n\n\n<h3 class=\"wp-block-heading\"><span style=\"color: #800080;\"><strong>Horoskop<\/strong><\/span><\/h3>\n\n\n<div class=\"wp-block-image\">\n<figure class=\"alignleft size-large\"><img loading=\"lazy\" decoding=\"async\" width=\"116\" height=\"111\" src=\"https:\/\/moirai.si\/wp-content\/uploads\/2020\/01\/horoskop.jpg\" alt=\"\" class=\"wp-image-15659\"\/><\/figure>\n<\/div>\n\n\n<ul class=\"wp-block-list\">\n<li>Sch\u00fctze, Steinbock, Wassermann, Krebs<\/li>\n<\/ul>","protected":false},"excerpt":{"rendered":"<p>Zgodovina&nbsp;&nbsp;&nbsp;&nbsp;&nbsp;&nbsp;&nbsp;&nbsp;&nbsp;&nbsp;&nbsp;&nbsp;&nbsp;&nbsp;&nbsp;&nbsp;&nbsp;&nbsp;&nbsp;&nbsp;&nbsp;&nbsp;&nbsp;&nbsp;&nbsp;&nbsp;&nbsp;&nbsp;&nbsp;&nbsp;&nbsp;&nbsp;&nbsp;&nbsp;&nbsp;&nbsp;&nbsp;&nbsp;&nbsp;&nbsp;&nbsp;&nbsp;&nbsp;&nbsp;&nbsp;&nbsp;&nbsp;&nbsp;&nbsp;&nbsp;&nbsp;&nbsp;&nbsp;&nbsp;&nbsp;&nbsp;&nbsp;&nbsp;&nbsp;&nbsp;&nbsp;&nbsp;&nbsp;&nbsp;&nbsp;&nbsp; Zdravilno * Metafizi\u010dne lastnosti \u010cakra ** Navedene zdravilne in metafizi\u010dne lastnosti kamnov so zbrane iz ve\u010d razli\u010dnih virov. Informacije so na voljo le kot storitev in ne za zdravljenje bolezni. Moirai ne jam\u010di popolne veljavnosti navedenega. Zna\u010dilnosti minerala Kemijska sestava SiO2 Barva modro-siva, zeleno-modra, modro-rjava Trdota (Mohs) 7 Gostota 2.64-2.71 Lomni koli\u010dnik 1.534-1.540 Kristalni [&hellip;]<\/p>\n","protected":false},"author":1,"featured_media":0,"parent":0,"menu_order":0,"comment_status":"closed","ping_status":"closed","template":"template-products-page.php","meta":{"footnotes":""},"class_list":["post-9350","page","type-page","status-publish","hentry"],"_links":{"self":[{"href":"https:\/\/moirai.si\/de\/wp-json\/wp\/v2\/pages\/9350","targetHints":{"allow":["GET"]}}],"collection":[{"href":"https:\/\/moirai.si\/de\/wp-json\/wp\/v2\/pages"}],"about":[{"href":"https:\/\/moirai.si\/de\/wp-json\/wp\/v2\/types\/page"}],"author":[{"embeddable":true,"href":"https:\/\/moirai.si\/de\/wp-json\/wp\/v2\/users\/1"}],"replies":[{"embeddable":true,"href":"https:\/\/moirai.si\/de\/wp-json\/wp\/v2\/comments?post=9350"}],"version-history":[{"count":13,"href":"https:\/\/moirai.si\/de\/wp-json\/wp\/v2\/pages\/9350\/revisions"}],"predecessor-version":[{"id":27242,"href":"https:\/\/moirai.si\/de\/wp-json\/wp\/v2\/pages\/9350\/revisions\/27242"}],"wp:attachment":[{"href":"https:\/\/moirai.si\/de\/wp-json\/wp\/v2\/media?parent=9350"}],"curies":[{"name":"wp","href":"https:\/\/api.w.org\/{rel}","templated":true}]}}