{"id":9556,"date":"2018-01-13T14:17:36","date_gmt":"2018-01-13T14:17:36","guid":{"rendered":"https:\/\/moirai.si\/?page_id=9556"},"modified":"2026-01-02T14:50:48","modified_gmt":"2026-01-02T14:50:48","slug":"dorje-vajra","status":"publish","type":"page","link":"https:\/\/moirai.si\/de\/dorje-vajra\/","title":{"rendered":"Dorje Vajra"},"content":{"rendered":"<div class=\"wp-block-image is-resized\">\n<figure class=\"alignright size-thumbnail\"><img decoding=\"async\" src=\"https:\/\/moirai.si\/wp-content\/uploads\/2020\/01\/IMG_1973m-500x500.jpg\" alt=\"\" class=\"wp-image-15610\" style=\"object-fit:cover;width:125px;height:125px\"\/><\/figure>\n<\/div>\n\n\n<ul class=\"wp-block-list\">\n<li>Im Sanskrit wird Dorje \"Vajra\" genannt. Das Symbol des Vajra kam aus dem Hinduismus in den tibetischen Buddhismus. Vajra bedeutet \"Diamant\" und ist unzerst\u00f6rbar. Er ist wie ein Diamant, der nicht zerst\u00f6rt werden kann, aber alles um ihn herum zerst\u00f6ren kann. Vajra steht f\u00fcr spirituelle St\u00e4rke und geistige Festigkeit. Die Verwendung des Vajra als symbolisches und rituelles Werkzeug hat sich von Indien aus, zusammen mit der indischen Religion und Kultur, in andere Teile Asiens und der Welt verbreitet. Das Vajra-Symbol ist ein rituelles Objekt. Die Buddhisten in Tibet benutzen den Vajra, um die Glocke zu schlagen. Der tibetische Vajra steht f\u00fcr Festigkeit und St\u00e4rke des Geistes und ist als Zerst\u00f6rer des B\u00f6sen bekannt. In Nepal werden Vajras um das Haus herum aufgestellt, um Gl\u00fcck zu bringen und das B\u00f6se abzuwehren. Vajras aus Steinblitzen reinigen die Energie um sie herum. Sie k\u00f6nnen Menschen helfen, h\u00f6heres intuitives Denken zu erreichen und intuitive Informationen zu erhalten.<\/li>\n<\/ul>\n\n\n\n<div class=\"wp-block-button aligncenter\"><a class=\"wp-block-button__link has-text-color has-background wp-element-button\" href=\"https:\/\/moirai.si\/de\/produkt\/dorje-vajra\/\" style=\"color:#2d2c2c;background-color:#ddc942\" target=\"_blank\" rel=\"noreferrer noopener\">Dorje Vajra kaufen<\/a><\/div>\n\n\n\n<p class=\"has-text-align-center\">F\u00fcr <strong><span style=\"color: #800080;\">10<\/span>%<\/strong> Verwenden Sie den Code, um beim Online-Kauf einen Rabatt zu erhalten: <span style=\"color: #800080;\"><strong>moirai26<\/strong><\/span> (koda je veljavna do 31.12.2026)!<\/p>\n\n\n\n<h3 class=\"wp-block-heading\"><span style=\"color: #800080;\">Vajra setzt sich aus mehreren Teilen zusammen:<\/span><\/h3>\n\n\n\n<ul class=\"wp-block-list\">\n<li><strong><span style=\"color: #800080;\">Kugel (Kreis)<\/span> &#8211; <\/strong>repr\u00e4sentiert Sunyata (die urspr\u00fcngliche Natur des Universums), die die grundlegende Einheit aller Dinge ist<\/li>\n\n\n\n<li><strong><span style=\"color: #800080;\">zwei Lotosblumen -<\/span><\/strong> eine Blume steht f\u00fcr Samsara und die andere f\u00fcr Nirvana. Der Lotos steht f\u00fcr Erleuchtung.<\/li>\n\n\n\n<li><strong><span style=\"color: #800080;\">sechzehn Bl\u00e4tter<\/span><\/strong> - repr\u00e4sentiert die sechzehn Wege der Leerheit<\/li>\n\n\n\n<li><strong><span style=\"color: #800080;\">Drei Ringe<\/span><\/strong> - stehen f\u00fcr Leerheit und m\u00fcheloses Leben oder die drei Gl\u00fcckseligkeiten des Buddha. Die Ringe stehen f\u00fcr die sechs Vollkommenheiten: Geduld, Gro\u00dfz\u00fcgigkeit, Disziplin, Anstrengung, Meditation und Weisheit.<\/li>\n\n\n\n<li><strong><span style=\"color: #800080;\">f\u00fcnf Bl\u00e4tter - <\/span><\/strong>Vier davon sind zum zentralen Blatt hin gebogen und bilden einen geschlossenen K\u00e4fig oder eine Klaue. Diese Bl\u00e4tter stehen f\u00fcr die Form, die Empfindung, die Wahrnehmung und die Motivation, wobei das mittlere Blatt f\u00fcr das Bewusstsein steht. Diese f\u00fcnf Bl\u00e4tter stehen auch f\u00fcr die f\u00fcnf Gifte und Weisheiten: Lust, Zorn, Verblendung, Gier und Stolz.<\/li>\n<\/ul>\n\n\n\n<p class=\"has-small-font-size\">** Die heilenden und metaphysischen Eigenschaften der aufgelisteten Steine wurden aus verschiedenen Quellen zusammengetragen. Die Informationen werden nur als Service und nicht f\u00fcr die Behandlung von Krankheiten zur Verf\u00fcgung gestellt. Moirai.si \u00fcbernimmt keine Garantie f\u00fcr die volle G\u00fcltigkeit der bereitgestellten Informationen.<\/p>","protected":false},"excerpt":{"rendered":"<p>Za 10% popust pri spletnem nakupu uporabite kodo: moirai26 (koda je veljavna do 31.12.2026)! Vajra je sestavljena iz ve\u010d delov: ** Navedene zdravilne in metafizi\u010dne lastnosti kamnov so zbrane iz ve\u010d razli\u010dnih virov. Informacije so na voljo le kot storitev in ne za zdravljenje bolezni. Moirai.si ne jam\u010di popolne veljavnosti navedenega.<\/p>","protected":false},"author":1,"featured_media":0,"parent":0,"menu_order":0,"comment_status":"closed","ping_status":"closed","template":"template-products-page.php","meta":{"footnotes":""},"class_list":["post-9556","page","type-page","status-publish","hentry"],"_links":{"self":[{"href":"https:\/\/moirai.si\/de\/wp-json\/wp\/v2\/pages\/9556","targetHints":{"allow":["GET"]}}],"collection":[{"href":"https:\/\/moirai.si\/de\/wp-json\/wp\/v2\/pages"}],"about":[{"href":"https:\/\/moirai.si\/de\/wp-json\/wp\/v2\/types\/page"}],"author":[{"embeddable":true,"href":"https:\/\/moirai.si\/de\/wp-json\/wp\/v2\/users\/1"}],"replies":[{"embeddable":true,"href":"https:\/\/moirai.si\/de\/wp-json\/wp\/v2\/comments?post=9556"}],"version-history":[{"count":11,"href":"https:\/\/moirai.si\/de\/wp-json\/wp\/v2\/pages\/9556\/revisions"}],"predecessor-version":[{"id":27255,"href":"https:\/\/moirai.si\/de\/wp-json\/wp\/v2\/pages\/9556\/revisions\/27255"}],"wp:attachment":[{"href":"https:\/\/moirai.si\/de\/wp-json\/wp\/v2\/media?parent=9556"}],"curies":[{"name":"wp","href":"https:\/\/api.w.org\/{rel}","templated":true}]}}