{"id":9563,"date":"2018-01-13T14:23:53","date_gmt":"2018-01-13T14:23:53","guid":{"rendered":"https:\/\/moirai.si\/?page_id=9563"},"modified":"2026-01-02T14:24:12","modified_gmt":"2026-01-02T14:24:12","slug":"rot","status":"publish","type":"page","link":"https:\/\/moirai.si\/de\/prehnit\/","title":{"rendered":"Prehnit"},"content":{"rendered":"<div class=\"wp-block-button aligncenter\"><a class=\"wp-block-button__link has-text-color has-background wp-element-button\" href=\"https:\/\/moirai.si\/de\/produktkategorie-2\/kauf-nach-steinen\/rot\/\" style=\"color:#2d2c2c;background-color:#ddc942\" target=\"_blank\" rel=\"noreferrer noopener\">Shop Prehnit<\/a><\/div>\n\n\n\n<h3 class=\"wp-block-heading\"><span style=\"color: #800080;\"><strong>Geschichte<\/strong><\/span><\/h3>\n\n\n<div class=\"wp-block-image is-resized\">\n<figure class=\"alignright size-thumbnail\"><img decoding=\"async\" src=\"https:\/\/moirai.si\/wp-content\/uploads\/2020\/02\/prehnit-500x500.jpg\" alt=\"\" class=\"wp-image-15776\" style=\"width:125px\"\/><\/figure>\n<\/div>\n\n\n<ul class=\"wp-block-list\">\n<li>Prehnit ist ein durchscheinendes bis transparentes hydratisiertes Kalzium- und Aluminiumsilikat. Es wurde erstmals 1788 in Karoo-Doleriten in Cradock (S\u00fcdafrika) entdeckt. Er wurde sp\u00e4ter nach Oberst Hendrik von Prehn (1733-1785) benannt, einem niederl\u00e4ndischen Mineralogen und fr\u00fchen Gouverneur der Kolonie der Guten Hoffnung, der ihn zuerst entdeckte. Bis vor kurzem war Prehnit ein seltener Sammlerstein. Durch neue Vorkommen ist er nun viel beliebter und erschwinglicher geworden. In China wird Prehnit wegen seiner typischen Formationen, die oft an Weintrauben erinnern, auch \"Trauben-Jade\" genannt.<\/li>\n\n\n\n<li>Seine Farbe ist normalerweise ein sanftes Apfelgr\u00fcn. Er kann auch gelb-gr\u00fcn, gelb-braun, grau, wei\u00df, durchscheinend, gelb, orange oder blau sein. Der seltenere orangefarbene Prehnit wurde in S\u00fcdafrika entdeckt. Prehnit findet sich in Adern und Hohlr\u00e4umen in vulkanischem Gestein. Er ist ein typisches Produkt der niedriggradigen Metamorphose. Prehnitkristalle k\u00f6nnen beim Erhitzen Wasser abgeben. Polierter Prehnit hat einen glasig-perligen Glanz. Er kann mit Apatit, Jade oder Serpentin verwechselt werden.<\/li>\n<\/ul>\n\n\n\n<h3 class=\"wp-block-heading\"><span style=\"color: #800080;\"><strong>Medizinische * Metaphysische Eigenschaften<\/strong><\/span><\/h3>\n\n\n\n<ul class=\"wp-block-list\">\n<li>An\u00e4mie, Astralprojektion, Spiritualit\u00e4t, Energie, Intuition, Klaustrophobie, Kommunikation, Niere, Liebe, Meditation, Vergebung, Akzeptanz, Herz, Toleranz, Thymusdr\u00fcse, Visualisierung, Wille, Schutz...<\/li>\n<\/ul>\n\n\n\n<div class=\"wp-block-button aligncenter\"><a class=\"wp-block-button__link has-text-color has-background wp-element-button\" href=\"https:\/\/moirai.si\/de\/produktkategorie-2\/kauf-nach-steinen\/rot\/\" style=\"color:#2d2c2c;background-color:#ddc942\" target=\"_blank\" rel=\"noreferrer noopener\">Shop Prehnit<\/a><\/div>\n\n\n<div class=\"wp-block-image is-resized\">\n<figure class=\"alignleft\"><a href=\"https:\/\/moirai.si\/de\/kakra\/\"><img loading=\"lazy\" decoding=\"async\" width=\"500\" height=\"500\" src=\"https:\/\/moirai.si\/wp-content\/uploads\/2019\/09\/\u010dakra.jpg\" alt=\"\" class=\"wp-image-14534\" style=\"width:125px\" srcset=\"https:\/\/moirai.si\/wp-content\/uploads\/2019\/09\/\u010dakra.jpg 500w, https:\/\/moirai.si\/wp-content\/uploads\/2019\/09\/\u010dakra-100x100.jpg 100w\" sizes=\"auto, (max-width: 500px) 100vw, 500px\" \/><\/a><\/figure>\n<\/div>\n\n\n<p><a href=\"https:\/\/moirai.si\/de\/kakra\/\">Chakra<\/a><\/p>\n\n\n\n<p class=\"has-small-font-size\">** Die heilenden und metaphysischen Eigenschaften der aufgelisteten Steine wurden aus verschiedenen Quellen zusammengetragen. Die Informationen werden nur als Service und nicht f\u00fcr die Behandlung von Krankheiten zur Verf\u00fcgung gestellt. Moirai.si \u00fcbernimmt keine Garantie f\u00fcr die volle G\u00fcltigkeit der bereitgestellten Informationen.<\/p>\n\n\n\n<h3 class=\"wp-block-heading\"><span style=\"color: #800080;\"><strong>Merkmale des Minerals<\/strong><\/span><\/h3>\n\n\n\n<figure class=\"wp-block-table\"><table><tbody><tr><td>Chemische Zusammensetzung<\/td><td>Ca<sub>2<\/sub>Al(AlSi<sub>3<\/sub>O<sub>10<\/sub>)(OH)<sub>2<\/sub><\/td><\/tr><tr><td>Farbe<\/td><td>Gr\u00fcn, gelb-gr\u00fcn, gelb-braun, grau, wei\u00df, transluzent, gelb, orange oder blau<\/td><\/tr><tr><td>H\u00e4rte (Mohs)<\/td><td>6-6.5<\/td><\/tr><tr><td>Dichte<\/td><td>2.80-2.95<\/td><\/tr><tr><td>Brechungsindex<\/td><td>1.611-1.665<\/td><\/tr><tr><td>System Kristall<\/td><td>Rautenf\u00f6rmig<\/td><\/tr><\/tbody><\/table><\/figure>\n\n\n\n<h3 class=\"wp-block-heading\"><span style=\"color: #800080;\"><strong>Herkunft und Quellen des Minerals<\/strong><\/span><\/h3>\n\n\n<div class=\"wp-block-image is-resized\">\n<figure class=\"alignleft size-large\"><img loading=\"lazy\" decoding=\"async\" width=\"189\" height=\"104\" src=\"https:\/\/moirai.si\/wp-content\/uploads\/2020\/01\/svet.jpg\" alt=\"\" class=\"wp-image-15658\" style=\"width:125px\"\/><\/figure>\n<\/div>\n\n\n<ul class=\"wp-block-list\">\n<li>Namibia, S\u00fcdafrika, Australien, Kanada, China, Deutschland, Schottland, Frankreich<strong>, <\/strong>USA...<\/li>\n<\/ul>\n\n\n\n<h3 class=\"wp-block-heading\"><span style=\"color: #800080;\"><strong>Pflege<\/strong><\/span><\/h3>\n\n\n\n<ul class=\"wp-block-list\">\n<li>Prehnit ist ziemlich hart, aber weicher als andere Steine. Er kann mit warmer Seifenlauge und einer weichen B\u00fcrste gereinigt werden. Verwenden Sie bei der Reinigung keine scharfen Chemikalien. Extreme Hitze kann Prehnit dauerhaft sch\u00e4digen. Am besten bewahren Sie Steinschmuck und die Steine selbst in einer mit Stoff bedeckten Schachtel auf oder wickeln Sie sie getrennt von den anderen Steinen in Stoff ein, um Selbstbesch\u00e4digungen und m\u00f6gliche Kratzer zu vermeiden.<\/li>\n\n\n\n<li>Es ist ratsam, Schmuck nicht bei gr\u00f6\u00dferen k\u00f6rperlichen Aktivit\u00e4ten wie Bewegung oder Sport zu tragen. Vermeiden Sie es, Parf\u00fcm und Haarspray direkt auf Ihren Schmuck und Ihre Steine zu spr\u00fchen.<\/li>\n<\/ul>\n\n\n\n<div class=\"wp-block-button aligncenter\"><a class=\"wp-block-button__link has-text-color has-background wp-element-button\" href=\"https:\/\/moirai.si\/de\/produktkategorie-2\/kauf-nach-steinen\/rot\/\" style=\"color:#2d2c2c;background-color:#ddc942\" target=\"_blank\" rel=\"noreferrer noopener\">Shop Prehnit<\/a><\/div>\n\n\n\n<p class=\"has-text-align-center\">F\u00fcr <strong><span style=\"color: #800080;\">10<\/span>%<\/strong> Verwenden Sie den Code, um beim Online-Kauf einen Rabatt zu erhalten: <span style=\"color: #800080;\"><strong>moirai26 <\/strong><\/span>(koda je veljavna do 31.12.2026)!<\/p>\n\n\n\n<h3 class=\"wp-block-heading\"><span style=\"color: #800080;\"><strong>Horoskop<\/strong><\/span><\/h3>\n\n\n<div class=\"wp-block-image\">\n<figure class=\"alignleft size-large\"><img loading=\"lazy\" decoding=\"async\" width=\"116\" height=\"111\" src=\"https:\/\/moirai.si\/wp-content\/uploads\/2020\/01\/horoskop.jpg\" alt=\"\" class=\"wp-image-15659\"\/><\/figure>\n<\/div>\n\n\n<ul class=\"wp-block-list\">\n<li>Waage, Zwillinge<\/li>\n<\/ul>","protected":false},"excerpt":{"rendered":"<p>Zgodovina Zdravilno * Metafizi\u010dne lastnosti \u010cakra ** Navedene zdravilne in metafizi\u010dne lastnosti kamnov so zbrane iz ve\u010d razli\u010dnih virov. Informacije so na voljo le kot storitev in ne za zdravljenje bolezni. Moirai.si ne jam\u010di popolne veljavnosti navedenega. Zna\u010dilnosti minerala Kemijska sestava Ca2Al(AlSi3O10)(OH)2 Barva Zelena, rumeno-zelena, rumeno-rjava, siva, bela, prosojna, rumena, oran\u017ena ali modra Trdota (Mohs) [&hellip;]<\/p>\n","protected":false},"author":1,"featured_media":0,"parent":0,"menu_order":0,"comment_status":"closed","ping_status":"closed","template":"template-products-page.php","meta":{"footnotes":""},"class_list":["post-9563","page","type-page","status-publish","hentry"],"_links":{"self":[{"href":"https:\/\/moirai.si\/de\/wp-json\/wp\/v2\/pages\/9563","targetHints":{"allow":["GET"]}}],"collection":[{"href":"https:\/\/moirai.si\/de\/wp-json\/wp\/v2\/pages"}],"about":[{"href":"https:\/\/moirai.si\/de\/wp-json\/wp\/v2\/types\/page"}],"author":[{"embeddable":true,"href":"https:\/\/moirai.si\/de\/wp-json\/wp\/v2\/users\/1"}],"replies":[{"embeddable":true,"href":"https:\/\/moirai.si\/de\/wp-json\/wp\/v2\/comments?post=9563"}],"version-history":[{"count":11,"href":"https:\/\/moirai.si\/de\/wp-json\/wp\/v2\/pages\/9563\/revisions"}],"predecessor-version":[{"id":27231,"href":"https:\/\/moirai.si\/de\/wp-json\/wp\/v2\/pages\/9563\/revisions\/27231"}],"wp:attachment":[{"href":"https:\/\/moirai.si\/de\/wp-json\/wp\/v2\/media?parent=9563"}],"curies":[{"name":"wp","href":"https:\/\/api.w.org\/{rel}","templated":true}]}}