{"id":10015,"date":"2018-07-11T12:53:39","date_gmt":"2018-07-11T12:53:39","guid":{"rendered":"https:\/\/moirai.si\/?post_type=product&#038;p=10015"},"modified":"2025-01-09T13:12:24","modified_gmt":"2025-01-09T13:12:24","slug":"ei-onyx-marmor-s","status":"publish","type":"product","link":"https:\/\/moirai.si\/de\/izdelek\/jajce-oniks-marmor-s\/","title":{"rendered":"Ei Onix Marmor S"},"content":{"rendered":"<p>Ein sch\u00f6nes St\u00fcck von Hand poliert Onyx Marmor Ei, geeignet als Heilung Hand Stein oder als Geschenk. Das Bild ist symbolisch. Geringe Abweichungen in Farbe, Gewicht und Form sind m\u00f6glich.<\/p>\n<p>MATERIAL: Onyx-Marmor<br \/>\nABMESSUNGEN: 2,5-3 cm<br \/>\nGEWICHT: ca. 30 g<\/p>","protected":false},"excerpt":{"rendered":"<p>\u010cudovit kos ro\u010dno spoliranega jaj\u010dka iz Oniks Marmorja, primeren kot zdravilni ro\u010dni kamen ali kot darilo. Slika je simboli\u010dna. Mo\u017ena so manj\u0161a odstopanja v barvi, te\u017ei in obliki. MATERIAL: Oniks Marmor DIMENZIJE: 2.5-3 cm TE\u017dA: cca 30 g<\/p>","protected":false},"featured_media":25785,"template":"","meta":[],"product_brand":[],"product_cat":[752,62],"product_tag":[906],"class_list":{"0":"post-10015","1":"product","2":"type-product","3":"status-publish","4":"has-post-thumbnail","6":"product_cat-jajcka","7":"product_cat-oniks","8":"product_tag-yoni-jajcka-oniks-marmor","10":"first","11":"instock","12":"purchasable","13":"product-type-simple"},"_links":{"self":[{"href":"https:\/\/moirai.si\/de\/wp-json\/wp\/v2\/product\/10015","targetHints":{"allow":["GET"]}}],"collection":[{"href":"https:\/\/moirai.si\/de\/wp-json\/wp\/v2\/product"}],"about":[{"href":"https:\/\/moirai.si\/de\/wp-json\/wp\/v2\/types\/product"}],"wp:featuredmedia":[{"embeddable":true,"href":"https:\/\/moirai.si\/de\/wp-json\/wp\/v2\/media\/25785"}],"wp:attachment":[{"href":"https:\/\/moirai.si\/de\/wp-json\/wp\/v2\/media?parent=10015"}],"wp:term":[{"taxonomy":"product_brand","embeddable":true,"href":"https:\/\/moirai.si\/de\/wp-json\/wp\/v2\/product_brand?post=10015"},{"taxonomy":"product_cat","embeddable":true,"href":"https:\/\/moirai.si\/de\/wp-json\/wp\/v2\/product_cat?post=10015"},{"taxonomy":"product_tag","embeddable":true,"href":"https:\/\/moirai.si\/de\/wp-json\/wp\/v2\/product_tag?post=10015"}],"curies":[{"name":"wp","href":"https:\/\/api.w.org\/{rel}","templated":true}]}}