{"id":10068,"date":"2018-07-13T15:37:17","date_gmt":"2018-07-13T15:37:17","guid":{"rendered":"https:\/\/moirai.si\/?post_type=product&#038;p=10068"},"modified":"2025-11-24T12:35:50","modified_gmt":"2025-11-24T12:35:50","slug":"klassisch-granatrot-2","status":"publish","type":"product","link":"https:\/\/moirai.si\/de\/izdelek\/clasic-granat-2\/","title":{"rendered":"Klassischer Granat"},"content":{"rendered":"<p>Elegantes Armband aus der Clasic-Kollektion, gefertigt aus Granat, aufgereiht auf einem weichen, aber stabilen Stahldraht und veredelt mit Silberelementen. <\/p>\n<p>Weitere Informationen: <a href=\"https:\/\/moirai.si\/de\/granate\/\" target=\"_blank\" rel=\"noopener noreferrer\">Granate<\/a><\/p>\n<p>MATERIAL: Granat, Sterlingsilber 925<br \/>\nL\u00c4NGE: einstellbar 17,5-20 cm<br \/>\nGEWICHT: 21,8 g<br \/>\nSTEINGR\u00d6SSE: 6-8mm<br \/>\nSchlie\u00dfe: 10mm<\/p>","protected":false},"excerpt":{"rendered":"<p>Elegantna zapestnica kolekcije Clasic, ki je narejena iz Granata, nizana na mehko, vendar mo\u010dno jekleno \u017eico in zaklju\u010dena s srebrnimi elementi. Ve\u010d informacij: Granat MATERIAL: Granat, srebro 925 DOL\u017dINA: prilagodljiva 17.5-20 cm TE\u017dA: 21.8 g VELIKOST KAMNOV: 6-8mm ZAPONKA: 10mm<\/p>","protected":false},"featured_media":20872,"template":"","meta":[],"product_brand":[],"product_cat":[208,820,41,821,822,823,1137],"product_tag":[201,371],"class_list":{"0":"post-10068","1":"product","2":"type-product","3":"status-publish","4":"has-post-thumbnail","6":"product_cat-clasic","7":"product_cat-do-18cm","8":"product_cat-granat","9":"product_cat-od-18-do-19cm","10":"product_cat-od-19-do-20cm","11":"product_cat-od-20cm","12":"product_cat-ogled-vseh-zapestnice-2","13":"product_tag-granat","14":"product_tag-srebro-925","16":"first","17":"instock","18":"purchasable","19":"product-type-simple"},"_links":{"self":[{"href":"https:\/\/moirai.si\/de\/wp-json\/wp\/v2\/product\/10068","targetHints":{"allow":["GET"]}}],"collection":[{"href":"https:\/\/moirai.si\/de\/wp-json\/wp\/v2\/product"}],"about":[{"href":"https:\/\/moirai.si\/de\/wp-json\/wp\/v2\/types\/product"}],"wp:featuredmedia":[{"embeddable":true,"href":"https:\/\/moirai.si\/de\/wp-json\/wp\/v2\/media\/20872"}],"wp:attachment":[{"href":"https:\/\/moirai.si\/de\/wp-json\/wp\/v2\/media?parent=10068"}],"wp:term":[{"taxonomy":"product_brand","embeddable":true,"href":"https:\/\/moirai.si\/de\/wp-json\/wp\/v2\/product_brand?post=10068"},{"taxonomy":"product_cat","embeddable":true,"href":"https:\/\/moirai.si\/de\/wp-json\/wp\/v2\/product_cat?post=10068"},{"taxonomy":"product_tag","embeddable":true,"href":"https:\/\/moirai.si\/de\/wp-json\/wp\/v2\/product_tag?post=10068"}],"curies":[{"name":"wp","href":"https:\/\/api.w.org\/{rel}","templated":true}]}}