{"id":10070,"date":"2018-07-13T15:41:44","date_gmt":"2018-07-13T15:41:44","guid":{"rendered":"https:\/\/moirai.si\/?post_type=product&#038;p=10070"},"modified":"2025-11-24T12:36:49","modified_gmt":"2025-11-24T12:36:49","slug":"clasic-granat-3","status":"publish","type":"product","link":"https:\/\/moirai.si\/de\/izdelek\/clasic-granat-3\/","title":{"rendered":"Klassischer Granat"},"content":{"rendered":"<p>Elegantna zapestnica kolekcije Clasic, ki je narejena iz Granata, nizana na mehko, vendar mo\u010dno jekleno \u017eico in zaklju\u010dena s srebrnimi rodiniranimi elementi. Slika je siimboli\u010dna. Mo\u017ena so manj\u0161a odstopanja v barvi. <\/p>\n<p>Weitere Informationen: <a href=\"https:\/\/moirai.si\/de\/granate\/\" target=\"_blank\" rel=\"noopener noreferrer\">Granate<\/a><\/p>\n<p>MATERIAL: Granat, rodinirano srebro 925<br \/>\nL\u00c4NGE: einstellbar 16,5-19 cm<br \/>\nGEWICHT: 12,5 g<br \/>\nSTEINGR\u00d6SSE: 6mm<br \/>\nSchlie\u00dfe: 9 mm<\/p>","protected":false},"excerpt":{"rendered":"<p>Elegantna zapestnica kolekcije Clasic, ki je narejena iz Granata, nizana na mehko, vendar mo\u010dno jekleno \u017eico in zaklju\u010dena s srebrnimi rodiniranimi elementi. Slika je siimboli\u010dna. Mo\u017ena so manj\u0161a odstopanja v barvi. Ve\u010d informacij: Granat MATERIAL: Granat, rodinirano srebro 925 DOL\u017dINA: prilagodljiva 16.5-19 cm TE\u017dA: 12.5 g VELIKOST KAMNOV: 6mm ZAPONKA: 9 mm<\/p>","protected":false},"featured_media":24102,"template":"","meta":[],"product_brand":[],"product_cat":[208,820,41,821,822,1137],"product_tag":[201,637],"class_list":{"0":"post-10070","1":"product","2":"type-product","3":"status-publish","4":"has-post-thumbnail","6":"product_cat-clasic","7":"product_cat-do-18cm","8":"product_cat-granat","9":"product_cat-od-18-do-19cm","10":"product_cat-od-19-do-20cm","11":"product_cat-ogled-vseh-zapestnice-2","12":"product_tag-granat","13":"product_tag-rodinirano-srebro-925","15":"first","16":"instock","17":"purchasable","18":"product-type-simple"},"_links":{"self":[{"href":"https:\/\/moirai.si\/de\/wp-json\/wp\/v2\/product\/10070","targetHints":{"allow":["GET"]}}],"collection":[{"href":"https:\/\/moirai.si\/de\/wp-json\/wp\/v2\/product"}],"about":[{"href":"https:\/\/moirai.si\/de\/wp-json\/wp\/v2\/types\/product"}],"wp:featuredmedia":[{"embeddable":true,"href":"https:\/\/moirai.si\/de\/wp-json\/wp\/v2\/media\/24102"}],"wp:attachment":[{"href":"https:\/\/moirai.si\/de\/wp-json\/wp\/v2\/media?parent=10070"}],"wp:term":[{"taxonomy":"product_brand","embeddable":true,"href":"https:\/\/moirai.si\/de\/wp-json\/wp\/v2\/product_brand?post=10070"},{"taxonomy":"product_cat","embeddable":true,"href":"https:\/\/moirai.si\/de\/wp-json\/wp\/v2\/product_cat?post=10070"},{"taxonomy":"product_tag","embeddable":true,"href":"https:\/\/moirai.si\/de\/wp-json\/wp\/v2\/product_tag?post=10070"}],"curies":[{"name":"wp","href":"https:\/\/api.w.org\/{rel}","templated":true}]}}