{"id":10137,"date":"2018-07-14T10:18:54","date_gmt":"2018-07-14T10:18:54","guid":{"rendered":"https:\/\/moirai.si\/?post_type=product&#038;p=10137"},"modified":"2025-07-06T13:55:29","modified_gmt":"2025-07-06T13:55:29","slug":"macrame-aventurin-3","status":"publish","type":"product","link":"https:\/\/moirai.si\/de\/izdelek\/macrame-aventurin-3\/","title":{"rendered":"Makramee Aventurin"},"content":{"rendered":"<p>Unisex-Armband aus der Macrame-Kollektion, hergestellt aus Aventurin. Das Armband ist flexibel und leicht zu tragen. Die Abbildung ist symbolisch. Leichte Abweichungen in Farbe und Gewicht k\u00f6nnen auftreten.<\/p>\n<p>Weitere Informationen: <a href=\"https:\/\/moirai.si\/de\/aventurin\/\" target=\"_blank\" rel=\"noopener noreferrer\">Aventurin<\/a><\/p>\n<p>MATERIAL: Aventurin<br \/>\nL\u00c4NGE: einstellbar von 16-25 cm<br \/>\nTE\u017dA: 11.4g<br \/>\nSTEINGR\u00d6SSE: 6-8mm<\/p>","protected":false},"excerpt":{"rendered":"<p>Unisex zapestnica kolekcije Macrame, ki je narejena iz Aventurina. Zapestnica je prilagodljiva in enostavna za no\u0161enje. Slika je simboli\u010dna. Mo\u017ena so manj\u0161a odstopanja v barvi in te\u017ei. Ve\u010d informacij: Aventurin MATERIAL: Aventurin DOL\u017dINA: prilagodljiva od 16-25 cm TE\u017dA: 11.4g VELIKOST KAMNOV: 6-8mm<\/p>","protected":false},"featured_media":26069,"template":"","meta":[],"product_brand":[],"product_cat":[31,820,212,821,822,823,1137],"product_tag":[200],"class_list":{"0":"post-10137","1":"product","2":"type-product","3":"status-publish","4":"has-post-thumbnail","6":"product_cat-aventurin","7":"product_cat-do-18cm","8":"product_cat-macrame-2","9":"product_cat-od-18-do-19cm","10":"product_cat-od-19-do-20cm","11":"product_cat-od-20cm","12":"product_cat-ogled-vseh-zapestnice-2","13":"product_tag-aventurin","15":"first","16":"instock","17":"purchasable","18":"product-type-simple"},"_links":{"self":[{"href":"https:\/\/moirai.si\/de\/wp-json\/wp\/v2\/product\/10137","targetHints":{"allow":["GET"]}}],"collection":[{"href":"https:\/\/moirai.si\/de\/wp-json\/wp\/v2\/product"}],"about":[{"href":"https:\/\/moirai.si\/de\/wp-json\/wp\/v2\/types\/product"}],"wp:featuredmedia":[{"embeddable":true,"href":"https:\/\/moirai.si\/de\/wp-json\/wp\/v2\/media\/26069"}],"wp:attachment":[{"href":"https:\/\/moirai.si\/de\/wp-json\/wp\/v2\/media?parent=10137"}],"wp:term":[{"taxonomy":"product_brand","embeddable":true,"href":"https:\/\/moirai.si\/de\/wp-json\/wp\/v2\/product_brand?post=10137"},{"taxonomy":"product_cat","embeddable":true,"href":"https:\/\/moirai.si\/de\/wp-json\/wp\/v2\/product_cat?post=10137"},{"taxonomy":"product_tag","embeddable":true,"href":"https:\/\/moirai.si\/de\/wp-json\/wp\/v2\/product_tag?post=10137"}],"curies":[{"name":"wp","href":"https:\/\/api.w.org\/{rel}","templated":true}]}}