{"id":10142,"date":"2018-07-14T11:29:14","date_gmt":"2018-07-14T11:29:14","guid":{"rendered":"https:\/\/moirai.si\/?post_type=product&#038;p=10142"},"modified":"2025-10-13T10:21:14","modified_gmt":"2025-10-13T10:21:14","slug":"macrame-lapis-lazuli-2","status":"publish","type":"product","link":"https:\/\/moirai.si\/de\/izdelek\/macrame-lapis-lazuli-2\/","title":{"rendered":"Makramee Lapislazuli"},"content":{"rendered":"<p>Unisex zapestnica kolekcije Macrame, ki je narejena iz Lapis Lazulija. Zapestnica je prilagodljiva in enostavna za no\u0161enje. Slika je simboli\u010dna. Mo\u017ena so manj\u0161a odstopanja v barvi.<\/p>\n<p>Weitere Informationen: <a href=\"https:\/\/moirai.si\/de\/lapislazuli\/\" target=\"_blank\" rel=\"noopener noreferrer\">Lapislazuli<\/a><\/p>\n<p>MATERIAL: Lapis Lazuli<br \/>\nL\u00c4NGE: einstellbar von 16-25 cm<br \/>\nGEWICHT: 15 g<br \/>\nSTEINGR\u00d6SSE: 5-8 mm<\/p>","protected":false},"excerpt":{"rendered":"<p>Unisex zapestnica kolekcije Macrame, ki je narejena iz Lapis Lazulija. Zapestnica je prilagodljiva in enostavna za no\u0161enje. Slika je simboli\u010dna. Mo\u017ena so manj\u0161a odstopanja v barvi. Ve\u010d informacij: Lapis Lazuli MATERIAL: Lapis Lazuli DOL\u017dINA: prilagodljiva od 16-25 cm TE\u017dA: 15 g VELIKOST KAMNOV: 5-8 mm<\/p>","protected":false},"featured_media":26272,"template":"","meta":[],"product_brand":[],"product_cat":[820,55,212,821,822,823,1137],"product_tag":[280],"class_list":{"0":"post-10142","1":"product","2":"type-product","3":"status-publish","4":"has-post-thumbnail","6":"product_cat-do-18cm","7":"product_cat-lapis-lazuli","8":"product_cat-macrame-2","9":"product_cat-od-18-do-19cm","10":"product_cat-od-19-do-20cm","11":"product_cat-od-20cm","12":"product_cat-ogled-vseh-zapestnice-2","13":"product_tag-lapis-lazuli","15":"first","16":"instock","17":"purchasable","18":"product-type-simple"},"_links":{"self":[{"href":"https:\/\/moirai.si\/de\/wp-json\/wp\/v2\/product\/10142","targetHints":{"allow":["GET"]}}],"collection":[{"href":"https:\/\/moirai.si\/de\/wp-json\/wp\/v2\/product"}],"about":[{"href":"https:\/\/moirai.si\/de\/wp-json\/wp\/v2\/types\/product"}],"wp:featuredmedia":[{"embeddable":true,"href":"https:\/\/moirai.si\/de\/wp-json\/wp\/v2\/media\/26272"}],"wp:attachment":[{"href":"https:\/\/moirai.si\/de\/wp-json\/wp\/v2\/media?parent=10142"}],"wp:term":[{"taxonomy":"product_brand","embeddable":true,"href":"https:\/\/moirai.si\/de\/wp-json\/wp\/v2\/product_brand?post=10142"},{"taxonomy":"product_cat","embeddable":true,"href":"https:\/\/moirai.si\/de\/wp-json\/wp\/v2\/product_cat?post=10142"},{"taxonomy":"product_tag","embeddable":true,"href":"https:\/\/moirai.si\/de\/wp-json\/wp\/v2\/product_tag?post=10142"}],"curies":[{"name":"wp","href":"https:\/\/api.w.org\/{rel}","templated":true}]}}