{"id":10158,"date":"2018-07-14T13:18:10","date_gmt":"2018-07-14T13:18:10","guid":{"rendered":"https:\/\/moirai.si\/?post_type=product&#038;p=10158"},"modified":"2025-01-13T15:27:46","modified_gmt":"2025-01-13T15:27:46","slug":"makramee-koralle-7","status":"publish","type":"product","link":"https:\/\/moirai.si\/de\/izdelek\/macrame-korala-7\/","title":{"rendered":"Makramee Korala"},"content":{"rendered":"<p>Unisex-Armband aus der Macrame-Kollektion, hergestellt aus roter Mushroom Coral. Das Armband ist flexibel und leicht zu tragen.<\/p>\n<p>Weitere Informationen: <a href=\"https:\/\/moirai.si\/de\/koralle\/\" target=\"_blank\" rel=\"noopener noreferrer\">Koralle<\/a><\/p>\n<p>MATERIAL: Rote, schwammige Koralle<br \/>\nL\u00c4NGE: einstellbar von 16-25 cm<br \/>\nGEWICHT: 16,1g<br \/>\nSTEINGR\u00d6SSE: 6-12mm<\/p>","protected":false},"excerpt":{"rendered":"<p>Unisex zapestnica kolekcije Macrame, ki je narejena iz rde\u010de Gobaste Korale. Zapestnica je prilagodljiva in enostavna za no\u0161enje. Ve\u010d informacij: Korala MATERIAL: Rde\u010da Gobasta Korala DOL\u017dINA: prilagodljiva od 16-25 cm TE\u017dA: 16.1g VELIKOST KAMNOV: 6-12mm<\/p>","protected":false},"featured_media":13802,"template":"","meta":[],"product_brand":[],"product_cat":[820,52,212,821,822,823,1137],"product_tag":[398],"class_list":{"0":"post-10158","1":"product","2":"type-product","3":"status-publish","4":"has-post-thumbnail","6":"product_cat-do-18cm","7":"product_cat-gobasta-korala","8":"product_cat-macrame-2","9":"product_cat-od-18-do-19cm","10":"product_cat-od-19-do-20cm","11":"product_cat-od-20cm","12":"product_cat-ogled-vseh-zapestnice-2","13":"product_tag-rdeca-gobasta-korala","15":"first","16":"instock","17":"purchasable","18":"product-type-simple"},"_links":{"self":[{"href":"https:\/\/moirai.si\/de\/wp-json\/wp\/v2\/product\/10158","targetHints":{"allow":["GET"]}}],"collection":[{"href":"https:\/\/moirai.si\/de\/wp-json\/wp\/v2\/product"}],"about":[{"href":"https:\/\/moirai.si\/de\/wp-json\/wp\/v2\/types\/product"}],"wp:featuredmedia":[{"embeddable":true,"href":"https:\/\/moirai.si\/de\/wp-json\/wp\/v2\/media\/13802"}],"wp:attachment":[{"href":"https:\/\/moirai.si\/de\/wp-json\/wp\/v2\/media?parent=10158"}],"wp:term":[{"taxonomy":"product_brand","embeddable":true,"href":"https:\/\/moirai.si\/de\/wp-json\/wp\/v2\/product_brand?post=10158"},{"taxonomy":"product_cat","embeddable":true,"href":"https:\/\/moirai.si\/de\/wp-json\/wp\/v2\/product_cat?post=10158"},{"taxonomy":"product_tag","embeddable":true,"href":"https:\/\/moirai.si\/de\/wp-json\/wp\/v2\/product_tag?post=10158"}],"curies":[{"name":"wp","href":"https:\/\/api.w.org\/{rel}","templated":true}]}}