{"id":10161,"date":"2018-07-14T13:26:20","date_gmt":"2018-07-14T13:26:20","guid":{"rendered":"https:\/\/moirai.si\/?post_type=product&#038;p=10161"},"modified":"2025-01-13T15:44:22","modified_gmt":"2025-01-13T15:44:22","slug":"makramee-mix-6","status":"publish","type":"product","link":"https:\/\/moirai.si\/de\/izdelek\/macrame-mix-6\/","title":{"rendered":"Makramee-Mix"},"content":{"rendered":"<p>Unisex-Armband aus der Macrame-Kollektion, hergestellt aus dalmatinischem Jaspis, Onyx und H\u00e4matit. Das Armband ist flexibel und leicht zu tragen. <\/p>\n<p>MATERIAL: Dalmatinischer Jaspis, Onyx, H\u00e4matit<br \/>\nL\u00c4NGE: einstellbar von 16-25 cm<br \/>\nGEWICHT: 14,2g<br \/>\nSTEINGR\u00d6SSE: 6-8mm<\/p>","protected":false},"excerpt":{"rendered":"<p>Unisex zapestnica kolekcije Macrame, ki je narejena iz Dalmatinskega Jaspisa, Oniksa in Hematita. Zapestnica je prilagodljiva in enostavna za no\u0161enje. MATERIAL: Dalmatinski Jaspis, Oniks, Hematit DOL\u017dINA: prilagodljiva od 16-25 cm TE\u017dA: 14.2g VELIKOST KAMNOV: 6-8mm<\/p>","protected":false},"featured_media":13803,"template":"","meta":[],"product_brand":[],"product_cat":[820,42,47,212,821,822,823,1137,62],"product_tag":[485,202,206],"class_list":{"0":"post-10161","1":"product","2":"type-product","3":"status-publish","4":"has-post-thumbnail","6":"product_cat-do-18cm","7":"product_cat-hematit","8":"product_cat-jaspis","9":"product_cat-macrame-2","10":"product_cat-od-18-do-19cm","11":"product_cat-od-19-do-20cm","12":"product_cat-od-20cm","13":"product_cat-ogled-vseh-zapestnice-2","14":"product_cat-oniks","15":"product_tag-dalmatinski-jaspis","16":"product_tag-hematit","17":"product_tag-oniks","19":"first","20":"instock","21":"purchasable","22":"product-type-simple"},"_links":{"self":[{"href":"https:\/\/moirai.si\/de\/wp-json\/wp\/v2\/product\/10161","targetHints":{"allow":["GET"]}}],"collection":[{"href":"https:\/\/moirai.si\/de\/wp-json\/wp\/v2\/product"}],"about":[{"href":"https:\/\/moirai.si\/de\/wp-json\/wp\/v2\/types\/product"}],"wp:featuredmedia":[{"embeddable":true,"href":"https:\/\/moirai.si\/de\/wp-json\/wp\/v2\/media\/13803"}],"wp:attachment":[{"href":"https:\/\/moirai.si\/de\/wp-json\/wp\/v2\/media?parent=10161"}],"wp:term":[{"taxonomy":"product_brand","embeddable":true,"href":"https:\/\/moirai.si\/de\/wp-json\/wp\/v2\/product_brand?post=10161"},{"taxonomy":"product_cat","embeddable":true,"href":"https:\/\/moirai.si\/de\/wp-json\/wp\/v2\/product_cat?post=10161"},{"taxonomy":"product_tag","embeddable":true,"href":"https:\/\/moirai.si\/de\/wp-json\/wp\/v2\/product_tag?post=10161"}],"curies":[{"name":"wp","href":"https:\/\/api.w.org\/{rel}","templated":true}]}}