{"id":10260,"date":"2018-07-26T08:22:55","date_gmt":"2018-07-26T08:22:55","guid":{"rendered":"https:\/\/moirai.si\/?post_type=product&#038;p=10260"},"modified":"2025-01-13T15:42:16","modified_gmt":"2025-01-13T15:42:16","slug":"clasic-biser-3","status":"publish","type":"product","link":"https:\/\/moirai.si\/de\/izdelek\/clasic-biser-3\/","title":{"rendered":"Klassisch Perle"},"content":{"rendered":"<p>Elegantna zapestnica kolekcije Clasic, ki je narejena iz belih sladkovodno gojenih biserov. Zapestnica je nizana na mehko, vendar mo\u010dno jekleno \u017eico in zaklju\u010dena s srebrnimi elementi. <\/p>\n<p>MATERIAL: wei\u00dfe S\u00fc\u00dfwasser-Zuchtperle, Sterling Silber 925<br \/>\nL\u00c4NGE: einstellbar 17,5-20 cm<br \/>\nGEWICHT: 17,8 g<br \/>\nVELIKOST BISEROV: 6-9 mm<br \/>\nSchlie\u00dfe: 9 mm<\/p>","protected":false},"excerpt":{"rendered":"<p>Elegantna zapestnica kolekcije Clasic, ki je narejena iz belih sladkovodno gojenih biserov. Zapestnica je nizana na mehko, vendar mo\u010dno jekleno \u017eico in zaklju\u010dena s srebrnimi elementi. MATERIAL: beli sladkovodno-gojeni biser, srebro 925 DOL\u017dINA: prilagodljiva 17.5-20 cm TE\u017dA: 17.8 g VELIKOST BISEROV: 6-9 mm ZAPONKA: 9 mm<\/p>","protected":false},"featured_media":20673,"template":"","meta":[],"product_brand":[],"product_cat":[687,1135,208,820,821,822,823,1137],"product_tag":[336,371],"class_list":{"0":"post-10260","1":"product","2":"type-product","3":"status-publish","4":"has-post-thumbnail","6":"product_cat-biser","7":"product_cat-biseri-in-skoljke","8":"product_cat-clasic","9":"product_cat-do-18cm","10":"product_cat-od-18-do-19cm","11":"product_cat-od-19-do-20cm","12":"product_cat-od-20cm","13":"product_cat-ogled-vseh-zapestnice-2","14":"product_tag-sladkovodno-gojeni-biser","15":"product_tag-srebro-925","17":"first","18":"instock","19":"purchasable","20":"product-type-simple"},"_links":{"self":[{"href":"https:\/\/moirai.si\/de\/wp-json\/wp\/v2\/product\/10260","targetHints":{"allow":["GET"]}}],"collection":[{"href":"https:\/\/moirai.si\/de\/wp-json\/wp\/v2\/product"}],"about":[{"href":"https:\/\/moirai.si\/de\/wp-json\/wp\/v2\/types\/product"}],"wp:featuredmedia":[{"embeddable":true,"href":"https:\/\/moirai.si\/de\/wp-json\/wp\/v2\/media\/20673"}],"wp:attachment":[{"href":"https:\/\/moirai.si\/de\/wp-json\/wp\/v2\/media?parent=10260"}],"wp:term":[{"taxonomy":"product_brand","embeddable":true,"href":"https:\/\/moirai.si\/de\/wp-json\/wp\/v2\/product_brand?post=10260"},{"taxonomy":"product_cat","embeddable":true,"href":"https:\/\/moirai.si\/de\/wp-json\/wp\/v2\/product_cat?post=10260"},{"taxonomy":"product_tag","embeddable":true,"href":"https:\/\/moirai.si\/de\/wp-json\/wp\/v2\/product_tag?post=10260"}],"curies":[{"name":"wp","href":"https:\/\/api.w.org\/{rel}","templated":true}]}}