{"id":10304,"date":"2018-07-26T11:43:41","date_gmt":"2018-07-26T11:43:41","guid":{"rendered":"https:\/\/moirai.si\/?post_type=product&#038;p=10304"},"modified":"2025-01-08T18:04:20","modified_gmt":"2025-01-08T18:04:20","slug":"masazni-kalcit","status":"publish","type":"product","link":"https:\/\/moirai.si\/de\/izdelek\/masazni-kalcit\/","title":{"rendered":"Massage Calcit"},"content":{"rendered":"<p>\u010cudovit kos masa\u017enega kamna iz oran\u017enega Kalcita. Slika je simboli\u010dna. Mo\u017ena so manj\u0161a odstopanja v barvi, te\u017ei in obliki.<\/p>\n<p>Weitere Informationen: <a href=\"https:\/\/moirai.si\/de\/calcit\/\" target=\"_blank\" rel=\"noopener noreferrer\">Calcit<\/a><\/p>\n<p>MATERIAL: oran\u017eni Kalcit<br \/>\nDIMENZIJE: 4-5 cm<br \/>\nTE\u017dA: cca 27 g<\/p>","protected":false},"excerpt":{"rendered":"<p>\u010cudovit kos masa\u017enega kamna iz oran\u017enega Kalcita. Slika je simboli\u010dna. Mo\u017ena so manj\u0161a odstopanja v barvi, te\u017ei in obliki. Ve\u010d informacij: Kalcit MATERIAL: oran\u017eni Kalcit DIMENZIJE: 4-5 cm TE\u017dA: cca 27 g<\/p>","protected":false},"featured_media":25770,"template":"","meta":[],"product_brand":[],"product_cat":[747,755],"product_tag":[741],"class_list":{"0":"post-10304","1":"product","2":"type-product","3":"status-publish","4":"has-post-thumbnail","6":"product_cat-kalcit","7":"product_cat-mix","8":"product_tag-oranzni-kalcit","10":"first","11":"instock","12":"purchasable","13":"product-type-simple"},"_links":{"self":[{"href":"https:\/\/moirai.si\/de\/wp-json\/wp\/v2\/product\/10304","targetHints":{"allow":["GET"]}}],"collection":[{"href":"https:\/\/moirai.si\/de\/wp-json\/wp\/v2\/product"}],"about":[{"href":"https:\/\/moirai.si\/de\/wp-json\/wp\/v2\/types\/product"}],"wp:featuredmedia":[{"embeddable":true,"href":"https:\/\/moirai.si\/de\/wp-json\/wp\/v2\/media\/25770"}],"wp:attachment":[{"href":"https:\/\/moirai.si\/de\/wp-json\/wp\/v2\/media?parent=10304"}],"wp:term":[{"taxonomy":"product_brand","embeddable":true,"href":"https:\/\/moirai.si\/de\/wp-json\/wp\/v2\/product_brand?post=10304"},{"taxonomy":"product_cat","embeddable":true,"href":"https:\/\/moirai.si\/de\/wp-json\/wp\/v2\/product_cat?post=10304"},{"taxonomy":"product_tag","embeddable":true,"href":"https:\/\/moirai.si\/de\/wp-json\/wp\/v2\/product_tag?post=10304"}],"curies":[{"name":"wp","href":"https:\/\/api.w.org\/{rel}","templated":true}]}}