{"id":10345,"date":"2018-07-26T16:13:53","date_gmt":"2018-07-26T16:13:53","guid":{"rendered":"https:\/\/moirai.si\/?post_type=product&#038;p=10345"},"modified":"2026-03-26T12:57:48","modified_gmt":"2026-03-26T12:57:48","slug":"stehen-mit","status":"publish","type":"product","link":"https:\/\/moirai.si\/de\/izdelek\/stojalo-s\/","title":{"rendered":"Stand S"},"content":{"rendered":"<p>Ein wundersch\u00f6n handgefertigter Holzst\u00e4nder.<\/p>\n<p>Die Abbildung ist symbolisch. Leichte Abweichungen in Farbe, Gewicht und Form sind m\u00f6glich.<\/p>\n<p>MATERIAL: Holz<br \/>\nABMESSUNGEN: ca. 3,5-5 cm<br \/>\nGEWICHT: ca. 5 g<\/p>","protected":false},"excerpt":{"rendered":"<p>\u010cudovito ro\u010dno izdelano stojalo iz lesa. Slika je simboli\u010dna. Mo\u017ena so manj\u0161a odstopanja v barvi, te\u017ei in obliki. MATERIAL: Les DIMENZIJE: cca 3.5-5 cm TE\u017dA: cca 5 g<\/p>","protected":false},"featured_media":25765,"template":"","meta":[],"product_brand":[],"product_cat":[405,755],"product_tag":[1061],"class_list":{"0":"post-10345","1":"product","2":"type-product","3":"status-publish","4":"has-post-thumbnail","6":"product_cat-akcija","7":"product_cat-mix","8":"product_tag-stojalo","10":"first","11":"instock","12":"sale","13":"purchasable","14":"product-type-simple"},"_links":{"self":[{"href":"https:\/\/moirai.si\/de\/wp-json\/wp\/v2\/product\/10345","targetHints":{"allow":["GET"]}}],"collection":[{"href":"https:\/\/moirai.si\/de\/wp-json\/wp\/v2\/product"}],"about":[{"href":"https:\/\/moirai.si\/de\/wp-json\/wp\/v2\/types\/product"}],"wp:featuredmedia":[{"embeddable":true,"href":"https:\/\/moirai.si\/de\/wp-json\/wp\/v2\/media\/25765"}],"wp:attachment":[{"href":"https:\/\/moirai.si\/de\/wp-json\/wp\/v2\/media?parent=10345"}],"wp:term":[{"taxonomy":"product_brand","embeddable":true,"href":"https:\/\/moirai.si\/de\/wp-json\/wp\/v2\/product_brand?post=10345"},{"taxonomy":"product_cat","embeddable":true,"href":"https:\/\/moirai.si\/de\/wp-json\/wp\/v2\/product_cat?post=10345"},{"taxonomy":"product_tag","embeddable":true,"href":"https:\/\/moirai.si\/de\/wp-json\/wp\/v2\/product_tag?post=10345"}],"curies":[{"name":"wp","href":"https:\/\/api.w.org\/{rel}","templated":true}]}}